{"id":6392,"date":"2025-10-10T15:50:24","date_gmt":"2025-10-10T20:50:24","guid":{"rendered":"https:\/\/www.surtistereo.com\/?post_type=product&#038;p=6392"},"modified":"2026-02-24T16:01:45","modified_gmt":"2026-02-24T21:01:45","slug":"profile-12-parlante-bk-12-1600-watts-150-oz-4-voice-coil","status":"publish","type":"product","link":"https:\/\/www.surtistereo.com\/?product=profile-12-parlante-bk-12-1600-watts-150-oz-4-voice-coil","title":{"rendered":"PROFILE-12 &#8211; PARLANTE BK 12&#8243; 1600 WATTS 150 OZ  4 \u00bb VOICE COIL"},"content":{"rendered":"<ul>\n<li><span dir=\"auto\">Bobina m\u00f3vil de 4\u201d<\/span><\/li>\n<li><span dir=\"auto\">Manejo de potencia nominal de 800 vatios<\/span><\/li>\n<li><span dir=\"auto\">Potencia del programa de 1600 vatios<\/span><\/li>\n<li><span dir=\"auto\">Sensibilidad de 95,6 dB<\/span><\/li>\n<li><span dir=\"auto\">Respuesta de frecuencia de 70 Hz a 1500 Hz<\/span><\/li>\n<li><span dir=\"auto\">Ventilaci\u00f3n de aire forzado<\/span><\/li>\n<\/ul>\n<p><span dir=\"auto\">Di\u00e1metro de la cesta: 305\/12 mm\/pulgada<\/span><br \/>\n<span dir=\"auto\">Impedancia nominal: 8 ohmios<\/span><br \/>\n<span dir=\"auto\">800 vatios Manejo de potencia nominal<\/span><br \/>\n<span dir=\"auto\">1600 vatios<\/span><br \/>\n<span dir=\"auto\">Sensibilidad de potencia del programa: 95,6 dB<\/span><br \/>\n<span dir=\"auto\">Rango de frecuencia: 70-1500 Hz<\/span><br \/>\n<span dir=\"auto\">Peso del im\u00e1n: 150 oz<\/span><br \/>\n<span dir=\"auto\">Composici\u00f3n del im\u00e1n: im\u00e1n de ferrita<\/span><br \/>\n<span dir=\"auto\">Di\u00e1metro de la bobina de voz: 99,2\/4 mm\/pulgada<\/span><br \/>\n<span dir=\"auto\">Construcci\u00f3n de la bobina de voz: SV, cesta interior\/exterior<\/span><br \/>\n<span dir=\"auto\">Materiales: aluminio<\/span><\/p>\n","protected":false},"excerpt":{"rendered":"<p>Bobina m\u00f3vil de 4\u201d Manejo de potencia nominal de 800 vatios Potencia del programa de 1600 vatios Sensibilidad de 95,6 dB Respuesta de frecuencia de 70 Hz a 1500 Hz Ventilaci\u00f3n de aire forzado Di\u00e1metro de la cesta: 305\/12 mm\/pulgada Impedancia nominal: 8 ohmios 800 vatios Manejo de potencia nominal 1600 vatios Sensibilidad de potencia [&hellip;]<\/p>\n","protected":false},"featured_media":6394,"comment_status":"open","ping_status":"closed","template":"","meta":{"site-sidebar-layout":"default","site-content-layout":"","ast-site-content-layout":"default","site-content-style":"default","site-sidebar-style":"default","ast-global-header-display":"","ast-banner-title-visibility":"","ast-main-header-display":"","ast-hfb-above-header-display":"","ast-hfb-below-header-display":"","ast-hfb-mobile-header-display":"","site-post-title":"","ast-breadcrumbs-content":"","ast-featured-img":"","footer-sml-layout":"","ast-disable-related-posts":"","theme-transparent-header-meta":"default","adv-header-id-meta":"","stick-header-meta":"","header-above-stick-meta":"","header-main-stick-meta":"","header-below-stick-meta":"","astra-migrate-meta-layouts":"set","ast-page-background-enabled":"default","ast-page-background-meta":{"desktop":{"background-color":"","background-image":"","background-repeat":"repeat","background-position":"center center","background-size":"auto","background-attachment":"scroll","background-type":"","background-media":"","overlay-type":"","overlay-color":"","overlay-opacity":"","overlay-gradient":""},"tablet":{"background-color":"","background-image":"","background-repeat":"repeat","background-position":"center center","background-size":"auto","background-attachment":"scroll","background-type":"","background-media":"","overlay-type":"","overlay-color":"","overlay-opacity":"","overlay-gradient":""},"mobile":{"background-color":"","background-image":"","background-repeat":"repeat","background-position":"center center","background-size":"auto","background-attachment":"scroll","background-type":"","background-media":"","overlay-type":"","overlay-color":"","overlay-opacity":"","overlay-gradient":""}},"ast-content-background-meta":{"desktop":{"background-color":"var(--ast-global-color-5)","background-image":"","background-repeat":"repeat","background-position":"center center","background-size":"auto","background-attachment":"scroll","background-type":"","background-media":"","overlay-type":"","overlay-color":"","overlay-opacity":"","overlay-gradient":""},"tablet":{"background-color":"var(--ast-global-color-5)","background-image":"","background-repeat":"repeat","background-position":"center center","background-size":"auto","background-attachment":"scroll","background-type":"","background-media":"","overlay-type":"","overlay-color":"","overlay-opacity":"","overlay-gradient":""},"mobile":{"background-color":"var(--ast-global-color-5)","background-image":"","background-repeat":"repeat","background-position":"center center","background-size":"auto","background-attachment":"scroll","background-type":"","background-media":"","overlay-type":"","overlay-color":"","overlay-opacity":"","overlay-gradient":""}},"jetpack_publicize_message":"","jetpack_publicize_feature_enabled":true,"jetpack_social_post_already_shared":true,"jetpack_social_options":{"image_generator_settings":{"template":"highway","default_image_id":0,"font":"","enabled":false},"version":2}},"pwb-brand":[],"product_brand":[],"product_cat":[154],"product_tag":[],"class_list":{"0":"post-6392","1":"product","2":"type-product","3":"status-publish","4":"has-post-thumbnail","6":"product_cat-parlante","7":"desktop-align-center","8":"tablet-align-left","9":"mobile-align-left","11":"first","12":"outofstock","13":"sold-individually","14":"taxable","15":"shipping-taxable","16":"purchasable","17":"product-type-simple"},"supplier_id":null,"supplier_sku":"","barcode":null,"atum_controlled":true,"out_stock_date":null,"out_stock_threshold":null,"inheritable":false,"inbound_stock":null,"stock_on_hold":0,"sold_today":0,"sales_last_days":0,"reserved_stock":null,"customer_returns":null,"warehouse_damage":null,"lost_in_post":null,"other_logs":null,"out_stock_days":0,"lost_sales":0,"has_location":false,"update_date":"2026-04-24T00:29:56","atum_locations":[],"atum_stock_status":"outofstock","restock_status":false,"low_stock_amount":"","sales_update_date":"2026-04-24T00:29:56","calc_backorders":null,"jetpack_publicize_connections":[],"jetpack_sharing_enabled":true,"brands":[],"_links":{"self":[{"href":"https:\/\/www.surtistereo.com\/index.php?rest_route=\/wp\/v2\/product\/6392","targetHints":{"allow":["GET"]}}],"collection":[{"href":"https:\/\/www.surtistereo.com\/index.php?rest_route=\/wp\/v2\/product"}],"about":[{"href":"https:\/\/www.surtistereo.com\/index.php?rest_route=\/wp\/v2\/types\/product"}],"replies":[{"embeddable":true,"href":"https:\/\/www.surtistereo.com\/index.php?rest_route=%2Fwp%2Fv2%2Fcomments&post=6392"}],"version-history":[{"count":1,"href":"https:\/\/www.surtistereo.com\/index.php?rest_route=\/wp\/v2\/product\/6392\/revisions"}],"predecessor-version":[{"id":6398,"href":"https:\/\/www.surtistereo.com\/index.php?rest_route=\/wp\/v2\/product\/6392\/revisions\/6398"}],"wp:featuredmedia":[{"embeddable":true,"href":"https:\/\/www.surtistereo.com\/index.php?rest_route=\/wp\/v2\/media\/6394"}],"wp:attachment":[{"href":"https:\/\/www.surtistereo.com\/index.php?rest_route=%2Fwp%2Fv2%2Fmedia&parent=6392"}],"wp:term":[{"taxonomy":"pwb-brand","embeddable":true,"href":"https:\/\/www.surtistereo.com\/index.php?rest_route=%2Fwp%2Fv2%2Fpwb-brand&post=6392"},{"taxonomy":"product_brand","embeddable":true,"href":"https:\/\/www.surtistereo.com\/index.php?rest_route=%2Fwp%2Fv2%2Fproduct_brand&post=6392"},{"taxonomy":"product_cat","embeddable":true,"href":"https:\/\/www.surtistereo.com\/index.php?rest_route=%2Fwp%2Fv2%2Fproduct_cat&post=6392"},{"taxonomy":"product_tag","embeddable":true,"href":"https:\/\/www.surtistereo.com\/index.php?rest_route=%2Fwp%2Fv2%2Fproduct_tag&post=6392"}],"curies":[{"name":"wp","href":"https:\/\/api.w.org\/{rel}","templated":true}]}}