{"id":6386,"date":"2025-10-10T15:43:23","date_gmt":"2025-10-10T20:43:23","guid":{"rendered":"https:\/\/www.surtistereo.com\/?post_type=product&#038;p=6386"},"modified":"2026-02-24T16:01:24","modified_gmt":"2026-02-24T21:01:24","slug":"xenyx-1002sfx-mezclador-behringer-con-2-preammplificadores","status":"publish","type":"product","link":"https:\/\/www.surtistereo.com\/?product=xenyx-1002sfx-mezclador-behringer-con-2-preammplificadores","title":{"rendered":"XENYX-1002SFX &#8211; MEZCLADOR BEHRINGER CON 2 PREAMMPLIFICADORES"},"content":{"rendered":"<p>Mezcladora anal\u00f3gica de 10 canales<br \/>\nPreamplificadores XENYX de alta calidad<br \/>\nProcesador de efectos Klark Teknik con 100 preajustes<br \/>\n2 canales mono con entradas XLR y l\u00ednea, con ecualizador de 3 bandas y filtro de corte bajo<br \/>\n4 canales est\u00e9reo con entradas de l\u00ednea<br \/>\nSalidas de mezcla principal, salida de control de sala y salida de auriculares<br \/>\nFuente de alimentaci\u00f3n conmutada \u201cPlanet Earth\u201d para m\u00e1xima flexibilidad (100 \u2013 240 V~), ruido ultrabajo, respuesta transitoria superior y bajo consumo de energ\u00eda.<\/p>\n<h2>Informaci\u00f3n Adicional<\/h2>\n<table class=\"woocommerce-product-attributes shop_attributes\" aria-label=\"Detalles del producto\">\n<tbody>\n<tr class=\"woocommerce-product-attributes-item woocommerce-product-attributes-item--weight\">\n<th class=\"woocommerce-product-attributes-item__label\" scope=\"row\">Peso<\/th>\n<td class=\"woocommerce-product-attributes-item__value\">1 kg<\/td>\n<\/tr>\n<tr class=\"woocommerce-product-attributes-item woocommerce-product-attributes-item--dimensions\">\n<th class=\"woocommerce-product-attributes-item__label\" scope=\"row\">Dimensiones<\/th>\n<td class=\"woocommerce-product-attributes-item__value\">19 \u00d7 25 \u00d7 5 cm<\/td>\n<\/tr>\n<tr class=\"woocommerce-product-attributes-item woocommerce-product-attributes-item--attribute_pa_efectos\">\n<th class=\"woocommerce-product-attributes-item__label\" scope=\"row\">efectos<\/th>\n<td class=\"woocommerce-product-attributes-item__value\">Procesador de efectos Klark Teknik: Con 100 preajustes que incluyen reverb, delay, chorus, flanger, pitch shifter y multi-efectos, permitiendo una personalizaci\u00f3n completa del sonido.<\/td>\n<\/tr>\n<tr class=\"woocommerce-product-attributes-item woocommerce-product-attributes-item--attribute_color\">\n<th class=\"woocommerce-product-attributes-item__label\" scope=\"row\">color<\/th>\n<td class=\"woocommerce-product-attributes-item__value\">Negro<\/td>\n<\/tr>\n<tr class=\"woocommerce-product-attributes-item woocommerce-product-attributes-item--attribute_pa_ecualizador\">\n<th class=\"woocommerce-product-attributes-item__label\" scope=\"row\">ecualizador<\/th>\n<td class=\"woocommerce-product-attributes-item__value\">Ecualizador de 3 bandas: Permite ajustes detallados de graves, medios y agudos en los canales mono. Filtro de corte bajo: Elimina frecuencias bajas no deseadas en los canales<\/td>\n<\/tr>\n<\/tbody>\n<\/table>\n<p>&nbsp;<\/p>\n","protected":false},"excerpt":{"rendered":"<p>Mezcladora anal\u00f3gica de 10 canales Preamplificadores XENYX de alta calidad Procesador de efectos Klark Teknik con 100 preajustes 2 canales mono con entradas XLR y l\u00ednea, con ecualizador de 3 bandas y filtro de corte bajo 4 canales est\u00e9reo con entradas de l\u00ednea Salidas de mezcla principal, salida de control de sala y salida de [&hellip;]<\/p>\n","protected":false},"featured_media":6389,"comment_status":"open","ping_status":"closed","template":"","meta":{"site-sidebar-layout":"default","site-content-layout":"","ast-site-content-layout":"default","site-content-style":"default","site-sidebar-style":"default","ast-global-header-display":"","ast-banner-title-visibility":"","ast-main-header-display":"","ast-hfb-above-header-display":"","ast-hfb-below-header-display":"","ast-hfb-mobile-header-display":"","site-post-title":"","ast-breadcrumbs-content":"","ast-featured-img":"","footer-sml-layout":"","ast-disable-related-posts":"","theme-transparent-header-meta":"default","adv-header-id-meta":"","stick-header-meta":"","header-above-stick-meta":"","header-main-stick-meta":"","header-below-stick-meta":"","astra-migrate-meta-layouts":"set","ast-page-background-enabled":"default","ast-page-background-meta":{"desktop":{"background-color":"","background-image":"","background-repeat":"repeat","background-position":"center center","background-size":"auto","background-attachment":"scroll","background-type":"","background-media":"","overlay-type":"","overlay-color":"","overlay-opacity":"","overlay-gradient":""},"tablet":{"background-color":"","background-image":"","background-repeat":"repeat","background-position":"center center","background-size":"auto","background-attachment":"scroll","background-type":"","background-media":"","overlay-type":"","overlay-color":"","overlay-opacity":"","overlay-gradient":""},"mobile":{"background-color":"","background-image":"","background-repeat":"repeat","background-position":"center center","background-size":"auto","background-attachment":"scroll","background-type":"","background-media":"","overlay-type":"","overlay-color":"","overlay-opacity":"","overlay-gradient":""}},"ast-content-background-meta":{"desktop":{"background-color":"var(--ast-global-color-5)","background-image":"","background-repeat":"repeat","background-position":"center center","background-size":"auto","background-attachment":"scroll","background-type":"","background-media":"","overlay-type":"","overlay-color":"","overlay-opacity":"","overlay-gradient":""},"tablet":{"background-color":"var(--ast-global-color-5)","background-image":"","background-repeat":"repeat","background-position":"center center","background-size":"auto","background-attachment":"scroll","background-type":"","background-media":"","overlay-type":"","overlay-color":"","overlay-opacity":"","overlay-gradient":""},"mobile":{"background-color":"var(--ast-global-color-5)","background-image":"","background-repeat":"repeat","background-position":"center center","background-size":"auto","background-attachment":"scroll","background-type":"","background-media":"","overlay-type":"","overlay-color":"","overlay-opacity":"","overlay-gradient":""}},"jetpack_publicize_message":"","jetpack_publicize_feature_enabled":true,"jetpack_social_post_already_shared":true,"jetpack_social_options":{"image_generator_settings":{"template":"highway","default_image_id":0,"font":"","enabled":false},"version":2}},"pwb-brand":[172],"product_brand":[],"product_cat":[165],"product_tag":[],"class_list":{"0":"post-6386","1":"product","2":"type-product","3":"status-publish","4":"has-post-thumbnail","6":"pwb-brand-behringer","7":"product_cat-mezclador","8":"desktop-align-center","9":"tablet-align-left","10":"mobile-align-left","12":"first","13":"outofstock","14":"sold-individually","15":"taxable","16":"shipping-taxable","17":"purchasable","18":"product-type-simple"},"supplier_id":null,"supplier_sku":"","barcode":null,"atum_controlled":true,"out_stock_date":null,"out_stock_threshold":null,"inheritable":false,"inbound_stock":null,"stock_on_hold":0,"sold_today":0,"sales_last_days":0,"reserved_stock":null,"customer_returns":null,"warehouse_damage":null,"lost_in_post":null,"other_logs":null,"out_stock_days":0,"lost_sales":0,"has_location":false,"update_date":"2026-05-01T00:40:13","atum_locations":[],"atum_stock_status":"outofstock","restock_status":false,"low_stock_amount":"","sales_update_date":"2026-05-01T00:40:13","calc_backorders":null,"jetpack_publicize_connections":[],"jetpack_sharing_enabled":true,"brands":[{"id":172,"name":"BEHRINGER","slug":"behringer"}],"_links":{"self":[{"href":"https:\/\/www.surtistereo.com\/index.php?rest_route=\/wp\/v2\/product\/6386","targetHints":{"allow":["GET"]}}],"collection":[{"href":"https:\/\/www.surtistereo.com\/index.php?rest_route=\/wp\/v2\/product"}],"about":[{"href":"https:\/\/www.surtistereo.com\/index.php?rest_route=\/wp\/v2\/types\/product"}],"replies":[{"embeddable":true,"href":"https:\/\/www.surtistereo.com\/index.php?rest_route=%2Fwp%2Fv2%2Fcomments&post=6386"}],"version-history":[{"count":1,"href":"https:\/\/www.surtistereo.com\/index.php?rest_route=\/wp\/v2\/product\/6386\/revisions"}],"predecessor-version":[{"id":6391,"href":"https:\/\/www.surtistereo.com\/index.php?rest_route=\/wp\/v2\/product\/6386\/revisions\/6391"}],"wp:featuredmedia":[{"embeddable":true,"href":"https:\/\/www.surtistereo.com\/index.php?rest_route=\/wp\/v2\/media\/6389"}],"wp:attachment":[{"href":"https:\/\/www.surtistereo.com\/index.php?rest_route=%2Fwp%2Fv2%2Fmedia&parent=6386"}],"wp:term":[{"taxonomy":"pwb-brand","embeddable":true,"href":"https:\/\/www.surtistereo.com\/index.php?rest_route=%2Fwp%2Fv2%2Fpwb-brand&post=6386"},{"taxonomy":"product_brand","embeddable":true,"href":"https:\/\/www.surtistereo.com\/index.php?rest_route=%2Fwp%2Fv2%2Fproduct_brand&post=6386"},{"taxonomy":"product_cat","embeddable":true,"href":"https:\/\/www.surtistereo.com\/index.php?rest_route=%2Fwp%2Fv2%2Fproduct_cat&post=6386"},{"taxonomy":"product_tag","embeddable":true,"href":"https:\/\/www.surtistereo.com\/index.php?rest_route=%2Fwp%2Fv2%2Fproduct_tag&post=6386"}],"curies":[{"name":"wp","href":"https:\/\/api.w.org\/{rel}","templated":true}]}}