{"id":6369,"date":"2025-10-10T10:10:17","date_gmt":"2025-10-10T15:10:17","guid":{"rendered":"https:\/\/www.surtistereo.com\/?post_type=product&#038;p=6369"},"modified":"2026-02-24T10:14:58","modified_gmt":"2026-02-24T15:14:58","slug":"blx24-b58-microfono-inalambrico-de-mano-con-capsula-beta58-shure","status":"publish","type":"product","link":"https:\/\/www.surtistereo.com\/?product=blx24-b58-microfono-inalambrico-de-mano-con-capsula-beta58-shure","title":{"rendered":"BLX24\/B58 &#8211; Micr\u00f3fono Inal\u00e1mbrico de Mano con capsula BETA58 SHURE"},"content":{"rendered":"<div class=\"elementor-element elementor-element-b6e190b elementor-widget elementor-widget-woocommerce-product-content\" data-id=\"b6e190b\" data-element_type=\"widget\" data-widget_type=\"woocommerce-product-content.default\">\n<div class=\"elementor-widget-container\">\n<p>El micr\u00f3fono vocal din\u00e1mico Beta 58A ha sido dise\u00f1ado espec\u00edficamente para actuaciones en directo y grabaciones en peque\u00f1os estudios. La respuesta en frecuencia personalizada acent\u00faa las voces, mientras que el patr\u00f3n supercardioide garantiza un buen aislamiento de otras fuentes de sonido. Combina un ajuste sencillo y una interfaz intuitiva en un receptor de montaje en rack.<\/p>\n<\/div>\n<\/div>\n<div class=\"elementor-element elementor-element-503fd8b elementor-show-heading-yes elementor-widget elementor-widget-woocommerce-product-additional-information\" data-id=\"503fd8b\" data-element_type=\"widget\" data-widget_type=\"woocommerce-product-additional-information.default\">\n<div class=\"elementor-widget-container\">\n<h2>Informaci\u00f3n adicional<\/h2>\n<table class=\"woocommerce-product-attributes shop_attributes\">\n<tbody>\n<tr class=\"woocommerce-product-attributes-item woocommerce-product-attributes-item--attribute_rango-de-frecuencias-portadoras\">\n<th class=\"woocommerce-product-attributes-item__label\">Rango De Frecuencias Portadoras:<\/th>\n<td class=\"woocommerce-product-attributes-item__value\">512\u00a0\u2013\u00a0542 MHz<\/td>\n<\/tr>\n<tr class=\"woocommerce-product-attributes-item woocommerce-product-attributes-item--attribute_alcance\">\n<th class=\"woocommerce-product-attributes-item__label\">Alcance:<\/th>\n<td class=\"woocommerce-product-attributes-item__value\">91\u00a0m Nota: El alcance real depende de los niveles de absorci\u00f3n, reflexi\u00f3n e interferencia de la se\u00f1al de RF.<\/td>\n<\/tr>\n<tr class=\"woocommerce-product-attributes-item woocommerce-product-attributes-item--attribute_respuesta-de-audiofrecuencia\">\n<th class=\"woocommerce-product-attributes-item__label\">Respuesta De Audiofrecuencia:<\/th>\n<td class=\"woocommerce-product-attributes-item__value\">50\u00a0a\u00a015, 000\u00a0Hz<\/td>\n<\/tr>\n<tr class=\"woocommerce-product-attributes-item woocommerce-product-attributes-item--attribute_blx2-dimensiones\">\n<th class=\"woocommerce-product-attributes-item__label\">Blx2 Dimensiones:<\/th>\n<td class=\"woocommerce-product-attributes-item__value\">224\u00a0mm\u00a0X 53\u00a0mm<\/td>\n<\/tr>\n<tr class=\"woocommerce-product-attributes-item woocommerce-product-attributes-item--attribute_blx2-peso\">\n<th class=\"woocommerce-product-attributes-item__label\">Blx2 Peso:<\/th>\n<td class=\"woocommerce-product-attributes-item__value\">218 g<\/td>\n<\/tr>\n<tr class=\"woocommerce-product-attributes-item woocommerce-product-attributes-item--attribute_blx4r-impedancia-de-salida\">\n<th class=\"woocommerce-product-attributes-item__label\">Blx4R Impedancia De Salida:<\/th>\n<td class=\"woocommerce-product-attributes-item__value\">200 \u03a9<\/td>\n<\/tr>\n<tr class=\"woocommerce-product-attributes-item woocommerce-product-attributes-item--attribute_blx4r-dimensiones\">\n<th class=\"woocommerce-product-attributes-item__label\">Blx4R Dimensiones:<\/th>\n<td class=\"woocommerce-product-attributes-item__value\">42\u00a0mm\u00a0X 198\u00a0mm\u00a0X 163\u00a0mm<\/td>\n<\/tr>\n<tr class=\"woocommerce-product-attributes-item woocommerce-product-attributes-item--attribute_blx4r-peso\">\n<th class=\"woocommerce-product-attributes-item__label\">Blx4R Peso:<\/th>\n<td class=\"woocommerce-product-attributes-item__value\">998\u00a0\u00a0g<\/td>\n<\/tr>\n<tr class=\"woocommerce-product-attributes-item woocommerce-product-attributes-item--attribute_caja\">\n<th class=\"woocommerce-product-attributes-item__label\">Caja:<\/th>\n<td class=\"woocommerce-product-attributes-item__value\">Pl\u00e1stico ABS moldeado, acero<\/td>\n<\/tr>\n<\/tbody>\n<\/table>\n<\/div>\n<\/div>\n","protected":false},"excerpt":{"rendered":"<p>El micr\u00f3fono vocal din\u00e1mico Beta 58A ha sido dise\u00f1ado espec\u00edficamente para actuaciones en directo y grabaciones en peque\u00f1os estudios. La respuesta en frecuencia personalizada acent\u00faa las voces, mientras que el patr\u00f3n supercardioide garantiza un buen aislamiento de otras fuentes de sonido. Combina un ajuste sencillo y una interfaz intuitiva en un receptor de montaje en [&hellip;]<\/p>\n","protected":false},"featured_media":6371,"comment_status":"open","ping_status":"closed","template":"","meta":{"site-sidebar-layout":"default","site-content-layout":"","ast-site-content-layout":"default","site-content-style":"default","site-sidebar-style":"default","ast-global-header-display":"","ast-banner-title-visibility":"","ast-main-header-display":"","ast-hfb-above-header-display":"","ast-hfb-below-header-display":"","ast-hfb-mobile-header-display":"","site-post-title":"","ast-breadcrumbs-content":"","ast-featured-img":"","footer-sml-layout":"","ast-disable-related-posts":"","theme-transparent-header-meta":"default","adv-header-id-meta":"","stick-header-meta":"","header-above-stick-meta":"","header-main-stick-meta":"","header-below-stick-meta":"","astra-migrate-meta-layouts":"set","ast-page-background-enabled":"default","ast-page-background-meta":{"desktop":{"background-color":"","background-image":"","background-repeat":"repeat","background-position":"center center","background-size":"auto","background-attachment":"scroll","background-type":"","background-media":"","overlay-type":"","overlay-color":"","overlay-opacity":"","overlay-gradient":""},"tablet":{"background-color":"","background-image":"","background-repeat":"repeat","background-position":"center center","background-size":"auto","background-attachment":"scroll","background-type":"","background-media":"","overlay-type":"","overlay-color":"","overlay-opacity":"","overlay-gradient":""},"mobile":{"background-color":"","background-image":"","background-repeat":"repeat","background-position":"center center","background-size":"auto","background-attachment":"scroll","background-type":"","background-media":"","overlay-type":"","overlay-color":"","overlay-opacity":"","overlay-gradient":""}},"ast-content-background-meta":{"desktop":{"background-color":"var(--ast-global-color-5)","background-image":"","background-repeat":"repeat","background-position":"center center","background-size":"auto","background-attachment":"scroll","background-type":"","background-media":"","overlay-type":"","overlay-color":"","overlay-opacity":"","overlay-gradient":""},"tablet":{"background-color":"var(--ast-global-color-5)","background-image":"","background-repeat":"repeat","background-position":"center center","background-size":"auto","background-attachment":"scroll","background-type":"","background-media":"","overlay-type":"","overlay-color":"","overlay-opacity":"","overlay-gradient":""},"mobile":{"background-color":"var(--ast-global-color-5)","background-image":"","background-repeat":"repeat","background-position":"center center","background-size":"auto","background-attachment":"scroll","background-type":"","background-media":"","overlay-type":"","overlay-color":"","overlay-opacity":"","overlay-gradient":""}},"jetpack_publicize_message":"","jetpack_publicize_feature_enabled":true,"jetpack_social_post_already_shared":true,"jetpack_social_options":{"image_generator_settings":{"template":"highway","default_image_id":0,"font":"","enabled":false},"version":2}},"pwb-brand":[187],"product_brand":[],"product_cat":[155],"product_tag":[],"class_list":{"0":"post-6369","1":"product","2":"type-product","3":"status-publish","4":"has-post-thumbnail","6":"pwb-brand-shure","7":"product_cat-microfono-inalambrico","8":"desktop-align-center","9":"tablet-align-left","10":"mobile-align-left","12":"first","13":"instock","14":"sold-individually","15":"taxable","16":"shipping-taxable","17":"purchasable","18":"product-type-simple"},"supplier_id":null,"supplier_sku":"","barcode":null,"atum_controlled":true,"out_stock_date":null,"out_stock_threshold":null,"inheritable":false,"inbound_stock":null,"stock_on_hold":0,"sold_today":0,"sales_last_days":0,"reserved_stock":null,"customer_returns":null,"warehouse_damage":null,"lost_in_post":null,"other_logs":null,"out_stock_days":0,"lost_sales":0,"has_location":false,"update_date":"2026-05-01T00:40:13","atum_locations":[],"atum_stock_status":"instock","restock_status":false,"low_stock_amount":"","sales_update_date":"2026-05-01T00:40:13","calc_backorders":null,"jetpack_publicize_connections":[],"jetpack_sharing_enabled":true,"brands":[{"id":187,"name":"SHURE","slug":"shure"}],"_links":{"self":[{"href":"https:\/\/www.surtistereo.com\/index.php?rest_route=\/wp\/v2\/product\/6369","targetHints":{"allow":["GET"]}}],"collection":[{"href":"https:\/\/www.surtistereo.com\/index.php?rest_route=\/wp\/v2\/product"}],"about":[{"href":"https:\/\/www.surtistereo.com\/index.php?rest_route=\/wp\/v2\/types\/product"}],"replies":[{"embeddable":true,"href":"https:\/\/www.surtistereo.com\/index.php?rest_route=%2Fwp%2Fv2%2Fcomments&post=6369"}],"version-history":[{"count":1,"href":"https:\/\/www.surtistereo.com\/index.php?rest_route=\/wp\/v2\/product\/6369\/revisions"}],"predecessor-version":[{"id":6372,"href":"https:\/\/www.surtistereo.com\/index.php?rest_route=\/wp\/v2\/product\/6369\/revisions\/6372"}],"wp:featuredmedia":[{"embeddable":true,"href":"https:\/\/www.surtistereo.com\/index.php?rest_route=\/wp\/v2\/media\/6371"}],"wp:attachment":[{"href":"https:\/\/www.surtistereo.com\/index.php?rest_route=%2Fwp%2Fv2%2Fmedia&parent=6369"}],"wp:term":[{"taxonomy":"pwb-brand","embeddable":true,"href":"https:\/\/www.surtistereo.com\/index.php?rest_route=%2Fwp%2Fv2%2Fpwb-brand&post=6369"},{"taxonomy":"product_brand","embeddable":true,"href":"https:\/\/www.surtistereo.com\/index.php?rest_route=%2Fwp%2Fv2%2Fproduct_brand&post=6369"},{"taxonomy":"product_cat","embeddable":true,"href":"https:\/\/www.surtistereo.com\/index.php?rest_route=%2Fwp%2Fv2%2Fproduct_cat&post=6369"},{"taxonomy":"product_tag","embeddable":true,"href":"https:\/\/www.surtistereo.com\/index.php?rest_route=%2Fwp%2Fv2%2Fproduct_tag&post=6369"}],"curies":[{"name":"wp","href":"https:\/\/api.w.org\/{rel}","templated":true}]}}