{"id":6335,"date":"2025-10-09T16:37:10","date_gmt":"2025-10-09T21:37:10","guid":{"rendered":"https:\/\/www.surtistereo.com\/?post_type=product&#038;p=6335"},"modified":"2025-10-16T11:02:39","modified_gmt":"2025-10-16T16:02:39","slug":"eon-715-cabina-jbl-activa-15-1300-watts-650-rms-con-dsp-bluetooth","status":"publish","type":"product","link":"https:\/\/www.surtistereo.com\/?product=eon-715-cabina-jbl-activa-15-1300-watts-650-rms-con-dsp-bluetooth","title":{"rendered":"EON-715 &#8211; Cabina JBL activa 15&#8243; 1300 Watts 650 RMS con DSP &#038; Bluetooth"},"content":{"rendered":"<p><strong>Cabina Activa PA de 15 pulgadas con Bluetooth<\/strong><\/p>\n<p>Lanzada en 1995, la familia de PA EON m\u00e1s vendida de JBL estableci\u00f3 el punto de referencia de cu\u00e1n grande puede ser un sistema de cabinas activas<\/p>\n<p>La cabina de sonido JBL EON715 de 15 pulgadas es parte de la nueva serie EON700 de PA activos de JBL, que representa un gran paso adelante en innovaci\u00f3n y tecnolog\u00eda al brindar una cobertura verdaderamente inteligible y claramente consistente en cualquier nivel de volumen.<\/p>\n<p>La serie EON700 aprovecha la \u00faltima ciencia ac\u00fastica, dise\u00f1os de transductores, materiales de gabinete y DSP avanzado y tecnolog\u00edas de control para brindar un rendimiento extraordinario en un sistema port\u00e1til completamente profesional, altamente flexible y f\u00e1cil de usar.<\/p>\n<p>Con cuatro modelos disponibles, incluido el EON710 de 10 pulgadas, el EON712 de 12 pulgadas y los altavoces PA autoamplificados EON715 de 15 pulgadas y el subwoofer EON718S de 18 pulgadas, los sistemas EON700 cubren las necesidades de los m\u00fasicos y proveedores de sonido que trabajan hoy en d\u00eda.<\/p>\n<p><strong>Caracter\u00edsticas JBL EON715<\/strong><\/p>\n<ul>\n<li>Woofer de 15 pulgadas con dise\u00f1o personalizado<\/li>\n<li>Controlador de compresi\u00f3n 2414H<\/li>\n<li>Bocina de alta frecuencia redise\u00f1ada<\/li>\n<li>Potencia: 1300W pico \/ 650W RMS<\/li>\n<li>Respuesta de frecuencia: 45 Hz\u201320 kHz (-10 dB); 55 Hz\u201320 kHz (-3 dB)<\/li>\n<li>SPL m\u00e1x.: 128 dB<\/li>\n<li>Dispersi\u00f3n: 90\u00b0 H x 60\u00b0 V<\/li>\n<li>E\/S de audio: 2 XLR Combo, 1 paso XLR<\/li>\n<li>DSP dbx avanzado: supresi\u00f3n autom\u00e1tica de retroalimentaci\u00f3n, atenuaci\u00f3n, retardo de altavoz de 100 ms, ecualizador param\u00e9trico<\/li>\n<li>Mezclador digital de 3 canales incorporado<\/li>\n<li>La pantalla LCD a color retroiluminada proporciona un f\u00e1cil acceso a las funciones<\/li>\n<li>Control de aplicaci\u00f3n universal JBL Pro Connect<\/li>\n<li>Transmisi\u00f3n y control de Bluetooth 5.0<\/li>\n<li>Gabinete de polipropileno duradero y rejilla de metal<\/li>\n<li>Dos asas ergon\u00f3micas simplifican el transporte<\/li>\n<li>El montaje en poste incorporado y el montaje de yugo universal EON700 opcional ampl\u00edan las opciones de configuraci\u00f3n del sistema<\/li>\n<li>Los gabinetes apilables permiten un f\u00e1cil almacenamiento<\/li>\n<li>Dimensiones: 27,6 x 17,2 x 13,8 pulgadas (702 x 438 x 351 mm) (alto x ancho x profundidad)<\/li>\n<li>Peso: 37,3 libras (16,9 kg)<\/li>\n<li>Dimensiones de env\u00edo: 29,92 x 21,73 x 18,38 pulgadas (760 x 552 x 467 mm) (Al. x An. x Pr.)<\/li>\n<li>Peso de env\u00edo: 49,6 libras (22,5 kg)<\/li>\n<\/ul>\n","protected":false},"excerpt":{"rendered":"<p>Cabina Activa PA de 15 pulgadas con Bluetooth Lanzada en 1995, la familia de PA EON m\u00e1s vendida de JBL estableci\u00f3 el punto de referencia de cu\u00e1n grande puede ser un sistema de cabinas activas La cabina de sonido JBL EON715 de 15 pulgadas es parte de la nueva serie EON700 de PA activos de [&hellip;]<\/p>\n","protected":false},"featured_media":6339,"comment_status":"open","ping_status":"closed","template":"","meta":{"site-sidebar-layout":"default","site-content-layout":"","ast-site-content-layout":"default","site-content-style":"default","site-sidebar-style":"default","ast-global-header-display":"","ast-banner-title-visibility":"","ast-main-header-display":"","ast-hfb-above-header-display":"","ast-hfb-below-header-display":"","ast-hfb-mobile-header-display":"","site-post-title":"","ast-breadcrumbs-content":"","ast-featured-img":"","footer-sml-layout":"","ast-disable-related-posts":"","theme-transparent-header-meta":"default","adv-header-id-meta":"","stick-header-meta":"","header-above-stick-meta":"","header-main-stick-meta":"","header-below-stick-meta":"","astra-migrate-meta-layouts":"set","ast-page-background-enabled":"default","ast-page-background-meta":{"desktop":{"background-color":"","background-image":"","background-repeat":"repeat","background-position":"center center","background-size":"auto","background-attachment":"scroll","background-type":"","background-media":"","overlay-type":"","overlay-color":"","overlay-opacity":"","overlay-gradient":""},"tablet":{"background-color":"","background-image":"","background-repeat":"repeat","background-position":"center center","background-size":"auto","background-attachment":"scroll","background-type":"","background-media":"","overlay-type":"","overlay-color":"","overlay-opacity":"","overlay-gradient":""},"mobile":{"background-color":"","background-image":"","background-repeat":"repeat","background-position":"center center","background-size":"auto","background-attachment":"scroll","background-type":"","background-media":"","overlay-type":"","overlay-color":"","overlay-opacity":"","overlay-gradient":""}},"ast-content-background-meta":{"desktop":{"background-color":"var(--ast-global-color-5)","background-image":"","background-repeat":"repeat","background-position":"center center","background-size":"auto","background-attachment":"scroll","background-type":"","background-media":"","overlay-type":"","overlay-color":"","overlay-opacity":"","overlay-gradient":""},"tablet":{"background-color":"var(--ast-global-color-5)","background-image":"","background-repeat":"repeat","background-position":"center center","background-size":"auto","background-attachment":"scroll","background-type":"","background-media":"","overlay-type":"","overlay-color":"","overlay-opacity":"","overlay-gradient":""},"mobile":{"background-color":"var(--ast-global-color-5)","background-image":"","background-repeat":"repeat","background-position":"center center","background-size":"auto","background-attachment":"scroll","background-type":"","background-media":"","overlay-type":"","overlay-color":"","overlay-opacity":"","overlay-gradient":""}},"jetpack_publicize_message":"","jetpack_publicize_feature_enabled":true,"jetpack_social_post_already_shared":true,"jetpack_social_options":{"image_generator_settings":{"template":"highway","default_image_id":0,"font":"","enabled":false},"version":2}},"pwb-brand":[175],"product_brand":[],"product_cat":[107],"product_tag":[],"class_list":{"0":"post-6335","1":"product","2":"type-product","3":"status-publish","4":"has-post-thumbnail","6":"pwb-brand-jbl","7":"product_cat-cabinas-activas","8":"desktop-align-center","9":"tablet-align-left","10":"mobile-align-left","12":"first","13":"instock","14":"sold-individually","15":"taxable","16":"shipping-taxable","17":"purchasable","18":"product-type-simple"},"supplier_id":null,"supplier_sku":"","barcode":null,"atum_controlled":true,"out_stock_date":null,"out_stock_threshold":null,"inheritable":false,"inbound_stock":null,"stock_on_hold":0,"sold_today":0,"sales_last_days":0,"reserved_stock":null,"customer_returns":null,"warehouse_damage":null,"lost_in_post":null,"other_logs":null,"out_stock_days":0,"lost_sales":0,"has_location":false,"update_date":"2026-04-08T00:11:16","atum_locations":[],"atum_stock_status":"instock","restock_status":false,"low_stock_amount":"","sales_update_date":"2026-04-08T00:11:16","calc_backorders":null,"jetpack_publicize_connections":[],"jetpack_sharing_enabled":true,"brands":[{"id":175,"name":"JBL","slug":"jbl"}],"_links":{"self":[{"href":"https:\/\/www.surtistereo.com\/index.php?rest_route=\/wp\/v2\/product\/6335","targetHints":{"allow":["GET"]}}],"collection":[{"href":"https:\/\/www.surtistereo.com\/index.php?rest_route=\/wp\/v2\/product"}],"about":[{"href":"https:\/\/www.surtistereo.com\/index.php?rest_route=\/wp\/v2\/types\/product"}],"replies":[{"embeddable":true,"href":"https:\/\/www.surtistereo.com\/index.php?rest_route=%2Fwp%2Fv2%2Fcomments&post=6335"}],"version-history":[{"count":1,"href":"https:\/\/www.surtistereo.com\/index.php?rest_route=\/wp\/v2\/product\/6335\/revisions"}],"predecessor-version":[{"id":6341,"href":"https:\/\/www.surtistereo.com\/index.php?rest_route=\/wp\/v2\/product\/6335\/revisions\/6341"}],"wp:featuredmedia":[{"embeddable":true,"href":"https:\/\/www.surtistereo.com\/index.php?rest_route=\/wp\/v2\/media\/6339"}],"wp:attachment":[{"href":"https:\/\/www.surtistereo.com\/index.php?rest_route=%2Fwp%2Fv2%2Fmedia&parent=6335"}],"wp:term":[{"taxonomy":"pwb-brand","embeddable":true,"href":"https:\/\/www.surtistereo.com\/index.php?rest_route=%2Fwp%2Fv2%2Fpwb-brand&post=6335"},{"taxonomy":"product_brand","embeddable":true,"href":"https:\/\/www.surtistereo.com\/index.php?rest_route=%2Fwp%2Fv2%2Fproduct_brand&post=6335"},{"taxonomy":"product_cat","embeddable":true,"href":"https:\/\/www.surtistereo.com\/index.php?rest_route=%2Fwp%2Fv2%2Fproduct_cat&post=6335"},{"taxonomy":"product_tag","embeddable":true,"href":"https:\/\/www.surtistereo.com\/index.php?rest_route=%2Fwp%2Fv2%2Fproduct_tag&post=6335"}],"curies":[{"name":"wp","href":"https:\/\/api.w.org\/{rel}","templated":true}]}}