{"id":5490,"date":"2025-05-21T16:01:08","date_gmt":"2025-05-21T21:01:08","guid":{"rendered":"https:\/\/www.surtistereo.com\/?post_type=product&#038;p=5490"},"modified":"2026-02-24T16:00:01","modified_gmt":"2026-02-24T21:00:01","slug":"ddj-rev1-controlador-pioneer-dj-ddj-rev1-2ch","status":"publish","type":"product","link":"https:\/\/www.surtistereo.com\/?product=ddj-rev1-controlador-pioneer-dj-ddj-rev1-2ch","title":{"rendered":"DDJ-REV1 &#8211; CONTROLADOR PIONEER DJ DDJ-REV1 2Ch"},"content":{"rendered":"<div class=\"folder__container js-folder js-folder--is-open\">\n<h3 class=\"folder__trigger js-folder__header js-folder__header--is-open\">Funciones principales<i class=\"ico\"><\/i><\/h3>\n<div class=\"folder__content js-folder__content js-folder__content--is-open\">\n<table class=\"specs-table\">\n<tbody>\n<tr>\n<th class=\"specs-table__lbl\">\n<h3 class=\"h6\">Software compatible<\/h3>\n<\/th>\n<td class=\"specs-table__val\">\n<ul class=\"list-rotary\">\n<li>Serato DJ Lite<\/li>\n<li>Serato DJ Pro (licencia\/suscripci\u00f3n no incluida)<\/li>\n<\/ul>\n<\/td>\n<\/tr>\n<tr>\n<th class=\"specs-table__lbl\">\n<h3 class=\"h6\">Requerimientos del Software<\/h3>\n<\/th>\n<td class=\"specs-table__val\">\n<ul class=\"list-rotary\">\n<li>Serato DJ Lite\u00a0<a href=\"https:\/\/serato.com\/dj\/lite\/downloads?systemrequirements#system-requirements\" target=\"_blank\" rel=\"noopener noreferrer\" data-exlink-checked=\"1\" data-exlink-detected=\"1\">requerimientos del software<\/a><\/li>\n<li>Serato DJ Pro\u00a0<a href=\"https:\/\/serato.com\/dj\/pro\/downloads?systemrequirements#system-requirements\" target=\"_blank\" rel=\"noopener noreferrer\" data-exlink-checked=\"1\" data-exlink-detected=\"1\">requerimientos del software<\/a><\/li>\n<\/ul>\n<\/td>\n<\/tr>\n<tr>\n<th class=\"specs-table__lbl\">\n<h3 class=\"h6\">Accesorios<\/h3>\n<\/th>\n<td class=\"specs-table__val\">\n<ul class=\"list-rotary\">\n<li>DDJ-REV1<\/li>\n<li>Cable USB<\/li>\n<li>Garant\u00eda (para algunas regiones)<\/li>\n<li>Gu\u00eda de inicio r\u00e1pido<\/li>\n<li>Precauciones de uso<\/li>\n<\/ul>\n<\/td>\n<\/tr>\n<\/tbody>\n<\/table>\n<\/div>\n<\/div>\n<div class=\"folder__container js-folder js-folder--is-open\">\n<h3 class=\"folder__trigger js-folder__header js-folder__header--is-open\">Especificaciones<i class=\"ico\"><\/i><\/h3>\n<div class=\"folder__content js-folder__content js-folder__content--is-open\">\n<table class=\"specs-table\">\n<tbody>\n<tr>\n<th class=\"specs-table__lbl\">\n<h3 class=\"h6\">Ancho<\/h3>\n<\/th>\n<td class=\"specs-table__val\">526 mm<\/td>\n<\/tr>\n<tr>\n<th class=\"specs-table__lbl\">\n<h3 class=\"h6\">Profundo<\/h3>\n<\/th>\n<td class=\"specs-table__val\">255.5 mm<\/td>\n<\/tr>\n<tr>\n<th class=\"specs-table__lbl\">\n<h3 class=\"h6\">Alto<\/h3>\n<\/th>\n<td class=\"specs-table__val\">59.2 mm<\/td>\n<\/tr>\n<tr>\n<th class=\"specs-table__lbl\">\n<h3 class=\"h6\">Peso<\/h3>\n<\/th>\n<td class=\"specs-table__val\">2.1 kg<\/td>\n<\/tr>\n<tr>\n<th class=\"specs-table__lbl\">\n<h3 class=\"h6\">Tarjeta de sonido<\/h3>\n<\/th>\n<td class=\"specs-table__val\">24 bit\/48 kHz<\/td>\n<\/tr>\n<tr>\n<th class=\"specs-table__lbl\">\n<h3 class=\"h6\">Relaci\u00f3n se\u00f1al\/ruido<\/h3>\n<\/th>\n<td class=\"specs-table__val\">103 dB<\/td>\n<\/tr>\n<tr>\n<th class=\"specs-table__lbl\">\n<h3 class=\"h6\">Distorsi\u00f3n<\/h3>\n<\/th>\n<td class=\"specs-table__val\">&lt; 0.005 %<\/td>\n<\/tr>\n<tr>\n<th class=\"specs-table__lbl\">\n<h3 class=\"h6\">Power Consumption<\/h3>\n<\/th>\n<td class=\"specs-table__val\">5V 500mA<\/td>\n<\/tr>\n<tr>\n<th class=\"specs-table__lbl\">\n<h3 class=\"h6\">Alimentaci\u00f3n<\/h3>\n<\/th>\n<td class=\"specs-table__val\">USB\u202f Type-B bus powered<\/td>\n<\/tr>\n<tr>\n<th class=\"specs-table__lbl\">\n<h3 class=\"h6\">Rango de frecuencia<\/h3>\n<\/th>\n<td class=\"specs-table__val\">20 &#8211; 20000 Hz<\/td>\n<\/tr>\n<\/tbody>\n<\/table>\n<\/div>\n<\/div>\n<div class=\"folder__container js-folder js-folder--is-open\">\n<h3 class=\"folder__trigger js-folder__header js-folder__header--is-open\">Control de rendimiento<i class=\"ico\"><\/i><\/h3>\n<div class=\"folder__content js-folder__content js-folder__content--is-open\">\n<table class=\"specs-table\">\n<tbody>\n<tr>\n<th class=\"specs-table__lbl\">\n<h3 class=\"h6\">Canales<\/h3>\n<\/th>\n<td class=\"specs-table__val\">2<\/td>\n<\/tr>\n<tr>\n<th class=\"specs-table__lbl\">\n<h3 class=\"h6\">Control de plato<\/h3>\n<\/th>\n<td class=\"specs-table__val\">4<\/td>\n<\/tr>\n<tr>\n<th class=\"specs-table__lbl\">\n<h3 class=\"h6\">Mando de ajuste<\/h3>\n<\/th>\n<td class=\"specs-table__val\"><i class=\"ico icon-check\"><span class=\"sr-only\">S\u00ed<\/span><\/i><\/td>\n<\/tr>\n<tr>\n<th class=\"specs-table__lbl\">\n<h3 class=\"h6\">Jog Wheel (Dimensiones m\u00e1ximas)<\/h3>\n<\/th>\n<td class=\"specs-table__val\">154 mm<\/td>\n<\/tr>\n<tr>\n<th class=\"specs-table__lbl\">\n<h3 class=\"h6\">Filter<\/h3>\n<\/th>\n<td class=\"specs-table__val\"><i class=\"ico icon-check\"><span class=\"sr-only\">S\u00ed<\/span><\/i><\/td>\n<\/tr>\n<tr>\n<th class=\"specs-table__lbl\">\n<h3 class=\"h6\">Sampler<\/h3>\n<\/th>\n<td class=\"specs-table__val\"><i class=\"ico icon-check\"><span class=\"sr-only\">S\u00ed<\/span><\/i><\/td>\n<\/tr>\n<tr>\n<th class=\"specs-table__lbl\">\n<h3 class=\"h6\">Hot Cues<\/h3>\n<\/th>\n<td class=\"specs-table__val\">4<\/td>\n<\/tr>\n<tr>\n<th class=\"specs-table__lbl\">\n<h3 class=\"h6\">Pad Modes<\/h3>\n<\/th>\n<td class=\"specs-table__val\">\n<ul>\n<li>Hot Cue<\/li>\n<li>Auto Loop<\/li>\n<li>Tracking Scratch<\/li>\n<li>Sampler<\/li>\n<li>Trans<\/li>\n<li>Scratch Bank<\/li>\n<\/ul>\n<\/td>\n<\/tr>\n<tr>\n<th class=\"specs-table__lbl\">\n<h3 class=\"h6\">Loop Manual<\/h3>\n<\/th>\n<td class=\"specs-table__val\"><i class=\"ico icon-check\"><span class=\"sr-only\">S\u00ed<\/span><\/i><\/td>\n<\/tr>\n<tr>\n<th class=\"specs-table__lbl\">\n<h3 class=\"h6\">Autoloop<\/h3>\n<\/th>\n<td class=\"specs-table__val\"><i class=\"ico icon-check\"><span class=\"sr-only\">S\u00ed<\/span><\/i><\/td>\n<\/tr>\n<\/tbody>\n<\/table>\n<\/div>\n<\/div>\n<div class=\"folder__container js-folder js-folder--is-open\">\n<h3 class=\"folder__trigger js-folder__header js-folder__header--is-open\">Fader<i class=\"ico\"><\/i><\/h3>\n<div class=\"folder__content js-folder__content js-folder__content--is-open\">\n<table class=\"specs-table\">\n<tbody>\n<tr>\n<th class=\"specs-table__lbl\">\n<h3 class=\"h6\">Channel Fader Start<\/h3>\n<\/th>\n<td class=\"specs-table__val\"><i class=\"ico icon-check\"><span class=\"sr-only\">S\u00ed<\/span><\/i><\/td>\n<\/tr>\n<tr>\n<th class=\"specs-table__lbl\">\n<h3 class=\"h6\">Crossfader Start<\/h3>\n<\/th>\n<td class=\"specs-table__val\"><i class=\"ico icon-check\"><span class=\"sr-only\">S\u00ed<\/span><\/i><\/td>\n<\/tr>\n<tr>\n<th class=\"specs-table__lbl\">\n<h3 class=\"h6\">Ajuste de curva crossfader<\/h3>\n<\/th>\n<td class=\"specs-table__val\"><i class=\"ico icon-check\"><span class=\"sr-only\">S\u00ed<\/span><\/i><\/td>\n<\/tr>\n<\/tbody>\n<\/table>\n<\/div>\n<\/div>\n<div class=\"folder__container js-folder js-folder--is-open\">\n<h3 class=\"folder__trigger js-folder__header js-folder__header--is-open\">Terminales<i class=\"ico\"><\/i><\/h3>\n<div class=\"folder__content js-folder__content js-folder__content--is-open\">\n<table class=\"specs-table\">\n<tbody>\n<tr>\n<th class=\"specs-table__lbl\">\n<h3 class=\"h6\">Entradas<\/h3>\n<\/th>\n<td class=\"specs-table__val\">1 MIC (Jack 1\/4 pulgada)<\/td>\n<\/tr>\n<tr>\n<th class=\"specs-table__lbl\">\n<h3 class=\"h6\">Salidas<\/h3>\n<\/th>\n<td class=\"specs-table__val\">\n<ul>\n<li>1 MASTER (RCA)<\/li>\n<li>1 PHONES (3.5-mm stereo mini jack)<\/li>\n<\/ul>\n<\/td>\n<\/tr>\n<tr>\n<th class=\"specs-table__lbl\">\n<h3 class=\"h6\">USB<\/h3>\n<\/th>\n<td class=\"specs-table__val\">1 puerto USB B<\/td>\n<\/tr>\n<\/tbody>\n<\/table>\n<\/div>\n<\/div>\n","protected":false},"excerpt":{"rendered":"<p>Funciones principales Software compatible Serato DJ Lite Serato DJ Pro (licencia\/suscripci\u00f3n no incluida) Requerimientos del Software Serato DJ Lite\u00a0requerimientos del software Serato DJ Pro\u00a0requerimientos del software Accesorios DDJ-REV1 Cable USB Garant\u00eda (para algunas regiones) Gu\u00eda de inicio r\u00e1pido Precauciones de uso Especificaciones Ancho 526 mm Profundo 255.5 mm Alto 59.2 mm Peso 2.1 kg Tarjeta [&hellip;]<\/p>\n","protected":false},"featured_media":5686,"comment_status":"open","ping_status":"closed","template":"","meta":{"site-sidebar-layout":"default","site-content-layout":"","ast-site-content-layout":"default","site-content-style":"default","site-sidebar-style":"default","ast-global-header-display":"","ast-banner-title-visibility":"","ast-main-header-display":"","ast-hfb-above-header-display":"","ast-hfb-below-header-display":"","ast-hfb-mobile-header-display":"","site-post-title":"","ast-breadcrumbs-content":"","ast-featured-img":"","footer-sml-layout":"","ast-disable-related-posts":"","theme-transparent-header-meta":"default","adv-header-id-meta":"","stick-header-meta":"","header-above-stick-meta":"","header-main-stick-meta":"","header-below-stick-meta":"","astra-migrate-meta-layouts":"set","ast-page-background-enabled":"default","ast-page-background-meta":{"desktop":{"background-color":"","background-image":"","background-repeat":"repeat","background-position":"center center","background-size":"auto","background-attachment":"scroll","background-type":"","background-media":"","overlay-type":"","overlay-color":"","overlay-opacity":"","overlay-gradient":""},"tablet":{"background-color":"","background-image":"","background-repeat":"repeat","background-position":"center center","background-size":"auto","background-attachment":"scroll","background-type":"","background-media":"","overlay-type":"","overlay-color":"","overlay-opacity":"","overlay-gradient":""},"mobile":{"background-color":"","background-image":"","background-repeat":"repeat","background-position":"center center","background-size":"auto","background-attachment":"scroll","background-type":"","background-media":"","overlay-type":"","overlay-color":"","overlay-opacity":"","overlay-gradient":""}},"ast-content-background-meta":{"desktop":{"background-color":"var(--ast-global-color-5)","background-image":"","background-repeat":"repeat","background-position":"center center","background-size":"auto","background-attachment":"scroll","background-type":"","background-media":"","overlay-type":"","overlay-color":"","overlay-opacity":"","overlay-gradient":""},"tablet":{"background-color":"var(--ast-global-color-5)","background-image":"","background-repeat":"repeat","background-position":"center center","background-size":"auto","background-attachment":"scroll","background-type":"","background-media":"","overlay-type":"","overlay-color":"","overlay-opacity":"","overlay-gradient":""},"mobile":{"background-color":"var(--ast-global-color-5)","background-image":"","background-repeat":"repeat","background-position":"center center","background-size":"auto","background-attachment":"scroll","background-type":"","background-media":"","overlay-type":"","overlay-color":"","overlay-opacity":"","overlay-gradient":""}},"jetpack_publicize_message":"","jetpack_publicize_feature_enabled":true,"jetpack_social_post_already_shared":false,"jetpack_social_options":{"image_generator_settings":{"template":"highway","default_image_id":0,"font":"","enabled":false},"version":2}},"pwb-brand":[185],"product_brand":[],"product_cat":[122],"product_tag":[],"class_list":{"0":"post-5490","1":"product","2":"type-product","3":"status-publish","4":"has-post-thumbnail","6":"pwb-brand-pioner-dj","7":"product_cat-controladores","8":"desktop-align-center","9":"tablet-align-left","10":"mobile-align-left","12":"first","13":"outofstock","14":"sold-individually","15":"taxable","16":"shipping-taxable","17":"purchasable","18":"product-type-simple"},"supplier_id":null,"supplier_sku":"","barcode":null,"atum_controlled":true,"out_stock_date":null,"out_stock_threshold":null,"inheritable":false,"inbound_stock":null,"stock_on_hold":0,"sold_today":0,"sales_last_days":0,"reserved_stock":null,"customer_returns":null,"warehouse_damage":null,"lost_in_post":null,"other_logs":null,"out_stock_days":0,"lost_sales":0,"has_location":false,"update_date":"2026-05-01T00:40:14","atum_locations":[],"atum_stock_status":"outofstock","restock_status":false,"low_stock_amount":"","sales_update_date":"2026-05-01T00:40:14","calc_backorders":null,"jetpack_publicize_connections":[],"jetpack_sharing_enabled":true,"brands":[{"id":185,"name":"PIONER DJ","slug":"pioner-dj"}],"_links":{"self":[{"href":"https:\/\/www.surtistereo.com\/index.php?rest_route=\/wp\/v2\/product\/5490","targetHints":{"allow":["GET"]}}],"collection":[{"href":"https:\/\/www.surtistereo.com\/index.php?rest_route=\/wp\/v2\/product"}],"about":[{"href":"https:\/\/www.surtistereo.com\/index.php?rest_route=\/wp\/v2\/types\/product"}],"replies":[{"embeddable":true,"href":"https:\/\/www.surtistereo.com\/index.php?rest_route=%2Fwp%2Fv2%2Fcomments&post=5490"}],"version-history":[{"count":1,"href":"https:\/\/www.surtistereo.com\/index.php?rest_route=\/wp\/v2\/product\/5490\/revisions"}],"predecessor-version":[{"id":6499,"href":"https:\/\/www.surtistereo.com\/index.php?rest_route=\/wp\/v2\/product\/5490\/revisions\/6499"}],"wp:featuredmedia":[{"embeddable":true,"href":"https:\/\/www.surtistereo.com\/index.php?rest_route=\/wp\/v2\/media\/5686"}],"wp:attachment":[{"href":"https:\/\/www.surtistereo.com\/index.php?rest_route=%2Fwp%2Fv2%2Fmedia&parent=5490"}],"wp:term":[{"taxonomy":"pwb-brand","embeddable":true,"href":"https:\/\/www.surtistereo.com\/index.php?rest_route=%2Fwp%2Fv2%2Fpwb-brand&post=5490"},{"taxonomy":"product_brand","embeddable":true,"href":"https:\/\/www.surtistereo.com\/index.php?rest_route=%2Fwp%2Fv2%2Fproduct_brand&post=5490"},{"taxonomy":"product_cat","embeddable":true,"href":"https:\/\/www.surtistereo.com\/index.php?rest_route=%2Fwp%2Fv2%2Fproduct_cat&post=5490"},{"taxonomy":"product_tag","embeddable":true,"href":"https:\/\/www.surtistereo.com\/index.php?rest_route=%2Fwp%2Fv2%2Fproduct_tag&post=5490"}],"curies":[{"name":"wp","href":"https:\/\/api.w.org\/{rel}","templated":true}]}}