{"id":5473,"date":"2025-05-21T14:53:05","date_gmt":"2025-05-21T19:53:05","guid":{"rendered":"https:\/\/www.surtistereo.com\/?post_type=product&#038;p=5473"},"modified":"2025-10-16T11:12:26","modified_gmt":"2025-10-16T16:12:26","slug":"psr-e383teclado-yamaha-electronico-adaptador-pa-3c-de-61-teclas","status":"publish","type":"product","link":"https:\/\/www.surtistereo.com\/?product=psr-e383teclado-yamaha-electronico-adaptador-pa-3c-de-61-teclas","title":{"rendered":"PSR-E383\tTECLADO YAMAHA  ELECTRONICO + ADAPTADOR PA-3C de 61 teclas"},"content":{"rendered":"<table class=\"woocommerce-product-attributes shop_attributes\">\n<tbody>\n<tr class=\"woocommerce-product-attributes-item woocommerce-product-attributes-item--attribute_colores\">\n<th class=\"woocommerce-product-attributes-item__label\">Colores:<\/th>\n<td class=\"woocommerce-product-attributes-item__value\">Negro<\/td>\n<\/tr>\n<tr class=\"woocommerce-product-attributes-item woocommerce-product-attributes-item--attribute_n%c3%bamero-de-teclas\">\n<th class=\"woocommerce-product-attributes-item__label\">N\u00famero de Teclas:<\/th>\n<td class=\"woocommerce-product-attributes-item__value\">61<\/td>\n<\/tr>\n<tr class=\"woocommerce-product-attributes-item woocommerce-product-attributes-item--attribute_tonos\">\n<th class=\"woocommerce-product-attributes-item__label\">Tonos:<\/th>\n<td class=\"woocommerce-product-attributes-item__value\">\u00ab622 (241 voces de panel + 22 kits de bater\u00eda\/SFX + 20 arpegios + 339 voces XGlite)<br \/>\nVoces destacadas\u00bb<\/td>\n<\/tr>\n<tr class=\"woocommerce-product-attributes-item woocommerce-product-attributes-item--attribute_ritmos\">\n<th class=\"woocommerce-product-attributes-item__label\">Ritmos:<\/th>\n<td class=\"woocommerce-product-attributes-item__value\">No<\/td>\n<\/tr>\n<tr class=\"woocommerce-product-attributes-item woocommerce-product-attributes-item--attribute_acompa%c3%b1amientos\">\n<th class=\"woocommerce-product-attributes-item__label\">Acompa\u00f1amientos:<\/th>\n<td class=\"woocommerce-product-attributes-item__value\">205 preestablecidos<\/td>\n<\/tr>\n<tr class=\"woocommerce-product-attributes-item woocommerce-product-attributes-item--attribute_tutor\">\n<th class=\"woocommerce-product-attributes-item__label\">Tutor:<\/th>\n<td class=\"woocommerce-product-attributes-item__value\">Si<\/td>\n<\/tr>\n<tr class=\"woocommerce-product-attributes-item woocommerce-product-attributes-item--attribute_banco-de-canciones\">\n<th class=\"woocommerce-product-attributes-item__label\">Banco de Canciones:<\/th>\n<td class=\"woocommerce-product-attributes-item__value\">154 (incluido Touch Tutor: 10, estudio de acordes: 12, progresi\u00f3n de acordes: 30)<\/td>\n<\/tr>\n<tr class=\"woocommerce-product-attributes-item woocommerce-product-attributes-item--attribute_salida-de-amplificaci%c3%b3n\">\n<th class=\"woocommerce-product-attributes-item__label\">Salida de Amplificaci\u00f3n:<\/th>\n<td class=\"woocommerce-product-attributes-item__value\">Amplificadores 2,5W + 2,5W \/ Altavoces 12cm \u00d7 2<\/td>\n<\/tr>\n<tr class=\"woocommerce-product-attributes-item woocommerce-product-attributes-item--attribute_canales-de-secuencia\">\n<th class=\"woocommerce-product-attributes-item__label\">Canales de Secuencia:<\/th>\n<td class=\"woocommerce-product-attributes-item__value\">No<\/td>\n<\/tr>\n<tr class=\"woocommerce-product-attributes-item woocommerce-product-attributes-item--attribute_polifon%c3%ada\">\n<th class=\"woocommerce-product-attributes-item__label\">Polifon\u00eda:<\/th>\n<td class=\"woocommerce-product-attributes-item__value\">48<\/td>\n<\/tr>\n<tr class=\"woocommerce-product-attributes-item woocommerce-product-attributes-item--attribute_respuesta-al-tacto\">\n<th class=\"woocommerce-product-attributes-item__label\">Respuesta al Tacto:<\/th>\n<td class=\"woocommerce-product-attributes-item__value\">Si<\/td>\n<\/tr>\n<tr class=\"woocommerce-product-attributes-item woocommerce-product-attributes-item--attribute_unidades-externas\">\n<th class=\"woocommerce-product-attributes-item__label\">Unidades Externas:<\/th>\n<td class=\"woocommerce-product-attributes-item__value\">DC EN 12 voltios \/ Auriculares Conector telef\u00f3nico est\u00e9reo est\u00e1ndar (PHONES\/OUTPUT) \/ Pedal de sostenido \/ miniconector est\u00e9reo \/ USB<\/td>\n<\/tr>\n<tr class=\"woocommerce-product-attributes-item woocommerce-product-attributes-item--attribute_memoria-interna\">\n<th class=\"woocommerce-product-attributes-item__label\">Memoria Interna:<\/th>\n<td class=\"woocommerce-product-attributes-item__value\">Aprox. 1,4MB<\/td>\n<\/tr>\n<\/tbody>\n<\/table>\n","protected":false},"excerpt":{"rendered":"<p>Colores: Negro N\u00famero de Teclas: 61 Tonos: \u00ab622 (241 voces de panel + 22 kits de bater\u00eda\/SFX + 20 arpegios + 339 voces XGlite) Voces destacadas\u00bb Ritmos: No Acompa\u00f1amientos: 205 preestablecidos Tutor: Si Banco de Canciones: 154 (incluido Touch Tutor: 10, estudio de acordes: 12, progresi\u00f3n de acordes: 30) Salida de Amplificaci\u00f3n: Amplificadores 2,5W + [&hellip;]<\/p>\n","protected":false},"featured_media":5474,"comment_status":"open","ping_status":"closed","template":"","meta":{"site-sidebar-layout":"default","site-content-layout":"","ast-site-content-layout":"default","site-content-style":"default","site-sidebar-style":"default","ast-global-header-display":"","ast-banner-title-visibility":"","ast-main-header-display":"","ast-hfb-above-header-display":"","ast-hfb-below-header-display":"","ast-hfb-mobile-header-display":"","site-post-title":"","ast-breadcrumbs-content":"","ast-featured-img":"","footer-sml-layout":"","ast-disable-related-posts":"","theme-transparent-header-meta":"default","adv-header-id-meta":"","stick-header-meta":"","header-above-stick-meta":"","header-main-stick-meta":"","header-below-stick-meta":"","astra-migrate-meta-layouts":"set","ast-page-background-enabled":"default","ast-page-background-meta":{"desktop":{"background-color":"","background-image":"","background-repeat":"repeat","background-position":"center center","background-size":"auto","background-attachment":"scroll","background-type":"","background-media":"","overlay-type":"","overlay-color":"","overlay-opacity":"","overlay-gradient":""},"tablet":{"background-color":"","background-image":"","background-repeat":"repeat","background-position":"center center","background-size":"auto","background-attachment":"scroll","background-type":"","background-media":"","overlay-type":"","overlay-color":"","overlay-opacity":"","overlay-gradient":""},"mobile":{"background-color":"","background-image":"","background-repeat":"repeat","background-position":"center center","background-size":"auto","background-attachment":"scroll","background-type":"","background-media":"","overlay-type":"","overlay-color":"","overlay-opacity":"","overlay-gradient":""}},"ast-content-background-meta":{"desktop":{"background-color":"var(--ast-global-color-5)","background-image":"","background-repeat":"repeat","background-position":"center center","background-size":"auto","background-attachment":"scroll","background-type":"","background-media":"","overlay-type":"","overlay-color":"","overlay-opacity":"","overlay-gradient":""},"tablet":{"background-color":"var(--ast-global-color-5)","background-image":"","background-repeat":"repeat","background-position":"center center","background-size":"auto","background-attachment":"scroll","background-type":"","background-media":"","overlay-type":"","overlay-color":"","overlay-opacity":"","overlay-gradient":""},"mobile":{"background-color":"var(--ast-global-color-5)","background-image":"","background-repeat":"repeat","background-position":"center center","background-size":"auto","background-attachment":"scroll","background-type":"","background-media":"","overlay-type":"","overlay-color":"","overlay-opacity":"","overlay-gradient":""}},"jetpack_publicize_message":"","jetpack_publicize_feature_enabled":true,"jetpack_social_post_already_shared":false,"jetpack_social_options":{"image_generator_settings":{"template":"highway","default_image_id":0,"font":"","enabled":false},"version":2}},"pwb-brand":[179],"product_brand":[],"product_cat":[120],"product_tag":[],"class_list":{"0":"post-5473","1":"product","2":"type-product","3":"status-publish","4":"has-post-thumbnail","6":"pwb-brand-yamaha","7":"product_cat-teclados","8":"desktop-align-center","9":"tablet-align-left","10":"mobile-align-left","12":"first","13":"instock","14":"sold-individually","15":"taxable","16":"shipping-taxable","17":"purchasable","18":"product-type-simple"},"supplier_id":null,"supplier_sku":"","barcode":null,"atum_controlled":true,"out_stock_date":null,"out_stock_threshold":null,"inheritable":false,"inbound_stock":null,"stock_on_hold":0,"sold_today":0,"sales_last_days":0,"reserved_stock":null,"customer_returns":null,"warehouse_damage":null,"lost_in_post":null,"other_logs":null,"out_stock_days":0,"lost_sales":0,"has_location":false,"update_date":"2026-05-01T00:40:14","atum_locations":[],"atum_stock_status":"instock","restock_status":false,"low_stock_amount":"","sales_update_date":"2026-05-01T00:40:14","calc_backorders":null,"jetpack_publicize_connections":[],"jetpack_sharing_enabled":true,"brands":[{"id":179,"name":"YAMAHA","slug":"yamaha"}],"_links":{"self":[{"href":"https:\/\/www.surtistereo.com\/index.php?rest_route=\/wp\/v2\/product\/5473","targetHints":{"allow":["GET"]}}],"collection":[{"href":"https:\/\/www.surtistereo.com\/index.php?rest_route=\/wp\/v2\/product"}],"about":[{"href":"https:\/\/www.surtistereo.com\/index.php?rest_route=\/wp\/v2\/types\/product"}],"replies":[{"embeddable":true,"href":"https:\/\/www.surtistereo.com\/index.php?rest_route=%2Fwp%2Fv2%2Fcomments&post=5473"}],"version-history":[{"count":1,"href":"https:\/\/www.surtistereo.com\/index.php?rest_route=\/wp\/v2\/product\/5473\/revisions"}],"predecessor-version":[{"id":6306,"href":"https:\/\/www.surtistereo.com\/index.php?rest_route=\/wp\/v2\/product\/5473\/revisions\/6306"}],"wp:featuredmedia":[{"embeddable":true,"href":"https:\/\/www.surtistereo.com\/index.php?rest_route=\/wp\/v2\/media\/5474"}],"wp:attachment":[{"href":"https:\/\/www.surtistereo.com\/index.php?rest_route=%2Fwp%2Fv2%2Fmedia&parent=5473"}],"wp:term":[{"taxonomy":"pwb-brand","embeddable":true,"href":"https:\/\/www.surtistereo.com\/index.php?rest_route=%2Fwp%2Fv2%2Fpwb-brand&post=5473"},{"taxonomy":"product_brand","embeddable":true,"href":"https:\/\/www.surtistereo.com\/index.php?rest_route=%2Fwp%2Fv2%2Fproduct_brand&post=5473"},{"taxonomy":"product_cat","embeddable":true,"href":"https:\/\/www.surtistereo.com\/index.php?rest_route=%2Fwp%2Fv2%2Fproduct_cat&post=5473"},{"taxonomy":"product_tag","embeddable":true,"href":"https:\/\/www.surtistereo.com\/index.php?rest_route=%2Fwp%2Fv2%2Fproduct_tag&post=5473"}],"curies":[{"name":"wp","href":"https:\/\/api.w.org\/{rel}","templated":true}]}}