{"id":5470,"date":"2025-05-20T14:51:21","date_gmt":"2025-05-20T19:51:21","guid":{"rendered":"https:\/\/www.surtistereo.com\/?post_type=product&#038;p=5470"},"modified":"2026-02-24T10:46:25","modified_gmt":"2026-02-24T15:46:25","slug":"v-11-amplificador-de-potencia-pro-dj-3000wtts","status":"publish","type":"product","link":"https:\/\/www.surtistereo.com\/?product=v-11-amplificador-de-potencia-pro-dj-3000wtts","title":{"rendered":"V-11 &#8211; AMPLIFICADOR DE POTENCIA PRO DJ 3000WTTS"},"content":{"rendered":"<p>\u2022 Potencia @ 8\u03a9 Est\u00e9reo: 1000W x2<br \/>\n\u2022 Potencia @ 4\u03a9 Est\u00e9reo: 1500W x2<br \/>\n\u2022 Potencia @ 2\u03a9 Est\u00e9reo: 2250W x2<br \/>\n\u2022 Potencia @ 8\u03a9 Bridge: 3000W<br \/>\n\u2022 Potencia @ 4\u03a9 Bridge: 4000W<br \/>\n\u2022 Respuesta en frecuencia: 20Hz \u2013 20kHz \u00b10.3dB<br \/>\n\u2022 Relaci\u00f3n se\u00f1al\/ruido: &gt;93dB<br \/>\n\u2022 Crosstalk: &gt;70dB @ 1kHz<br \/>\n\u2022 Factor de amortiguamiento: &gt;800<br \/>\n\u2022 Sensibilidad de entrada: 0.775V \/ 1.0V \/ 1.4V<br \/>\n\u2022 Impedancia de entrada (balanceada\/no balanceada): 10K\u03a9 \/ 20K\u03a9<br \/>\n\u2022 Ganancia de voltaje: 38dB<br \/>\n\u2022 Clase de amplificaci\u00f3n: Clase H<br \/>\n\u2022 Sistema de enfriamiento: Aire forzado de frente a posterior<br \/>\n\u2022 Protecci\u00f3n: Arranque suave, protecci\u00f3n contra cortocircuito, sobrecarga, sobrecalentamiento y limitador de clip progresivo<br \/>\n\u2022 Conectores de entrada: XLR-F, TRS, XLR-F a XLR-M<br \/>\n\u2022 Conectores de salida: Binding posts rojo y negro<br \/>\n\u2022 Indicadores frontales: Se\u00f1al, clip, protecci\u00f3n, indicador de encendido, modo bridge y paralelo, control de volumen<\/p>\n<p>**Dimensiones y peso:**<br \/>\n\u2022 Dimensiones del producto (L \u00d7 W \u00d7 H): 52 \u00d7 49 \u00d7 13 cm<br \/>\n\u2022 Dimensiones de embalaje (L \u00d7 W \u00d7 H): 67 \u00d7 59 \u00d7 20 cm<br \/>\n\u2022 Peso: 40 kg<\/p>\n<p>**Alimentaci\u00f3n:**<br \/>\n\u2022 AC110V\/60Hz \u00b110%, AC120V\/60Hz \u00b110%<\/p>\n","protected":false},"excerpt":{"rendered":"<p>\u2022 Potencia @ 8\u03a9 Est\u00e9reo: 1000W x2 \u2022 Potencia @ 4\u03a9 Est\u00e9reo: 1500W x2 \u2022 Potencia @ 2\u03a9 Est\u00e9reo: 2250W x2 \u2022 Potencia @ 8\u03a9 Bridge: 3000W \u2022 Potencia @ 4\u03a9 Bridge: 4000W \u2022 Respuesta en frecuencia: 20Hz \u2013 20kHz \u00b10.3dB \u2022 Relaci\u00f3n se\u00f1al\/ruido: &gt;93dB \u2022 Crosstalk: &gt;70dB @ 1kHz \u2022 Factor de amortiguamiento: &gt;800 [&hellip;]<\/p>\n","protected":false},"featured_media":5471,"comment_status":"open","ping_status":"closed","template":"","meta":{"site-sidebar-layout":"default","site-content-layout":"","ast-site-content-layout":"default","site-content-style":"default","site-sidebar-style":"default","ast-global-header-display":"","ast-banner-title-visibility":"","ast-main-header-display":"","ast-hfb-above-header-display":"","ast-hfb-below-header-display":"","ast-hfb-mobile-header-display":"","site-post-title":"","ast-breadcrumbs-content":"","ast-featured-img":"","footer-sml-layout":"","ast-disable-related-posts":"","theme-transparent-header-meta":"default","adv-header-id-meta":"","stick-header-meta":"","header-above-stick-meta":"","header-main-stick-meta":"","header-below-stick-meta":"","astra-migrate-meta-layouts":"set","ast-page-background-enabled":"default","ast-page-background-meta":{"desktop":{"background-color":"","background-image":"","background-repeat":"repeat","background-position":"center center","background-size":"auto","background-attachment":"scroll","background-type":"","background-media":"","overlay-type":"","overlay-color":"","overlay-opacity":"","overlay-gradient":""},"tablet":{"background-color":"","background-image":"","background-repeat":"repeat","background-position":"center center","background-size":"auto","background-attachment":"scroll","background-type":"","background-media":"","overlay-type":"","overlay-color":"","overlay-opacity":"","overlay-gradient":""},"mobile":{"background-color":"","background-image":"","background-repeat":"repeat","background-position":"center center","background-size":"auto","background-attachment":"scroll","background-type":"","background-media":"","overlay-type":"","overlay-color":"","overlay-opacity":"","overlay-gradient":""}},"ast-content-background-meta":{"desktop":{"background-color":"var(--ast-global-color-5)","background-image":"","background-repeat":"repeat","background-position":"center center","background-size":"auto","background-attachment":"scroll","background-type":"","background-media":"","overlay-type":"","overlay-color":"","overlay-opacity":"","overlay-gradient":""},"tablet":{"background-color":"var(--ast-global-color-5)","background-image":"","background-repeat":"repeat","background-position":"center center","background-size":"auto","background-attachment":"scroll","background-type":"","background-media":"","overlay-type":"","overlay-color":"","overlay-opacity":"","overlay-gradient":""},"mobile":{"background-color":"var(--ast-global-color-5)","background-image":"","background-repeat":"repeat","background-position":"center center","background-size":"auto","background-attachment":"scroll","background-type":"","background-media":"","overlay-type":"","overlay-color":"","overlay-opacity":"","overlay-gradient":""}},"jetpack_publicize_message":"","jetpack_publicize_feature_enabled":true,"jetpack_social_post_already_shared":false,"jetpack_social_options":{"image_generator_settings":{"template":"highway","default_image_id":0,"font":"","enabled":false},"version":2}},"pwb-brand":[],"product_brand":[],"product_cat":[110],"product_tag":[],"class_list":{"0":"post-5470","1":"product","2":"type-product","3":"status-publish","4":"has-post-thumbnail","6":"product_cat-amplificadores","7":"desktop-align-center","8":"tablet-align-left","9":"mobile-align-left","11":"first","12":"instock","13":"sold-individually","14":"taxable","15":"shipping-taxable","16":"purchasable","17":"product-type-simple"},"supplier_id":null,"supplier_sku":"","barcode":null,"atum_controlled":true,"out_stock_date":null,"out_stock_threshold":null,"inheritable":false,"inbound_stock":null,"stock_on_hold":0,"sold_today":0,"sales_last_days":0,"reserved_stock":null,"customer_returns":null,"warehouse_damage":null,"lost_in_post":null,"other_logs":null,"out_stock_days":0,"lost_sales":0,"has_location":false,"update_date":"2026-05-01T00:40:14","atum_locations":[],"atum_stock_status":"instock","restock_status":false,"low_stock_amount":"","sales_update_date":"2026-05-01T00:40:14","calc_backorders":null,"jetpack_publicize_connections":[],"jetpack_sharing_enabled":true,"brands":[],"_links":{"self":[{"href":"https:\/\/www.surtistereo.com\/index.php?rest_route=\/wp\/v2\/product\/5470","targetHints":{"allow":["GET"]}}],"collection":[{"href":"https:\/\/www.surtistereo.com\/index.php?rest_route=\/wp\/v2\/product"}],"about":[{"href":"https:\/\/www.surtistereo.com\/index.php?rest_route=\/wp\/v2\/types\/product"}],"replies":[{"embeddable":true,"href":"https:\/\/www.surtistereo.com\/index.php?rest_route=%2Fwp%2Fv2%2Fcomments&post=5470"}],"version-history":[{"count":1,"href":"https:\/\/www.surtistereo.com\/index.php?rest_route=\/wp\/v2\/product\/5470\/revisions"}],"predecessor-version":[{"id":6144,"href":"https:\/\/www.surtistereo.com\/index.php?rest_route=\/wp\/v2\/product\/5470\/revisions\/6144"}],"wp:featuredmedia":[{"embeddable":true,"href":"https:\/\/www.surtistereo.com\/index.php?rest_route=\/wp\/v2\/media\/5471"}],"wp:attachment":[{"href":"https:\/\/www.surtistereo.com\/index.php?rest_route=%2Fwp%2Fv2%2Fmedia&parent=5470"}],"wp:term":[{"taxonomy":"pwb-brand","embeddable":true,"href":"https:\/\/www.surtistereo.com\/index.php?rest_route=%2Fwp%2Fv2%2Fpwb-brand&post=5470"},{"taxonomy":"product_brand","embeddable":true,"href":"https:\/\/www.surtistereo.com\/index.php?rest_route=%2Fwp%2Fv2%2Fproduct_brand&post=5470"},{"taxonomy":"product_cat","embeddable":true,"href":"https:\/\/www.surtistereo.com\/index.php?rest_route=%2Fwp%2Fv2%2Fproduct_cat&post=5470"},{"taxonomy":"product_tag","embeddable":true,"href":"https:\/\/www.surtistereo.com\/index.php?rest_route=%2Fwp%2Fv2%2Fproduct_tag&post=5470"}],"curies":[{"name":"wp","href":"https:\/\/api.w.org\/{rel}","templated":true}]}}