{"id":5396,"date":"2025-05-19T11:12:57","date_gmt":"2025-05-19T16:12:57","guid":{"rendered":"https:\/\/www.surtistereo.com\/?post_type=product&#038;p=5396"},"modified":"2025-06-05T16:30:10","modified_gmt":"2025-06-05T21:30:10","slug":"fm-220-microfono-alambrico-metalico-fugue","status":"publish","type":"product","link":"https:\/\/www.surtistereo.com\/?product=fm-220-microfono-alambrico-metalico-fugue","title":{"rendered":"FM-220 &#8211; MICROFONO ALAMBRICO METALICO FUGUE"},"content":{"rendered":"<h4 data-start=\"3187\" data-end=\"3208\"><strong data-start=\"3187\" data-end=\"3207\">Especificaciones<\/strong>:<\/h4>\n<ul>\n<li data-start=\"3213\" data-end=\"3329\"><strong data-start=\"3213\" data-end=\"3221\">Tipo<\/strong>: Din\u00e1mico, al\u00e1mbrico, lo que elimina la necesidad de bater\u00edas y asegura una transmisi\u00f3n constante de audio.<\/li>\n<li data-start=\"3334\" data-end=\"3465\"><strong data-start=\"3334\" data-end=\"3350\">Patr\u00f3n Polar<\/strong>: Unidireccional, que reduce el ruido ambiental al enfocar la captaci\u00f3n del sonido en la fuente de audio principal.<\/li>\n<li data-start=\"3470\" data-end=\"3618\"><strong data-start=\"3470\" data-end=\"3492\">Longitud del Cable<\/strong>: 5 metros, brindando comodidad y libertad de movimiento para los usuarios, lo que es fundamental para presentaciones en vivo.<\/li>\n<li data-start=\"3623\" data-end=\"3720\"><strong data-start=\"3623\" data-end=\"3635\">Conector<\/strong>: XLR, un conector profesional que asegura una conexi\u00f3n de alta calidad y fiabilidad.<\/li>\n<li data-start=\"3725\" data-end=\"3838\"><strong data-start=\"3725\" data-end=\"3741\">Sensibilidad<\/strong>: -71 \u00b13dB (0dB=1V\/Pa a 1 kHz), optimizando la captaci\u00f3n de sonidos incluso en entornos ruidosos.<\/li>\n<li data-start=\"3843\" data-end=\"3965\"><strong data-start=\"3843\" data-end=\"3857\">Frecuencia<\/strong>: 50 Hz \u2013 14 kHz, lo que cubre un amplio espectro de frecuencias para ofrecer un sonido natural y detallado.<\/li>\n<li data-start=\"3970\" data-end=\"4066\"><strong data-start=\"3970\" data-end=\"3984\">Impedancia<\/strong>: 600\u03a9 \u00b130% (a 1 kHz), garantizando una correcta transmisi\u00f3n de la se\u00f1al de audio.<\/li>\n<\/ul>\n","protected":false},"excerpt":{"rendered":"<p>Especificaciones: Tipo: Din\u00e1mico, al\u00e1mbrico, lo que elimina la necesidad de bater\u00edas y asegura una transmisi\u00f3n constante de audio. Patr\u00f3n Polar: Unidireccional, que reduce el ruido ambiental al enfocar la captaci\u00f3n del sonido en la fuente de audio principal. Longitud del Cable: 5 metros, brindando comodidad y libertad de movimiento para los usuarios, lo que es [&hellip;]<\/p>\n","protected":false},"featured_media":5397,"comment_status":"open","ping_status":"closed","template":"","meta":{"site-sidebar-layout":"default","site-content-layout":"","ast-site-content-layout":"default","site-content-style":"default","site-sidebar-style":"default","ast-global-header-display":"","ast-banner-title-visibility":"","ast-main-header-display":"","ast-hfb-above-header-display":"","ast-hfb-below-header-display":"","ast-hfb-mobile-header-display":"","site-post-title":"","ast-breadcrumbs-content":"","ast-featured-img":"","footer-sml-layout":"","ast-disable-related-posts":"","theme-transparent-header-meta":"default","adv-header-id-meta":"","stick-header-meta":"","header-above-stick-meta":"","header-main-stick-meta":"","header-below-stick-meta":"","astra-migrate-meta-layouts":"set","ast-page-background-enabled":"default","ast-page-background-meta":{"desktop":{"background-color":"","background-image":"","background-repeat":"repeat","background-position":"center center","background-size":"auto","background-attachment":"scroll","background-type":"","background-media":"","overlay-type":"","overlay-color":"","overlay-opacity":"","overlay-gradient":""},"tablet":{"background-color":"","background-image":"","background-repeat":"repeat","background-position":"center center","background-size":"auto","background-attachment":"scroll","background-type":"","background-media":"","overlay-type":"","overlay-color":"","overlay-opacity":"","overlay-gradient":""},"mobile":{"background-color":"","background-image":"","background-repeat":"repeat","background-position":"center center","background-size":"auto","background-attachment":"scroll","background-type":"","background-media":"","overlay-type":"","overlay-color":"","overlay-opacity":"","overlay-gradient":""}},"ast-content-background-meta":{"desktop":{"background-color":"var(--ast-global-color-5)","background-image":"","background-repeat":"repeat","background-position":"center center","background-size":"auto","background-attachment":"scroll","background-type":"","background-media":"","overlay-type":"","overlay-color":"","overlay-opacity":"","overlay-gradient":""},"tablet":{"background-color":"var(--ast-global-color-5)","background-image":"","background-repeat":"repeat","background-position":"center center","background-size":"auto","background-attachment":"scroll","background-type":"","background-media":"","overlay-type":"","overlay-color":"","overlay-opacity":"","overlay-gradient":""},"mobile":{"background-color":"var(--ast-global-color-5)","background-image":"","background-repeat":"repeat","background-position":"center center","background-size":"auto","background-attachment":"scroll","background-type":"","background-media":"","overlay-type":"","overlay-color":"","overlay-opacity":"","overlay-gradient":""}},"jetpack_publicize_message":"","jetpack_publicize_feature_enabled":true,"jetpack_social_post_already_shared":false,"jetpack_social_options":{"image_generator_settings":{"template":"highway","default_image_id":0,"font":"","enabled":false},"version":2}},"pwb-brand":[],"product_brand":[],"product_cat":[87],"product_tag":[],"class_list":{"0":"post-5396","1":"product","2":"type-product","3":"status-publish","4":"has-post-thumbnail","6":"product_cat-microfono","7":"desktop-align-center","8":"tablet-align-left","9":"mobile-align-left","11":"first","12":"instock","13":"sold-individually","14":"taxable","15":"shipping-taxable","16":"purchasable","17":"product-type-simple"},"supplier_id":null,"supplier_sku":"","barcode":null,"atum_controlled":true,"out_stock_date":null,"out_stock_threshold":null,"inheritable":false,"inbound_stock":null,"stock_on_hold":0,"sold_today":0,"sales_last_days":0,"reserved_stock":null,"customer_returns":null,"warehouse_damage":null,"lost_in_post":null,"other_logs":null,"out_stock_days":0,"lost_sales":0,"has_location":false,"update_date":"2026-05-01T00:40:14","atum_locations":[],"atum_stock_status":"instock","restock_status":false,"low_stock_amount":"","sales_update_date":"2026-05-01T00:40:14","calc_backorders":null,"jetpack_publicize_connections":[],"jetpack_sharing_enabled":true,"brands":[],"_links":{"self":[{"href":"https:\/\/www.surtistereo.com\/index.php?rest_route=\/wp\/v2\/product\/5396","targetHints":{"allow":["GET"]}}],"collection":[{"href":"https:\/\/www.surtistereo.com\/index.php?rest_route=\/wp\/v2\/product"}],"about":[{"href":"https:\/\/www.surtistereo.com\/index.php?rest_route=\/wp\/v2\/types\/product"}],"replies":[{"embeddable":true,"href":"https:\/\/www.surtistereo.com\/index.php?rest_route=%2Fwp%2Fv2%2Fcomments&post=5396"}],"version-history":[{"count":0,"href":"https:\/\/www.surtistereo.com\/index.php?rest_route=\/wp\/v2\/product\/5396\/revisions"}],"wp:featuredmedia":[{"embeddable":true,"href":"https:\/\/www.surtistereo.com\/index.php?rest_route=\/wp\/v2\/media\/5397"}],"wp:attachment":[{"href":"https:\/\/www.surtistereo.com\/index.php?rest_route=%2Fwp%2Fv2%2Fmedia&parent=5396"}],"wp:term":[{"taxonomy":"pwb-brand","embeddable":true,"href":"https:\/\/www.surtistereo.com\/index.php?rest_route=%2Fwp%2Fv2%2Fpwb-brand&post=5396"},{"taxonomy":"product_brand","embeddable":true,"href":"https:\/\/www.surtistereo.com\/index.php?rest_route=%2Fwp%2Fv2%2Fproduct_brand&post=5396"},{"taxonomy":"product_cat","embeddable":true,"href":"https:\/\/www.surtistereo.com\/index.php?rest_route=%2Fwp%2Fv2%2Fproduct_cat&post=5396"},{"taxonomy":"product_tag","embeddable":true,"href":"https:\/\/www.surtistereo.com\/index.php?rest_route=%2Fwp%2Fv2%2Fproduct_tag&post=5396"}],"curies":[{"name":"wp","href":"https:\/\/api.w.org\/{rel}","templated":true}]}}