{"id":5315,"date":"2025-05-15T08:53:55","date_gmt":"2025-05-15T13:53:55","guid":{"rendered":"https:\/\/www.surtistereo.com\/?post_type=product&#038;p=5315"},"modified":"2026-02-24T15:51:44","modified_gmt":"2026-02-24T20:51:44","slug":"pmp-4000-consola-activa-behringer-400watss-rms-16-entradas-de-linea-y-8-entradas-xlr","status":"publish","type":"product","link":"https:\/\/www.surtistereo.com\/?product=pmp-4000-consola-activa-behringer-400watss-rms-16-entradas-de-linea-y-8-entradas-xlr","title":{"rendered":"PMP-4000 &#8211; CONSOLA ACTIVA BEHRINGER 400WATSS RMS 16 ENTRADAS DE LINEA Y 8 ENTRADAS XLR"},"content":{"rendered":"<ul>\n<li>Potencia: 400W RMS a 8 Ohms<\/li>\n<li>8 entradas XLR<\/li>\n<li>16 entradas de l\u00ednea<\/li>\n<li>Salidas est\u00e9reo speakon<\/li>\n<li>Ecualizaci\u00f3n param\u00e9trica de 3 bandas<\/li>\n<li>Ecualizaci\u00f3n gr\u00e1fica de 7 bandas con detector de Feedback<\/li>\n<li>Multiefectos<\/li>\n<li>Phantom power<\/li>\n<li>Clase D<\/li>\n<\/ul>\n","protected":false},"excerpt":{"rendered":"<p>Potencia: 400W RMS a 8 Ohms 8 entradas XLR 16 entradas de l\u00ednea Salidas est\u00e9reo speakon Ecualizaci\u00f3n param\u00e9trica de 3 bandas Ecualizaci\u00f3n gr\u00e1fica de 7 bandas con detector de Feedback Multiefectos Phantom power Clase D<\/p>\n","protected":false},"featured_media":5317,"comment_status":"open","ping_status":"closed","template":"","meta":{"site-sidebar-layout":"default","site-content-layout":"","ast-site-content-layout":"default","site-content-style":"default","site-sidebar-style":"default","ast-global-header-display":"","ast-banner-title-visibility":"","ast-main-header-display":"","ast-hfb-above-header-display":"","ast-hfb-below-header-display":"","ast-hfb-mobile-header-display":"","site-post-title":"","ast-breadcrumbs-content":"","ast-featured-img":"","footer-sml-layout":"","ast-disable-related-posts":"","theme-transparent-header-meta":"default","adv-header-id-meta":"","stick-header-meta":"","header-above-stick-meta":"","header-main-stick-meta":"","header-below-stick-meta":"","astra-migrate-meta-layouts":"set","ast-page-background-enabled":"default","ast-page-background-meta":{"desktop":{"background-color":"","background-image":"","background-repeat":"repeat","background-position":"center center","background-size":"auto","background-attachment":"scroll","background-type":"","background-media":"","overlay-type":"","overlay-color":"","overlay-opacity":"","overlay-gradient":""},"tablet":{"background-color":"","background-image":"","background-repeat":"repeat","background-position":"center center","background-size":"auto","background-attachment":"scroll","background-type":"","background-media":"","overlay-type":"","overlay-color":"","overlay-opacity":"","overlay-gradient":""},"mobile":{"background-color":"","background-image":"","background-repeat":"repeat","background-position":"center center","background-size":"auto","background-attachment":"scroll","background-type":"","background-media":"","overlay-type":"","overlay-color":"","overlay-opacity":"","overlay-gradient":""}},"ast-content-background-meta":{"desktop":{"background-color":"var(--ast-global-color-5)","background-image":"","background-repeat":"repeat","background-position":"center center","background-size":"auto","background-attachment":"scroll","background-type":"","background-media":"","overlay-type":"","overlay-color":"","overlay-opacity":"","overlay-gradient":""},"tablet":{"background-color":"var(--ast-global-color-5)","background-image":"","background-repeat":"repeat","background-position":"center center","background-size":"auto","background-attachment":"scroll","background-type":"","background-media":"","overlay-type":"","overlay-color":"","overlay-opacity":"","overlay-gradient":""},"mobile":{"background-color":"var(--ast-global-color-5)","background-image":"","background-repeat":"repeat","background-position":"center center","background-size":"auto","background-attachment":"scroll","background-type":"","background-media":"","overlay-type":"","overlay-color":"","overlay-opacity":"","overlay-gradient":""}},"jetpack_publicize_message":"","jetpack_publicize_feature_enabled":true,"jetpack_social_post_already_shared":false,"jetpack_social_options":{"image_generator_settings":{"template":"highway","default_image_id":0,"font":"","enabled":false},"version":2}},"pwb-brand":[172],"product_brand":[],"product_cat":[103],"product_tag":[],"class_list":{"0":"post-5315","1":"product","2":"type-product","3":"status-publish","4":"has-post-thumbnail","6":"pwb-brand-behringer","7":"product_cat-consolas","8":"desktop-align-center","9":"tablet-align-left","10":"mobile-align-left","12":"first","13":"outofstock","14":"sold-individually","15":"taxable","16":"shipping-taxable","17":"purchasable","18":"product-type-simple"},"supplier_id":null,"supplier_sku":"","barcode":null,"atum_controlled":true,"out_stock_date":null,"out_stock_threshold":null,"inheritable":false,"inbound_stock":null,"stock_on_hold":0,"sold_today":0,"sales_last_days":0,"reserved_stock":null,"customer_returns":null,"warehouse_damage":null,"lost_in_post":null,"other_logs":null,"out_stock_days":0,"lost_sales":0,"has_location":false,"update_date":"2026-05-01T00:40:13","atum_locations":[],"atum_stock_status":"outofstock","restock_status":false,"low_stock_amount":"","sales_update_date":"2026-05-01T00:40:13","calc_backorders":null,"jetpack_publicize_connections":[],"jetpack_sharing_enabled":true,"brands":[{"id":172,"name":"BEHRINGER","slug":"behringer"}],"_links":{"self":[{"href":"https:\/\/www.surtistereo.com\/index.php?rest_route=\/wp\/v2\/product\/5315","targetHints":{"allow":["GET"]}}],"collection":[{"href":"https:\/\/www.surtistereo.com\/index.php?rest_route=\/wp\/v2\/product"}],"about":[{"href":"https:\/\/www.surtistereo.com\/index.php?rest_route=\/wp\/v2\/types\/product"}],"replies":[{"embeddable":true,"href":"https:\/\/www.surtistereo.com\/index.php?rest_route=%2Fwp%2Fv2%2Fcomments&post=5315"}],"version-history":[{"count":1,"href":"https:\/\/www.surtistereo.com\/index.php?rest_route=\/wp\/v2\/product\/5315\/revisions"}],"predecessor-version":[{"id":6182,"href":"https:\/\/www.surtistereo.com\/index.php?rest_route=\/wp\/v2\/product\/5315\/revisions\/6182"}],"wp:featuredmedia":[{"embeddable":true,"href":"https:\/\/www.surtistereo.com\/index.php?rest_route=\/wp\/v2\/media\/5317"}],"wp:attachment":[{"href":"https:\/\/www.surtistereo.com\/index.php?rest_route=%2Fwp%2Fv2%2Fmedia&parent=5315"}],"wp:term":[{"taxonomy":"pwb-brand","embeddable":true,"href":"https:\/\/www.surtistereo.com\/index.php?rest_route=%2Fwp%2Fv2%2Fpwb-brand&post=5315"},{"taxonomy":"product_brand","embeddable":true,"href":"https:\/\/www.surtistereo.com\/index.php?rest_route=%2Fwp%2Fv2%2Fproduct_brand&post=5315"},{"taxonomy":"product_cat","embeddable":true,"href":"https:\/\/www.surtistereo.com\/index.php?rest_route=%2Fwp%2Fv2%2Fproduct_cat&post=5315"},{"taxonomy":"product_tag","embeddable":true,"href":"https:\/\/www.surtistereo.com\/index.php?rest_route=%2Fwp%2Fv2%2Fproduct_tag&post=5315"}],"curies":[{"name":"wp","href":"https:\/\/api.w.org\/{rel}","templated":true}]}}