{"id":5306,"date":"2025-05-14T17:15:32","date_gmt":"2025-05-14T22:15:32","guid":{"rendered":"https:\/\/www.surtistereo.com\/?post_type=product&#038;p=5306"},"modified":"2025-11-26T11:03:25","modified_gmt":"2025-11-26T16:03:25","slug":"mg-10xu-mezcladora-yamaha-analoga-10-ch-efecto-e-interfaz-de-grabacion","status":"publish","type":"product","link":"https:\/\/www.surtistereo.com\/?product=mg-10xu-mezcladora-yamaha-analoga-10-ch-efecto-e-interfaz-de-grabacion","title":{"rendered":"MG-10XU &#8211; MEZCLADORA YAMAHA ANALOGA 10 CH\/EFECTO e INTERFAZ DE GRABACION"},"content":{"rendered":"<table class=\"woocommerce-product-attributes shop_attributes\">\n<tbody>\n<tr class=\"woocommerce-product-attributes-item woocommerce-product-attributes-item--attribute_colores\">\n<th class=\"woocommerce-product-attributes-item__label\">Colores:<\/th>\n<td class=\"woocommerce-product-attributes-item__value\">Negro<\/td>\n<\/tr>\n<tr class=\"woocommerce-product-attributes-item woocommerce-product-attributes-item--attribute_canales\">\n<th class=\"woocommerce-product-attributes-item__label\">Canales:<\/th>\n<td class=\"woocommerce-product-attributes-item__value\">10<\/td>\n<\/tr>\n<tr class=\"woocommerce-product-attributes-item woocommerce-product-attributes-item--attribute_entradas\">\n<th class=\"woocommerce-product-attributes-item__label\">Entradas:<\/th>\n<td class=\"woocommerce-product-attributes-item__value\">Hasta un m\u00e1ximo de 4 entradas de micro\/10 de l\u00ednea (4 mono + 3 est\u00e9reo)<\/td>\n<\/tr>\n<tr class=\"woocommerce-product-attributes-item woocommerce-product-attributes-item--attribute_salidas\">\n<th class=\"woocommerce-product-attributes-item__label\">Salidas:<\/th>\n<td class=\"woocommerce-product-attributes-item__value\">5<\/td>\n<\/tr>\n<tr class=\"woocommerce-product-attributes-item woocommerce-product-attributes-item--attribute_bus\">\n<th class=\"woocommerce-product-attributes-item__label\">Bus:<\/th>\n<td class=\"woocommerce-product-attributes-item__value\">1 bus est\u00e9reo<\/td>\n<\/tr>\n<tr class=\"woocommerce-product-attributes-item woocommerce-product-attributes-item--attribute_auxiliares\">\n<th class=\"woocommerce-product-attributes-item__label\">Auxiliares:<\/th>\n<td class=\"woocommerce-product-attributes-item__value\">1 env\u00edo AUX (incluyendo env\u00edo para efectos)<\/td>\n<\/tr>\n<tr class=\"woocommerce-product-attributes-item woocommerce-product-attributes-item--attribute_efectos\">\n<th class=\"woocommerce-product-attributes-item__label\">Efectos:<\/th>\n<td class=\"woocommerce-product-attributes-item__value\">Efectos de alta calidad: procesador SPX con 24 programas<\/td>\n<\/tr>\n<tr class=\"woocommerce-product-attributes-item woocommerce-product-attributes-item--attribute_digital-io\">\n<th class=\"woocommerce-product-attributes-item__label\">Digital I\/O<\/th>\n<td class=\"woocommerce-product-attributes-item__value\">Compatible con USB Audio Class 2.0, frecuencia de muestreo: m\u00e1x. 192 kHz, profundidad de bits: 24 bits<\/td>\n<\/tr>\n<tr class=\"woocommerce-product-attributes-item woocommerce-product-attributes-item--attribute_phantom-power\">\n<th class=\"woocommerce-product-attributes-item__label\">Phantom Power:<\/th>\n<td class=\"woocommerce-product-attributes-item__value\">48 + V<\/td>\n<\/tr>\n<\/tbody>\n<\/table>\n","protected":false},"excerpt":{"rendered":"<p>Colores: Negro Canales: 10 Entradas: Hasta un m\u00e1ximo de 4 entradas de micro\/10 de l\u00ednea (4 mono + 3 est\u00e9reo) Salidas: 5 Bus: 1 bus est\u00e9reo Auxiliares: 1 env\u00edo AUX (incluyendo env\u00edo para efectos) Efectos: Efectos de alta calidad: procesador SPX con 24 programas Digital I\/O Compatible con USB Audio Class 2.0, frecuencia de muestreo: [&hellip;]<\/p>\n","protected":false},"featured_media":5307,"comment_status":"open","ping_status":"closed","template":"","meta":{"site-sidebar-layout":"default","site-content-layout":"","ast-site-content-layout":"default","site-content-style":"default","site-sidebar-style":"default","ast-global-header-display":"","ast-banner-title-visibility":"","ast-main-header-display":"","ast-hfb-above-header-display":"","ast-hfb-below-header-display":"","ast-hfb-mobile-header-display":"","site-post-title":"","ast-breadcrumbs-content":"","ast-featured-img":"","footer-sml-layout":"","ast-disable-related-posts":"","theme-transparent-header-meta":"default","adv-header-id-meta":"","stick-header-meta":"","header-above-stick-meta":"","header-main-stick-meta":"","header-below-stick-meta":"","astra-migrate-meta-layouts":"set","ast-page-background-enabled":"default","ast-page-background-meta":{"desktop":{"background-color":"","background-image":"","background-repeat":"repeat","background-position":"center center","background-size":"auto","background-attachment":"scroll","background-type":"","background-media":"","overlay-type":"","overlay-color":"","overlay-opacity":"","overlay-gradient":""},"tablet":{"background-color":"","background-image":"","background-repeat":"repeat","background-position":"center center","background-size":"auto","background-attachment":"scroll","background-type":"","background-media":"","overlay-type":"","overlay-color":"","overlay-opacity":"","overlay-gradient":""},"mobile":{"background-color":"","background-image":"","background-repeat":"repeat","background-position":"center center","background-size":"auto","background-attachment":"scroll","background-type":"","background-media":"","overlay-type":"","overlay-color":"","overlay-opacity":"","overlay-gradient":""}},"ast-content-background-meta":{"desktop":{"background-color":"var(--ast-global-color-5)","background-image":"","background-repeat":"repeat","background-position":"center center","background-size":"auto","background-attachment":"scroll","background-type":"","background-media":"","overlay-type":"","overlay-color":"","overlay-opacity":"","overlay-gradient":""},"tablet":{"background-color":"var(--ast-global-color-5)","background-image":"","background-repeat":"repeat","background-position":"center center","background-size":"auto","background-attachment":"scroll","background-type":"","background-media":"","overlay-type":"","overlay-color":"","overlay-opacity":"","overlay-gradient":""},"mobile":{"background-color":"var(--ast-global-color-5)","background-image":"","background-repeat":"repeat","background-position":"center center","background-size":"auto","background-attachment":"scroll","background-type":"","background-media":"","overlay-type":"","overlay-color":"","overlay-opacity":"","overlay-gradient":""}},"jetpack_publicize_message":"","jetpack_publicize_feature_enabled":true,"jetpack_social_post_already_shared":false,"jetpack_social_options":{"image_generator_settings":{"template":"highway","default_image_id":0,"font":"","enabled":false},"version":2}},"pwb-brand":[179],"product_brand":[],"product_cat":[103],"product_tag":[],"class_list":{"0":"post-5306","1":"product","2":"type-product","3":"status-publish","4":"has-post-thumbnail","6":"pwb-brand-yamaha","7":"product_cat-consolas","8":"desktop-align-center","9":"tablet-align-left","10":"mobile-align-left","12":"first","13":"instock","14":"sold-individually","15":"taxable","16":"shipping-taxable","17":"purchasable","18":"product-type-simple"},"supplier_id":null,"supplier_sku":"","barcode":null,"atum_controlled":true,"out_stock_date":null,"out_stock_threshold":null,"inheritable":false,"inbound_stock":null,"stock_on_hold":0,"sold_today":0,"sales_last_days":0,"reserved_stock":null,"customer_returns":null,"warehouse_damage":null,"lost_in_post":null,"other_logs":null,"out_stock_days":0,"lost_sales":0,"has_location":false,"update_date":"2026-04-05T00:04:59","atum_locations":[],"atum_stock_status":"instock","restock_status":false,"low_stock_amount":"","sales_update_date":"2026-04-05T00:04:59","calc_backorders":null,"jetpack_publicize_connections":[],"jetpack_sharing_enabled":true,"brands":[{"id":179,"name":"YAMAHA","slug":"yamaha"}],"_links":{"self":[{"href":"https:\/\/www.surtistereo.com\/index.php?rest_route=\/wp\/v2\/product\/5306","targetHints":{"allow":["GET"]}}],"collection":[{"href":"https:\/\/www.surtistereo.com\/index.php?rest_route=\/wp\/v2\/product"}],"about":[{"href":"https:\/\/www.surtistereo.com\/index.php?rest_route=\/wp\/v2\/types\/product"}],"replies":[{"embeddable":true,"href":"https:\/\/www.surtistereo.com\/index.php?rest_route=%2Fwp%2Fv2%2Fcomments&post=5306"}],"version-history":[{"count":1,"href":"https:\/\/www.surtistereo.com\/index.php?rest_route=\/wp\/v2\/product\/5306\/revisions"}],"predecessor-version":[{"id":6181,"href":"https:\/\/www.surtistereo.com\/index.php?rest_route=\/wp\/v2\/product\/5306\/revisions\/6181"}],"wp:featuredmedia":[{"embeddable":true,"href":"https:\/\/www.surtistereo.com\/index.php?rest_route=\/wp\/v2\/media\/5307"}],"wp:attachment":[{"href":"https:\/\/www.surtistereo.com\/index.php?rest_route=%2Fwp%2Fv2%2Fmedia&parent=5306"}],"wp:term":[{"taxonomy":"pwb-brand","embeddable":true,"href":"https:\/\/www.surtistereo.com\/index.php?rest_route=%2Fwp%2Fv2%2Fpwb-brand&post=5306"},{"taxonomy":"product_brand","embeddable":true,"href":"https:\/\/www.surtistereo.com\/index.php?rest_route=%2Fwp%2Fv2%2Fproduct_brand&post=5306"},{"taxonomy":"product_cat","embeddable":true,"href":"https:\/\/www.surtistereo.com\/index.php?rest_route=%2Fwp%2Fv2%2Fproduct_cat&post=5306"},{"taxonomy":"product_tag","embeddable":true,"href":"https:\/\/www.surtistereo.com\/index.php?rest_route=%2Fwp%2Fv2%2Fproduct_tag&post=5306"}],"curies":[{"name":"wp","href":"https:\/\/api.w.org\/{rel}","templated":true}]}}