{"id":5304,"date":"2025-05-14T17:11:32","date_gmt":"2025-05-14T22:11:32","guid":{"rendered":"https:\/\/www.surtistereo.com\/?post_type=product&#038;p=5304"},"modified":"2025-10-16T11:22:21","modified_gmt":"2025-10-16T16:22:21","slug":"profx12-v3-mezclador-analogo-profesional-de-12-canales-con-usb-mackie","status":"publish","type":"product","link":"https:\/\/www.surtistereo.com\/?product=profx12-v3-mezclador-analogo-profesional-de-12-canales-con-usb-mackie","title":{"rendered":"PROFX12-V3 &#8211; MEZCLADOR ANALOGO PROFESIONAL DE 12 CANALES CON USB MACKIE"},"content":{"rendered":"<p>Mezclador Mackie Profx12V3 De 12 Canales, el mezclador de efectos profesionales Mackie ProFX12v3 de 12 canales con USB es la soluci\u00f3n asequible<\/p>\n<ul>\n<li>7 entradas de micr\u00f3fono con ecualizador de 3 bandas<\/li>\n<li>4 inserciones y 4 compresores de un solo potenciometro<\/li>\n<li>Los canales 5-10 tienen entradas de micr\u00f3fono y entradas de l\u00ednea est\u00e9reo<\/li>\n<li>1 entrada de l\u00ednea con jack est\u00e9reo de 3,5 mm<\/li>\n<li>Interfaz de audio USB integrada 2\u00d74 con resoluci\u00f3n de 24-bit\/192kHz<\/li>\n<li>Banco de efectos GigFX integrado con 24 efectos<\/li>\n<li>Filtro de corte de graves de 100 Hz<\/li>\n<li>2 interruptores Hi-Z<\/li>\n<li>Alimentaci\u00f3n fantasma de 48 V<\/li>\n<li>Conector para auriculares<\/li>\n<li>2 salidas AUX\/Monitor con env\u00edos dedicados por canal<\/li>\n<li>2 subgrupos est\u00e9reo con asignaci\u00f3n por canal<\/li>\n<li>Conector para footswitch<\/li>\n<\/ul>\n","protected":false},"excerpt":{"rendered":"<p>Mezclador Mackie Profx12V3 De 12 Canales, el mezclador de efectos profesionales Mackie ProFX12v3 de 12 canales con USB es la soluci\u00f3n asequible 7 entradas de micr\u00f3fono con ecualizador de 3 bandas 4 inserciones y 4 compresores de un solo potenciometro Los canales 5-10 tienen entradas de micr\u00f3fono y entradas de l\u00ednea est\u00e9reo 1 entrada de [&hellip;]<\/p>\n","protected":false},"featured_media":5305,"comment_status":"open","ping_status":"closed","template":"","meta":{"site-sidebar-layout":"default","site-content-layout":"","ast-site-content-layout":"default","site-content-style":"default","site-sidebar-style":"default","ast-global-header-display":"","ast-banner-title-visibility":"","ast-main-header-display":"","ast-hfb-above-header-display":"","ast-hfb-below-header-display":"","ast-hfb-mobile-header-display":"","site-post-title":"","ast-breadcrumbs-content":"","ast-featured-img":"","footer-sml-layout":"","ast-disable-related-posts":"","theme-transparent-header-meta":"default","adv-header-id-meta":"","stick-header-meta":"","header-above-stick-meta":"","header-main-stick-meta":"","header-below-stick-meta":"","astra-migrate-meta-layouts":"set","ast-page-background-enabled":"default","ast-page-background-meta":{"desktop":{"background-color":"","background-image":"","background-repeat":"repeat","background-position":"center center","background-size":"auto","background-attachment":"scroll","background-type":"","background-media":"","overlay-type":"","overlay-color":"","overlay-opacity":"","overlay-gradient":""},"tablet":{"background-color":"","background-image":"","background-repeat":"repeat","background-position":"center center","background-size":"auto","background-attachment":"scroll","background-type":"","background-media":"","overlay-type":"","overlay-color":"","overlay-opacity":"","overlay-gradient":""},"mobile":{"background-color":"","background-image":"","background-repeat":"repeat","background-position":"center center","background-size":"auto","background-attachment":"scroll","background-type":"","background-media":"","overlay-type":"","overlay-color":"","overlay-opacity":"","overlay-gradient":""}},"ast-content-background-meta":{"desktop":{"background-color":"var(--ast-global-color-5)","background-image":"","background-repeat":"repeat","background-position":"center center","background-size":"auto","background-attachment":"scroll","background-type":"","background-media":"","overlay-type":"","overlay-color":"","overlay-opacity":"","overlay-gradient":""},"tablet":{"background-color":"var(--ast-global-color-5)","background-image":"","background-repeat":"repeat","background-position":"center center","background-size":"auto","background-attachment":"scroll","background-type":"","background-media":"","overlay-type":"","overlay-color":"","overlay-opacity":"","overlay-gradient":""},"mobile":{"background-color":"var(--ast-global-color-5)","background-image":"","background-repeat":"repeat","background-position":"center center","background-size":"auto","background-attachment":"scroll","background-type":"","background-media":"","overlay-type":"","overlay-color":"","overlay-opacity":"","overlay-gradient":""}},"jetpack_publicize_message":"","jetpack_publicize_feature_enabled":true,"jetpack_social_post_already_shared":false,"jetpack_social_options":{"image_generator_settings":{"template":"highway","default_image_id":0,"font":"","enabled":false},"version":2}},"pwb-brand":[176],"product_brand":[],"product_cat":[103],"product_tag":[],"class_list":{"0":"post-5304","1":"product","2":"type-product","3":"status-publish","4":"has-post-thumbnail","6":"pwb-brand-mackie","7":"product_cat-consolas","8":"desktop-align-center","9":"tablet-align-left","10":"mobile-align-left","12":"first","13":"instock","14":"sold-individually","15":"taxable","16":"shipping-taxable","17":"purchasable","18":"product-type-simple"},"supplier_id":null,"supplier_sku":"","barcode":null,"atum_controlled":true,"out_stock_date":null,"out_stock_threshold":null,"inheritable":false,"inbound_stock":null,"stock_on_hold":0,"sold_today":0,"sales_last_days":0,"reserved_stock":null,"customer_returns":null,"warehouse_damage":null,"lost_in_post":null,"other_logs":null,"out_stock_days":0,"lost_sales":0,"has_location":false,"update_date":"2026-04-29T00:37:18","atum_locations":[],"atum_stock_status":"instock","restock_status":false,"low_stock_amount":"","sales_update_date":"2026-04-29T00:37:18","calc_backorders":null,"jetpack_publicize_connections":[],"jetpack_sharing_enabled":true,"brands":[{"id":176,"name":"MACKIE","slug":"mackie"}],"_links":{"self":[{"href":"https:\/\/www.surtistereo.com\/index.php?rest_route=\/wp\/v2\/product\/5304","targetHints":{"allow":["GET"]}}],"collection":[{"href":"https:\/\/www.surtistereo.com\/index.php?rest_route=\/wp\/v2\/product"}],"about":[{"href":"https:\/\/www.surtistereo.com\/index.php?rest_route=\/wp\/v2\/types\/product"}],"replies":[{"embeddable":true,"href":"https:\/\/www.surtistereo.com\/index.php?rest_route=%2Fwp%2Fv2%2Fcomments&post=5304"}],"version-history":[{"count":1,"href":"https:\/\/www.surtistereo.com\/index.php?rest_route=\/wp\/v2\/product\/5304\/revisions"}],"predecessor-version":[{"id":6140,"href":"https:\/\/www.surtistereo.com\/index.php?rest_route=\/wp\/v2\/product\/5304\/revisions\/6140"}],"wp:featuredmedia":[{"embeddable":true,"href":"https:\/\/www.surtistereo.com\/index.php?rest_route=\/wp\/v2\/media\/5305"}],"wp:attachment":[{"href":"https:\/\/www.surtistereo.com\/index.php?rest_route=%2Fwp%2Fv2%2Fmedia&parent=5304"}],"wp:term":[{"taxonomy":"pwb-brand","embeddable":true,"href":"https:\/\/www.surtistereo.com\/index.php?rest_route=%2Fwp%2Fv2%2Fpwb-brand&post=5304"},{"taxonomy":"product_brand","embeddable":true,"href":"https:\/\/www.surtistereo.com\/index.php?rest_route=%2Fwp%2Fv2%2Fproduct_brand&post=5304"},{"taxonomy":"product_cat","embeddable":true,"href":"https:\/\/www.surtistereo.com\/index.php?rest_route=%2Fwp%2Fv2%2Fproduct_cat&post=5304"},{"taxonomy":"product_tag","embeddable":true,"href":"https:\/\/www.surtistereo.com\/index.php?rest_route=%2Fwp%2Fv2%2Fproduct_tag&post=5304"}],"curies":[{"name":"wp","href":"https:\/\/api.w.org\/{rel}","templated":true}]}}