{"id":5262,"date":"2025-05-09T16:15:28","date_gmt":"2025-05-09T21:15:28","guid":{"rendered":"https:\/\/www.surtistereo.com\/?post_type=product&#038;p=5262"},"modified":"2025-12-02T09:50:56","modified_gmt":"2025-12-02T14:50:56","slug":"ui-24-mezclador-digital-soundcaft-24ch-control-digital","status":"publish","type":"product","link":"https:\/\/www.surtistereo.com\/?product=ui-24-mezclador-digital-soundcaft-24ch-control-digital","title":{"rendered":"UI-24 &#8211; MEZCLADOR DIGITAL SOUNDCAFT 24CH CONTROL DIGITAL"},"content":{"rendered":"<table class=\"woocommerce-product-attributes shop_attributes\">\n<tbody>\n<tr class=\"woocommerce-product-attributes-item woocommerce-product-attributes-item--attribute_canales\">\n<th class=\"woocommerce-product-attributes-item__label\">Canales:<\/th>\n<td class=\"woocommerce-product-attributes-item__value\">24<\/td>\n<\/tr>\n<tr class=\"woocommerce-product-attributes-item woocommerce-product-attributes-item--attribute_entradas\">\n<th class=\"woocommerce-product-attributes-item__label\">Entradas:<\/th>\n<td class=\"woocommerce-product-attributes-item__value\">24 entradas simult\u00e1neas (10 combo \u00bc\u201d TRS\/XLR, 10 XLR, 2 de nivel de l\u00ednea, 2 digitales)<\/td>\n<\/tr>\n<tr class=\"woocommerce-product-attributes-item woocommerce-product-attributes-item--attribute_salidas\">\n<th class=\"woocommerce-product-attributes-item__label\">Salidas:<\/th>\n<td class=\"woocommerce-product-attributes-item__value\">\u00abSalida de mezcla +20.5dBu m\u00e1x.<br \/>\nSalidas de auriculares 500 mW 1 salida utilizada\u00bb<\/td>\n<\/tr>\n<tr class=\"woocommerce-product-attributes-item woocommerce-product-attributes-item--attribute_grupos\">\n<th class=\"woocommerce-product-attributes-item__label\">Grupos:<\/th>\n<td class=\"woocommerce-product-attributes-item__value\">\u00abHay seis grupos de<br \/>\nMute disponibles que pueden asignarse a cualquier canal silenciable\u00bb<\/td>\n<\/tr>\n<tr class=\"woocommerce-product-attributes-item woocommerce-product-attributes-item--attribute_auxiliares\">\n<th class=\"woocommerce-product-attributes-item__label\">Auxiliares:<\/th>\n<td class=\"woocommerce-product-attributes-item__value\">\u00abAUX SENDS es donde se crean las mezclas auxiliares; pueden ser para salidas de monitor, para env\u00edos de efectos externos y<br \/>\nm\u00e1s. Tienen salidas dedicadas en el hardware Ui. Los faders auxiliares tienen l\u00edneas indicadoras de nivel naranja y<br \/>\ndetermine cu\u00e1nto de cada canal de entrada se contribuye al bus Aux. Ui24R tiene 8 buses auxiliares principales<br \/>\ndisponible. Puede ver todas las contribuciones auxiliares de un solo canal navegando a la p\u00e1gina EDITAR de ese canal y<br \/>\nseleccionando la pantalla\/pesta\u00f1a AUX SENDS.<br \/>\nSeleccione la pesta\u00f1a AUX que desea mezclar (AUX 1 a AUX 8), y luego ajuste los vol\u00famenes del canal (contribuciones de<br \/>\ncanales de entrada). El fader AUX SEND de la derecha (fader naranja) es el fader del canal Aux Master \u2013 el<br \/>\nvolumen de salida general para su mezcla AUX.<br \/>\nLos faders del canal Aux Master se pueden ver junto con el bot\u00f3n AUX MASTERS en la versi\u00f3n Tablet<br \/>\nPanel deslizable, o desde la opci\u00f3n SALTAR A en el panel deslizable del software del tel\u00e9fono. Tambi\u00e9n puede desplazarse hasta la<br \/>\nextremo derecho de los canales de la p\u00e1gina Mix. Los canales Aux Master se pueden renombrar y enlazar en est\u00e9reo (ver m\u00e1s abajo).<br \/>\nAUX EST\u00c9REO<br \/>\nLos canales de enlace est\u00e9reo son posibles tanto para los env\u00edos del canal de entrada como para los maestros auxiliares. Para vincular est\u00e9reo auxiliares,<br \/>\nuse el submen\u00fa del canal Aux Master (haga clic largo\/toque el nombre del canal).<br \/>\nVaya al men\u00fa emergente del canal (clic prolongado en el nombre del canal) para acceder a la funci\u00f3n Stereo Link. Cuando 2 entradas mono<br \/>\nlos canales est\u00e1n enlazados en est\u00e9reo en la p\u00e1gina MIX principal, esos canales tambi\u00e9n estar\u00e1n enlazados en est\u00e9reo en AUX SENDS<br \/>\np\u00e1gina. (2 canales panoramizados a izquierda y derecha con una l\u00ednea de enlace verde sobre la pantalla de dB).<br \/>\nFX EN AUX<br \/>\nEs posible enviar FX a su mezcla auxiliar. Despl\u00e1cese hasta el final de la lista de canales y ver\u00e1 FX RETURN<br \/>\nfaders. Al agregar el FX, est\u00e1 agregando una se\u00f1al de FX global de la mezcla principal.\u00bb<\/td>\n<\/tr>\n<tr class=\"woocommerce-product-attributes-item woocommerce-product-attributes-item--attribute_phantom-power\">\n<th class=\"woocommerce-product-attributes-item__label\">Phantom Power:<\/th>\n<td class=\"woocommerce-product-attributes-item__value\">48 V<\/td>\n<\/tr>\n<tr class=\"woocommerce-product-attributes-item woocommerce-product-attributes-item--attribute_convertidor-ad\">\n<th class=\"woocommerce-product-attributes-item__label\">Convertidor AD:<\/th>\n<td class=\"woocommerce-product-attributes-item__value\">No<\/td>\n<\/tr>\n<tr class=\"woocommerce-product-attributes-item woocommerce-product-attributes-item--attribute_convertidor-da\">\n<th class=\"woocommerce-product-attributes-item__label\">Convertidor DA:<\/th>\n<td class=\"woocommerce-product-attributes-item__value\">No<\/td>\n<\/tr>\n<tr class=\"woocommerce-product-attributes-item woocommerce-product-attributes-item--attribute_controles\">\n<th class=\"woocommerce-product-attributes-item__label\">Controles:<\/th>\n<td class=\"woocommerce-product-attributes-item__value\">\u00abEl panel frontal del Ui contiene todas las entradas y salidas de audio, adem\u00e1s de tres controles de nivel maestro. En un panel lateral se encuentra el conector de alimentaci\u00f3n y el conmutador de alimentaci\u00f3n. En el otro<br \/>\nse encuentra el bot\u00f3n RESET, el z\u00f3calo FOOTSWITCH, dos puertos USB y la conexi\u00f3n Ethernet (cable LAN).\u00bb<\/td>\n<\/tr>\n<tr class=\"woocommerce-product-attributes-item woocommerce-product-attributes-item--attribute_procesamiento-interno\">\n<th class=\"woocommerce-product-attributes-item__label\">Procesamiento Interno:<\/th>\n<td class=\"woocommerce-product-attributes-item__value\">El galardonado procesamiento de se\u00f1ales Harman de dbx\u00ae, Digitech\u00ae y Lexicon\u00ae<\/td>\n<\/tr>\n<tr class=\"woocommerce-product-attributes-item woocommerce-product-attributes-item--attribute_tasa-frecuencia-de-muestreo\">\n<th class=\"woocommerce-product-attributes-item__label\">Tasa frecuencia de Muestreo:<\/th>\n<td class=\"woocommerce-product-attributes-item__value\">20Hz-20kHz +\/- 0.5 dB<\/td>\n<\/tr>\n<\/tbody>\n<\/table>\n","protected":false},"excerpt":{"rendered":"<p>Canales: 24 Entradas: 24 entradas simult\u00e1neas (10 combo \u00bc\u201d TRS\/XLR, 10 XLR, 2 de nivel de l\u00ednea, 2 digitales) Salidas: \u00abSalida de mezcla +20.5dBu m\u00e1x. Salidas de auriculares 500 mW 1 salida utilizada\u00bb Grupos: \u00abHay seis grupos de Mute disponibles que pueden asignarse a cualquier canal silenciable\u00bb Auxiliares: \u00abAUX SENDS es donde se crean las [&hellip;]<\/p>\n","protected":false},"featured_media":5263,"comment_status":"open","ping_status":"closed","template":"","meta":{"site-sidebar-layout":"default","site-content-layout":"","ast-site-content-layout":"default","site-content-style":"default","site-sidebar-style":"default","ast-global-header-display":"","ast-banner-title-visibility":"","ast-main-header-display":"","ast-hfb-above-header-display":"","ast-hfb-below-header-display":"","ast-hfb-mobile-header-display":"","site-post-title":"","ast-breadcrumbs-content":"","ast-featured-img":"","footer-sml-layout":"","ast-disable-related-posts":"","theme-transparent-header-meta":"default","adv-header-id-meta":"","stick-header-meta":"","header-above-stick-meta":"","header-main-stick-meta":"","header-below-stick-meta":"","astra-migrate-meta-layouts":"set","ast-page-background-enabled":"default","ast-page-background-meta":{"desktop":{"background-color":"","background-image":"","background-repeat":"repeat","background-position":"center center","background-size":"auto","background-attachment":"scroll","background-type":"","background-media":"","overlay-type":"","overlay-color":"","overlay-opacity":"","overlay-gradient":""},"tablet":{"background-color":"","background-image":"","background-repeat":"repeat","background-position":"center center","background-size":"auto","background-attachment":"scroll","background-type":"","background-media":"","overlay-type":"","overlay-color":"","overlay-opacity":"","overlay-gradient":""},"mobile":{"background-color":"","background-image":"","background-repeat":"repeat","background-position":"center center","background-size":"auto","background-attachment":"scroll","background-type":"","background-media":"","overlay-type":"","overlay-color":"","overlay-opacity":"","overlay-gradient":""}},"ast-content-background-meta":{"desktop":{"background-color":"var(--ast-global-color-5)","background-image":"","background-repeat":"repeat","background-position":"center center","background-size":"auto","background-attachment":"scroll","background-type":"","background-media":"","overlay-type":"","overlay-color":"","overlay-opacity":"","overlay-gradient":""},"tablet":{"background-color":"var(--ast-global-color-5)","background-image":"","background-repeat":"repeat","background-position":"center center","background-size":"auto","background-attachment":"scroll","background-type":"","background-media":"","overlay-type":"","overlay-color":"","overlay-opacity":"","overlay-gradient":""},"mobile":{"background-color":"var(--ast-global-color-5)","background-image":"","background-repeat":"repeat","background-position":"center center","background-size":"auto","background-attachment":"scroll","background-type":"","background-media":"","overlay-type":"","overlay-color":"","overlay-opacity":"","overlay-gradient":""}},"jetpack_publicize_message":"","jetpack_publicize_feature_enabled":true,"jetpack_social_post_already_shared":false,"jetpack_social_options":{"image_generator_settings":{"template":"highway","default_image_id":0,"font":"","enabled":false},"version":2}},"pwb-brand":[],"product_brand":[],"product_cat":[123],"product_tag":[],"class_list":{"0":"post-5262","1":"product","2":"type-product","3":"status-publish","4":"has-post-thumbnail","6":"product_cat-consolas-digitales","7":"desktop-align-center","8":"tablet-align-left","9":"mobile-align-left","11":"first","12":"instock","13":"sold-individually","14":"taxable","15":"shipping-taxable","16":"purchasable","17":"product-type-simple"},"supplier_id":null,"supplier_sku":"","barcode":null,"atum_controlled":true,"out_stock_date":null,"out_stock_threshold":null,"inheritable":false,"inbound_stock":null,"stock_on_hold":0,"sold_today":0,"sales_last_days":0,"reserved_stock":null,"customer_returns":null,"warehouse_damage":null,"lost_in_post":null,"other_logs":null,"out_stock_days":0,"lost_sales":0,"has_location":false,"update_date":"2026-05-01T00:40:13","atum_locations":[],"atum_stock_status":"instock","restock_status":false,"low_stock_amount":"","sales_update_date":"2026-05-01T00:40:13","calc_backorders":null,"jetpack_publicize_connections":[],"jetpack_sharing_enabled":true,"brands":[],"_links":{"self":[{"href":"https:\/\/www.surtistereo.com\/index.php?rest_route=\/wp\/v2\/product\/5262","targetHints":{"allow":["GET"]}}],"collection":[{"href":"https:\/\/www.surtistereo.com\/index.php?rest_route=\/wp\/v2\/product"}],"about":[{"href":"https:\/\/www.surtistereo.com\/index.php?rest_route=\/wp\/v2\/types\/product"}],"replies":[{"embeddable":true,"href":"https:\/\/www.surtistereo.com\/index.php?rest_route=%2Fwp%2Fv2%2Fcomments&post=5262"}],"version-history":[{"count":1,"href":"https:\/\/www.surtistereo.com\/index.php?rest_route=\/wp\/v2\/product\/5262\/revisions"}],"predecessor-version":[{"id":6702,"href":"https:\/\/www.surtistereo.com\/index.php?rest_route=\/wp\/v2\/product\/5262\/revisions\/6702"}],"wp:featuredmedia":[{"embeddable":true,"href":"https:\/\/www.surtistereo.com\/index.php?rest_route=\/wp\/v2\/media\/5263"}],"wp:attachment":[{"href":"https:\/\/www.surtistereo.com\/index.php?rest_route=%2Fwp%2Fv2%2Fmedia&parent=5262"}],"wp:term":[{"taxonomy":"pwb-brand","embeddable":true,"href":"https:\/\/www.surtistereo.com\/index.php?rest_route=%2Fwp%2Fv2%2Fpwb-brand&post=5262"},{"taxonomy":"product_brand","embeddable":true,"href":"https:\/\/www.surtistereo.com\/index.php?rest_route=%2Fwp%2Fv2%2Fproduct_brand&post=5262"},{"taxonomy":"product_cat","embeddable":true,"href":"https:\/\/www.surtistereo.com\/index.php?rest_route=%2Fwp%2Fv2%2Fproduct_cat&post=5262"},{"taxonomy":"product_tag","embeddable":true,"href":"https:\/\/www.surtistereo.com\/index.php?rest_route=%2Fwp%2Fv2%2Fproduct_tag&post=5262"}],"curies":[{"name":"wp","href":"https:\/\/api.w.org\/{rel}","templated":true}]}}