{"id":5256,"date":"2025-05-09T16:04:47","date_gmt":"2025-05-09T21:04:47","guid":{"rendered":"https:\/\/www.surtistereo.com\/?post_type=product&#038;p=5256"},"modified":"2025-08-01T11:23:30","modified_gmt":"2025-08-01T16:23:30","slug":"ui-12-mezclador-digital-soundcraft-12ch-control-inalambrico","status":"publish","type":"product","link":"https:\/\/www.surtistereo.com\/?product=ui-12-mezclador-digital-soundcraft-12ch-control-inalambrico","title":{"rendered":"UI-12 &#8211; MEZCLADOR DIGITAL SOUNDCRAFT 12CH CONTROL INALAMBRICO"},"content":{"rendered":"<table class=\"woocommerce-product-attributes shop_attributes\">\n<tbody>\n<tr class=\"woocommerce-product-attributes-item woocommerce-product-attributes-item--attribute_canales\">\n<th class=\"woocommerce-product-attributes-item__label\">Canales:<\/th>\n<td class=\"woocommerce-product-attributes-item__value\">12<\/td>\n<\/tr>\n<tr class=\"woocommerce-product-attributes-item woocommerce-product-attributes-item--attribute_entradas\">\n<th class=\"woocommerce-product-attributes-item__label\">Entradas:<\/th>\n<td class=\"woocommerce-product-attributes-item__value\">Cuatro entradas combinadas de micr\u00f3fono\/l\u00ednea XLR, cuatro entradas de micr\u00f3fono XLR, dos canales de entradas Hi-Z\/instrumento, as\u00ed como una entrada de l\u00ednea RCA est\u00e9reo<\/td>\n<\/tr>\n<tr class=\"woocommerce-product-attributes-item woocommerce-product-attributes-item--attribute_salidas\">\n<th class=\"woocommerce-product-attributes-item__label\">Salidas:<\/th>\n<td class=\"woocommerce-product-attributes-item__value\">Dos salidas auxiliares XLR balanceadas, dos salidas de auriculares de un cuarto de pulgada con control de nivel, adem\u00e1s de XLR est\u00e9reo balanceado y salidas principales de un cuarto de pulgada.<\/td>\n<\/tr>\n<tr class=\"woocommerce-product-attributes-item woocommerce-product-attributes-item--attribute_grupos\">\n<th class=\"woocommerce-product-attributes-item__label\">Grupos:<\/th>\n<td class=\"woocommerce-product-attributes-item__value\">\u00abHay seis grupos de<br \/>\nMute disponibles que pueden asignarse a cualquier canal silenciable\u00bb<\/td>\n<\/tr>\n<tr class=\"woocommerce-product-attributes-item woocommerce-product-attributes-item--attribute_auxiliares\">\n<th class=\"woocommerce-product-attributes-item__label\">Auxiliares:<\/th>\n<td class=\"woocommerce-product-attributes-item__value\">Cuatro buses AUX disponibles<\/td>\n<\/tr>\n<tr class=\"woocommerce-product-attributes-item woocommerce-product-attributes-item--attribute_phantom-power\">\n<th class=\"woocommerce-product-attributes-item__label\">Phantom Power:<\/th>\n<td class=\"woocommerce-product-attributes-item__value\">No<\/td>\n<\/tr>\n<tr class=\"woocommerce-product-attributes-item woocommerce-product-attributes-item--attribute_convertidor-ad\">\n<th class=\"woocommerce-product-attributes-item__label\">Convertidor AD:<\/th>\n<td class=\"woocommerce-product-attributes-item__value\">No<\/td>\n<\/tr>\n<tr class=\"woocommerce-product-attributes-item woocommerce-product-attributes-item--attribute_convertidor-da\">\n<th class=\"woocommerce-product-attributes-item__label\">Convertidor DA:<\/th>\n<td class=\"woocommerce-product-attributes-item__value\">No<\/td>\n<\/tr>\n<tr class=\"woocommerce-product-attributes-item woocommerce-product-attributes-item--attribute_controles\">\n<th class=\"woocommerce-product-attributes-item__label\">Controles:<\/th>\n<td class=\"woocommerce-product-attributes-item__value\">\u00abEl panel frontal del Ui contiene todas las entradas y salidas de audio, adem\u00e1s de tres controles de nivel maestro. En un panel lateral se encuentra el conector de alimentaci\u00f3n y el conmutador de alimentaci\u00f3n. En el otro<br \/>\nse encuentra el bot\u00f3n RESET, el z\u00f3calo FOOTSWITCH, dos puertos USB y la conexi\u00f3n Ethernet (cable LAN).\u00bb<\/td>\n<\/tr>\n<tr class=\"woocommerce-product-attributes-item woocommerce-product-attributes-item--attribute_procesamiento-interno\">\n<th class=\"woocommerce-product-attributes-item__label\">Procesamiento Interno:<\/th>\n<td class=\"woocommerce-product-attributes-item__value\">El galardonado procesamiento de se\u00f1ales Harman de dbx\u00ae, Digitech\u00ae y Lexicon\u00ae<\/td>\n<\/tr>\n<tr class=\"woocommerce-product-attributes-item woocommerce-product-attributes-item--attribute_tasa-frecuencia-de-muestreo\">\n<th class=\"woocommerce-product-attributes-item__label\">Tasa frecuencia de Muestreo:<\/th>\n<td class=\"woocommerce-product-attributes-item__value\">\u00ab32 bits, 24 bits, 16 bits \/ De-Esser<br \/>\nUmbral: \u201390dB a 6dB<br \/>\nRatio: \u221e a 1:1<br \/>\nFrecuencia: 2kHz a 15kHz\u00bb<\/td>\n<\/tr>\n<\/tbody>\n<\/table>\n","protected":false},"excerpt":{"rendered":"<p>Canales: 12 Entradas: Cuatro entradas combinadas de micr\u00f3fono\/l\u00ednea XLR, cuatro entradas de micr\u00f3fono XLR, dos canales de entradas Hi-Z\/instrumento, as\u00ed como una entrada de l\u00ednea RCA est\u00e9reo Salidas: Dos salidas auxiliares XLR balanceadas, dos salidas de auriculares de un cuarto de pulgada con control de nivel, adem\u00e1s de XLR est\u00e9reo balanceado y salidas principales de [&hellip;]<\/p>\n","protected":false},"featured_media":5258,"comment_status":"open","ping_status":"closed","template":"","meta":{"site-sidebar-layout":"default","site-content-layout":"","ast-site-content-layout":"default","site-content-style":"default","site-sidebar-style":"default","ast-global-header-display":"","ast-banner-title-visibility":"","ast-main-header-display":"","ast-hfb-above-header-display":"","ast-hfb-below-header-display":"","ast-hfb-mobile-header-display":"","site-post-title":"","ast-breadcrumbs-content":"","ast-featured-img":"","footer-sml-layout":"","ast-disable-related-posts":"","theme-transparent-header-meta":"default","adv-header-id-meta":"","stick-header-meta":"","header-above-stick-meta":"","header-main-stick-meta":"","header-below-stick-meta":"","astra-migrate-meta-layouts":"set","ast-page-background-enabled":"default","ast-page-background-meta":{"desktop":{"background-color":"","background-image":"","background-repeat":"repeat","background-position":"center center","background-size":"auto","background-attachment":"scroll","background-type":"","background-media":"","overlay-type":"","overlay-color":"","overlay-opacity":"","overlay-gradient":""},"tablet":{"background-color":"","background-image":"","background-repeat":"repeat","background-position":"center center","background-size":"auto","background-attachment":"scroll","background-type":"","background-media":"","overlay-type":"","overlay-color":"","overlay-opacity":"","overlay-gradient":""},"mobile":{"background-color":"","background-image":"","background-repeat":"repeat","background-position":"center center","background-size":"auto","background-attachment":"scroll","background-type":"","background-media":"","overlay-type":"","overlay-color":"","overlay-opacity":"","overlay-gradient":""}},"ast-content-background-meta":{"desktop":{"background-color":"var(--ast-global-color-5)","background-image":"","background-repeat":"repeat","background-position":"center center","background-size":"auto","background-attachment":"scroll","background-type":"","background-media":"","overlay-type":"","overlay-color":"","overlay-opacity":"","overlay-gradient":""},"tablet":{"background-color":"var(--ast-global-color-5)","background-image":"","background-repeat":"repeat","background-position":"center center","background-size":"auto","background-attachment":"scroll","background-type":"","background-media":"","overlay-type":"","overlay-color":"","overlay-opacity":"","overlay-gradient":""},"mobile":{"background-color":"var(--ast-global-color-5)","background-image":"","background-repeat":"repeat","background-position":"center center","background-size":"auto","background-attachment":"scroll","background-type":"","background-media":"","overlay-type":"","overlay-color":"","overlay-opacity":"","overlay-gradient":""}},"jetpack_publicize_message":"","jetpack_publicize_feature_enabled":true,"jetpack_social_post_already_shared":false,"jetpack_social_options":{"image_generator_settings":{"template":"highway","default_image_id":0,"font":"","enabled":false},"version":2}},"pwb-brand":[],"product_brand":[],"product_cat":[123],"product_tag":[],"class_list":{"0":"post-5256","1":"product","2":"type-product","3":"status-publish","4":"has-post-thumbnail","6":"product_cat-consolas-digitales","7":"desktop-align-center","8":"tablet-align-left","9":"mobile-align-left","11":"first","12":"instock","13":"sold-individually","14":"taxable","15":"shipping-taxable","16":"purchasable","17":"product-type-simple"},"supplier_id":null,"supplier_sku":"","barcode":null,"atum_controlled":true,"out_stock_date":null,"out_stock_threshold":null,"inheritable":false,"inbound_stock":null,"stock_on_hold":0,"sold_today":0,"sales_last_days":0,"reserved_stock":null,"customer_returns":null,"warehouse_damage":null,"lost_in_post":null,"other_logs":null,"out_stock_days":0,"lost_sales":0,"has_location":false,"update_date":"2026-05-01T00:40:13","atum_locations":[],"atum_stock_status":"instock","restock_status":false,"low_stock_amount":"","sales_update_date":"2026-05-01T00:40:13","calc_backorders":null,"jetpack_publicize_connections":[],"jetpack_sharing_enabled":true,"brands":[],"_links":{"self":[{"href":"https:\/\/www.surtistereo.com\/index.php?rest_route=\/wp\/v2\/product\/5256","targetHints":{"allow":["GET"]}}],"collection":[{"href":"https:\/\/www.surtistereo.com\/index.php?rest_route=\/wp\/v2\/product"}],"about":[{"href":"https:\/\/www.surtistereo.com\/index.php?rest_route=\/wp\/v2\/types\/product"}],"replies":[{"embeddable":true,"href":"https:\/\/www.surtistereo.com\/index.php?rest_route=%2Fwp%2Fv2%2Fcomments&post=5256"}],"version-history":[{"count":0,"href":"https:\/\/www.surtistereo.com\/index.php?rest_route=\/wp\/v2\/product\/5256\/revisions"}],"wp:featuredmedia":[{"embeddable":true,"href":"https:\/\/www.surtistereo.com\/index.php?rest_route=\/wp\/v2\/media\/5258"}],"wp:attachment":[{"href":"https:\/\/www.surtistereo.com\/index.php?rest_route=%2Fwp%2Fv2%2Fmedia&parent=5256"}],"wp:term":[{"taxonomy":"pwb-brand","embeddable":true,"href":"https:\/\/www.surtistereo.com\/index.php?rest_route=%2Fwp%2Fv2%2Fpwb-brand&post=5256"},{"taxonomy":"product_brand","embeddable":true,"href":"https:\/\/www.surtistereo.com\/index.php?rest_route=%2Fwp%2Fv2%2Fproduct_brand&post=5256"},{"taxonomy":"product_cat","embeddable":true,"href":"https:\/\/www.surtistereo.com\/index.php?rest_route=%2Fwp%2Fv2%2Fproduct_cat&post=5256"},{"taxonomy":"product_tag","embeddable":true,"href":"https:\/\/www.surtistereo.com\/index.php?rest_route=%2Fwp%2Fv2%2Fproduct_tag&post=5256"}],"curies":[{"name":"wp","href":"https:\/\/api.w.org\/{rel}","templated":true}]}}