{"id":5236,"date":"2025-05-08T11:49:49","date_gmt":"2025-05-08T16:49:49","guid":{"rendered":"https:\/\/www.surtistereo.com\/?post_type=product&#038;p=5236"},"modified":"2026-02-24T10:10:31","modified_gmt":"2026-02-24T15:10:31","slug":"zlx-8p-g2-cabina-activa-8-1000w-electro-voice","status":"publish","type":"product","link":"https:\/\/www.surtistereo.com\/?product=zlx-8p-g2-cabina-activa-8-1000w-electro-voice","title":{"rendered":"ZLX-8P-G2 &#8211; CABINA ACTIVA 8&#8243;  1000W ELECTRO-VOICE"},"content":{"rendered":"<p>Disponible en tama\u00f1os de 15, 12 y 8 pulgadas, el altavoz ZLX mejorado ofrece mejor fidelidad de audio que nunca, gracias a los transductores sincronizados de se\u00f1al patentados. Adem\u00e1s, las versiones motorizadas cuentan con un mezclador de 4 canales actualizado, 30 nuevos efectos preestablecidos, un nuevo motor DSP, control Bluetooth y alimentaci\u00f3n fantasma. Finalmente, el ZLX G2 viene exactamente con la misma rejilla que la generaci\u00f3n anterior, por lo que puedes agregar m\u00e1s parlantes a tu configuraci\u00f3n sin sacrificar la continuidad visual. Todo ello se suma a un altavoz con todas las funciones optimizadas para los artistas que necesitan aprovechar al m\u00e1ximo su sonido.<br \/>\n<strong>Caracter\u00edsticas del Altavoz Profesional<\/strong><\/p>\n<ul>\n<li><strong>Desarrollado:<\/strong>\u00a0S\u00ed<\/li>\n<li><strong>Tama\u00f1o del controlador LF:<\/strong>\u00a0Woofer de 8\u2033<\/li>\n<li><strong>Tama\u00f1o del controlador HF:<\/strong>\u00a0Controlador de compresi\u00f3n de titanio de 1,4\u2033<\/li>\n<li><strong>Potencia total:<\/strong>\u00a01000W<\/li>\n<li><strong>Entradas:<\/strong>\u00a02 x Combo XLR-TSR, 1 x 1\/4\u2033 TS<\/li>\n<li><strong>Salidas:<\/strong>\u00a01 x XLR<\/li>\n<li><strong>Rango de frecuencia:<\/strong>\u00a050 Hz \u2013 20 kHz (-10 dB)<\/li>\n<li><strong>SPL m\u00e1ximo:<\/strong>\u00a0126 dB SPL a 1 m<\/li>\n<li><strong>\u00c1ngulo de cobertura horizontal:<\/strong>\u00a090\u00b0<\/li>\n<li><strong>\u00c1ngulo de cobertura vertical:<\/strong>\u00a060\u00b0<\/li>\n<li><strong>Opciones de montaje:<\/strong>\u00a0Poste, piso<\/li>\n<\/ul>\n","protected":false},"excerpt":{"rendered":"<p>Disponible en tama\u00f1os de 15, 12 y 8 pulgadas, el altavoz ZLX mejorado ofrece mejor fidelidad de audio que nunca, gracias a los transductores sincronizados de se\u00f1al patentados. Adem\u00e1s, las versiones motorizadas cuentan con un mezclador de 4 canales actualizado, 30 nuevos efectos preestablecidos, un nuevo motor DSP, control Bluetooth y alimentaci\u00f3n fantasma. Finalmente, el [&hellip;]<\/p>\n","protected":false},"featured_media":5237,"comment_status":"open","ping_status":"closed","template":"","meta":{"site-sidebar-layout":"default","site-content-layout":"","ast-site-content-layout":"default","site-content-style":"default","site-sidebar-style":"default","ast-global-header-display":"","ast-banner-title-visibility":"","ast-main-header-display":"","ast-hfb-above-header-display":"","ast-hfb-below-header-display":"","ast-hfb-mobile-header-display":"","site-post-title":"","ast-breadcrumbs-content":"","ast-featured-img":"","footer-sml-layout":"","ast-disable-related-posts":"","theme-transparent-header-meta":"default","adv-header-id-meta":"","stick-header-meta":"","header-above-stick-meta":"","header-main-stick-meta":"","header-below-stick-meta":"","astra-migrate-meta-layouts":"set","ast-page-background-enabled":"default","ast-page-background-meta":{"desktop":{"background-color":"","background-image":"","background-repeat":"repeat","background-position":"center center","background-size":"auto","background-attachment":"scroll","background-type":"","background-media":"","overlay-type":"","overlay-color":"","overlay-opacity":"","overlay-gradient":""},"tablet":{"background-color":"","background-image":"","background-repeat":"repeat","background-position":"center center","background-size":"auto","background-attachment":"scroll","background-type":"","background-media":"","overlay-type":"","overlay-color":"","overlay-opacity":"","overlay-gradient":""},"mobile":{"background-color":"","background-image":"","background-repeat":"repeat","background-position":"center center","background-size":"auto","background-attachment":"scroll","background-type":"","background-media":"","overlay-type":"","overlay-color":"","overlay-opacity":"","overlay-gradient":""}},"ast-content-background-meta":{"desktop":{"background-color":"var(--ast-global-color-5)","background-image":"","background-repeat":"repeat","background-position":"center center","background-size":"auto","background-attachment":"scroll","background-type":"","background-media":"","overlay-type":"","overlay-color":"","overlay-opacity":"","overlay-gradient":""},"tablet":{"background-color":"var(--ast-global-color-5)","background-image":"","background-repeat":"repeat","background-position":"center center","background-size":"auto","background-attachment":"scroll","background-type":"","background-media":"","overlay-type":"","overlay-color":"","overlay-opacity":"","overlay-gradient":""},"mobile":{"background-color":"var(--ast-global-color-5)","background-image":"","background-repeat":"repeat","background-position":"center center","background-size":"auto","background-attachment":"scroll","background-type":"","background-media":"","overlay-type":"","overlay-color":"","overlay-opacity":"","overlay-gradient":""}},"jetpack_publicize_message":"","jetpack_publicize_feature_enabled":true,"jetpack_social_post_already_shared":false,"jetpack_social_options":{"image_generator_settings":{"template":"highway","default_image_id":0,"font":"","enabled":false},"version":2}},"pwb-brand":[],"product_brand":[],"product_cat":[118],"product_tag":[],"class_list":{"0":"post-5236","1":"product","2":"type-product","3":"status-publish","4":"has-post-thumbnail","6":"product_cat-sistemas-de-audio","7":"desktop-align-center","8":"tablet-align-left","9":"mobile-align-left","11":"first","12":"instock","13":"sold-individually","14":"taxable","15":"shipping-taxable","16":"purchasable","17":"product-type-simple"},"supplier_id":null,"supplier_sku":"","barcode":null,"atum_controlled":true,"out_stock_date":null,"out_stock_threshold":null,"inheritable":false,"inbound_stock":null,"stock_on_hold":0,"sold_today":0,"sales_last_days":0,"reserved_stock":null,"customer_returns":null,"warehouse_damage":null,"lost_in_post":null,"other_logs":null,"out_stock_days":0,"lost_sales":0,"has_location":false,"update_date":"2026-05-02T00:40:18","atum_locations":[],"atum_stock_status":"instock","restock_status":false,"low_stock_amount":"","sales_update_date":"2026-05-02T00:40:18","calc_backorders":null,"jetpack_publicize_connections":[],"jetpack_sharing_enabled":true,"brands":[],"_links":{"self":[{"href":"https:\/\/www.surtistereo.com\/index.php?rest_route=\/wp\/v2\/product\/5236","targetHints":{"allow":["GET"]}}],"collection":[{"href":"https:\/\/www.surtistereo.com\/index.php?rest_route=\/wp\/v2\/product"}],"about":[{"href":"https:\/\/www.surtistereo.com\/index.php?rest_route=\/wp\/v2\/types\/product"}],"replies":[{"embeddable":true,"href":"https:\/\/www.surtistereo.com\/index.php?rest_route=%2Fwp%2Fv2%2Fcomments&post=5236"}],"version-history":[{"count":1,"href":"https:\/\/www.surtistereo.com\/index.php?rest_route=\/wp\/v2\/product\/5236\/revisions"}],"predecessor-version":[{"id":6786,"href":"https:\/\/www.surtistereo.com\/index.php?rest_route=\/wp\/v2\/product\/5236\/revisions\/6786"}],"wp:featuredmedia":[{"embeddable":true,"href":"https:\/\/www.surtistereo.com\/index.php?rest_route=\/wp\/v2\/media\/5237"}],"wp:attachment":[{"href":"https:\/\/www.surtistereo.com\/index.php?rest_route=%2Fwp%2Fv2%2Fmedia&parent=5236"}],"wp:term":[{"taxonomy":"pwb-brand","embeddable":true,"href":"https:\/\/www.surtistereo.com\/index.php?rest_route=%2Fwp%2Fv2%2Fpwb-brand&post=5236"},{"taxonomy":"product_brand","embeddable":true,"href":"https:\/\/www.surtistereo.com\/index.php?rest_route=%2Fwp%2Fv2%2Fproduct_brand&post=5236"},{"taxonomy":"product_cat","embeddable":true,"href":"https:\/\/www.surtistereo.com\/index.php?rest_route=%2Fwp%2Fv2%2Fproduct_cat&post=5236"},{"taxonomy":"product_tag","embeddable":true,"href":"https:\/\/www.surtistereo.com\/index.php?rest_route=%2Fwp%2Fv2%2Fproduct_tag&post=5236"}],"curies":[{"name":"wp","href":"https:\/\/api.w.org\/{rel}","templated":true}]}}