{"id":5229,"date":"2025-05-08T11:31:13","date_gmt":"2025-05-08T16:31:13","guid":{"rendered":"https:\/\/www.surtistereo.com\/?post_type=product&#038;p=5229"},"modified":"2025-06-05T17:20:50","modified_gmt":"2025-06-05T22:20:50","slug":"zlx-15p-g2-cabina-activa-15-1000-w-ev","status":"publish","type":"product","link":"https:\/\/www.surtistereo.com\/?product=zlx-15p-g2-cabina-activa-15-1000-w-ev","title":{"rendered":"ZLX-15P-G2  &#8211;  CABINA ACTIVA 15&#8243; 1000 W EV"},"content":{"rendered":"<p>La pr\u00f3xima generaci\u00f3n del altavoz de audio profesional n\u00famero uno del mundo: con m\u00e1s de un mill\u00f3n de unidades entregadas, los usuarios satisfechos de todo el mundo posicionaron la serie ZLX original como el est\u00e1ndar de la industria para brindar un rendimiento profesional real a un precio accesible.<\/p>\n<p>Un paso adelante: ZLX G2 se basa en la f\u00f3rmula ganadora de su predecesor con mayor salida, rango de frecuencia, durabilidad y conectividad, junto con nuevas caracter\u00edsticas que incluyen control remoto\/mezcla y transmisi\u00f3n est\u00e9reo.<\/p>\n<p>Refinado pensando en los usuarios clave: mientras mantiene el amplio atractivo del ZLX con un dise\u00f1o superport\u00e1til, ergon\u00f3micamente optimizado y un conjunto de funciones de primer nivel, el ZLX G2 ofrece mejoras para grupos de usuarios espec\u00edficos: DJ, m\u00fasicos, empresas de alquiler, fitness\/actividad. instructores y m\u00e1s.<\/p>\n<p><strong>Caracter\u00edsticas<\/strong><\/p>\n<ul>\n<li>Altavoz autoamplificado de 1000 vatios con la versatilidad para manejar cualquier aplicaci\u00f3n<\/li>\n<li>El woofer de 15 pulgadas emite graves robustos<\/li>\n<li>El controlador de compresi\u00f3n de 1,4 pulgadas ofrece agudos brillantes<\/li>\n<li>Los transductores sincronizados de se\u00f1al patentados aumentan la fidelidad y mejoran la dispersi\u00f3n ac\u00fastica<\/li>\n<li>El mezclador digital de 4 canales y los efectos integrados te ayudan a refinar tu sonido<\/li>\n<li>El DSP integrado pule tu sonido a la perfecci\u00f3n<\/li>\n<li>La aplicaci\u00f3n QuickSmart Mobile monitorea y controla el rendimiento de los altavoces<\/li>\n<li>La funci\u00f3n True Wireless Stereo le permite transmitir m\u00fasica en est\u00e9reo a trav\u00e9s de Bluetooth (los parlantes adicionales se venden por separado)<\/li>\n<li>3 opciones de posicionamiento hacen que el altavoz sea a\u00fan m\u00e1s vers\u00e1til<\/li>\n<\/ul>\n<p><strong>Electro Voice ZLX 15P G2<\/strong><\/p>\n<ul>\n<li>Altavoz activo de 15\u00bb y 2 v\u00edas con Bluetooth ;<\/li>\n<li>Mezclador digital de 4 canales integrado con efectos ;<\/li>\n<li>Equipado con: Woofer de 15\u00ab y driver de compresi\u00f3n de 1,4\u00bb ;<\/li>\n<li>Potencia pico 1000 W ;<\/li>\n<li>SPL m\u00e1ximo: 129 dB ;<\/li>\n<li>Rango de frecuencias 42 &#8211; 20.000 Hz ;<\/li>\n<li>EQ, compresor, ducker, eliminador de realimentaci\u00f3n ;<\/li>\n<li>DSP Quicksmart ;<\/li>\n<li>Pantalla LC con un solo mando ;<\/li>\n<li>\u00c1ngulo del monitor: 55\u00b0 y 23\u00b0 ;<\/li>\n<li>Patr\u00f3n de dispersi\u00f3n (H x V): 90\u00b0 x 60\u00b0 ;<\/li>\n<li>3 asas de transporte ;<\/li>\n<li>Alimentaci\u00f3n phantom conmutable ;<\/li>\n<li>Brida de soporte de 35 mm ;<\/li>\n<li>Entradas: 2 x XLR\/TRS combo jack, 1 x Hi-Z 6,3 mm jack ;<\/li>\n<li>Salida de mezcla: XLR ;<\/li>\n<li>F\u00e1cil manejo con la aplicaci\u00f3n m\u00f3vil QuickSmart y la intuitiva interfaz de usuario de Electro-Voice ;<\/li>\n<li>Verdadera conexi\u00f3n est\u00e9reo inal\u00e1mbrica entre dos altavoces Everse ;<\/li>\n<li>Dimensiones (An x Al x P): 423 x 698 x 383 mm ;<\/li>\n<li>Peso: 17 kg ;<\/li>\n<li>Color: Negro ;<\/li>\n<\/ul>\n","protected":false},"excerpt":{"rendered":"<p>La pr\u00f3xima generaci\u00f3n del altavoz de audio profesional n\u00famero uno del mundo: con m\u00e1s de un mill\u00f3n de unidades entregadas, los usuarios satisfechos de todo el mundo posicionaron la serie ZLX original como el est\u00e1ndar de la industria para brindar un rendimiento profesional real a un precio accesible. Un paso adelante: ZLX G2 se basa [&hellip;]<\/p>\n","protected":false},"featured_media":5230,"comment_status":"open","ping_status":"closed","template":"","meta":{"site-sidebar-layout":"default","site-content-layout":"","ast-site-content-layout":"default","site-content-style":"default","site-sidebar-style":"default","ast-global-header-display":"","ast-banner-title-visibility":"","ast-main-header-display":"","ast-hfb-above-header-display":"","ast-hfb-below-header-display":"","ast-hfb-mobile-header-display":"","site-post-title":"","ast-breadcrumbs-content":"","ast-featured-img":"","footer-sml-layout":"","ast-disable-related-posts":"","theme-transparent-header-meta":"default","adv-header-id-meta":"","stick-header-meta":"","header-above-stick-meta":"","header-main-stick-meta":"","header-below-stick-meta":"","astra-migrate-meta-layouts":"set","ast-page-background-enabled":"default","ast-page-background-meta":{"desktop":{"background-color":"","background-image":"","background-repeat":"repeat","background-position":"center center","background-size":"auto","background-attachment":"scroll","background-type":"","background-media":"","overlay-type":"","overlay-color":"","overlay-opacity":"","overlay-gradient":""},"tablet":{"background-color":"","background-image":"","background-repeat":"repeat","background-position":"center center","background-size":"auto","background-attachment":"scroll","background-type":"","background-media":"","overlay-type":"","overlay-color":"","overlay-opacity":"","overlay-gradient":""},"mobile":{"background-color":"","background-image":"","background-repeat":"repeat","background-position":"center center","background-size":"auto","background-attachment":"scroll","background-type":"","background-media":"","overlay-type":"","overlay-color":"","overlay-opacity":"","overlay-gradient":""}},"ast-content-background-meta":{"desktop":{"background-color":"var(--ast-global-color-5)","background-image":"","background-repeat":"repeat","background-position":"center center","background-size":"auto","background-attachment":"scroll","background-type":"","background-media":"","overlay-type":"","overlay-color":"","overlay-opacity":"","overlay-gradient":""},"tablet":{"background-color":"var(--ast-global-color-5)","background-image":"","background-repeat":"repeat","background-position":"center center","background-size":"auto","background-attachment":"scroll","background-type":"","background-media":"","overlay-type":"","overlay-color":"","overlay-opacity":"","overlay-gradient":""},"mobile":{"background-color":"var(--ast-global-color-5)","background-image":"","background-repeat":"repeat","background-position":"center center","background-size":"auto","background-attachment":"scroll","background-type":"","background-media":"","overlay-type":"","overlay-color":"","overlay-opacity":"","overlay-gradient":""}},"jetpack_publicize_message":"","jetpack_publicize_feature_enabled":true,"jetpack_social_post_already_shared":false,"jetpack_social_options":{"image_generator_settings":{"template":"highway","default_image_id":0,"font":"","enabled":false},"version":2}},"pwb-brand":[],"product_brand":[],"product_cat":[118],"product_tag":[],"class_list":{"0":"post-5229","1":"product","2":"type-product","3":"status-publish","4":"has-post-thumbnail","6":"product_cat-sistemas-de-audio","7":"desktop-align-center","8":"tablet-align-left","9":"mobile-align-left","11":"first","12":"instock","13":"sold-individually","14":"taxable","15":"shipping-taxable","16":"purchasable","17":"product-type-simple"},"supplier_id":null,"supplier_sku":"","barcode":null,"atum_controlled":true,"out_stock_date":null,"out_stock_threshold":null,"inheritable":false,"inbound_stock":null,"stock_on_hold":0,"sold_today":0,"sales_last_days":0,"reserved_stock":null,"customer_returns":null,"warehouse_damage":null,"lost_in_post":null,"other_logs":null,"out_stock_days":0,"lost_sales":0,"has_location":false,"update_date":"2026-05-01T00:40:13","atum_locations":[],"atum_stock_status":"instock","restock_status":false,"low_stock_amount":"","sales_update_date":"2026-05-01T00:40:13","calc_backorders":null,"jetpack_publicize_connections":[],"jetpack_sharing_enabled":true,"brands":[],"_links":{"self":[{"href":"https:\/\/www.surtistereo.com\/index.php?rest_route=\/wp\/v2\/product\/5229","targetHints":{"allow":["GET"]}}],"collection":[{"href":"https:\/\/www.surtistereo.com\/index.php?rest_route=\/wp\/v2\/product"}],"about":[{"href":"https:\/\/www.surtistereo.com\/index.php?rest_route=\/wp\/v2\/types\/product"}],"replies":[{"embeddable":true,"href":"https:\/\/www.surtistereo.com\/index.php?rest_route=%2Fwp%2Fv2%2Fcomments&post=5229"}],"version-history":[{"count":0,"href":"https:\/\/www.surtistereo.com\/index.php?rest_route=\/wp\/v2\/product\/5229\/revisions"}],"wp:featuredmedia":[{"embeddable":true,"href":"https:\/\/www.surtistereo.com\/index.php?rest_route=\/wp\/v2\/media\/5230"}],"wp:attachment":[{"href":"https:\/\/www.surtistereo.com\/index.php?rest_route=%2Fwp%2Fv2%2Fmedia&parent=5229"}],"wp:term":[{"taxonomy":"pwb-brand","embeddable":true,"href":"https:\/\/www.surtistereo.com\/index.php?rest_route=%2Fwp%2Fv2%2Fpwb-brand&post=5229"},{"taxonomy":"product_brand","embeddable":true,"href":"https:\/\/www.surtistereo.com\/index.php?rest_route=%2Fwp%2Fv2%2Fproduct_brand&post=5229"},{"taxonomy":"product_cat","embeddable":true,"href":"https:\/\/www.surtistereo.com\/index.php?rest_route=%2Fwp%2Fv2%2Fproduct_cat&post=5229"},{"taxonomy":"product_tag","embeddable":true,"href":"https:\/\/www.surtistereo.com\/index.php?rest_route=%2Fwp%2Fv2%2Fproduct_tag&post=5229"}],"curies":[{"name":"wp","href":"https:\/\/api.w.org\/{rel}","templated":true}]}}