{"id":5197,"date":"2025-04-25T11:07:46","date_gmt":"2025-04-25T16:07:46","guid":{"rendered":"https:\/\/www.surtistereo.com\/?post_type=product&#038;p=5197"},"modified":"2025-10-16T11:25:24","modified_gmt":"2025-10-16T16:25:24","slug":"ns-aw294-altavoces-para-exterior-yamaha-100-watts-rms-80-hz-20-khz-8-ohmios","status":"publish","type":"product","link":"https:\/\/www.surtistereo.com\/?product=ns-aw294-altavoces-para-exterior-yamaha-100-watts-rms-80-hz-20-khz-8-ohmios","title":{"rendered":"NS-AW294 &#8211; Altavoces para Exterior YAMAHA 100 Watts RMS, 80 Hz &#8211; 20 KHz, 8 Ohmios"},"content":{"rendered":"<p>Igualmente adecuados para interiores y exteriores, los altavoces para exteriores NS-AW294 de Yamaha (par, negros) ofrecen un sonido superior dondequiera que los instale. Los parlantes son resistentes a la intemperie para resistir los elementos de la madre naturaleza y cuentan con gabinetes que son resistentes al goteo, al agua y a los rayos UV. En el interior, cada uno est\u00e1 equipado con un potente woofer y un tweeter de c\u00fapula equilibrado para un audio claro en una amplia gama de frecuencias. Adem\u00e1s, los altavoces vienen con soportes que permiten una instalaci\u00f3n flexible. Puede instalarlos vertical u horizontalmente y se permiten ajustes generosos. Sus rejillas con recubrimiento de polvo ofrecen propiedades de impermeabilizaci\u00f3n adicionales, mientras que los terminales de altavoz tipo push permiten una f\u00e1cil instalaci\u00f3n.<\/p>\n<p>El dise\u00f1o avanzado de los altavoces de Yamaha combina una calidad de sonido superior con una excelente resistencia a la intemperie<\/p>\n<p>El potente woofer ofrece una respuesta precisa de frecuencia media y baja<br \/>\nEl tweeter de c\u00fapula equilibrada garantiza una respuesta clara de alta frecuencia<br \/>\nLos gabinetes resistentes a la intemperie son resistentes al goteo, al agua y a los rayos UV<br \/>\nLos soportes suministrados le permiten instalar los altavoces vertical u horizontalmente, moverse en un rango de 81 grados a la derecha \/ izquierda o arriba \/ abajo<\/p>\n<p>Las rejillas con recubrimiento de polvo brindan propiedades \u00f3ptimas de impermeabilizaci\u00f3n<br \/>\nLos terminales de altavoz tipo push permiten una f\u00e1cil instalaci\u00f3n<\/p>\n<p>Sistema de altavoces<br \/>\nConfiguraci\u00f3n de altavoces 2 v\u00edas<br \/>\nManejo de poder 100 W pico<br \/>\n50 W<\/p>\n<p>Conductores Tweeter de 1 \u00ab\/ 2,5<br \/>\ncm Woofer de 6,5\u00bb \/ 16 cm<br \/>\nTipo de caja Bass-Reflex<br \/>\nRespuesta frecuente 80 Hz a 20 kHz<br \/>\nImpedancia 8 ohmios<br \/>\nSensibilidad 87 dB<\/p>\n<p>F\u00edsico<br \/>\nClasificaci\u00f3n del IP IPX3<br \/>\nOpciones de colocaci\u00f3n y montaje Montaje en pared (con hardware incluido)<br \/>\nDimensiones 7.5 x 12.1 x 8.5 \u00ab\/ 190 x 308 x 217 mm<br \/>\nPeso 4,4 lb \/ 2,0 kg (cada uno)<\/p>\n<p>Informaci\u00f3n de empaque<br \/>\npeso del paquete 12,1 libras<br \/>\nDimensiones de la caja (LxWxH) 19,7 x 14,2 x 10,8 \u00ab<\/p>\n","protected":false},"excerpt":{"rendered":"<p>Igualmente adecuados para interiores y exteriores, los altavoces para exteriores NS-AW294 de Yamaha (par, negros) ofrecen un sonido superior dondequiera que los instale. Los parlantes son resistentes a la intemperie para resistir los elementos de la madre naturaleza y cuentan con gabinetes que son resistentes al goteo, al agua y a los rayos UV. En [&hellip;]<\/p>\n","protected":false},"featured_media":5200,"comment_status":"open","ping_status":"closed","template":"","meta":{"site-sidebar-layout":"default","site-content-layout":"","ast-site-content-layout":"default","site-content-style":"default","site-sidebar-style":"default","ast-global-header-display":"","ast-banner-title-visibility":"","ast-main-header-display":"","ast-hfb-above-header-display":"","ast-hfb-below-header-display":"","ast-hfb-mobile-header-display":"","site-post-title":"","ast-breadcrumbs-content":"","ast-featured-img":"","footer-sml-layout":"","ast-disable-related-posts":"","theme-transparent-header-meta":"default","adv-header-id-meta":"","stick-header-meta":"","header-above-stick-meta":"","header-main-stick-meta":"","header-below-stick-meta":"","astra-migrate-meta-layouts":"set","ast-page-background-enabled":"default","ast-page-background-meta":{"desktop":{"background-color":"","background-image":"","background-repeat":"repeat","background-position":"center center","background-size":"auto","background-attachment":"scroll","background-type":"","background-media":"","overlay-type":"","overlay-color":"","overlay-opacity":"","overlay-gradient":""},"tablet":{"background-color":"","background-image":"","background-repeat":"repeat","background-position":"center center","background-size":"auto","background-attachment":"scroll","background-type":"","background-media":"","overlay-type":"","overlay-color":"","overlay-opacity":"","overlay-gradient":""},"mobile":{"background-color":"","background-image":"","background-repeat":"repeat","background-position":"center center","background-size":"auto","background-attachment":"scroll","background-type":"","background-media":"","overlay-type":"","overlay-color":"","overlay-opacity":"","overlay-gradient":""}},"ast-content-background-meta":{"desktop":{"background-color":"var(--ast-global-color-5)","background-image":"","background-repeat":"repeat","background-position":"center center","background-size":"auto","background-attachment":"scroll","background-type":"","background-media":"","overlay-type":"","overlay-color":"","overlay-opacity":"","overlay-gradient":""},"tablet":{"background-color":"var(--ast-global-color-5)","background-image":"","background-repeat":"repeat","background-position":"center center","background-size":"auto","background-attachment":"scroll","background-type":"","background-media":"","overlay-type":"","overlay-color":"","overlay-opacity":"","overlay-gradient":""},"mobile":{"background-color":"var(--ast-global-color-5)","background-image":"","background-repeat":"repeat","background-position":"center center","background-size":"auto","background-attachment":"scroll","background-type":"","background-media":"","overlay-type":"","overlay-color":"","overlay-opacity":"","overlay-gradient":""}},"jetpack_publicize_message":"","jetpack_publicize_feature_enabled":true,"jetpack_social_post_already_shared":false,"jetpack_social_options":{"image_generator_settings":{"template":"highway","default_image_id":0,"font":"","enabled":false},"version":2}},"pwb-brand":[179],"product_brand":[],"product_cat":[118],"product_tag":[],"class_list":{"0":"post-5197","1":"product","2":"type-product","3":"status-publish","4":"has-post-thumbnail","6":"pwb-brand-yamaha","7":"product_cat-sistemas-de-audio","8":"desktop-align-center","9":"tablet-align-left","10":"mobile-align-left","12":"first","13":"instock","14":"sold-individually","15":"taxable","16":"shipping-taxable","17":"purchasable","18":"product-type-simple"},"supplier_id":null,"supplier_sku":"","barcode":null,"atum_controlled":true,"out_stock_date":null,"out_stock_threshold":null,"inheritable":false,"inbound_stock":null,"stock_on_hold":0,"sold_today":0,"sales_last_days":0,"reserved_stock":null,"customer_returns":null,"warehouse_damage":null,"lost_in_post":null,"other_logs":null,"out_stock_days":0,"lost_sales":0,"has_location":false,"update_date":"2026-04-06T00:05:34","atum_locations":[],"atum_stock_status":"instock","restock_status":false,"low_stock_amount":"","sales_update_date":"2026-04-06T00:05:34","calc_backorders":null,"jetpack_publicize_connections":[],"jetpack_sharing_enabled":true,"brands":[{"id":179,"name":"YAMAHA","slug":"yamaha"}],"_links":{"self":[{"href":"https:\/\/www.surtistereo.com\/index.php?rest_route=\/wp\/v2\/product\/5197","targetHints":{"allow":["GET"]}}],"collection":[{"href":"https:\/\/www.surtistereo.com\/index.php?rest_route=\/wp\/v2\/product"}],"about":[{"href":"https:\/\/www.surtistereo.com\/index.php?rest_route=\/wp\/v2\/types\/product"}],"replies":[{"embeddable":true,"href":"https:\/\/www.surtistereo.com\/index.php?rest_route=%2Fwp%2Fv2%2Fcomments&post=5197"}],"version-history":[{"count":1,"href":"https:\/\/www.surtistereo.com\/index.php?rest_route=\/wp\/v2\/product\/5197\/revisions"}],"predecessor-version":[{"id":6527,"href":"https:\/\/www.surtistereo.com\/index.php?rest_route=\/wp\/v2\/product\/5197\/revisions\/6527"}],"wp:featuredmedia":[{"embeddable":true,"href":"https:\/\/www.surtistereo.com\/index.php?rest_route=\/wp\/v2\/media\/5200"}],"wp:attachment":[{"href":"https:\/\/www.surtistereo.com\/index.php?rest_route=%2Fwp%2Fv2%2Fmedia&parent=5197"}],"wp:term":[{"taxonomy":"pwb-brand","embeddable":true,"href":"https:\/\/www.surtistereo.com\/index.php?rest_route=%2Fwp%2Fv2%2Fpwb-brand&post=5197"},{"taxonomy":"product_brand","embeddable":true,"href":"https:\/\/www.surtistereo.com\/index.php?rest_route=%2Fwp%2Fv2%2Fproduct_brand&post=5197"},{"taxonomy":"product_cat","embeddable":true,"href":"https:\/\/www.surtistereo.com\/index.php?rest_route=%2Fwp%2Fv2%2Fproduct_cat&post=5197"},{"taxonomy":"product_tag","embeddable":true,"href":"https:\/\/www.surtistereo.com\/index.php?rest_route=%2Fwp%2Fv2%2Fproduct_tag&post=5197"}],"curies":[{"name":"wp","href":"https:\/\/api.w.org\/{rel}","templated":true}]}}