{"id":5191,"date":"2025-04-25T10:39:17","date_gmt":"2025-04-25T15:39:17","guid":{"rendered":"https:\/\/www.surtistereo.com\/?post_type=product&#038;p=5191"},"modified":"2026-02-24T10:09:13","modified_gmt":"2026-02-24T15:09:13","slug":"live-beam3-audifonos-jbl-live-beam3-true-wireless-cancelacion-de-ruido-con-diseno-stick-closed-y-smart-charging-case","status":"publish","type":"product","link":"https:\/\/www.surtistereo.com\/?product=live-beam3-audifonos-jbl-live-beam3-true-wireless-cancelacion-de-ruido-con-diseno-stick-closed-y-smart-charging-case","title":{"rendered":"LIVE-BEAM3 -\u00abAUDIFONOS JBL LIVE BEAM3 True Wireless Cancelaci\u00f3n de ruido con dise\u00f1o Stick Closed y Smart Charging Case\u2122.  \u00ab"},"content":{"rendered":"<table class=\"jsx-960159652 specification-table \">\n<tbody class=\"jsx-960159652\">\n<tr class=\"jsx-960159652\">\n<td class=\"jsx-960159652 property-name\">Requiere IMEI<\/td>\n<td class=\"jsx-960159652 property-value\">No<\/td>\n<\/tr>\n<tr class=\"jsx-960159652\">\n<td class=\"jsx-960159652 property-name\">Requiere Serial Number<\/td>\n<td class=\"jsx-960159652 property-value\">Si<\/td>\n<\/tr>\n<tr class=\"jsx-960159652\">\n<td class=\"jsx-960159652 property-name\">Aislador de sonido<\/td>\n<td class=\"jsx-960159652 property-value\">S\u00ed<\/td>\n<\/tr>\n<tr class=\"jsx-960159652\">\n<td class=\"jsx-960159652 property-name\">Caracter\u00edsticas<\/td>\n<td class=\"jsx-960159652 property-value\">Carga r\u00e1pida,Cuenta con bluetooth,Recepci\u00f3n de llamadas,Resistente al agua<\/td>\n<\/tr>\n<tr class=\"jsx-960159652\">\n<td class=\"jsx-960159652 property-name\">Modelo<\/td>\n<td class=\"jsx-960159652 property-value\">JBLLIVEBEAM3BLKAM &#8211; JBL Live Beam 3<\/td>\n<\/tr>\n<tr class=\"jsx-960159652\">\n<td class=\"jsx-960159652 property-name\">Frecuencia de operaci\u00f3n<\/td>\n<td class=\"jsx-960159652 property-value\">20 Hz \u2013 20 kHz<\/td>\n<\/tr>\n<tr class=\"jsx-960159652\">\n<td class=\"jsx-960159652 property-name\">Pa\u00eds de origen<\/td>\n<td class=\"jsx-960159652 property-value\">Vietnam<\/td>\n<\/tr>\n<tr class=\"jsx-960159652\">\n<td class=\"jsx-960159652 property-name\"><\/td>\n<td class=\"jsx-960159652 property-value\"><\/td>\n<\/tr>\n<tr class=\"jsx-960159652\">\n<td class=\"jsx-960159652 property-name\">Conectividad\/conexi\u00f3n<\/td>\n<td class=\"jsx-960159652 property-value\">Bluetooth<\/td>\n<\/tr>\n<tr class=\"jsx-960159652\">\n<td class=\"jsx-960159652 property-name\"><\/td>\n<td class=\"jsx-960159652 property-value\"><\/td>\n<\/tr>\n<tr class=\"jsx-960159652\">\n<td class=\"jsx-960159652 property-name\">Color<\/td>\n<td class=\"jsx-960159652 property-value\">Negro<\/td>\n<\/tr>\n<tr class=\"jsx-960159652\">\n<td class=\"jsx-960159652 property-name\">Condici\u00f3n del producto<\/td>\n<td class=\"jsx-960159652 property-value\">Nuevo<\/td>\n<\/tr>\n<tr class=\"jsx-960159652\">\n<td class=\"jsx-960159652 property-name\">Cuenta con bluetooth<\/td>\n<td class=\"jsx-960159652 property-value\">Si<\/td>\n<\/tr>\n<tr class=\"jsx-960159652\">\n<td class=\"jsx-960159652 property-name\">Tipo de auricular<\/td>\n<td class=\"jsx-960159652 property-value\">In-Ear<\/td>\n<\/tr>\n<tr class=\"jsx-960159652\">\n<td class=\"jsx-960159652 property-name\">Autonom\u00eda<\/td>\n<td class=\"jsx-960159652 property-value\">48 H<\/td>\n<\/tr>\n<tr class=\"jsx-960159652\">\n<td class=\"jsx-960159652 property-name\">Potencia de audio<\/td>\n<td class=\"jsx-960159652 property-value\">16 ohmios<\/td>\n<\/tr>\n<tr class=\"jsx-960159652\">\n<td class=\"jsx-960159652 property-name\">Resistente al agua<\/td>\n<td class=\"jsx-960159652 property-value\">IP55 (Protegido contra polvo y humedad)<\/td>\n<\/tr>\n<tr class=\"jsx-960159652\">\n<td class=\"jsx-960159652 property-name\">Tipo de salida<\/td>\n<td class=\"jsx-960159652 property-value\">No aplica<\/td>\n<\/tr>\n<tr class=\"jsx-960159652\">\n<td class=\"jsx-960159652 property-name\">Alto<\/td>\n<td class=\"jsx-960159652 property-value\">5 cm<\/td>\n<\/tr>\n<tr class=\"jsx-960159652\">\n<td class=\"jsx-960159652 property-name\">Ancho<\/td>\n<td class=\"jsx-960159652 property-value\">6 cm<\/td>\n<\/tr>\n<\/tbody>\n<\/table>\n","protected":false},"excerpt":{"rendered":"<p>Requiere IMEI No Requiere Serial Number Si Aislador de sonido S\u00ed Caracter\u00edsticas Carga r\u00e1pida,Cuenta con bluetooth,Recepci\u00f3n de llamadas,Resistente al agua Modelo JBLLIVEBEAM3BLKAM &#8211; JBL Live Beam 3 Frecuencia de operaci\u00f3n 20 Hz \u2013 20 kHz Pa\u00eds de origen Vietnam Conectividad\/conexi\u00f3n Bluetooth Color Negro Condici\u00f3n del producto Nuevo Cuenta con bluetooth Si Tipo de auricular In-Ear [&hellip;]<\/p>\n","protected":false},"featured_media":5192,"comment_status":"open","ping_status":"closed","template":"","meta":{"site-sidebar-layout":"default","site-content-layout":"","ast-site-content-layout":"default","site-content-style":"default","site-sidebar-style":"default","ast-global-header-display":"","ast-banner-title-visibility":"","ast-main-header-display":"","ast-hfb-above-header-display":"","ast-hfb-below-header-display":"","ast-hfb-mobile-header-display":"","site-post-title":"","ast-breadcrumbs-content":"","ast-featured-img":"","footer-sml-layout":"","ast-disable-related-posts":"","theme-transparent-header-meta":"default","adv-header-id-meta":"","stick-header-meta":"","header-above-stick-meta":"","header-main-stick-meta":"","header-below-stick-meta":"","astra-migrate-meta-layouts":"set","ast-page-background-enabled":"default","ast-page-background-meta":{"desktop":{"background-color":"","background-image":"","background-repeat":"repeat","background-position":"center center","background-size":"auto","background-attachment":"scroll","background-type":"","background-media":"","overlay-type":"","overlay-color":"","overlay-opacity":"","overlay-gradient":""},"tablet":{"background-color":"","background-image":"","background-repeat":"repeat","background-position":"center center","background-size":"auto","background-attachment":"scroll","background-type":"","background-media":"","overlay-type":"","overlay-color":"","overlay-opacity":"","overlay-gradient":""},"mobile":{"background-color":"","background-image":"","background-repeat":"repeat","background-position":"center center","background-size":"auto","background-attachment":"scroll","background-type":"","background-media":"","overlay-type":"","overlay-color":"","overlay-opacity":"","overlay-gradient":""}},"ast-content-background-meta":{"desktop":{"background-color":"var(--ast-global-color-5)","background-image":"","background-repeat":"repeat","background-position":"center center","background-size":"auto","background-attachment":"scroll","background-type":"","background-media":"","overlay-type":"","overlay-color":"","overlay-opacity":"","overlay-gradient":""},"tablet":{"background-color":"var(--ast-global-color-5)","background-image":"","background-repeat":"repeat","background-position":"center center","background-size":"auto","background-attachment":"scroll","background-type":"","background-media":"","overlay-type":"","overlay-color":"","overlay-opacity":"","overlay-gradient":""},"mobile":{"background-color":"var(--ast-global-color-5)","background-image":"","background-repeat":"repeat","background-position":"center center","background-size":"auto","background-attachment":"scroll","background-type":"","background-media":"","overlay-type":"","overlay-color":"","overlay-opacity":"","overlay-gradient":""}},"jetpack_publicize_message":"","jetpack_publicize_feature_enabled":true,"jetpack_social_post_already_shared":false,"jetpack_social_options":{"image_generator_settings":{"template":"highway","default_image_id":0,"font":"","enabled":false},"version":2}},"pwb-brand":[175],"product_brand":[],"product_cat":[137],"product_tag":[],"class_list":{"0":"post-5191","1":"product","2":"type-product","3":"status-publish","4":"has-post-thumbnail","6":"pwb-brand-jbl","7":"product_cat-audifonos","8":"desktop-align-center","9":"tablet-align-left","10":"mobile-align-left","12":"first","13":"instock","14":"sold-individually","15":"taxable","16":"shipping-taxable","17":"purchasable","18":"product-type-simple"},"supplier_id":null,"supplier_sku":"","barcode":null,"atum_controlled":true,"out_stock_date":null,"out_stock_threshold":null,"inheritable":false,"inbound_stock":null,"stock_on_hold":0,"sold_today":0,"sales_last_days":0,"reserved_stock":null,"customer_returns":null,"warehouse_damage":null,"lost_in_post":null,"other_logs":null,"out_stock_days":0,"lost_sales":0,"has_location":false,"update_date":"2026-04-29T00:37:17","atum_locations":[],"atum_stock_status":"instock","restock_status":false,"low_stock_amount":"","sales_update_date":"2026-04-29T00:37:17","calc_backorders":null,"jetpack_publicize_connections":[],"jetpack_sharing_enabled":true,"brands":[{"id":175,"name":"JBL","slug":"jbl"}],"_links":{"self":[{"href":"https:\/\/www.surtistereo.com\/index.php?rest_route=\/wp\/v2\/product\/5191","targetHints":{"allow":["GET"]}}],"collection":[{"href":"https:\/\/www.surtistereo.com\/index.php?rest_route=\/wp\/v2\/product"}],"about":[{"href":"https:\/\/www.surtistereo.com\/index.php?rest_route=\/wp\/v2\/types\/product"}],"replies":[{"embeddable":true,"href":"https:\/\/www.surtistereo.com\/index.php?rest_route=%2Fwp%2Fv2%2Fcomments&post=5191"}],"version-history":[{"count":1,"href":"https:\/\/www.surtistereo.com\/index.php?rest_route=\/wp\/v2\/product\/5191\/revisions"}],"predecessor-version":[{"id":6136,"href":"https:\/\/www.surtistereo.com\/index.php?rest_route=\/wp\/v2\/product\/5191\/revisions\/6136"}],"wp:featuredmedia":[{"embeddable":true,"href":"https:\/\/www.surtistereo.com\/index.php?rest_route=\/wp\/v2\/media\/5192"}],"wp:attachment":[{"href":"https:\/\/www.surtistereo.com\/index.php?rest_route=%2Fwp%2Fv2%2Fmedia&parent=5191"}],"wp:term":[{"taxonomy":"pwb-brand","embeddable":true,"href":"https:\/\/www.surtistereo.com\/index.php?rest_route=%2Fwp%2Fv2%2Fpwb-brand&post=5191"},{"taxonomy":"product_brand","embeddable":true,"href":"https:\/\/www.surtistereo.com\/index.php?rest_route=%2Fwp%2Fv2%2Fproduct_brand&post=5191"},{"taxonomy":"product_cat","embeddable":true,"href":"https:\/\/www.surtistereo.com\/index.php?rest_route=%2Fwp%2Fv2%2Fproduct_cat&post=5191"},{"taxonomy":"product_tag","embeddable":true,"href":"https:\/\/www.surtistereo.com\/index.php?rest_route=%2Fwp%2Fv2%2Fproduct_tag&post=5191"}],"curies":[{"name":"wp","href":"https:\/\/api.w.org\/{rel}","templated":true}]}}