{"id":5186,"date":"2025-04-25T10:03:58","date_gmt":"2025-04-25T15:03:58","guid":{"rendered":"https:\/\/www.surtistereo.com\/?post_type=product&#038;p=5186"},"modified":"2026-02-24T10:08:49","modified_gmt":"2026-02-24T15:08:49","slug":"encore-essential-partybox-encore-essential-bluetooh-5-1-100-watts-ipx4-6-horas-bateria","status":"publish","type":"product","link":"https:\/\/www.surtistereo.com\/?product=encore-essential-partybox-encore-essential-bluetooh-5-1-100-watts-ipx4-6-horas-bateria","title":{"rendered":"ENCORE-ESSENTIAL &#8211;  Partybox Encore Essential BlueTooh 5.1 &#8211; 100 Watts IPX4 6 Horas Bateria"},"content":{"rendered":"<p><strong>Parlante JBL PartyBox Encore Essential BT 100W Negro<\/strong><\/p>\n<p>El parlante JBL PartyBox Encore Essential BT 100W Negro ofrece un potente sonido de alta calidad perfecto para animar cualquier fiesta o evento.<\/p>\n<ul>\n<li><strong>Calidad de sonido premium <\/strong>El parlante cuenta con tecnolog\u00eda JBL que garantiza una reproducci\u00f3n de audio n\u00edtida y de alta fidelidad, con graves profundos y agudos claros.<\/li>\n<\/ul>\n<ul>\n<li><strong>Iluminaci\u00f3n LED din\u00e1mica<\/strong><\/li>\n<\/ul>\n<p>Con luces LED integradas que se sincronizan con la m\u00fasica, crea un ambiente de fiesta vibrante y emocionante.<\/p>\n<ul>\n<li><strong>Conectividad inal\u00e1mbrica Bluetooth<\/strong><\/li>\n<\/ul>\n<p>Permite emparejar dispositivos compatibles f\u00e1cilmente para reproducir m\u00fasica de forma inal\u00e1mbrica y sin complicaciones.<\/p>\n<ul>\n<li><strong>Autonom\u00eda y portabilidad<\/strong><\/li>\n<\/ul>\n<p>Su bater\u00eda recargable de larga duraci\u00f3n y su dise\u00f1o compacto lo hacen ideal para llevar la m\u00fasica a donde sea.<\/p>\n<p>&nbsp;<\/p>\n<p><strong>Contenido de la Caja<\/strong><\/p>\n<ul>\n<li>Parlante JBL PartyBox Encore Essential BT 100W Negro<\/li>\n<\/ul>\n","protected":false},"excerpt":{"rendered":"<p>Parlante JBL PartyBox Encore Essential BT 100W Negro El parlante JBL PartyBox Encore Essential BT 100W Negro ofrece un potente sonido de alta calidad perfecto para animar cualquier fiesta o evento. Calidad de sonido premium El parlante cuenta con tecnolog\u00eda JBL que garantiza una reproducci\u00f3n de audio n\u00edtida y de alta fidelidad, con graves profundos [&hellip;]<\/p>\n","protected":false},"featured_media":5190,"comment_status":"open","ping_status":"closed","template":"","meta":{"site-sidebar-layout":"default","site-content-layout":"","ast-site-content-layout":"default","site-content-style":"default","site-sidebar-style":"default","ast-global-header-display":"","ast-banner-title-visibility":"","ast-main-header-display":"","ast-hfb-above-header-display":"","ast-hfb-below-header-display":"","ast-hfb-mobile-header-display":"","site-post-title":"","ast-breadcrumbs-content":"","ast-featured-img":"","footer-sml-layout":"","ast-disable-related-posts":"","theme-transparent-header-meta":"default","adv-header-id-meta":"","stick-header-meta":"","header-above-stick-meta":"","header-main-stick-meta":"","header-below-stick-meta":"","astra-migrate-meta-layouts":"set","ast-page-background-enabled":"default","ast-page-background-meta":{"desktop":{"background-color":"","background-image":"","background-repeat":"repeat","background-position":"center center","background-size":"auto","background-attachment":"scroll","background-type":"","background-media":"","overlay-type":"","overlay-color":"","overlay-opacity":"","overlay-gradient":""},"tablet":{"background-color":"","background-image":"","background-repeat":"repeat","background-position":"center center","background-size":"auto","background-attachment":"scroll","background-type":"","background-media":"","overlay-type":"","overlay-color":"","overlay-opacity":"","overlay-gradient":""},"mobile":{"background-color":"","background-image":"","background-repeat":"repeat","background-position":"center center","background-size":"auto","background-attachment":"scroll","background-type":"","background-media":"","overlay-type":"","overlay-color":"","overlay-opacity":"","overlay-gradient":""}},"ast-content-background-meta":{"desktop":{"background-color":"var(--ast-global-color-5)","background-image":"","background-repeat":"repeat","background-position":"center center","background-size":"auto","background-attachment":"scroll","background-type":"","background-media":"","overlay-type":"","overlay-color":"","overlay-opacity":"","overlay-gradient":""},"tablet":{"background-color":"var(--ast-global-color-5)","background-image":"","background-repeat":"repeat","background-position":"center center","background-size":"auto","background-attachment":"scroll","background-type":"","background-media":"","overlay-type":"","overlay-color":"","overlay-opacity":"","overlay-gradient":""},"mobile":{"background-color":"var(--ast-global-color-5)","background-image":"","background-repeat":"repeat","background-position":"center center","background-size":"auto","background-attachment":"scroll","background-type":"","background-media":"","overlay-type":"","overlay-color":"","overlay-opacity":"","overlay-gradient":""}},"jetpack_publicize_message":"","jetpack_publicize_feature_enabled":true,"jetpack_social_post_already_shared":false,"jetpack_social_options":{"image_generator_settings":{"template":"highway","default_image_id":0,"font":"","enabled":false},"version":2}},"pwb-brand":[],"product_brand":[],"product_cat":[118],"product_tag":[],"class_list":{"0":"post-5186","1":"product","2":"type-product","3":"status-publish","4":"has-post-thumbnail","6":"product_cat-sistemas-de-audio","7":"desktop-align-center","8":"tablet-align-left","9":"mobile-align-left","11":"first","12":"instock","13":"sold-individually","14":"taxable","15":"shipping-taxable","16":"purchasable","17":"product-type-simple"},"supplier_id":null,"supplier_sku":"","barcode":null,"atum_controlled":true,"out_stock_date":null,"out_stock_threshold":null,"inheritable":false,"inbound_stock":null,"stock_on_hold":0,"sold_today":0,"sales_last_days":0,"reserved_stock":null,"customer_returns":null,"warehouse_damage":null,"lost_in_post":null,"other_logs":null,"out_stock_days":0,"lost_sales":0,"has_location":false,"update_date":"2026-04-26T00:33:16","atum_locations":[],"atum_stock_status":"instock","restock_status":false,"low_stock_amount":"","sales_update_date":"2026-04-26T00:33:16","calc_backorders":null,"jetpack_publicize_connections":[],"jetpack_sharing_enabled":true,"brands":[],"_links":{"self":[{"href":"https:\/\/www.surtistereo.com\/index.php?rest_route=\/wp\/v2\/product\/5186","targetHints":{"allow":["GET"]}}],"collection":[{"href":"https:\/\/www.surtistereo.com\/index.php?rest_route=\/wp\/v2\/product"}],"about":[{"href":"https:\/\/www.surtistereo.com\/index.php?rest_route=\/wp\/v2\/types\/product"}],"replies":[{"embeddable":true,"href":"https:\/\/www.surtistereo.com\/index.php?rest_route=%2Fwp%2Fv2%2Fcomments&post=5186"}],"version-history":[{"count":1,"href":"https:\/\/www.surtistereo.com\/index.php?rest_route=\/wp\/v2\/product\/5186\/revisions"}],"predecessor-version":[{"id":6431,"href":"https:\/\/www.surtistereo.com\/index.php?rest_route=\/wp\/v2\/product\/5186\/revisions\/6431"}],"wp:featuredmedia":[{"embeddable":true,"href":"https:\/\/www.surtistereo.com\/index.php?rest_route=\/wp\/v2\/media\/5190"}],"wp:attachment":[{"href":"https:\/\/www.surtistereo.com\/index.php?rest_route=%2Fwp%2Fv2%2Fmedia&parent=5186"}],"wp:term":[{"taxonomy":"pwb-brand","embeddable":true,"href":"https:\/\/www.surtistereo.com\/index.php?rest_route=%2Fwp%2Fv2%2Fpwb-brand&post=5186"},{"taxonomy":"product_brand","embeddable":true,"href":"https:\/\/www.surtistereo.com\/index.php?rest_route=%2Fwp%2Fv2%2Fproduct_brand&post=5186"},{"taxonomy":"product_cat","embeddable":true,"href":"https:\/\/www.surtistereo.com\/index.php?rest_route=%2Fwp%2Fv2%2Fproduct_cat&post=5186"},{"taxonomy":"product_tag","embeddable":true,"href":"https:\/\/www.surtistereo.com\/index.php?rest_route=%2Fwp%2Fv2%2Fproduct_tag&post=5186"}],"curies":[{"name":"wp","href":"https:\/\/api.w.org\/{rel}","templated":true}]}}