{"id":5166,"date":"2025-04-22T11:07:13","date_gmt":"2025-04-22T16:07:13","guid":{"rendered":"https:\/\/www.surtistereo.com\/?post_type=product&#038;p=5166"},"modified":"2025-10-22T18:46:23","modified_gmt":"2025-10-22T23:46:23","slug":"scarlett-4i4-interface-scarlett-4i4-4th-gen-focusrite","status":"publish","type":"product","link":"https:\/\/www.surtistereo.com\/?product=scarlett-4i4-interface-scarlett-4i4-4th-gen-focusrite","title":{"rendered":"SCARLETT-4I4 &#8211; INTERFACE SCARLETT 4i4 4th Gen FOCUSRITE"},"content":{"rendered":"<div class=\"spec__group\" data-group-id=\"group-0\">\n<h4 class=\"spec__sub-heading h6 \">Visi\u00f3n general<\/h4>\n<ul class=\"spec__list \">\n<li>N\u00famero de preamplificadores de micr\u00f3fono2<\/li>\n<li>Alimentaci\u00f3n fantasmaS\u00ed<\/li>\n<li>Entradas de instrumentos2<\/li>\n<li>Entradas de l\u00ednea4<\/li>\n<li>Air ModeS\u00ed<\/li>\n<li>Auto GainS\u00ed<\/li>\n<li>Clip SafeS\u00ed<\/li>\n<li>Salidas de l\u00ednea4<\/li>\n<li>Salidas de auriculares1<\/li>\n<li>LoopbackS\u00ed<\/li>\n<li>MIDIS\u00ed<\/li>\n<li>ConectividadUSB Tipo-C<\/li>\n<li>ProtocoloUSB 2.0<\/li>\n<li>Factor de formaSobremesa<\/li>\n<li>E\/S simult\u00e1neas6 x 6 (incluidas las entradas de bucle de retorno)<\/li>\n<li>Resoluci\u00f3n A\/D24 bits\/192 kHz<\/li>\n<li>Alimentaci\u00f3n por busS\u00ed (1,5 A)<\/li>\n<\/ul>\n<\/div>\n<div class=\"spec__group\" data-group-id=\"group-1\">\n<h4 class=\"spec__sub-heading h6 \">Dimensiones<\/h4>\n<ul class=\"spec__list \">\n<li>Altura60 mm<\/li>\n<li>Anchura180 mm<\/li>\n<li>Profundidad130 mm<\/li>\n<li>Peso0,798 kg<\/li>\n<\/ul>\n<\/div>\n<div class=\"spec__group\" data-group-id=\"group-2\">\n<h4 class=\"spec__sub-heading h6 \">Frecuencias de muestreo admitidas<\/h4>\n<ul class=\"spec__list \">\n<li>44,1 kHz, 48 kHz, 88,2 kHz, 96 kHz, 176,4 kHz, 192 kHz<\/li>\n<\/ul>\n<\/div>\n<div class=\"spec__group\" data-group-id=\"group-3\">\n<h4 class=\"spec__sub-heading h6 \">Entradas de micr\u00f3fono<\/h4>\n<ul class=\"spec__list \">\n<li>Respuesta en frecuencia20-20kHz \u00b1 0,06dB<\/li>\n<li>Rango din\u00e1mico116 dB (ponderaci\u00f3n A)<\/li>\n<li>THD+N-100dB @ 8dB de ganancia<\/li>\n<li>EIN de ruido-127dBu (ponderado A)<\/li>\n<li>Nivel m\u00e1ximo de entrada16dBu<\/li>\n<li>Rango de ganancia69 dB<\/li>\n<li>Impedancia3 k\u03a9<\/li>\n<\/ul>\n<\/div>\n<div class=\"spec__group\" data-group-id=\"group-4\">\n<h4 class=\"spec__sub-heading h6 \">Entradas de l\u00ednea variables<\/h4>\n<ul class=\"spec__list \">\n<li>Respuesta en frecuencia20-20kHz \u00b1 0,05dB<\/li>\n<li>Rango din\u00e1mico115,5 dB (ponderaci\u00f3n A)<\/li>\n<li>THD+N-100dB @ 8dB de ganancia<\/li>\n<li>Nivel m\u00e1ximo de entrada22dBu<\/li>\n<li>Rango de ganancia69 dB<\/li>\n<li>Impedancia60 k\u03a9<\/li>\n<\/ul>\n<\/div>\n<div class=\"spec__group\" data-group-id=\"group-5\">\n<h4 class=\"spec__sub-heading h6 \">Entradas de l\u00ednea fija<\/h4>\n<ul class=\"spec__list \">\n<li>Respuesta en frecuencia20-20kHz \u00b1 0,02dB<\/li>\n<li>Rango din\u00e1mico115,5 dB (ponderaci\u00f3n A)<\/li>\n<li>THD+N-105dB<\/li>\n<li>Nivel m\u00e1ximo de entrada22dBu<\/li>\n<li>Impedancia60 k\u03a9<\/li>\n<\/ul>\n<\/div>\n<div class=\"spec__group\" data-group-id=\"group-6\">\n<h4 class=\"spec__sub-heading h6 \">Entradas de instrumentos<\/h4>\n<ul class=\"spec__list \">\n<li>Respuesta en frecuencia20-20kHz \u00b1 0,15dB<\/li>\n<li>Rango din\u00e1mico113 dB (ponderaci\u00f3n A)<\/li>\n<li>THD+N-80dB @ ganancia m\u00ednima<\/li>\n<li>Nivel m\u00e1ximo de entrada12dBu<\/li>\n<li>Rango de ganancia62 dB<\/li>\n<li>Impedancia1M\u03a9<\/li>\n<\/ul>\n<\/div>\n<div class=\"spec__group\" data-group-id=\"group-7\">\n<h4 class=\"spec__sub-heading h6 \">Salidas de l\u00ednea (Balanceadas)<\/h4>\n<ul class=\"spec__list \">\n<li>Respuesta en frecuencia20-20kHz \u00b1 0,02dB<\/li>\n<li>Rango din\u00e1mico120 dB<\/li>\n<li>THD+N-112dB<\/li>\n<li>Nivel m\u00e1ximo de salida16dBu<\/li>\n<li>Impedancia100\u03a9<\/li>\n<\/ul>\n<\/div>\n<div class=\"spec__group\" data-group-id=\"group-8\">\n<h4 class=\"spec__sub-heading h6 \">Salidas de auriculares<\/h4>\n<ul class=\"spec__list \">\n<li>Respuesta en frecuencia20-20kHz \u00b1 0,1dB @ 33\u03a9 \/ 300\u03a9<\/li>\n<li>Rango din\u00e1mico112dB @ 33\u03a9<br \/>\n115dB @ 300\u03a9<\/li>\n<li>THD+N-99dB @ 33\u03a9<br \/>\n-108dB @ 300\u03a9<\/li>\n<li>Nivel m\u00e1ximo de salida5dBu a 33\u03a9<br \/>\n11dBu a 300\u03a9<\/li>\n<li>Potencia m\u00e1xima de salida57mW a 33\u03a9<br \/>\n27mW a 300\u03a9<\/li>\n<li>Impedancia11\u03a9<\/li>\n<\/ul>\n<\/div>\n<div class=\"spec__group\" data-group-id=\"group-9\">\n<h4 class=\"spec__sub-heading h6 \">Conversor anal\u00f3gico-digital<\/h4>\n<ul class=\"spec__list \">\n<li>THD+N-110dB<\/li>\n<li>Rango din\u00e1mico120 dB<\/li>\n<\/ul>\n<\/div>\n<div class=\"spec__group\" data-group-id=\"group-10\">\n<h4 class=\"spec__sub-heading h6 \">Convertidor de digital a anal\u00f3gico<\/h4>\n<ul class=\"spec__list \">\n<li>THD+N-115dB<\/li>\n<li>Rango din\u00e1mico130 dB (ponderaci\u00f3n A)<\/li>\n<\/ul>\n<\/div>\n<div class=\"spec__group\" data-group-id=\"group-11\">\n<h4 class=\"spec__sub-heading h6 \">Potencia<\/h4>\n<ul class=\"spec__list \">\n<li>USB1.5A<\/li>\n<li>Externo (Opcional)7.5W<\/li>\n<\/ul>\n<\/div>\n<div class=\"spec__group\" data-group-id=\"group-12\">\n<h4 class=\"spec__sub-heading h6 \">Qu\u00e9 hay en la caja<\/h4>\n<ul class=\"spec__list \">\n<li>Interfaz de audio Scarlett 4i4<\/li>\n<li>Cable USB-C a USB-C de 1 m<\/li>\n<li>Adaptador USB-C a USB-A<\/li>\n<li>Fuente de alimentaci\u00f3n externa<\/li>\n<\/ul>\n<\/div>\n","protected":false},"excerpt":{"rendered":"<p>Visi\u00f3n general N\u00famero de preamplificadores de micr\u00f3fono2 Alimentaci\u00f3n fantasmaS\u00ed Entradas de instrumentos2 Entradas de l\u00ednea4 Air ModeS\u00ed Auto GainS\u00ed Clip SafeS\u00ed Salidas de l\u00ednea4 Salidas de auriculares1 LoopbackS\u00ed MIDIS\u00ed ConectividadUSB Tipo-C ProtocoloUSB 2.0 Factor de formaSobremesa E\/S simult\u00e1neas6 x 6 (incluidas las entradas de bucle de retorno) Resoluci\u00f3n A\/D24 bits\/192 kHz Alimentaci\u00f3n por busS\u00ed (1,5 [&hellip;]<\/p>\n","protected":false},"featured_media":5170,"comment_status":"open","ping_status":"closed","template":"","meta":{"site-sidebar-layout":"default","site-content-layout":"","ast-site-content-layout":"default","site-content-style":"default","site-sidebar-style":"default","ast-global-header-display":"","ast-banner-title-visibility":"","ast-main-header-display":"","ast-hfb-above-header-display":"","ast-hfb-below-header-display":"","ast-hfb-mobile-header-display":"","site-post-title":"","ast-breadcrumbs-content":"","ast-featured-img":"","footer-sml-layout":"","ast-disable-related-posts":"","theme-transparent-header-meta":"default","adv-header-id-meta":"","stick-header-meta":"","header-above-stick-meta":"","header-main-stick-meta":"","header-below-stick-meta":"","astra-migrate-meta-layouts":"set","ast-page-background-enabled":"default","ast-page-background-meta":{"desktop":{"background-color":"","background-image":"","background-repeat":"repeat","background-position":"center center","background-size":"auto","background-attachment":"scroll","background-type":"","background-media":"","overlay-type":"","overlay-color":"","overlay-opacity":"","overlay-gradient":""},"tablet":{"background-color":"","background-image":"","background-repeat":"repeat","background-position":"center center","background-size":"auto","background-attachment":"scroll","background-type":"","background-media":"","overlay-type":"","overlay-color":"","overlay-opacity":"","overlay-gradient":""},"mobile":{"background-color":"","background-image":"","background-repeat":"repeat","background-position":"center center","background-size":"auto","background-attachment":"scroll","background-type":"","background-media":"","overlay-type":"","overlay-color":"","overlay-opacity":"","overlay-gradient":""}},"ast-content-background-meta":{"desktop":{"background-color":"var(--ast-global-color-5)","background-image":"","background-repeat":"repeat","background-position":"center center","background-size":"auto","background-attachment":"scroll","background-type":"","background-media":"","overlay-type":"","overlay-color":"","overlay-opacity":"","overlay-gradient":""},"tablet":{"background-color":"var(--ast-global-color-5)","background-image":"","background-repeat":"repeat","background-position":"center center","background-size":"auto","background-attachment":"scroll","background-type":"","background-media":"","overlay-type":"","overlay-color":"","overlay-opacity":"","overlay-gradient":""},"mobile":{"background-color":"var(--ast-global-color-5)","background-image":"","background-repeat":"repeat","background-position":"center center","background-size":"auto","background-attachment":"scroll","background-type":"","background-media":"","overlay-type":"","overlay-color":"","overlay-opacity":"","overlay-gradient":""}},"jetpack_publicize_message":"","jetpack_publicize_feature_enabled":true,"jetpack_social_post_already_shared":false,"jetpack_social_options":{"image_generator_settings":{"template":"highway","default_image_id":0,"font":"","enabled":false},"version":2}},"pwb-brand":[],"product_brand":[],"product_cat":[118],"product_tag":[],"class_list":{"0":"post-5166","1":"product","2":"type-product","3":"status-publish","4":"has-post-thumbnail","6":"product_cat-sistemas-de-audio","7":"desktop-align-center","8":"tablet-align-left","9":"mobile-align-left","11":"first","12":"instock","13":"sold-individually","14":"taxable","15":"shipping-taxable","16":"purchasable","17":"product-type-simple"},"supplier_id":null,"supplier_sku":"","barcode":null,"atum_controlled":true,"out_stock_date":null,"out_stock_threshold":null,"inheritable":false,"inbound_stock":null,"stock_on_hold":0,"sold_today":0,"sales_last_days":0,"reserved_stock":null,"customer_returns":null,"warehouse_damage":null,"lost_in_post":null,"other_logs":null,"out_stock_days":0,"lost_sales":0,"has_location":false,"update_date":"2026-05-01T00:40:13","atum_locations":[],"atum_stock_status":"instock","restock_status":false,"low_stock_amount":"","sales_update_date":"2026-05-01T00:40:13","calc_backorders":null,"jetpack_publicize_connections":[],"jetpack_sharing_enabled":true,"brands":[],"_links":{"self":[{"href":"https:\/\/www.surtistereo.com\/index.php?rest_route=\/wp\/v2\/product\/5166","targetHints":{"allow":["GET"]}}],"collection":[{"href":"https:\/\/www.surtistereo.com\/index.php?rest_route=\/wp\/v2\/product"}],"about":[{"href":"https:\/\/www.surtistereo.com\/index.php?rest_route=\/wp\/v2\/types\/product"}],"replies":[{"embeddable":true,"href":"https:\/\/www.surtistereo.com\/index.php?rest_route=%2Fwp%2Fv2%2Fcomments&post=5166"}],"version-history":[{"count":0,"href":"https:\/\/www.surtistereo.com\/index.php?rest_route=\/wp\/v2\/product\/5166\/revisions"}],"wp:featuredmedia":[{"embeddable":true,"href":"https:\/\/www.surtistereo.com\/index.php?rest_route=\/wp\/v2\/media\/5170"}],"wp:attachment":[{"href":"https:\/\/www.surtistereo.com\/index.php?rest_route=%2Fwp%2Fv2%2Fmedia&parent=5166"}],"wp:term":[{"taxonomy":"pwb-brand","embeddable":true,"href":"https:\/\/www.surtistereo.com\/index.php?rest_route=%2Fwp%2Fv2%2Fpwb-brand&post=5166"},{"taxonomy":"product_brand","embeddable":true,"href":"https:\/\/www.surtistereo.com\/index.php?rest_route=%2Fwp%2Fv2%2Fproduct_brand&post=5166"},{"taxonomy":"product_cat","embeddable":true,"href":"https:\/\/www.surtistereo.com\/index.php?rest_route=%2Fwp%2Fv2%2Fproduct_cat&post=5166"},{"taxonomy":"product_tag","embeddable":true,"href":"https:\/\/www.surtistereo.com\/index.php?rest_route=%2Fwp%2Fv2%2Fproduct_tag&post=5166"}],"curies":[{"name":"wp","href":"https:\/\/api.w.org\/{rel}","templated":true}]}}