{"id":3672,"date":"2024-10-16T15:45:31","date_gmt":"2024-10-16T20:45:31","guid":{"rendered":"https:\/\/www.surtistereo.com\/?post_type=product&#038;p=3672"},"modified":"2026-02-24T15:47:49","modified_gmt":"2026-02-24T20:47:49","slug":"subwoofer-18-1200-watts-electro-voice","status":"publish","type":"product","link":"https:\/\/www.surtistereo.com\/?product=subwoofer-18-1200-watts-electro-voice","title":{"rendered":"ELX200-18SP SUBWOOFER 18&#8243; 1200 Watts ELECTRO VOICE"},"content":{"rendered":"<p>ELX200-18SP Subwoofer Activo De 18 \u00bb<br \/>\nAplicaci\u00f3n EV QuickSmart Mobile: configure, controle y monitoree de forma r\u00e1pida e inal\u00e1mbrica hasta seis altavoces ELX200 autom\u00e1ticamente, y solicite una notificaci\u00f3n inmediata durante las condiciones de rendimiento. Bluetooth\u00ae est\u00e1 disponible en pa\u00edses seleccionados.<br \/>\nQuickSmartDSP presenta el mejor procesamiento de su clase. F\u00e1cil configuraci\u00f3n a trav\u00e9s de tres preajustes, coincidencia de sistema sub \/ superior, cinco preajustes programables por el usuario, monitoreo visual del estado del limitador, control de nivel de entrada y medidores, y control de volumen maestro para optimizar la estructura de ganancia, todo a trav\u00e9s de LCD.<br \/>\nEl amplificador de potencia Clase-D de 1200 W de alta eficiencia ofrece SPL pico de hasta 132 dB utilizando un transductor ultraeficiente y de alta sensibilidad dise\u00f1ado y desarrollado por EV.<br \/>\nIdeal para aplicaciones port\u00e1tiles e instaladas. Hardware de grado profesional: placa de montaje en poste roscada M20 integrada y dise\u00f1o de dos manijas para levantar f\u00e1cilmente.<br \/>\nELX200-18SP presenta amplificadores de potencia Clase D de alta eficiencia (hasta 1200 W) con QuickSmartDSP integrado, y ofrece hasta 132 dB SPL utilizando transductores dise\u00f1ados y fabricados por EV (woofer EVS-18L de 18 pulgadas). Los modelos de subwoofer activo permiten una f\u00e1cil configuraci\u00f3n a trav\u00e9s de tres presets (Music, Live, Club), crossovers de combinaci\u00f3n de sistema sub \/ top, EQ de tres bandas, cinco presets programables por el usuario (Store and Recall ajustes), monitoreo visual del estado del limitador, control de nivel de entrada y medidores, y control de volumen maestro para asegurar una estructura de ganancia \u00f3ptima. Los modelos con motor ELX200 son ideales para aplicaciones port\u00e1tiles e instaladas, con gabinetes de madera livianos y compactos de 15 mm, placa de montaje en poste con poste roscado M20 integrado y dise\u00f1o de dos manijas para levantar f\u00e1cilmente.<br \/>\nLa nueva aplicaci\u00f3n de control y monitoreo inal\u00e1mbrico QuickSmart Mobile, que utiliza la tecnolog\u00eda Bluetooth\u00ae Low Energy (BTLE), permite el control intuitivo del sistema, la configuraci\u00f3n y el monitoreo de hasta seis altavoces ELX200 alimentados autom\u00e1ticamente. Reciba alertas cuando su sistema est\u00e9 sobrecargado y controle su sistema mientras est\u00e1 frente a sus altavoces, no detr\u00e1s. Bluetooth\u00ae est\u00e1 disponible en pa\u00edses seleccionados.<\/p>\n<p>Respuesta de frecuencia (-3 dB)47 Hz &#8211; 105 Hz\u00b9<br \/>\nRango de frecuencia (-10 dB)40 Hz &#8211; 145 Hz\u00b9<br \/>\nSPL m\u00e1ximo132 dB\u00b2<\/p>\n","protected":false},"excerpt":{"rendered":"<p>ELX200-18SP Subwoofer Activo De 18 \u00bb<br \/>\nAplicaci\u00f3n EV QuickSmart Mobile: configure, controle y monitoree de forma r\u00e1pida e inal\u00e1mbrica hasta seis altavoces ELX200 autom\u00e1ticamente, y solicite una notificaci\u00f3n inmediata durante las condiciones de rendimiento. Bluetooth\u00ae est\u00e1 disponible en pa\u00edses seleccionados.<br \/>\nQuickSmartDSP presenta el mejor procesamiento de su clase. F\u00e1cil configuraci\u00f3n a trav\u00e9s de tres preajustes, coincidencia de sistema sub \/ superior, cinco preajustes programables por el usuario, monitoreo visual del estado del limitador, control de nivel de entrada y medidores, y control de volumen maestro para optimizar la estructura de ganancia, todo a trav\u00e9s de LCD.<br \/>\nEl amplificador de potencia Clase-D de 1200 W de alta eficiencia ofrece SPL pico de hasta 132 dB utilizando un transductor ultraeficiente y de alta sensibilidad dise\u00f1ado y desarrollado por EV.<br \/>\nIdeal para aplicaciones port\u00e1tiles e instaladas. Hardware de grado profesional: placa de montaje en poste roscada M20 integrada y dise\u00f1o de dos manijas para levantar f\u00e1cilmente.<br \/>\nELX200-18SP presenta amplificadores de potencia Clase D de alta eficiencia (hasta 1200 W) con QuickSmartDSP integrado, y ofrece hasta 132 dB SPL utilizando transductores dise\u00f1ados y fabricados por EV (woofer EVS-18L de 18 pulgadas). Los modelos de subwoofer activo permiten una f\u00e1cil configuraci\u00f3n a trav\u00e9s de tres presets (Music, Live, Club), crossovers de combinaci\u00f3n de sistema sub \/ top, EQ de tres bandas, cinco presets programables por el usuario (Store and Recall ajustes), monitoreo visual del estado del limitador, control de nivel de entrada y medidores, y control de volumen maestro para asegurar una estructura de ganancia \u00f3ptima. Los modelos con motor ELX200 son ideales para aplicaciones port\u00e1tiles e instaladas, con gabinetes de madera livianos y compactos de 15 mm, placa de montaje en poste con poste roscado M20 integrado y dise\u00f1o de dos manijas para levantar f\u00e1cilmente.<br \/>\nLa nueva aplicaci\u00f3n de control y monitoreo inal\u00e1mbrico QuickSmart Mobile, que utiliza la tecnolog\u00eda Bluetooth\u00ae Low Energy (BTLE), permite el control intuitivo del sistema, la configuraci\u00f3n y el monitoreo de hasta seis altavoces ELX200 alimentados autom\u00e1ticamente. Reciba alertas cuando su sistema est\u00e9 sobrecargado y controle su sistema mientras est\u00e1 frente a sus altavoces, no detr\u00e1s. Bluetooth\u00ae est\u00e1 disponible en pa\u00edses seleccionados.<\/p>\n<p>Respuesta de frecuencia (-3 dB)47 Hz &#8211; 105 Hz\u00b9<br \/>\nRango de frecuencia (-10 dB)40 Hz &#8211; 145 Hz\u00b9<br \/>\nSPL m\u00e1ximo132 dB\u00b2<\/p>\n","protected":false},"featured_media":3673,"comment_status":"open","ping_status":"closed","template":"","meta":{"site-sidebar-layout":"default","site-content-layout":"","ast-site-content-layout":"default","site-content-style":"default","site-sidebar-style":"default","ast-global-header-display":"","ast-banner-title-visibility":"","ast-main-header-display":"","ast-hfb-above-header-display":"","ast-hfb-below-header-display":"","ast-hfb-mobile-header-display":"","site-post-title":"","ast-breadcrumbs-content":"","ast-featured-img":"","footer-sml-layout":"","ast-disable-related-posts":"","theme-transparent-header-meta":"default","adv-header-id-meta":"","stick-header-meta":"","header-above-stick-meta":"","header-main-stick-meta":"","header-below-stick-meta":"","astra-migrate-meta-layouts":"set","ast-page-background-enabled":"default","ast-page-background-meta":{"desktop":{"background-color":"","background-image":"","background-repeat":"repeat","background-position":"center center","background-size":"auto","background-attachment":"scroll","background-type":"","background-media":"","overlay-type":"","overlay-color":"","overlay-opacity":"","overlay-gradient":""},"tablet":{"background-color":"","background-image":"","background-repeat":"repeat","background-position":"center center","background-size":"auto","background-attachment":"scroll","background-type":"","background-media":"","overlay-type":"","overlay-color":"","overlay-opacity":"","overlay-gradient":""},"mobile":{"background-color":"","background-image":"","background-repeat":"repeat","background-position":"center center","background-size":"auto","background-attachment":"scroll","background-type":"","background-media":"","overlay-type":"","overlay-color":"","overlay-opacity":"","overlay-gradient":""}},"ast-content-background-meta":{"desktop":{"background-color":"var(--ast-global-color-5)","background-image":"","background-repeat":"repeat","background-position":"center center","background-size":"auto","background-attachment":"scroll","background-type":"","background-media":"","overlay-type":"","overlay-color":"","overlay-opacity":"","overlay-gradient":""},"tablet":{"background-color":"var(--ast-global-color-5)","background-image":"","background-repeat":"repeat","background-position":"center center","background-size":"auto","background-attachment":"scroll","background-type":"","background-media":"","overlay-type":"","overlay-color":"","overlay-opacity":"","overlay-gradient":""},"mobile":{"background-color":"var(--ast-global-color-5)","background-image":"","background-repeat":"repeat","background-position":"center center","background-size":"auto","background-attachment":"scroll","background-type":"","background-media":"","overlay-type":"","overlay-color":"","overlay-opacity":"","overlay-gradient":""}},"jetpack_publicize_message":"","jetpack_publicize_feature_enabled":true,"jetpack_social_post_already_shared":false,"jetpack_social_options":{"image_generator_settings":{"template":"highway","default_image_id":0,"font":"","enabled":false},"version":2}},"pwb-brand":[173],"product_brand":[],"product_cat":[118,68],"product_tag":[],"class_list":{"0":"post-3672","1":"product","2":"type-product","3":"status-publish","4":"has-post-thumbnail","6":"pwb-brand-electro-voice","7":"product_cat-sistemas-de-audio","8":"product_cat-subwoofer","9":"desktop-align-center","10":"tablet-align-left","11":"mobile-align-left","13":"first","14":"outofstock","15":"sold-individually","16":"taxable","17":"shipping-taxable","18":"purchasable","19":"product-type-simple"},"supplier_id":null,"supplier_sku":"","barcode":null,"atum_controlled":true,"out_stock_date":null,"out_stock_threshold":null,"inheritable":false,"inbound_stock":null,"stock_on_hold":0,"sold_today":0,"sales_last_days":0,"reserved_stock":null,"customer_returns":null,"warehouse_damage":null,"lost_in_post":null,"other_logs":null,"out_stock_days":0,"lost_sales":0,"has_location":null,"update_date":"2026-05-01T00:40:13","atum_locations":[],"atum_stock_status":"outofstock","restock_status":false,"low_stock_amount":"","sales_update_date":"2026-05-01T00:40:13","calc_backorders":null,"jetpack_publicize_connections":[],"jetpack_sharing_enabled":true,"brands":[{"id":173,"name":"ELECTRO-VOICE","slug":"electro-voice"}],"_links":{"self":[{"href":"https:\/\/www.surtistereo.com\/index.php?rest_route=\/wp\/v2\/product\/3672","targetHints":{"allow":["GET"]}}],"collection":[{"href":"https:\/\/www.surtistereo.com\/index.php?rest_route=\/wp\/v2\/product"}],"about":[{"href":"https:\/\/www.surtistereo.com\/index.php?rest_route=\/wp\/v2\/types\/product"}],"replies":[{"embeddable":true,"href":"https:\/\/www.surtistereo.com\/index.php?rest_route=%2Fwp%2Fv2%2Fcomments&post=3672"}],"version-history":[{"count":2,"href":"https:\/\/www.surtistereo.com\/index.php?rest_route=\/wp\/v2\/product\/3672\/revisions"}],"predecessor-version":[{"id":6537,"href":"https:\/\/www.surtistereo.com\/index.php?rest_route=\/wp\/v2\/product\/3672\/revisions\/6537"}],"wp:featuredmedia":[{"embeddable":true,"href":"https:\/\/www.surtistereo.com\/index.php?rest_route=\/wp\/v2\/media\/3673"}],"wp:attachment":[{"href":"https:\/\/www.surtistereo.com\/index.php?rest_route=%2Fwp%2Fv2%2Fmedia&parent=3672"}],"wp:term":[{"taxonomy":"pwb-brand","embeddable":true,"href":"https:\/\/www.surtistereo.com\/index.php?rest_route=%2Fwp%2Fv2%2Fpwb-brand&post=3672"},{"taxonomy":"product_brand","embeddable":true,"href":"https:\/\/www.surtistereo.com\/index.php?rest_route=%2Fwp%2Fv2%2Fproduct_brand&post=3672"},{"taxonomy":"product_cat","embeddable":true,"href":"https:\/\/www.surtistereo.com\/index.php?rest_route=%2Fwp%2Fv2%2Fproduct_cat&post=3672"},{"taxonomy":"product_tag","embeddable":true,"href":"https:\/\/www.surtistereo.com\/index.php?rest_route=%2Fwp%2Fv2%2Fproduct_tag&post=3672"}],"curies":[{"name":"wp","href":"https:\/\/api.w.org\/{rel}","templated":true}]}}