{"id":3596,"date":"2024-10-11T15:50:53","date_gmt":"2024-10-11T20:50:53","guid":{"rendered":"https:\/\/www.surtistereo.com\/?post_type=product&#038;p=3596"},"modified":"2026-05-15T09:24:23","modified_gmt":"2026-05-15T14:24:23","slug":"soporte-tv-doble-brazo-giratorio-zeno-p600-de-42-80-pulgadas-zeno","status":"publish","type":"product","link":"https:\/\/www.surtistereo.com\/?product=soporte-tv-doble-brazo-giratorio-zeno-p600-de-42-80-pulgadas-zeno","title":{"rendered":"Soporte Tv Doble Brazo Giratorio ZENO P600 De 42-80 Pulgadas &#8211; ZENO"},"content":{"rendered":"<p>ZENO P600 Soporte ZENO P600. Se adapta a la mayor\u00eda de televisores de pantalla plana de 42 a 80 pulgadas. (Nota: el tama\u00f1o de pantalla compatible se proporciona solo como referencia)<br \/>\nSuspensi\u00f3n y parada libres y cualquier \u00e1ngulo de inclinaci\u00f3n hacia arriba o hacia abajo entre -5 y +8 grados.<br \/>\nGiro de izquierda a derecha entre 50 y 80 grados.<br \/>\nConstrucci\u00f3n robusta.<br \/>\nCon este soporte de montaje en pared para TV con movimiento completo, puede fijar, inclinar, extender, plegar y rotar f\u00e1cilmente su televisor y cualquier \u00e1ngulo de visi\u00f3n que desee.<br \/>\nNuestros accesorios est\u00e1ndar le permiten ampliar la distancia de montaje VESA libre de 200 x 200 mm a 600 x 400 mm.<br \/>\nLa cubierta de la placa de pared y el sistema de cable oculto se ven m\u00e1s lujosos y agradables, tambi\u00e9n hicieron que el cable del televisor quedara ordenado detr\u00e1s de su televisor.<br \/>\nTornillos de instalaci\u00f3n est\u00e1ndar incluidos.<\/p>\n","protected":false},"excerpt":{"rendered":"<p>ZENO P600 Soporte ZENO P600. Se adapta a la mayor\u00eda de televisores de pantalla plana de 42 a 80 pulgadas. (Nota: el tama\u00f1o de pantalla compatible se proporciona solo como referencia)<br \/>\nSuspensi\u00f3n y parada libres y cualquier \u00e1ngulo de inclinaci\u00f3n hacia arriba o hacia abajo entre -5 y +8 grados.<br \/>\nGiro de izquierda a derecha entre 50 y 80 grados.<br \/>\nConstrucci\u00f3n robusta.<br \/>\nCon este soporte de montaje en pared para TV con movimiento completo, puede fijar, inclinar, extender, plegar y rotar f\u00e1cilmente su televisor y cualquier \u00e1ngulo de visi\u00f3n que desee.<br \/>\nNuestros accesorios est\u00e1ndar le permiten ampliar la distancia de montaje VESA libre de 200 x 200 mm a 600 x 400 mm.<br \/>\nLa cubierta de la placa de pared y el sistema de cable oculto se ven m\u00e1s lujosos y agradables, tambi\u00e9n hicieron que el cable del televisor quedara ordenado detr\u00e1s de su televisor.<br \/>\nTornillos de instalaci\u00f3n est\u00e1ndar incluidos.<\/p>\n","protected":false},"featured_media":3595,"comment_status":"open","ping_status":"closed","template":"","meta":{"site-sidebar-layout":"default","site-content-layout":"","ast-site-content-layout":"default","site-content-style":"default","site-sidebar-style":"default","ast-global-header-display":"","ast-banner-title-visibility":"","ast-main-header-display":"","ast-hfb-above-header-display":"","ast-hfb-below-header-display":"","ast-hfb-mobile-header-display":"","site-post-title":"","ast-breadcrumbs-content":"","ast-featured-img":"","footer-sml-layout":"","ast-disable-related-posts":"","theme-transparent-header-meta":"default","adv-header-id-meta":"","stick-header-meta":"","header-above-stick-meta":"","header-main-stick-meta":"","header-below-stick-meta":"","astra-migrate-meta-layouts":"set","ast-page-background-enabled":"default","ast-page-background-meta":{"desktop":{"background-color":"","background-image":"","background-repeat":"repeat","background-position":"center center","background-size":"auto","background-attachment":"scroll","background-type":"","background-media":"","overlay-type":"","overlay-color":"","overlay-opacity":"","overlay-gradient":""},"tablet":{"background-color":"","background-image":"","background-repeat":"repeat","background-position":"center center","background-size":"auto","background-attachment":"scroll","background-type":"","background-media":"","overlay-type":"","overlay-color":"","overlay-opacity":"","overlay-gradient":""},"mobile":{"background-color":"","background-image":"","background-repeat":"repeat","background-position":"center center","background-size":"auto","background-attachment":"scroll","background-type":"","background-media":"","overlay-type":"","overlay-color":"","overlay-opacity":"","overlay-gradient":""}},"ast-content-background-meta":{"desktop":{"background-color":"var(--ast-global-color-5)","background-image":"","background-repeat":"repeat","background-position":"center center","background-size":"auto","background-attachment":"scroll","background-type":"","background-media":"","overlay-type":"","overlay-color":"","overlay-opacity":"","overlay-gradient":""},"tablet":{"background-color":"var(--ast-global-color-5)","background-image":"","background-repeat":"repeat","background-position":"center center","background-size":"auto","background-attachment":"scroll","background-type":"","background-media":"","overlay-type":"","overlay-color":"","overlay-opacity":"","overlay-gradient":""},"mobile":{"background-color":"var(--ast-global-color-5)","background-image":"","background-repeat":"repeat","background-position":"center center","background-size":"auto","background-attachment":"scroll","background-type":"","background-media":"","overlay-type":"","overlay-color":"","overlay-opacity":"","overlay-gradient":""}},"jetpack_publicize_message":"","jetpack_publicize_feature_enabled":true,"jetpack_social_post_already_shared":false,"jetpack_social_options":{"image_generator_settings":{"template":"highway","default_image_id":0,"font":"","enabled":false},"version":2}},"pwb-brand":[],"product_brand":[],"product_cat":[109],"product_tag":[],"class_list":{"0":"post-3596","1":"product","2":"type-product","3":"status-publish","4":"has-post-thumbnail","6":"product_cat-bases-y-tripodes","7":"desktop-align-center","8":"tablet-align-left","9":"mobile-align-left","11":"first","12":"instock","13":"sold-individually","14":"taxable","15":"shipping-taxable","16":"purchasable","17":"product-type-simple"},"supplier_id":null,"supplier_sku":"","barcode":null,"atum_controlled":true,"out_stock_date":null,"out_stock_threshold":null,"inheritable":false,"inbound_stock":null,"stock_on_hold":0,"sold_today":0,"sales_last_days":0,"reserved_stock":null,"customer_returns":null,"warehouse_damage":null,"lost_in_post":null,"other_logs":null,"out_stock_days":0,"lost_sales":0,"has_location":null,"update_date":"2026-05-16T00:08:49","atum_locations":[],"atum_stock_status":"instock","restock_status":false,"low_stock_amount":"","sales_update_date":"2026-05-16T00:08:49","calc_backorders":null,"jetpack_publicize_connections":[],"jetpack_sharing_enabled":true,"brands":[],"_links":{"self":[{"href":"https:\/\/www.surtistereo.com\/index.php?rest_route=\/wp\/v2\/product\/3596","targetHints":{"allow":["GET"]}}],"collection":[{"href":"https:\/\/www.surtistereo.com\/index.php?rest_route=\/wp\/v2\/product"}],"about":[{"href":"https:\/\/www.surtistereo.com\/index.php?rest_route=\/wp\/v2\/types\/product"}],"replies":[{"embeddable":true,"href":"https:\/\/www.surtistereo.com\/index.php?rest_route=%2Fwp%2Fv2%2Fcomments&post=3596"}],"version-history":[{"count":0,"href":"https:\/\/www.surtistereo.com\/index.php?rest_route=\/wp\/v2\/product\/3596\/revisions"}],"wp:featuredmedia":[{"embeddable":true,"href":"https:\/\/www.surtistereo.com\/index.php?rest_route=\/wp\/v2\/media\/3595"}],"wp:attachment":[{"href":"https:\/\/www.surtistereo.com\/index.php?rest_route=%2Fwp%2Fv2%2Fmedia&parent=3596"}],"wp:term":[{"taxonomy":"pwb-brand","embeddable":true,"href":"https:\/\/www.surtistereo.com\/index.php?rest_route=%2Fwp%2Fv2%2Fpwb-brand&post=3596"},{"taxonomy":"product_brand","embeddable":true,"href":"https:\/\/www.surtistereo.com\/index.php?rest_route=%2Fwp%2Fv2%2Fproduct_brand&post=3596"},{"taxonomy":"product_cat","embeddable":true,"href":"https:\/\/www.surtistereo.com\/index.php?rest_route=%2Fwp%2Fv2%2Fproduct_cat&post=3596"},{"taxonomy":"product_tag","embeddable":true,"href":"https:\/\/www.surtistereo.com\/index.php?rest_route=%2Fwp%2Fv2%2Fproduct_tag&post=3596"}],"curies":[{"name":"wp","href":"https:\/\/api.w.org\/{rel}","templated":true}]}}