{"id":3232,"date":"2024-04-18T22:08:30","date_gmt":"2024-04-18T22:08:30","guid":{"rendered":"https:\/\/surtistereo.com\/?post_type=product&#038;p=3232"},"modified":"2025-12-26T16:51:36","modified_gmt":"2025-12-26T21:51:36","slug":"microfono-inalambrico-circuito-integrado-uhf-de-alto-rendimiento-tasktar","status":"publish","type":"product","link":"https:\/\/www.surtistereo.com\/?product=microfono-inalambrico-circuito-integrado-uhf-de-alto-rendimiento-tasktar","title":{"rendered":"TS-3310UH MICR\u00d3FONO INAL\u00c1MBRICO CIRCUITO INTEGRADO UHF DE ALTO RENDIMIENTO TASKTAR"},"content":{"rendered":"<pre data-v-28a66356=\"\">TS-3310UH\r\nReceptor:\r\n\u2022 Rango de frecuencia: 470-932MHz (segmentado)\r\n\u2022 Estabilidad de frecuencia: \u00b1 10 ppm\r\n\u2022 Sensibilidad: 10dBuV\r\n\u2022 Rechazo de canal adyacente: 65 dB\r\n\u2022 Rechazo de frecuencia de imagen: 75 dB\r\n\u2022 Salida de audio: 200 mV\r\n\u2022 Impedancia de salida: Conector XLR: 200\u03a9; Conector 1\/4\u201d: 1K\r\n\u2022 Relaci\u00f3n se\u00f1al\/ruido: 100 dB\r\n\u2022 Distorsi\u00f3n: &lt;0,1%\r\n\u2022 Respuesta de frecuencia: 50 Hz-18 KHz\r\n\u2022 Distancia de recepci\u00f3n: 100 (m)\r\n\u2022 Pantalla de funciones: LCD\r\n\u2022 Fuente de alimentaci\u00f3n: CC 12 V\r\n\u2022 Dimensi\u00f3n: 210*180*45 mm\r\n\u2022 Peso aproximado. 745g\r\n\u2022 Material: caja de hierro, panel de aluminio\r\n\r\nTransmisor:\r\n\u2022 Rango de frecuencia: 470-932MHz (segmentado)\r\n\u2022 Estabilidad de frecuencia: \u00b1 10 ppm\r\n\u2022 Potencia de transmisi\u00f3n: 10 mW\r\n\u2022 Distancia de recepci\u00f3n: 100 (m)\r\n\u2022 Supresi\u00f3n de arm\u00f3nicos: &gt;65 dB\r\n\u2022 Modulaci\u00f3n: FM\r\n\u2022 Grado m\u00e1ximo de modulaci\u00f3n: 75K\r\n\u2022 Voltaje de funcionamiento: 3V\r\n\u2022 Corriente de funcionamiento: 120 mA\r\n\u2022 Pantalla de funciones: LCD<\/pre>\n","protected":false},"excerpt":{"rendered":"<p>TS-3310UH<\/p>\n<ul>\n<li>Circuito integrado UHF de alto rendimiento, m\u00faltiples canales de frecuencia seleccionables, mejor estabilidad y cobertura de rincones<\/li>\n<li>La funci\u00f3n de c\u00f3digo de identificaci\u00f3n de canal especial (tecla de tono) previene eficazmente la diafon\u00eda<\/li>\n<li>Descripci\u00f3n general intuitiva del estado de trabajo en la pantalla LCD<\/li>\n<li>La funci\u00f3n de escaneo de una tecla en el receptor encuentra autom\u00e1ticamente el mejor canal disponible<\/li>\n<\/ul>\n<p>\u2022 Sincronizaci\u00f3n por infrarrojos para sincronizar f\u00e1cilmente el transmisor y el receptor con una sola pulsaci\u00f3n<\/p>\n<p>\u2022 Salida combo XLR balanceada independiente y 6.3 no balanceada<\/p>\n","protected":false},"featured_media":3235,"comment_status":"open","ping_status":"closed","template":"","meta":{"site-sidebar-layout":"default","site-content-layout":"","ast-site-content-layout":"default","site-content-style":"default","site-sidebar-style":"default","ast-global-header-display":"","ast-banner-title-visibility":"","ast-main-header-display":"","ast-hfb-above-header-display":"","ast-hfb-below-header-display":"","ast-hfb-mobile-header-display":"","site-post-title":"","ast-breadcrumbs-content":"","ast-featured-img":"","footer-sml-layout":"","ast-disable-related-posts":"","theme-transparent-header-meta":"default","adv-header-id-meta":"","stick-header-meta":"","header-above-stick-meta":"","header-main-stick-meta":"","header-below-stick-meta":"","astra-migrate-meta-layouts":"set","ast-page-background-enabled":"default","ast-page-background-meta":{"desktop":{"background-color":"","background-image":"","background-repeat":"repeat","background-position":"center center","background-size":"auto","background-attachment":"scroll","background-type":"","background-media":"","overlay-type":"","overlay-color":"","overlay-opacity":"","overlay-gradient":""},"tablet":{"background-color":"","background-image":"","background-repeat":"repeat","background-position":"center center","background-size":"auto","background-attachment":"scroll","background-type":"","background-media":"","overlay-type":"","overlay-color":"","overlay-opacity":"","overlay-gradient":""},"mobile":{"background-color":"","background-image":"","background-repeat":"repeat","background-position":"center center","background-size":"auto","background-attachment":"scroll","background-type":"","background-media":"","overlay-type":"","overlay-color":"","overlay-opacity":"","overlay-gradient":""}},"ast-content-background-meta":{"desktop":{"background-color":"var(--ast-global-color-5)","background-image":"","background-repeat":"repeat","background-position":"center center","background-size":"auto","background-attachment":"scroll","background-type":"","background-media":"","overlay-type":"","overlay-color":"","overlay-opacity":"","overlay-gradient":""},"tablet":{"background-color":"var(--ast-global-color-5)","background-image":"","background-repeat":"repeat","background-position":"center center","background-size":"auto","background-attachment":"scroll","background-type":"","background-media":"","overlay-type":"","overlay-color":"","overlay-opacity":"","overlay-gradient":""},"mobile":{"background-color":"var(--ast-global-color-5)","background-image":"","background-repeat":"repeat","background-position":"center center","background-size":"auto","background-attachment":"scroll","background-type":"","background-media":"","overlay-type":"","overlay-color":"","overlay-opacity":"","overlay-gradient":""}},"jetpack_publicize_message":"","jetpack_publicize_feature_enabled":true,"jetpack_social_post_already_shared":false,"jetpack_social_options":{"image_generator_settings":{"template":"highway","default_image_id":0,"font":"","enabled":false},"version":2}},"pwb-brand":[188],"product_brand":[],"product_cat":[87],"product_tag":[],"class_list":{"0":"post-3232","1":"product","2":"type-product","3":"status-publish","4":"has-post-thumbnail","6":"pwb-brand-takastar","7":"product_cat-microfono","8":"desktop-align-center","9":"tablet-align-left","10":"mobile-align-left","12":"first","13":"instock","14":"sold-individually","15":"taxable","16":"shipping-taxable","17":"purchasable","18":"product-type-simple"},"supplier_id":null,"supplier_sku":"","barcode":null,"atum_controlled":true,"out_stock_date":null,"out_stock_threshold":null,"inheritable":false,"inbound_stock":null,"stock_on_hold":0,"sold_today":0,"sales_last_days":0,"reserved_stock":null,"customer_returns":null,"warehouse_damage":null,"lost_in_post":null,"other_logs":null,"out_stock_days":0,"lost_sales":0,"has_location":null,"update_date":"2026-05-01T00:40:13","atum_locations":[],"atum_stock_status":"instock","restock_status":false,"low_stock_amount":"","sales_update_date":"2026-05-01T00:40:13","calc_backorders":null,"jetpack_publicize_connections":[],"jetpack_sharing_enabled":true,"brands":[{"id":188,"name":"TAKASTAR","slug":"takastar"}],"_links":{"self":[{"href":"https:\/\/www.surtistereo.com\/index.php?rest_route=\/wp\/v2\/product\/3232","targetHints":{"allow":["GET"]}}],"collection":[{"href":"https:\/\/www.surtistereo.com\/index.php?rest_route=\/wp\/v2\/product"}],"about":[{"href":"https:\/\/www.surtistereo.com\/index.php?rest_route=\/wp\/v2\/types\/product"}],"replies":[{"embeddable":true,"href":"https:\/\/www.surtistereo.com\/index.php?rest_route=%2Fwp%2Fv2%2Fcomments&post=3232"}],"version-history":[{"count":2,"href":"https:\/\/www.surtistereo.com\/index.php?rest_route=\/wp\/v2\/product\/3232\/revisions"}],"predecessor-version":[{"id":6548,"href":"https:\/\/www.surtistereo.com\/index.php?rest_route=\/wp\/v2\/product\/3232\/revisions\/6548"}],"wp:featuredmedia":[{"embeddable":true,"href":"https:\/\/www.surtistereo.com\/index.php?rest_route=\/wp\/v2\/media\/3235"}],"wp:attachment":[{"href":"https:\/\/www.surtistereo.com\/index.php?rest_route=%2Fwp%2Fv2%2Fmedia&parent=3232"}],"wp:term":[{"taxonomy":"pwb-brand","embeddable":true,"href":"https:\/\/www.surtistereo.com\/index.php?rest_route=%2Fwp%2Fv2%2Fpwb-brand&post=3232"},{"taxonomy":"product_brand","embeddable":true,"href":"https:\/\/www.surtistereo.com\/index.php?rest_route=%2Fwp%2Fv2%2Fproduct_brand&post=3232"},{"taxonomy":"product_cat","embeddable":true,"href":"https:\/\/www.surtistereo.com\/index.php?rest_route=%2Fwp%2Fv2%2Fproduct_cat&post=3232"},{"taxonomy":"product_tag","embeddable":true,"href":"https:\/\/www.surtistereo.com\/index.php?rest_route=%2Fwp%2Fv2%2Fproduct_tag&post=3232"}],"curies":[{"name":"wp","href":"https:\/\/api.w.org\/{rel}","templated":true}]}}