{"id":3226,"date":"2024-04-18T22:01:13","date_gmt":"2024-04-18T22:01:13","guid":{"rendered":"https:\/\/surtistereo.com\/?post_type=product&#038;p=3226"},"modified":"2025-12-12T11:06:50","modified_gmt":"2025-12-12T16:06:50","slug":"barra-de-sonido-yamaha-con-subwoofer-integrado-bluetooth-yamaha","status":"publish","type":"product","link":"https:\/\/www.surtistereo.com\/?product=barra-de-sonido-yamaha-con-subwoofer-integrado-bluetooth-yamaha","title":{"rendered":"SR-B20A BARRA DE SONIDO YAMAHA CON SUBWOOFER INTEGRADO &#8211; BLUETOOTH YAMAHA"},"content":{"rendered":"<table width=\"610\">\n<thead>\n<tr>\n<td colspan=\"2\"><\/td>\n<td><strong>SR-B20A<\/strong><\/td>\n<\/tr>\n<\/thead>\n<tbody>\n<tr>\n<td rowspan=\"6\"><strong>General<\/strong><\/td>\n<td><strong>Conductores<\/strong><\/td>\n<td>Frontal L\/R: cono de 4,6 cm (1,8&#8243;) \u00d7 2, subwoofer incorporado: cono de 7,5 cm (3&#8243;) \u00d7 1<\/td>\n<td><\/td>\n<\/tr>\n<tr>\n<td><strong>Potencia de salida<\/strong><\/td>\n<td>100 W (Frontal L\/R: 20 W \u00d7 2 canales, subwoofer incorporado: 60 W)<\/td>\n<td><\/td>\n<\/tr>\n<tr>\n<td><strong>El consumo de energ\u00eda<\/strong><\/td>\n<td>13 W (nominal)<\/td>\n<td><\/td>\n<\/tr>\n<tr>\n<td><strong>Consumo de energ\u00eda en espera<\/strong><\/td>\n<td>0,2 W (control HDMI desactivado, modo de espera Bluetooth desactivado), 0,4 W (control HDMI activado, modo de espera Bluetooth activado)<\/td>\n<td><\/td>\n<\/tr>\n<tr>\n<td><strong>Dimensiones (Ancho x Alto x Fondo)<\/strong><\/td>\n<td>Instalaci\u00f3n de la unidad frente a un televisor: 600 \u00d7 64 \u00d7 94 mm (23-5\/8&#8243; \u00d7 2-1\/2&#8243; \u00d7 3-3\/4&#8243;), Montaje de la unidad en una pared con espaciadores: 600 \u00d7 64 \u00d7 102 mm (23-5\/8&#8243; \u00d7 2-1\/2&#8243; \u00d7 4&#8243;)<\/td>\n<td><\/td>\n<\/tr>\n<tr>\n<td><strong>Peso<\/strong><\/td>\n<td>1,8 kg (3,9 libras)<\/td>\n<td><\/td>\n<\/tr>\n<tr>\n<td rowspan=\"4\"><strong>De entrada y salida<\/strong><\/td>\n<td><strong>hdmi<\/strong><\/td>\n<td>1 salida (TV ARC)<\/td>\n<td><\/td>\n<\/tr>\n<tr>\n<td><strong>\u00f3ptico digital<\/strong><\/td>\n<td>2 en<\/td>\n<td><\/td>\n<\/tr>\n<tr>\n<td><strong>Salida de subwoofer<\/strong><\/td>\n<td>No<\/td>\n<td><\/td>\n<\/tr>\n<tr>\n<td><strong>Audio anal\u00f3gico<\/strong><\/td>\n<td>1 en<\/td>\n<td><\/td>\n<\/tr>\n<tr>\n<td rowspan=\"5\"><strong>hdmi<\/strong><\/td>\n<td><strong>Paso 4K<\/strong><\/td>\n<td>No<\/td>\n<td><\/td>\n<\/tr>\n<tr>\n<td><strong>Paso 3D<\/strong><\/td>\n<td>No<\/td>\n<td><\/td>\n<\/tr>\n<tr>\n<td><strong>ARCO<\/strong><\/td>\n<td>S\u00ed<\/td>\n<td><\/td>\n<\/tr>\n<tr>\n<td><strong>CCA<\/strong><\/td>\n<td>S\u00ed<\/td>\n<td><\/td>\n<\/tr>\n<tr>\n<td><strong>Sincronizaci\u00f3n de labios autom\u00e1tica<\/strong><\/td>\n<td>No<\/td>\n<td><\/td>\n<\/tr>\n<tr>\n<td rowspan=\"4\"><strong>Tecnolog\u00eda de sonido<\/strong><\/td>\n<td><strong>Tecnolog\u00eda envolvente<\/strong><\/td>\n<td>Audio Dolby<\/td>\n<td><\/td>\n<\/tr>\n<tr>\n<td><strong>Modo envolvente<\/strong><\/td>\n<td>Est\u00e9reo, Est\u00e1ndar, Pel\u00edcula, Juego<\/td>\n<td><\/td>\n<\/tr>\n<tr>\n<td><strong>Mejorador de m\u00fasica comprimida<\/strong><\/td>\n<td>S\u00ed (para Bluetooth)<\/td>\n<td><\/td>\n<\/tr>\n<tr>\n<td><strong>Extensi\u00f3n de bajo<\/strong><\/td>\n<td>S\u00ed<\/td>\n<td><\/td>\n<\/tr>\n<tr>\n<td rowspan=\"4\"><strong>Formatos de audio<\/strong><\/td>\n<td><strong>Dolby Digital<\/strong><\/td>\n<td>S\u00ed<\/td>\n<td><\/td>\n<\/tr>\n<tr>\n<td><strong>Dolby Pro L\u00f3gica II<\/strong><\/td>\n<td>S\u00ed<\/td>\n<td><\/td>\n<\/tr>\n<tr>\n<td><strong>Sonido envolvente digital DTS<\/strong><\/td>\n<td>No<\/td>\n<td><\/td>\n<\/tr>\n<tr>\n<td><strong>Formato de archivo<\/strong><\/td>\n<td>No<\/td>\n<td><\/td>\n<\/tr>\n<tr>\n<td rowspan=\"7\"><strong>Conectividad<\/strong><\/td>\n<td><strong>Transmisi\u00f3n de m\u00fasica inal\u00e1mbrica<\/strong><\/td>\n<td>No<\/td>\n<td><\/td>\n<\/tr>\n<tr>\n<td><strong>Wifi<\/strong><\/td>\n<td>No<\/td>\n<td><\/td>\n<\/tr>\n<tr>\n<td><strong>MusicCast envolvente<\/strong><\/td>\n<td>No<\/td>\n<td><\/td>\n<\/tr>\n<tr>\n<td><strong>Salida en antena<\/strong><\/td>\n<td>No<\/td>\n<td><\/td>\n<\/tr>\n<tr>\n<td><strong>Versi\u00f3n\/perfil de Bluetooth<\/strong><\/td>\n<td>Versi\u00f3n: Ver 5.0 \/ Perfiles: A2DP \/ C\u00f3decs: SBC, AAC<\/td>\n<td><\/td>\n<\/tr>\n<tr>\n<td><strong>Alcance m\u00e1ximo de comunicaci\u00f3n Bluetooth<\/strong><\/td>\n<td>Aprox. 10 metros; 33 pies (sin obstrucciones)<\/td>\n<td><\/td>\n<\/tr>\n<tr>\n<td><strong>subwoofer inal\u00e1mbrico<\/strong><\/td>\n<td>No<\/td>\n<td><\/td>\n<\/tr>\n<tr>\n<td rowspan=\"2\"><strong>Otras caracter\u00edsticas<\/strong><\/td>\n<td><strong>Control de aplicaciones<\/strong><\/td>\n<td>S\u00ed (barra de sonido remota)<\/td>\n<td><\/td>\n<\/tr>\n<tr>\n<td><strong>Funci\u00f3n de aprendizaje<\/strong><\/td>\n<td>No<\/td>\n<td><\/td>\n<\/tr>\n<\/tbody>\n<\/table>\n","protected":false},"excerpt":{"rendered":"<p>SR-B20A Apreciar un buen sonido es f\u00e1cil. Y ahora conseguirlo tambi\u00e9n lo es. Esa es la raz\u00f3n por la que hemos dise\u00f1ado esta impactante barra de sonido de modo que su manejo fuera tan sencillo como enamorarse de ella.<\/p>\n","protected":false},"featured_media":3229,"comment_status":"open","ping_status":"closed","template":"","meta":{"site-sidebar-layout":"default","site-content-layout":"","ast-site-content-layout":"default","site-content-style":"default","site-sidebar-style":"default","ast-global-header-display":"","ast-banner-title-visibility":"","ast-main-header-display":"","ast-hfb-above-header-display":"","ast-hfb-below-header-display":"","ast-hfb-mobile-header-display":"","site-post-title":"","ast-breadcrumbs-content":"","ast-featured-img":"","footer-sml-layout":"","ast-disable-related-posts":"","theme-transparent-header-meta":"default","adv-header-id-meta":"","stick-header-meta":"","header-above-stick-meta":"","header-main-stick-meta":"","header-below-stick-meta":"","astra-migrate-meta-layouts":"set","ast-page-background-enabled":"default","ast-page-background-meta":{"desktop":{"background-color":"","background-image":"","background-repeat":"repeat","background-position":"center center","background-size":"auto","background-attachment":"scroll","background-type":"","background-media":"","overlay-type":"","overlay-color":"","overlay-opacity":"","overlay-gradient":""},"tablet":{"background-color":"","background-image":"","background-repeat":"repeat","background-position":"center center","background-size":"auto","background-attachment":"scroll","background-type":"","background-media":"","overlay-type":"","overlay-color":"","overlay-opacity":"","overlay-gradient":""},"mobile":{"background-color":"","background-image":"","background-repeat":"repeat","background-position":"center center","background-size":"auto","background-attachment":"scroll","background-type":"","background-media":"","overlay-type":"","overlay-color":"","overlay-opacity":"","overlay-gradient":""}},"ast-content-background-meta":{"desktop":{"background-color":"var(--ast-global-color-5)","background-image":"","background-repeat":"repeat","background-position":"center center","background-size":"auto","background-attachment":"scroll","background-type":"","background-media":"","overlay-type":"","overlay-color":"","overlay-opacity":"","overlay-gradient":""},"tablet":{"background-color":"var(--ast-global-color-5)","background-image":"","background-repeat":"repeat","background-position":"center center","background-size":"auto","background-attachment":"scroll","background-type":"","background-media":"","overlay-type":"","overlay-color":"","overlay-opacity":"","overlay-gradient":""},"mobile":{"background-color":"var(--ast-global-color-5)","background-image":"","background-repeat":"repeat","background-position":"center center","background-size":"auto","background-attachment":"scroll","background-type":"","background-media":"","overlay-type":"","overlay-color":"","overlay-opacity":"","overlay-gradient":""}},"jetpack_publicize_message":"","jetpack_publicize_feature_enabled":true,"jetpack_social_post_already_shared":false,"jetpack_social_options":{"image_generator_settings":{"template":"highway","default_image_id":0,"font":"","enabled":false},"version":2}},"pwb-brand":[179],"product_brand":[],"product_cat":[135],"product_tag":[],"class_list":{"0":"post-3226","1":"product","2":"type-product","3":"status-publish","4":"has-post-thumbnail","6":"pwb-brand-yamaha","7":"product_cat-alta-definicion","8":"desktop-align-center","9":"tablet-align-left","10":"mobile-align-left","12":"first","13":"instock","14":"sold-individually","15":"taxable","16":"shipping-taxable","17":"purchasable","18":"product-type-simple"},"supplier_id":null,"supplier_sku":"","barcode":null,"atum_controlled":true,"out_stock_date":null,"out_stock_threshold":null,"inheritable":false,"inbound_stock":null,"stock_on_hold":0,"sold_today":0,"sales_last_days":0,"reserved_stock":null,"customer_returns":null,"warehouse_damage":null,"lost_in_post":null,"other_logs":null,"out_stock_days":0,"lost_sales":0,"has_location":false,"update_date":"2026-05-01T00:40:13","atum_locations":[],"atum_stock_status":"instock","restock_status":false,"low_stock_amount":"","sales_update_date":"2026-05-01T00:40:13","calc_backorders":null,"jetpack_publicize_connections":[],"jetpack_sharing_enabled":true,"brands":[{"id":179,"name":"YAMAHA","slug":"yamaha"}],"_links":{"self":[{"href":"https:\/\/www.surtistereo.com\/index.php?rest_route=\/wp\/v2\/product\/3226","targetHints":{"allow":["GET"]}}],"collection":[{"href":"https:\/\/www.surtistereo.com\/index.php?rest_route=\/wp\/v2\/product"}],"about":[{"href":"https:\/\/www.surtistereo.com\/index.php?rest_route=\/wp\/v2\/types\/product"}],"replies":[{"embeddable":true,"href":"https:\/\/www.surtistereo.com\/index.php?rest_route=%2Fwp%2Fv2%2Fcomments&post=3226"}],"version-history":[{"count":1,"href":"https:\/\/www.surtistereo.com\/index.php?rest_route=\/wp\/v2\/product\/3226\/revisions"}],"predecessor-version":[{"id":6549,"href":"https:\/\/www.surtistereo.com\/index.php?rest_route=\/wp\/v2\/product\/3226\/revisions\/6549"}],"wp:featuredmedia":[{"embeddable":true,"href":"https:\/\/www.surtistereo.com\/index.php?rest_route=\/wp\/v2\/media\/3229"}],"wp:attachment":[{"href":"https:\/\/www.surtistereo.com\/index.php?rest_route=%2Fwp%2Fv2%2Fmedia&parent=3226"}],"wp:term":[{"taxonomy":"pwb-brand","embeddable":true,"href":"https:\/\/www.surtistereo.com\/index.php?rest_route=%2Fwp%2Fv2%2Fpwb-brand&post=3226"},{"taxonomy":"product_brand","embeddable":true,"href":"https:\/\/www.surtistereo.com\/index.php?rest_route=%2Fwp%2Fv2%2Fproduct_brand&post=3226"},{"taxonomy":"product_cat","embeddable":true,"href":"https:\/\/www.surtistereo.com\/index.php?rest_route=%2Fwp%2Fv2%2Fproduct_cat&post=3226"},{"taxonomy":"product_tag","embeddable":true,"href":"https:\/\/www.surtistereo.com\/index.php?rest_route=%2Fwp%2Fv2%2Fproduct_tag&post=3226"}],"curies":[{"name":"wp","href":"https:\/\/api.w.org\/{rel}","templated":true}]}}