{"id":3181,"date":"2024-03-27T22:24:56","date_gmt":"2024-03-27T22:24:56","guid":{"rendered":"https:\/\/surtistereo.com\/?post_type=product&#038;p=3181"},"modified":"2026-02-24T15:46:46","modified_gmt":"2026-02-24T20:46:46","slug":"sistema-portatil-de-audio-profesional-yamaha-stagepas-1k","status":"publish","type":"product","link":"https:\/\/www.surtistereo.com\/?product=sistema-portatil-de-audio-profesional-yamaha-stagepas-1k","title":{"rendered":"STAGEPAS-1K SISTEMA PORTATIL DE AUDIO PROFESIONAL &#8211; YAMAHA"},"content":{"rendered":"<p><strong>\u00a0<\/strong><\/p>\n<table width=\"880\">\n<thead>\n<tr>\n<td colspan=\"2\"><\/td>\n<td><\/td>\n<\/tr>\n<tr>\n<td colspan=\"2\"><\/td>\n<td><strong>PASE DE PR\u00c1CTICAS 1K<\/strong><\/td>\n<\/tr>\n<\/thead>\n<tbody>\n<tr>\n<td colspan=\"3\"><strong>Describir<\/strong><\/td>\n<\/tr>\n<tr>\n<td colspan=\"2\"><strong>Tipo<\/strong><\/td>\n<td>Subgrave autoamplificado con altavoz line array<\/td>\n<\/tr>\n<tr>\n<td rowspan=\"3\"><strong>Capacidad de mezcla<\/strong><\/td>\n<td><strong>canales de mezcla<\/strong><\/td>\n<td>5 (3 mono + 1 ST)<\/td>\n<\/tr>\n<tr>\n<td><strong>Funciones del canal de entrada<\/strong><\/td>\n<td>Hi-Z: CH2\/3, EQ de 1 mando: CH1-3\/ST<\/td>\n<\/tr>\n<tr>\n<td><strong>Funciones del canal de salida<\/strong><\/td>\n<td>MODO (DISCURSO &#8211; M\u00daSICA &#8211; CLUB)<\/td>\n<\/tr>\n<tr>\n<td rowspan=\"4\"><strong>E\/S<\/strong><\/td>\n<td><strong>Entradas<\/strong><\/td>\n<td>3 micr\u00f3fonos mono\/l\u00ednea + 1 l\u00ednea est\u00e9reo\/2 l\u00edneas mono<\/td>\n<\/tr>\n<tr>\n<td><strong>Salidas<\/strong><\/td>\n<td>1 salida de enlace, 1 salida de monitor<\/td>\n<\/tr>\n<tr>\n<td><strong>Bluetooth<\/strong><\/td>\n<td>Bluetooth versi\u00f3n 5.0, A2DP (SBC, AAC)<\/td>\n<\/tr>\n<tr>\n<td><strong>controles y otros<\/strong><\/td>\n<td>Pedal de reverberaci\u00f3n, STAGEPAS Editor (aplicaci\u00f3n para iOS\/Android)<\/td>\n<\/tr>\n<tr>\n<td><strong>Procesadores integrados<\/strong><\/td>\n<td><strong>DSP<\/strong><\/td>\n<td>Reverberaci\u00f3n digital SPX (4 programas, control de par\u00e1metros)<\/td>\n<\/tr>\n<tr>\n<td colspan=\"3\"><strong>Especificaciones generales<\/strong><\/td>\n<\/tr>\n<tr>\n<td colspan=\"2\"><strong>Tipo de altavoz<\/strong><\/td>\n<td>Altavoz de subgraves autoamplificado: tipo Bass Reflex, altavoz de matriz lineal: cerrado<\/td>\n<\/tr>\n<tr>\n<td colspan=\"2\"><strong>Rango de frecuencia (-10dB)<\/strong><\/td>\n<td>37 Hz &#8211; 20 kHz<\/td>\n<\/tr>\n<tr>\n<td colspan=\"2\"><strong>\u00c1rea de cobertura<\/strong><\/td>\n<td>Alto 170\u00b0 x V 30\u00b0<\/td>\n<\/tr>\n<tr>\n<td rowspan=\"2\"><strong>Componentes<\/strong><\/td>\n<td><strong>LF<\/strong><\/td>\n<td>Altavoz de subgraves autoamplificado: cono de 12\u201d (30 cm)<\/td>\n<\/tr>\n<tr>\n<td><strong>frecuencia card\u00edaca<\/strong><\/td>\n<td>Altavoces de matriz lineal: Cono de 1,5\u201d (3,8 cm) x 10<\/td>\n<\/tr>\n<tr>\n<td><strong>Potencia nominal<\/strong><\/td>\n<td><strong>Din\u00e1mica<\/strong><\/td>\n<td>1000 W (subwoofer autoamplificado: 810 W, altavoz de matriz lineal: 190 W)<\/td>\n<\/tr>\n<tr>\n<td colspan=\"2\"><strong>Nivel m\u00e1ximo de salida (1m; en eje)<\/strong><\/td>\n<td>119 dB SPL<\/td>\n<\/tr>\n<tr>\n<td colspan=\"2\"><strong>Requerimientos de energ\u00eda<\/strong><\/td>\n<td>Seg\u00fan el \u00e1rea de compra: 100 V 50 Hz\/60 Hz, 110 V\/120 V 60 Hz, 220 V-240 V 50 Hz\/60 Hz<\/td>\n<\/tr>\n<tr>\n<td colspan=\"2\"><strong>El consumo de energ\u00eda<\/strong><\/td>\n<td>25 W (inactivo), 85 W (1\/8 de potencia)<\/td>\n<\/tr>\n<tr>\n<td colspan=\"2\"><strong>Accesorios<\/strong><\/td>\n<td>Cable de alimentaci\u00f3n x 1, cubierta x 1<\/td>\n<\/tr>\n<tr>\n<td colspan=\"2\"><strong>Opciones<\/strong><\/td>\n<td>Yamaha DL-SP1K (carretilla dedicada), FC5 (interruptor de pedal) para encendido\/apagado de reverberaci\u00f3n<\/td>\n<\/tr>\n<tr>\n<td colspan=\"2\"><strong>Manejar<\/strong><\/td>\n<td>Parte superior del subwoofer activo x1<\/td>\n<\/tr>\n<tr>\n<td colspan=\"2\"><strong>Dimensiones (Ancho x Alto x Fondo)<\/strong><\/td>\n<td>Sistema: 334 x 2000 x 418 mm (m\u00e1ximo), Altavoz de matriz lineal: 67 x 582 x 86 mm, subwoofer autoamplificado: 334 x 550 x 418 mm, Espaciador: 67 x 555 x 86 mm (cada uno)<\/td>\n<\/tr>\n<tr>\n<td colspan=\"2\"><strong>Peso<\/strong><\/td>\n<td>Sistema: 23,0 kg (m\u00e1ximo), Altavoz de matriz lineal: 1,8 kg, subwoofer autoamplificado: 20,0 kg, Espaciador: 0,6 kg (cada uno)<\/td>\n<\/tr>\n<\/tbody>\n<\/table>\n<p>&nbsp;<\/p>\n","protected":false},"excerpt":{"rendered":"<p>\u00a0 PASE DE PR\u00c1CTICAS 1K Describir Tipo Subgrave autoamplificado con altavoz line array Capacidad de mezcla canales de mezcla 5 (3 mono + 1 ST) Funciones del canal de entrada Hi-Z: CH2\/3, EQ de 1 mando: CH1-3\/ST Funciones del canal de salida MODO (DISCURSO &#8211; M\u00daSICA &#8211; CLUB) E\/S Entradas 3 micr\u00f3fonos mono\/l\u00ednea + 1 [&hellip;]<\/p>\n","protected":false},"featured_media":3184,"comment_status":"open","ping_status":"closed","template":"","meta":{"site-sidebar-layout":"default","site-content-layout":"","ast-site-content-layout":"default","site-content-style":"default","site-sidebar-style":"default","ast-global-header-display":"","ast-banner-title-visibility":"","ast-main-header-display":"","ast-hfb-above-header-display":"","ast-hfb-below-header-display":"","ast-hfb-mobile-header-display":"","site-post-title":"","ast-breadcrumbs-content":"","ast-featured-img":"","footer-sml-layout":"","ast-disable-related-posts":"","theme-transparent-header-meta":"default","adv-header-id-meta":"","stick-header-meta":"","header-above-stick-meta":"","header-main-stick-meta":"","header-below-stick-meta":"","astra-migrate-meta-layouts":"set","ast-page-background-enabled":"default","ast-page-background-meta":{"desktop":{"background-color":"","background-image":"","background-repeat":"repeat","background-position":"center center","background-size":"auto","background-attachment":"scroll","background-type":"","background-media":"","overlay-type":"","overlay-color":"","overlay-opacity":"","overlay-gradient":""},"tablet":{"background-color":"","background-image":"","background-repeat":"repeat","background-position":"center center","background-size":"auto","background-attachment":"scroll","background-type":"","background-media":"","overlay-type":"","overlay-color":"","overlay-opacity":"","overlay-gradient":""},"mobile":{"background-color":"","background-image":"","background-repeat":"repeat","background-position":"center center","background-size":"auto","background-attachment":"scroll","background-type":"","background-media":"","overlay-type":"","overlay-color":"","overlay-opacity":"","overlay-gradient":""}},"ast-content-background-meta":{"desktop":{"background-color":"var(--ast-global-color-5)","background-image":"","background-repeat":"repeat","background-position":"center center","background-size":"auto","background-attachment":"scroll","background-type":"","background-media":"","overlay-type":"","overlay-color":"","overlay-opacity":"","overlay-gradient":""},"tablet":{"background-color":"var(--ast-global-color-5)","background-image":"","background-repeat":"repeat","background-position":"center center","background-size":"auto","background-attachment":"scroll","background-type":"","background-media":"","overlay-type":"","overlay-color":"","overlay-opacity":"","overlay-gradient":""},"mobile":{"background-color":"var(--ast-global-color-5)","background-image":"","background-repeat":"repeat","background-position":"center center","background-size":"auto","background-attachment":"scroll","background-type":"","background-media":"","overlay-type":"","overlay-color":"","overlay-opacity":"","overlay-gradient":""}},"jetpack_publicize_message":"","jetpack_publicize_feature_enabled":true,"jetpack_social_post_already_shared":false,"jetpack_social_options":{"image_generator_settings":{"template":"highway","default_image_id":0,"font":"","enabled":false},"version":2}},"pwb-brand":[179],"product_brand":[],"product_cat":[72],"product_tag":[],"class_list":{"0":"post-3181","1":"product","2":"type-product","3":"status-publish","4":"has-post-thumbnail","6":"pwb-brand-yamaha","7":"product_cat-speakers-portable","8":"desktop-align-center","9":"tablet-align-left","10":"mobile-align-left","12":"first","13":"outofstock","14":"sold-individually","15":"taxable","16":"shipping-taxable","17":"purchasable","18":"product-type-simple"},"supplier_id":null,"supplier_sku":"","barcode":null,"atum_controlled":true,"out_stock_date":null,"out_stock_threshold":null,"inheritable":false,"inbound_stock":null,"stock_on_hold":0,"sold_today":0,"sales_last_days":0,"reserved_stock":null,"customer_returns":null,"warehouse_damage":null,"lost_in_post":null,"other_logs":null,"out_stock_days":0,"lost_sales":0,"has_location":null,"update_date":"2026-04-28T00:35:19","atum_locations":[],"atum_stock_status":"outofstock","restock_status":false,"low_stock_amount":"","sales_update_date":"2026-04-28T00:35:19","calc_backorders":null,"jetpack_publicize_connections":[],"jetpack_sharing_enabled":true,"brands":[{"id":179,"name":"YAMAHA","slug":"yamaha"}],"_links":{"self":[{"href":"https:\/\/www.surtistereo.com\/index.php?rest_route=\/wp\/v2\/product\/3181","targetHints":{"allow":["GET"]}}],"collection":[{"href":"https:\/\/www.surtistereo.com\/index.php?rest_route=\/wp\/v2\/product"}],"about":[{"href":"https:\/\/www.surtistereo.com\/index.php?rest_route=\/wp\/v2\/types\/product"}],"replies":[{"embeddable":true,"href":"https:\/\/www.surtistereo.com\/index.php?rest_route=%2Fwp%2Fv2%2Fcomments&post=3181"}],"version-history":[{"count":1,"href":"https:\/\/www.surtistereo.com\/index.php?rest_route=\/wp\/v2\/product\/3181\/revisions"}],"predecessor-version":[{"id":6550,"href":"https:\/\/www.surtistereo.com\/index.php?rest_route=\/wp\/v2\/product\/3181\/revisions\/6550"}],"wp:featuredmedia":[{"embeddable":true,"href":"https:\/\/www.surtistereo.com\/index.php?rest_route=\/wp\/v2\/media\/3184"}],"wp:attachment":[{"href":"https:\/\/www.surtistereo.com\/index.php?rest_route=%2Fwp%2Fv2%2Fmedia&parent=3181"}],"wp:term":[{"taxonomy":"pwb-brand","embeddable":true,"href":"https:\/\/www.surtistereo.com\/index.php?rest_route=%2Fwp%2Fv2%2Fpwb-brand&post=3181"},{"taxonomy":"product_brand","embeddable":true,"href":"https:\/\/www.surtistereo.com\/index.php?rest_route=%2Fwp%2Fv2%2Fproduct_brand&post=3181"},{"taxonomy":"product_cat","embeddable":true,"href":"https:\/\/www.surtistereo.com\/index.php?rest_route=%2Fwp%2Fv2%2Fproduct_cat&post=3181"},{"taxonomy":"product_tag","embeddable":true,"href":"https:\/\/www.surtistereo.com\/index.php?rest_route=%2Fwp%2Fv2%2Fproduct_tag&post=3181"}],"curies":[{"name":"wp","href":"https:\/\/api.w.org\/{rel}","templated":true}]}}