{"id":3050,"date":"2024-03-26T17:03:09","date_gmt":"2024-03-26T17:03:09","guid":{"rendered":"https:\/\/surtistereo.com\/?post_type=product&#038;p=3050"},"modified":"2026-02-24T11:10:12","modified_gmt":"2026-02-24T16:10:12","slug":"tornamesa-con-accionamiento-directo-analogo-y-usb-audio-technica","status":"publish","type":"product","link":"https:\/\/www.surtistereo.com\/?product=tornamesa-con-accionamiento-directo-analogo-y-usb-audio-technica","title":{"rendered":"AT-LP120XUSB TORNAMESA CON ACCIONAMIENTO DIRECTO (ANALOGO Y USB) AUDIO TECHNICA"},"content":{"rendered":"<p>AT-LP120XUSB<\/p>\n<table class=\"product__attributes product__table active\">\n<tbody>\n<tr class=\"attributes__group-title\">\n<th class=\"attributes__group-title--text\" colspan=\"2\">Placa giratoria<\/th>\n<\/tr>\n<tr class=\"attributes__tr\">\n<th class=\"attributes__th\" scope=\"row\">Tipo<\/th>\n<td class=\"attributes__td\" data-th=\"Tipo\">Funcionamiento totalmente manual, 3 velocidades<\/td>\n<\/tr>\n<tr class=\"attributes__tr\">\n<th class=\"attributes__th\" scope=\"row\">Motor<\/th>\n<td class=\"attributes__td\" data-th=\"Motor\">Servocontrol de CC<\/td>\n<\/tr>\n<tr class=\"attributes__tr\">\n<th class=\"attributes__th\" scope=\"row\">Tipo de Tracci\u00f3n<\/th>\n<td class=\"attributes__td\" data-th=\"Tipo de Tracci\u00f3n\">Accionamiento directo<\/td>\n<\/tr>\n<tr class=\"attributes__tr\">\n<th class=\"attributes__th\" scope=\"row\">Velocidades<\/th>\n<td class=\"attributes__td\" data-th=\"Velocidades\">33-1\/3, 45 y 78 rpm<\/td>\n<\/tr>\n<tr class=\"attributes__tr\">\n<th class=\"attributes__th\" scope=\"row\">Platos giratorios Plat\u00f3n<\/th>\n<td class=\"attributes__td\" data-th=\"Plato Giradiscos\">Aluminio fundido<\/td>\n<\/tr>\n<tr class=\"attributes__tr\">\n<th class=\"attributes__th\" scope=\"row\">Par de Fuerza de Arranque<\/th>\n<td class=\"attributes__td\" data-th=\"Par de Fuerza de Arranque\">&gt;1,0 kgf.cm<\/td>\n<\/tr>\n<tr class=\"attributes__tr\">\n<th class=\"attributes__th\" scope=\"row\">Sistema de Frenado<\/th>\n<td class=\"attributes__td\" data-th=\"Sistema de Frenado\">Freno electr\u00f3nico<\/td>\n<\/tr>\n<tr class=\"attributes__tr\">\n<th class=\"attributes__th\" scope=\"row\">Lloro y Centelleo<\/th>\n<td class=\"attributes__td\" data-th=\"Lloro y Centelleo\">&lt;0,2 % (WTD) a 3 kHz (JIS)<\/td>\n<\/tr>\n<tr class=\"attributes__tr\">\n<th class=\"attributes__th\" scope=\"row\">Relaci\u00f3n Se\u00f1al-Ruido<\/th>\n<td class=\"attributes__td\" data-th=\"Relaci\u00f3n Se\u00f1al-Ruido\">&gt;50 dB (DIN-B)<\/td>\n<\/tr>\n<tr class=\"attributes__tr\">\n<th class=\"attributes__th\" scope=\"row\">Nivel de Salida<\/th>\n<td class=\"attributes__td\" data-th=\"Nivel de Salida\">Preamplificador \u00abPHONO\u00bb: 4 mV nominal a 1 kHz, 5 cm\/s Preamplificador \u00abLINE\u00bb: 240 mV nominal a 1 kHz, 5 cm\/s<\/td>\n<\/tr>\n<tr class=\"attributes__tr\">\n<th class=\"attributes__th\" scope=\"row\">Ganancia Pre-Amp Fono<\/th>\n<td class=\"attributes__td\" data-th=\"Ganancia Pre-Amp Fono\">36 dB nominal, ecualizaci\u00f3n RIAA<\/td>\n<\/tr>\n<tr class=\"attributes__tr\">\n<th class=\"attributes__th\" scope=\"row\">Funci\u00f3n USB<\/th>\n<td class=\"attributes__td\" data-th=\"Funci\u00f3n USB\">Seleccionable, A\/D, D\/A &#8211; 16 bits, 44, 1 kHz o 48 kHz; Interfaz &#8211; USB 1.1, compatible con Windows 7 (o superior) o MAC OS X (o superior)<\/td>\n<\/tr>\n<tr class=\"attributes__tr\">\n<th class=\"attributes__th\" scope=\"row\">Requisitos de la Fuente de Alimentaci\u00f3n<\/th>\n<td class=\"attributes__td\" data-th=\"Requisitos de la Fuente de Alimentaci\u00f3n\">100 a 240 V, 50\/60 Hz, 1,5 A m\u00e1x.<\/td>\n<\/tr>\n<tr class=\"attributes__tr\">\n<th class=\"attributes__th\" scope=\"row\">Dimensiones<\/th>\n<td class=\"attributes__td\" data-th=\"Dimensiones\">452 mm (17,80&#8243;) Ancho x 352 mm (13,86&#8243;) Profundidad x 141,6 mm (5,57&#8243;) Alto<\/td>\n<\/tr>\n<tr class=\"attributes__tr\">\n<th class=\"attributes__th\" scope=\"row\">Peso<\/th>\n<td class=\"attributes__td\" data-th=\"Peso\">8 kg, sin cubierta antipolvo<\/td>\n<\/tr>\n<tr class=\"attributes__tr\">\n<th class=\"attributes__th\" scope=\"row\">Accesorios Incluidos<\/th>\n<td class=\"attributes__td\" data-th=\"Accesorios Incluidos\">Cartucho fonogr\u00e1fico AT-VM95E; cabezal AT-HS6; cable USB de 1,9 m; cable RCA doble (macho) a RCA doble (macho) con toma de tierra; contrapeso; alfombrilla de fieltro; cubierta antipolvo; adaptador de 45 rpm; luz de se\u00f1alizaci\u00f3n de aguja tipo conector<\/td>\n<\/tr>\n<tr class=\"attributes__tr\">\n<th class=\"attributes__th\" scope=\"row\">Notas<\/th>\n<td class=\"attributes__td\" data-th=\"Notes\"><b>Tipo de brazo de lectura:\u00a0<\/b>Balanceado en forma de S con cabezal desmontable\u00a0<b>Longitud efectiva del brazo:\u00a0<\/b>230,5 mm\u00a0<b>Calibrador:\u00a0<\/b>16 mm\u00a0<b>\u00c1ngulo de error de tracking:\u00a0<\/b>Menos de 3 grados\u00a0<b>Peso del cartucho aplicable:\u00a0<\/b>3,5-8,5 g\u00a0<b>Rango antipatinaje:\u00a0<\/b>0-4 g\u00a0<b>Aguja de repuesto:\u00a0<\/b>AT-VMN95E\u00a0<b>Requisitos del sistema para el funcionamiento USB<\/b>\u00a0PC o Mac con un puerto USB disponible (USB1.1 o posterior) Windows 7 o posterior, o Mac OS X o posterior<\/td>\n<\/tr>\n<\/tbody>\n<\/table>\n","protected":false},"excerpt":{"rendered":"<p>AT-LP120XUSB<\/p>\n<ul>\n<li>Disfrute del audio de alta fidelidad de sus vinilos<\/li>\n<li>Motor de gran par con accionamiento directo<\/li>\n<li>Funcionamiento totalmente manual<\/li>\n<li>Control antipatinaje din\u00e1mico ajustable<\/li>\n<li>Velocidades seleccionables de 33\/45\/78 rpm<\/li>\n<li>Plato antirresonancia de calidad profesional de aluminio fundido con alfombrilla de fieltro<\/li>\n<li>Cabezal de anclaje de 1\/2&#8243; universal AT-HS6 y cartucho fonogr\u00e1fico de doble im\u00e1n Dual Magnet\u2122 AT-VM95E con aguja el\u00edptica de 0,3 x 0,7 mil<\/li>\n<li>El cartucho AT-VM95E es compatible con cualquiera de las agujas de repuesto de la serie VM95, lo que ofrece una amplia variedad de opciones para cada presupuesto y uso<\/li>\n<li>Brazo de lectura equilibrado en forma de S con palanca de elevaci\u00f3n con acci\u00f3n hidr\u00e1ulica y mecanismo de enganche<\/li>\n<li>Preamplificador fonogr\u00e1fico conmutable integrado para una salida phono o de nivel de l\u00ednea<\/li>\n<li>Plato estrobosc\u00f3pico con indicador de velocidad<\/li>\n<li>Control de altura tonal (pitch) con bloqueo de la velocidad controlado por cuarzo<\/li>\n<li>Luz de se\u00f1alizaci\u00f3n de la aguja desmontable para facilitar el cueing en condiciones de poca luz<\/li>\n<li>Base amortiguada para reducir la coloraci\u00f3n de la retroalimentaci\u00f3n de frecuencias graves<\/li>\n<li>Adaptador de CA que realiza la conversi\u00f3n CA\/CC fuera del chasis, lo que reduce el ruido en la cadena de la se\u00f1al<\/li>\n<li>Convierta sus discos de vinilo en archivos de audio digital. Para ello descargue y utilice el software de grabaci\u00f3n gratuito Audacity, compatible con Mac y PC (o el software que elija)<\/li>\n<li>Incluye: cable USB, cable de salida RCA desmontable (macho RCA doble a macho RCA doble), adaptador de CA, adaptador de 45 rpm, contrapeso, alfombrilla de fieltro y cubierta antipolvo abisagrada desmontable<\/li>\n<li>Disponible en negro (AT-LP120XUSB-BK) y plata (AT-LP120XUSB-SV)<\/li>\n<\/ul>\n","protected":false},"featured_media":3052,"comment_status":"open","ping_status":"closed","template":"","meta":{"site-sidebar-layout":"default","site-content-layout":"","ast-site-content-layout":"default","site-content-style":"default","site-sidebar-style":"default","ast-global-header-display":"","ast-banner-title-visibility":"","ast-main-header-display":"","ast-hfb-above-header-display":"","ast-hfb-below-header-display":"","ast-hfb-mobile-header-display":"","site-post-title":"","ast-breadcrumbs-content":"","ast-featured-img":"","footer-sml-layout":"","ast-disable-related-posts":"","theme-transparent-header-meta":"default","adv-header-id-meta":"","stick-header-meta":"","header-above-stick-meta":"","header-main-stick-meta":"","header-below-stick-meta":"","astra-migrate-meta-layouts":"set","ast-page-background-enabled":"default","ast-page-background-meta":{"desktop":{"background-color":"","background-image":"","background-repeat":"repeat","background-position":"center center","background-size":"auto","background-attachment":"scroll","background-type":"","background-media":"","overlay-type":"","overlay-color":"","overlay-opacity":"","overlay-gradient":""},"tablet":{"background-color":"","background-image":"","background-repeat":"repeat","background-position":"center center","background-size":"auto","background-attachment":"scroll","background-type":"","background-media":"","overlay-type":"","overlay-color":"","overlay-opacity":"","overlay-gradient":""},"mobile":{"background-color":"","background-image":"","background-repeat":"repeat","background-position":"center center","background-size":"auto","background-attachment":"scroll","background-type":"","background-media":"","overlay-type":"","overlay-color":"","overlay-opacity":"","overlay-gradient":""}},"ast-content-background-meta":{"desktop":{"background-color":"var(--ast-global-color-5)","background-image":"","background-repeat":"repeat","background-position":"center center","background-size":"auto","background-attachment":"scroll","background-type":"","background-media":"","overlay-type":"","overlay-color":"","overlay-opacity":"","overlay-gradient":""},"tablet":{"background-color":"var(--ast-global-color-5)","background-image":"","background-repeat":"repeat","background-position":"center center","background-size":"auto","background-attachment":"scroll","background-type":"","background-media":"","overlay-type":"","overlay-color":"","overlay-opacity":"","overlay-gradient":""},"mobile":{"background-color":"var(--ast-global-color-5)","background-image":"","background-repeat":"repeat","background-position":"center center","background-size":"auto","background-attachment":"scroll","background-type":"","background-media":"","overlay-type":"","overlay-color":"","overlay-opacity":"","overlay-gradient":""}},"jetpack_publicize_message":"","jetpack_publicize_feature_enabled":true,"jetpack_social_post_already_shared":false,"jetpack_social_options":{"image_generator_settings":{"template":"highway","default_image_id":0,"font":"","enabled":false},"version":2}},"pwb-brand":[181],"product_brand":[],"product_cat":[146],"product_tag":[],"class_list":{"0":"post-3050","1":"product","2":"type-product","3":"status-publish","4":"has-post-thumbnail","6":"pwb-brand-audio-technica","7":"product_cat-tocadiscos-y-agujas","8":"desktop-align-center","9":"tablet-align-left","10":"mobile-align-left","12":"first","13":"instock","14":"sold-individually","15":"taxable","16":"shipping-taxable","17":"purchasable","18":"product-type-simple"},"supplier_id":null,"supplier_sku":"","barcode":null,"atum_controlled":true,"out_stock_date":null,"out_stock_threshold":null,"inheritable":false,"inbound_stock":null,"stock_on_hold":0,"sold_today":0,"sales_last_days":0,"reserved_stock":null,"customer_returns":null,"warehouse_damage":null,"lost_in_post":null,"other_logs":null,"out_stock_days":0,"lost_sales":0,"has_location":false,"update_date":"2026-05-01T00:40:13","atum_locations":[],"atum_stock_status":"instock","restock_status":false,"low_stock_amount":"","sales_update_date":"2026-05-01T00:40:13","calc_backorders":null,"jetpack_publicize_connections":[],"jetpack_sharing_enabled":true,"brands":[{"id":181,"name":"AUDIO-TECHNICA","slug":"audio-technica"}],"_links":{"self":[{"href":"https:\/\/www.surtistereo.com\/index.php?rest_route=\/wp\/v2\/product\/3050","targetHints":{"allow":["GET"]}}],"collection":[{"href":"https:\/\/www.surtistereo.com\/index.php?rest_route=\/wp\/v2\/product"}],"about":[{"href":"https:\/\/www.surtistereo.com\/index.php?rest_route=\/wp\/v2\/types\/product"}],"replies":[{"embeddable":true,"href":"https:\/\/www.surtistereo.com\/index.php?rest_route=%2Fwp%2Fv2%2Fcomments&post=3050"}],"version-history":[{"count":2,"href":"https:\/\/www.surtistereo.com\/index.php?rest_route=\/wp\/v2\/product\/3050\/revisions"}],"predecessor-version":[{"id":6175,"href":"https:\/\/www.surtistereo.com\/index.php?rest_route=\/wp\/v2\/product\/3050\/revisions\/6175"}],"wp:featuredmedia":[{"embeddable":true,"href":"https:\/\/www.surtistereo.com\/index.php?rest_route=\/wp\/v2\/media\/3052"}],"wp:attachment":[{"href":"https:\/\/www.surtistereo.com\/index.php?rest_route=%2Fwp%2Fv2%2Fmedia&parent=3050"}],"wp:term":[{"taxonomy":"pwb-brand","embeddable":true,"href":"https:\/\/www.surtistereo.com\/index.php?rest_route=%2Fwp%2Fv2%2Fpwb-brand&post=3050"},{"taxonomy":"product_brand","embeddable":true,"href":"https:\/\/www.surtistereo.com\/index.php?rest_route=%2Fwp%2Fv2%2Fproduct_brand&post=3050"},{"taxonomy":"product_cat","embeddable":true,"href":"https:\/\/www.surtistereo.com\/index.php?rest_route=%2Fwp%2Fv2%2Fproduct_cat&post=3050"},{"taxonomy":"product_tag","embeddable":true,"href":"https:\/\/www.surtistereo.com\/index.php?rest_route=%2Fwp%2Fv2%2Fproduct_tag&post=3050"}],"curies":[{"name":"wp","href":"https:\/\/api.w.org\/{rel}","templated":true}]}}