{"id":3036,"date":"2024-03-26T16:49:28","date_gmt":"2024-03-26T16:49:28","guid":{"rendered":"https:\/\/surtistereo.com\/?post_type=product&#038;p=3036"},"modified":"2025-10-16T11:35:23","modified_gmt":"2025-10-16T16:35:23","slug":"microfono-de-condensador-cardioide-at-2020-audio-technica","status":"publish","type":"product","link":"https:\/\/www.surtistereo.com\/?product=microfono-de-condensador-cardioide-at-2020-audio-technica","title":{"rendered":"AT-2020 MICROFONO DE CONDENSADOR CARDIOIDE AUDIO TECHNICA"},"content":{"rendered":"<table class=\"product__attributes product__table active\">\n<tbody>\n<tr class=\"attributes__group-title\">\n<th class=\"attributes__group-title--text\" colspan=\"2\">micr\u00f3fonos<\/th>\n<\/tr>\n<tr class=\"attributes__tr\">\n<th class=\"attributes__th\" scope=\"row\">Elemento<\/th>\n<td class=\"attributes__td\" data-th=\"Elemento\">Condensador polarizado permanente de placa trasera con carga fija<\/td>\n<\/tr>\n<tr class=\"attributes__tr\">\n<th class=\"attributes__th\" scope=\"row\">Patr\u00f3n Polar<\/th>\n<td class=\"attributes__td\" data-th=\"Patr\u00f3n Polar\">cardioide<\/td>\n<\/tr>\n<tr class=\"attributes__tr\">\n<th class=\"attributes__th\" scope=\"row\">Respuesta en Frecuencia<\/th>\n<td class=\"attributes__td\" data-th=\"Respuesta en Frecuencia\">20-20.000Hz<\/td>\n<\/tr>\n<tr class=\"attributes__tr\">\n<th class=\"attributes__th\" scope=\"row\">Sensibilidad de Circuito Abierto<\/th>\n<td class=\"attributes__td\" data-th=\"Sensibilidad de Circuito Abierto\">-37 dB (14,1 mV) re 1V a 1 Pa<\/td>\n<\/tr>\n<tr class=\"attributes__tr\">\n<th class=\"attributes__th\" scope=\"row\">Nivel de Sonido de Entrada M\u00e1ximo<\/th>\n<td class=\"attributes__td\" data-th=\"Nivel de Sonido de Entrada M\u00e1ximo\">144 dB SPL, 1 kHz y 1% THD<\/td>\n<\/tr>\n<tr class=\"attributes__tr\">\n<th class=\"attributes__th\" scope=\"row\">Ruido<\/th>\n<td class=\"attributes__td\" data-th=\"Ruido\">20 dB SPL<\/td>\n<\/tr>\n<tr class=\"attributes__tr\">\n<th class=\"attributes__th\" scope=\"row\">Rango Din\u00e1mico<\/th>\n<td class=\"attributes__td\" data-th=\"Rango Din\u00e1mico\">124 dB, 1 kHz al m\u00e1ximo SPL<\/td>\n<\/tr>\n<tr class=\"attributes__tr\">\n<th class=\"attributes__th\" scope=\"row\">Relaci\u00f3n Se\u00f1al-Ruido<\/th>\n<td class=\"attributes__td\" data-th=\"Relaci\u00f3n Se\u00f1al-Ruido\">74 dB, 1 kHz a 1 Pa<\/td>\n<\/tr>\n<tr class=\"attributes__tr\">\n<th class=\"attributes__th\" scope=\"row\">Requisitos de la Potencia Phantom<\/th>\n<td class=\"attributes__td\" data-th=\"Requisitos de la Potencia Phantom\">48V DC, 2 mA t\u00edpico<\/td>\n<\/tr>\n<tr class=\"attributes__tr\">\n<th class=\"attributes__th\" scope=\"row\">Peso<\/th>\n<td class=\"attributes__td\" data-th=\"Peso\">345 gramos (12,1 onzas)<\/td>\n<\/tr>\n<tr class=\"attributes__tr\">\n<th class=\"attributes__th\" scope=\"row\">Dimensiones<\/th>\n<td class=\"attributes__td\" data-th=\"Dimensiones\">162,0 mm (6,38&#8243;) de largo ,52,0 mm (2,05&#8243;) de di\u00e1metro m\u00e1ximo del cuerpo<\/td>\n<\/tr>\n<tr class=\"attributes__tr\">\n<th class=\"attributes__th\" scope=\"row\">Conector de Salida<\/th>\n<td class=\"attributes__td\" data-th=\"Conector de Salida\">Integral de 3 pines tipo XLRM<\/td>\n<\/tr>\n<tr class=\"attributes__tr\">\n<th class=\"attributes__th\" scope=\"row\">Accesorios Incluidos<\/th>\n<td class=\"attributes__td\" data-th=\"Accesorios Incluidos\">Soporte para soportes con rosca de 5\/8&#8243;-27; adaptador con rosca de 5\/8&#8243;-27 a 3\/8&#8243;-16; bolsa protectora suave<\/td>\n<\/tr>\n<tr class=\"attributes__tr\">\n<th class=\"attributes__th\" scope=\"row\">Accesorios Incluidos<\/th>\n<td class=\"attributes__td\" data-th=\"Accesorios Incluidos\">AT2020 (modelo de color negro): Montura para pedestales con rosca de 5\/8&#8243;-27; adaptador de rosca de 5\/8&#8243;-27 a 3\/8&#8243;-16; bolsa protectora AT2020V (micro edici\u00f3n limitada en acabado plateado reflectante): soporte antivibraci\u00f3n AT8458; adaptador de rosca de 5\/8&#8243;-27 a 3\/8&#8243;-16; bolsa protectora<\/td>\n<\/tr>\n<tr class=\"attributes__tr\">\n<th class=\"attributes__th\" scope=\"row\">Tipo de Estuche Audio-Technica<\/th>\n<td class=\"attributes__td\" data-th=\"Tipo de Estuche Audio-Technica\">R7<\/td>\n<\/tr>\n<\/tbody>\n<\/table>\n","protected":false},"excerpt":{"rendered":"<p>AT-2020<\/p>\n<ul>\n<li>El est\u00e1ndar en precio\/funcionalidad en tecnolog\u00eda de micr\u00f3fono de condensador de recepci\u00f3n lateral para estudio<\/li>\n<li>Ideal para aplicaciones en estudios tipo project\/casero<\/li>\n<li>El manejo de altos niveles de presi\u00f3n sonora y su rango din\u00e1mico excepcional, ofrece una versatilidad inigualable<\/li>\n<li>La membrana de peque\u00f1a masa de 16 mm especialmente dise\u00f1ada ofrece una respuesta de frecuencias extendida y una respuesta superior a las transientes<\/li>\n<li>El patr\u00f3n polar cardioide reduce la captaci\u00f3n de sonidos laterales y posteriores, mejorando el aislamiento de la fuente deseada de sonido<\/li>\n<li>AT2020 (modelo de color negro): Accesorios incluidos: Montura para pedestales con rosca de 5\/8&#8243;-27; adaptador de rosca de 5\/8&#8243;-27 a 3\/8&#8243;-16; bolsa protectora<\/li>\n<li>AT2020V (micro edici\u00f3n limitada en acabado plateado reflectante): Accesorios incluidos: soporte antivibraci\u00f3n AT8458; adaptador de rosca de 5\/8&#8243;-27 a 3\/8&#8243;-16; bolsa protectora<\/li>\n<\/ul>\n","protected":false},"featured_media":3037,"comment_status":"open","ping_status":"closed","template":"","meta":{"site-sidebar-layout":"default","site-content-layout":"","ast-site-content-layout":"default","site-content-style":"default","site-sidebar-style":"default","ast-global-header-display":"","ast-banner-title-visibility":"","ast-main-header-display":"","ast-hfb-above-header-display":"","ast-hfb-below-header-display":"","ast-hfb-mobile-header-display":"","site-post-title":"","ast-breadcrumbs-content":"","ast-featured-img":"","footer-sml-layout":"","ast-disable-related-posts":"","theme-transparent-header-meta":"default","adv-header-id-meta":"","stick-header-meta":"","header-above-stick-meta":"","header-main-stick-meta":"","header-below-stick-meta":"","astra-migrate-meta-layouts":"set","ast-page-background-enabled":"default","ast-page-background-meta":{"desktop":{"background-color":"","background-image":"","background-repeat":"repeat","background-position":"center center","background-size":"auto","background-attachment":"scroll","background-type":"","background-media":"","overlay-type":"","overlay-color":"","overlay-opacity":"","overlay-gradient":""},"tablet":{"background-color":"","background-image":"","background-repeat":"repeat","background-position":"center center","background-size":"auto","background-attachment":"scroll","background-type":"","background-media":"","overlay-type":"","overlay-color":"","overlay-opacity":"","overlay-gradient":""},"mobile":{"background-color":"","background-image":"","background-repeat":"repeat","background-position":"center center","background-size":"auto","background-attachment":"scroll","background-type":"","background-media":"","overlay-type":"","overlay-color":"","overlay-opacity":"","overlay-gradient":""}},"ast-content-background-meta":{"desktop":{"background-color":"var(--ast-global-color-5)","background-image":"","background-repeat":"repeat","background-position":"center center","background-size":"auto","background-attachment":"scroll","background-type":"","background-media":"","overlay-type":"","overlay-color":"","overlay-opacity":"","overlay-gradient":""},"tablet":{"background-color":"var(--ast-global-color-5)","background-image":"","background-repeat":"repeat","background-position":"center center","background-size":"auto","background-attachment":"scroll","background-type":"","background-media":"","overlay-type":"","overlay-color":"","overlay-opacity":"","overlay-gradient":""},"mobile":{"background-color":"var(--ast-global-color-5)","background-image":"","background-repeat":"repeat","background-position":"center center","background-size":"auto","background-attachment":"scroll","background-type":"","background-media":"","overlay-type":"","overlay-color":"","overlay-opacity":"","overlay-gradient":""}},"jetpack_publicize_message":"","jetpack_publicize_feature_enabled":true,"jetpack_social_post_already_shared":false,"jetpack_social_options":{"image_generator_settings":{"template":"highway","default_image_id":0,"font":"","enabled":false},"version":2}},"pwb-brand":[181],"product_brand":[],"product_cat":[87],"product_tag":[],"class_list":{"0":"post-3036","1":"product","2":"type-product","3":"status-publish","4":"has-post-thumbnail","6":"pwb-brand-audio-technica","7":"product_cat-microfono","8":"desktop-align-center","9":"tablet-align-left","10":"mobile-align-left","12":"first","13":"instock","14":"sold-individually","15":"taxable","16":"shipping-taxable","17":"purchasable","18":"product-type-simple"},"supplier_id":null,"supplier_sku":"","barcode":null,"atum_controlled":true,"out_stock_date":null,"out_stock_threshold":null,"inheritable":false,"inbound_stock":null,"stock_on_hold":0,"sold_today":0,"sales_last_days":0,"reserved_stock":null,"customer_returns":null,"warehouse_damage":null,"lost_in_post":null,"other_logs":null,"out_stock_days":0,"lost_sales":0,"has_location":null,"update_date":"2026-05-01T00:40:13","atum_locations":[],"atum_stock_status":"instock","restock_status":false,"low_stock_amount":"","sales_update_date":"2026-05-01T00:40:13","calc_backorders":null,"jetpack_publicize_connections":[],"jetpack_sharing_enabled":true,"brands":[{"id":181,"name":"AUDIO-TECHNICA","slug":"audio-technica"}],"_links":{"self":[{"href":"https:\/\/www.surtistereo.com\/index.php?rest_route=\/wp\/v2\/product\/3036","targetHints":{"allow":["GET"]}}],"collection":[{"href":"https:\/\/www.surtistereo.com\/index.php?rest_route=\/wp\/v2\/product"}],"about":[{"href":"https:\/\/www.surtistereo.com\/index.php?rest_route=\/wp\/v2\/types\/product"}],"replies":[{"embeddable":true,"href":"https:\/\/www.surtistereo.com\/index.php?rest_route=%2Fwp%2Fv2%2Fcomments&post=3036"}],"version-history":[{"count":1,"href":"https:\/\/www.surtistereo.com\/index.php?rest_route=\/wp\/v2\/product\/3036\/revisions"}],"predecessor-version":[{"id":6303,"href":"https:\/\/www.surtistereo.com\/index.php?rest_route=\/wp\/v2\/product\/3036\/revisions\/6303"}],"wp:featuredmedia":[{"embeddable":true,"href":"https:\/\/www.surtistereo.com\/index.php?rest_route=\/wp\/v2\/media\/3037"}],"wp:attachment":[{"href":"https:\/\/www.surtistereo.com\/index.php?rest_route=%2Fwp%2Fv2%2Fmedia&parent=3036"}],"wp:term":[{"taxonomy":"pwb-brand","embeddable":true,"href":"https:\/\/www.surtistereo.com\/index.php?rest_route=%2Fwp%2Fv2%2Fpwb-brand&post=3036"},{"taxonomy":"product_brand","embeddable":true,"href":"https:\/\/www.surtistereo.com\/index.php?rest_route=%2Fwp%2Fv2%2Fproduct_brand&post=3036"},{"taxonomy":"product_cat","embeddable":true,"href":"https:\/\/www.surtistereo.com\/index.php?rest_route=%2Fwp%2Fv2%2Fproduct_cat&post=3036"},{"taxonomy":"product_tag","embeddable":true,"href":"https:\/\/www.surtistereo.com\/index.php?rest_route=%2Fwp%2Fv2%2Fproduct_tag&post=3036"}],"curies":[{"name":"wp","href":"https:\/\/api.w.org\/{rel}","templated":true}]}}