{"id":2995,"date":"2024-03-26T15:41:07","date_gmt":"2024-03-26T15:41:07","guid":{"rendered":"https:\/\/surtistereo.com\/?post_type=product&#038;p=2995"},"modified":"2025-05-13T10:21:41","modified_gmt":"2025-05-13T15:21:41","slug":"multimetro-analogo-9-funciones-mt-2017n-proskit","status":"publish","type":"product","link":"https:\/\/www.surtistereo.com\/?product=multimetro-analogo-9-funciones-mt-2017n-proskit","title":{"rendered":"MT-2017N MULTIMETRO ANALOGO 9 FUNCIONES PROSKIT"},"content":{"rendered":"<p>MT-2017N<\/p>\n<p>Caracter\u00edsticas T\u00e9cnicas:<\/p>\n<p>Cumple con el est\u00e1ndar de seguridad CE 2008.<br \/>\nProtecci\u00f3n contra sobrecarga y cambio de polaridad.<br \/>\nSoporte trasero para sobremesa con agujero para colgar.<br \/>\nRobustos protectores laterales.<br \/>\nZumbador de continuidad.<br \/>\nPuntas de prueba, pilas, fusible y manual de usuario incluidos.<br \/>\nIdeal para uso dom\u00e9stico, laboratorios, escuelas, etc.<br \/>\nControles del panel frontal: Selector de funciones con posici\u00f3n de apagado \u00abOFF\u00bb y control giratorio de ajuste 0Ohm.<br \/>\nFunciones: Corriente, voltaje, resistencia, polaridad, test bater\u00edas, test de transistor hFE&#8230;.<br \/>\nRango de 10Amp<br \/>\nAccesorios: Puntas de pruebas.<br \/>\nVCA Voltaje: 10\/50\/250V &#8211; 1000Vca<br \/>\nVCC Voltaje: 0.1\/0.5\/2.5\/10\/50\/50\/250Vcc &#8211; 1000Vcc<br \/>\nCC Corriente: 50uA\/2.5m\/250mA &#8211; 10A<br \/>\nDiodos: Si<br \/>\nResistencia: x1, x10, x100, x1K, x10X, 20MOhm \u2022 Seguridad: Cat.II 1000V \/ Cat.III 500V<br \/>\nTransistores: Si<br \/>\nContinuidad: Si<br \/>\nTama\u00f1o: 160x105x40mm<br \/>\nSensibilidad de entrada: 20kOhm\/VCC y 9kOhm\/VCA<br \/>\nPeso: 380g<br \/>\nBater\u00eda: Pilas AA x 2 y 9V 6F22 x 1<\/p>\n","protected":false},"excerpt":{"rendered":"<p>MT-2017N Caracter\u00edsticas T\u00e9cnicas: Cumple con el est\u00e1ndar de seguridad CE 2008. Protecci\u00f3n contra sobrecarga y cambio de polaridad. Soporte trasero para sobremesa con agujero para colgar. Robustos protectores laterales. Zumbador de continuidad. Puntas de prueba, pilas, fusible y manual de usuario incluidos. Ideal para uso dom\u00e9stico, laboratorios, escuelas, etc. Controles del panel frontal: Selector de [&hellip;]<\/p>\n","protected":false},"featured_media":2996,"comment_status":"open","ping_status":"closed","template":"","meta":{"site-sidebar-layout":"default","site-content-layout":"","ast-site-content-layout":"default","site-content-style":"default","site-sidebar-style":"default","ast-global-header-display":"","ast-banner-title-visibility":"","ast-main-header-display":"","ast-hfb-above-header-display":"","ast-hfb-below-header-display":"","ast-hfb-mobile-header-display":"","site-post-title":"","ast-breadcrumbs-content":"","ast-featured-img":"","footer-sml-layout":"","ast-disable-related-posts":"","theme-transparent-header-meta":"default","adv-header-id-meta":"","stick-header-meta":"","header-above-stick-meta":"","header-main-stick-meta":"","header-below-stick-meta":"","astra-migrate-meta-layouts":"set","ast-page-background-enabled":"default","ast-page-background-meta":{"desktop":{"background-color":"","background-image":"","background-repeat":"repeat","background-position":"center center","background-size":"auto","background-attachment":"scroll","background-type":"","background-media":"","overlay-type":"","overlay-color":"","overlay-opacity":"","overlay-gradient":""},"tablet":{"background-color":"","background-image":"","background-repeat":"repeat","background-position":"center center","background-size":"auto","background-attachment":"scroll","background-type":"","background-media":"","overlay-type":"","overlay-color":"","overlay-opacity":"","overlay-gradient":""},"mobile":{"background-color":"","background-image":"","background-repeat":"repeat","background-position":"center center","background-size":"auto","background-attachment":"scroll","background-type":"","background-media":"","overlay-type":"","overlay-color":"","overlay-opacity":"","overlay-gradient":""}},"ast-content-background-meta":{"desktop":{"background-color":"var(--ast-global-color-5)","background-image":"","background-repeat":"repeat","background-position":"center center","background-size":"auto","background-attachment":"scroll","background-type":"","background-media":"","overlay-type":"","overlay-color":"","overlay-opacity":"","overlay-gradient":""},"tablet":{"background-color":"var(--ast-global-color-5)","background-image":"","background-repeat":"repeat","background-position":"center center","background-size":"auto","background-attachment":"scroll","background-type":"","background-media":"","overlay-type":"","overlay-color":"","overlay-opacity":"","overlay-gradient":""},"mobile":{"background-color":"var(--ast-global-color-5)","background-image":"","background-repeat":"repeat","background-position":"center center","background-size":"auto","background-attachment":"scroll","background-type":"","background-media":"","overlay-type":"","overlay-color":"","overlay-opacity":"","overlay-gradient":""}},"jetpack_publicize_message":"","jetpack_publicize_feature_enabled":true,"jetpack_social_post_already_shared":false,"jetpack_social_options":{"image_generator_settings":{"template":"highway","default_image_id":0,"font":"","enabled":false},"version":2}},"pwb-brand":[],"product_brand":[],"product_cat":[95,152],"product_tag":[],"class_list":{"0":"post-2995","1":"product","2":"type-product","3":"status-publish","4":"has-post-thumbnail","6":"product_cat-herramientas","7":"product_cat-multimetros-herramientas","8":"desktop-align-center","9":"tablet-align-left","10":"mobile-align-left","12":"first","13":"instock","14":"sold-individually","15":"taxable","16":"shipping-taxable","17":"purchasable","18":"product-type-simple"},"supplier_id":null,"supplier_sku":"","barcode":null,"atum_controlled":true,"out_stock_date":null,"out_stock_threshold":null,"inheritable":false,"inbound_stock":null,"stock_on_hold":0,"sold_today":0,"sales_last_days":0,"reserved_stock":null,"customer_returns":null,"warehouse_damage":null,"lost_in_post":null,"other_logs":null,"out_stock_days":0,"lost_sales":0,"has_location":false,"update_date":"2026-05-01T00:40:13","atum_locations":[],"atum_stock_status":"instock","restock_status":false,"low_stock_amount":"","sales_update_date":"2026-05-01T00:40:13","calc_backorders":null,"jetpack_publicize_connections":[],"jetpack_sharing_enabled":true,"brands":[],"_links":{"self":[{"href":"https:\/\/www.surtistereo.com\/index.php?rest_route=\/wp\/v2\/product\/2995","targetHints":{"allow":["GET"]}}],"collection":[{"href":"https:\/\/www.surtistereo.com\/index.php?rest_route=\/wp\/v2\/product"}],"about":[{"href":"https:\/\/www.surtistereo.com\/index.php?rest_route=\/wp\/v2\/types\/product"}],"replies":[{"embeddable":true,"href":"https:\/\/www.surtistereo.com\/index.php?rest_route=%2Fwp%2Fv2%2Fcomments&post=2995"}],"version-history":[{"count":1,"href":"https:\/\/www.surtistereo.com\/index.php?rest_route=\/wp\/v2\/product\/2995\/revisions"}],"predecessor-version":[{"id":3700,"href":"https:\/\/www.surtistereo.com\/index.php?rest_route=\/wp\/v2\/product\/2995\/revisions\/3700"}],"wp:featuredmedia":[{"embeddable":true,"href":"https:\/\/www.surtistereo.com\/index.php?rest_route=\/wp\/v2\/media\/2996"}],"wp:attachment":[{"href":"https:\/\/www.surtistereo.com\/index.php?rest_route=%2Fwp%2Fv2%2Fmedia&parent=2995"}],"wp:term":[{"taxonomy":"pwb-brand","embeddable":true,"href":"https:\/\/www.surtistereo.com\/index.php?rest_route=%2Fwp%2Fv2%2Fpwb-brand&post=2995"},{"taxonomy":"product_brand","embeddable":true,"href":"https:\/\/www.surtistereo.com\/index.php?rest_route=%2Fwp%2Fv2%2Fproduct_brand&post=2995"},{"taxonomy":"product_cat","embeddable":true,"href":"https:\/\/www.surtistereo.com\/index.php?rest_route=%2Fwp%2Fv2%2Fproduct_cat&post=2995"},{"taxonomy":"product_tag","embeddable":true,"href":"https:\/\/www.surtistereo.com\/index.php?rest_route=%2Fwp%2Fv2%2Fproduct_tag&post=2995"}],"curies":[{"name":"wp","href":"https:\/\/api.w.org\/{rel}","templated":true}]}}