{"id":2990,"date":"2024-03-26T15:37:18","date_gmt":"2024-03-26T15:37:18","guid":{"rendered":"https:\/\/surtistereo.com\/?post_type=product&#038;p=2990"},"modified":"2025-05-13T09:37:23","modified_gmt":"2025-05-13T14:37:23","slug":"multimetro-proskit-true-rms-10f-30r-mt-1510-proskit","status":"publish","type":"product","link":"https:\/\/www.surtistereo.com\/?product=multimetro-proskit-true-rms-10f-30r-mt-1510-proskit","title":{"rendered":"MT-1510 MULTIMETRO PROSKIT TRUE RMS 10F-30R PROSKIT"},"content":{"rendered":"<p>Caracter\u00edsticas T\u00e9cnicas:<br \/>\nMT-1510<br \/>\n12 Funciones, 32 Rangos<br \/>\n3-5\/6 D\u00edgitos, 5999 Max.<br \/>\nPantalla LCD con Luz, 58&#215;78 mm<br \/>\nAuto Rango y Manual<br \/>\nRetenci\u00f3n de Datos<br \/>\nAuto Apagado en 10 Seg<br \/>\nProtecci\u00f3n de Sobre Carga<br \/>\nVoltaje DC: 6V\/60V\/600V<br \/>\nVoltaje AC: 6V\/60V\/600V<br \/>\nCorriente DC: 60mA\/600mA\/10A<br \/>\nCorriente AC: 60mA\/600mA\/10A<br \/>\nResistencia: 6000\/6k\/600k\/6M\/60MQ<br \/>\nCapacitancia: 6nF\/60nF\/600nF\/6uF\/60uF<br \/>\n\/600uF\/6mF\/100mF<br \/>\nTemperatura: -20\u00b0C~530\u00b0C\/-4\u00b0F~986\u00b0F<br \/>\nPrueba de Diodo<br \/>\nContinuidad con Pito<br \/>\nAuto Rango<br \/>\nDetector NCV<br \/>\nLinterna LED<br \/>\nDimensiones: 150X75X19mm<br \/>\nAccesorios<br \/>\nPunta de Prueba, Termocupla Tipo K<br \/>\nPila AAAX3. DC3V<br \/>\nEmpaque Caja en Color<br \/>\nProtector TPU.<br \/>\nDetector de Linea viva<br \/>\nTrue RMS.<\/p>\n","protected":false},"excerpt":{"rendered":"<p>Caracter\u00edsticas T\u00e9cnicas: MT-1510 12 Funciones, 32 Rangos 3-5\/6 D\u00edgitos, 5999 Max. Pantalla LCD con Luz, 58&#215;78 mm Auto Rango y Manual Retenci\u00f3n de Datos Auto Apagado en 10 Seg Protecci\u00f3n de Sobre Carga Voltaje DC: 6V\/60V\/600V Voltaje AC: 6V\/60V\/600V Corriente DC: 60mA\/600mA\/10A Corriente AC: 60mA\/600mA\/10A Resistencia: 6000\/6k\/600k\/6M\/60MQ Capacitancia: 6nF\/60nF\/600nF\/6uF\/60uF \/600uF\/6mF\/100mF Temperatura: -20\u00b0C~530\u00b0C\/-4\u00b0F~986\u00b0F Prueba de Diodo [&hellip;]<\/p>\n","protected":false},"featured_media":2993,"comment_status":"open","ping_status":"closed","template":"","meta":{"site-sidebar-layout":"default","site-content-layout":"","ast-site-content-layout":"default","site-content-style":"default","site-sidebar-style":"default","ast-global-header-display":"","ast-banner-title-visibility":"","ast-main-header-display":"","ast-hfb-above-header-display":"","ast-hfb-below-header-display":"","ast-hfb-mobile-header-display":"","site-post-title":"","ast-breadcrumbs-content":"","ast-featured-img":"","footer-sml-layout":"","ast-disable-related-posts":"","theme-transparent-header-meta":"default","adv-header-id-meta":"","stick-header-meta":"","header-above-stick-meta":"","header-main-stick-meta":"","header-below-stick-meta":"","astra-migrate-meta-layouts":"set","ast-page-background-enabled":"default","ast-page-background-meta":{"desktop":{"background-color":"","background-image":"","background-repeat":"repeat","background-position":"center center","background-size":"auto","background-attachment":"scroll","background-type":"","background-media":"","overlay-type":"","overlay-color":"","overlay-opacity":"","overlay-gradient":""},"tablet":{"background-color":"","background-image":"","background-repeat":"repeat","background-position":"center center","background-size":"auto","background-attachment":"scroll","background-type":"","background-media":"","overlay-type":"","overlay-color":"","overlay-opacity":"","overlay-gradient":""},"mobile":{"background-color":"","background-image":"","background-repeat":"repeat","background-position":"center center","background-size":"auto","background-attachment":"scroll","background-type":"","background-media":"","overlay-type":"","overlay-color":"","overlay-opacity":"","overlay-gradient":""}},"ast-content-background-meta":{"desktop":{"background-color":"var(--ast-global-color-5)","background-image":"","background-repeat":"repeat","background-position":"center center","background-size":"auto","background-attachment":"scroll","background-type":"","background-media":"","overlay-type":"","overlay-color":"","overlay-opacity":"","overlay-gradient":""},"tablet":{"background-color":"var(--ast-global-color-5)","background-image":"","background-repeat":"repeat","background-position":"center center","background-size":"auto","background-attachment":"scroll","background-type":"","background-media":"","overlay-type":"","overlay-color":"","overlay-opacity":"","overlay-gradient":""},"mobile":{"background-color":"var(--ast-global-color-5)","background-image":"","background-repeat":"repeat","background-position":"center center","background-size":"auto","background-attachment":"scroll","background-type":"","background-media":"","overlay-type":"","overlay-color":"","overlay-opacity":"","overlay-gradient":""}},"jetpack_publicize_message":"","jetpack_publicize_feature_enabled":true,"jetpack_social_post_already_shared":false,"jetpack_social_options":{"image_generator_settings":{"template":"highway","default_image_id":0,"font":"","enabled":false},"version":2}},"pwb-brand":[],"product_brand":[],"product_cat":[95,151],"product_tag":[],"class_list":{"0":"post-2990","1":"product","2":"type-product","3":"status-publish","4":"has-post-thumbnail","6":"product_cat-herramientas","7":"product_cat-multimetro-digital","8":"desktop-align-center","9":"tablet-align-left","10":"mobile-align-left","12":"first","13":"instock","14":"sold-individually","15":"taxable","16":"shipping-taxable","17":"purchasable","18":"product-type-simple"},"supplier_id":null,"supplier_sku":"","barcode":null,"atum_controlled":true,"out_stock_date":null,"out_stock_threshold":null,"inheritable":false,"inbound_stock":null,"stock_on_hold":0,"sold_today":0,"sales_last_days":0,"reserved_stock":null,"customer_returns":null,"warehouse_damage":null,"lost_in_post":null,"other_logs":null,"out_stock_days":0,"lost_sales":0,"has_location":false,"update_date":"2026-05-01T00:40:13","atum_locations":[],"atum_stock_status":"instock","restock_status":false,"low_stock_amount":"","sales_update_date":"2026-05-01T00:40:13","calc_backorders":null,"jetpack_publicize_connections":[],"jetpack_sharing_enabled":true,"brands":[],"_links":{"self":[{"href":"https:\/\/www.surtistereo.com\/index.php?rest_route=\/wp\/v2\/product\/2990","targetHints":{"allow":["GET"]}}],"collection":[{"href":"https:\/\/www.surtistereo.com\/index.php?rest_route=\/wp\/v2\/product"}],"about":[{"href":"https:\/\/www.surtistereo.com\/index.php?rest_route=\/wp\/v2\/types\/product"}],"replies":[{"embeddable":true,"href":"https:\/\/www.surtistereo.com\/index.php?rest_route=%2Fwp%2Fv2%2Fcomments&post=2990"}],"version-history":[{"count":0,"href":"https:\/\/www.surtistereo.com\/index.php?rest_route=\/wp\/v2\/product\/2990\/revisions"}],"wp:featuredmedia":[{"embeddable":true,"href":"https:\/\/www.surtistereo.com\/index.php?rest_route=\/wp\/v2\/media\/2993"}],"wp:attachment":[{"href":"https:\/\/www.surtistereo.com\/index.php?rest_route=%2Fwp%2Fv2%2Fmedia&parent=2990"}],"wp:term":[{"taxonomy":"pwb-brand","embeddable":true,"href":"https:\/\/www.surtistereo.com\/index.php?rest_route=%2Fwp%2Fv2%2Fpwb-brand&post=2990"},{"taxonomy":"product_brand","embeddable":true,"href":"https:\/\/www.surtistereo.com\/index.php?rest_route=%2Fwp%2Fv2%2Fproduct_brand&post=2990"},{"taxonomy":"product_cat","embeddable":true,"href":"https:\/\/www.surtistereo.com\/index.php?rest_route=%2Fwp%2Fv2%2Fproduct_cat&post=2990"},{"taxonomy":"product_tag","embeddable":true,"href":"https:\/\/www.surtistereo.com\/index.php?rest_route=%2Fwp%2Fv2%2Fproduct_tag&post=2990"}],"curies":[{"name":"wp","href":"https:\/\/api.w.org\/{rel}","templated":true}]}}