{"id":2945,"date":"2024-03-26T14:20:37","date_gmt":"2024-03-26T14:20:37","guid":{"rendered":"https:\/\/surtistereo.com\/?post_type=product&#038;p=2945"},"modified":"2025-05-13T09:44:14","modified_gmt":"2025-05-13T14:44:14","slug":"tester-digital-inductancia-ut-58d-uni-t","status":"publish","type":"product","link":"https:\/\/www.surtistereo.com\/?product=tester-digital-inductancia-ut-58d-uni-t","title":{"rendered":"UT-58D TESTER DIGITAL INDUCTANCIA UNI-T"},"content":{"rendered":"<div>UT-58D<\/div>\n<div>Voltaje DC en los rangos 200mV, 2V, 20V, 200V, 1000V, con precisi\u00f3n de \u00b1 (0.5% +<br \/>\nVoltaje AC en los rangos 2V, 20V, 200V, 750V, con precisi\u00f3n de \u00b1 (0.8% + 3).<br \/>\nCorriente DC en los rangos 2mA, 200mA, 20A, con precisi\u00f3n de \u00b1 (0.8% + 1).<br \/>\nCorriente AC en los rangos 2mA, 200mA, 20A, con precisi\u00f3n de \u00b1 (1% + 3).<br \/>\nResistencia en los rangos 200\u03a9, 2K\u03a9, 20K\u03a9, 2M\u03a9, 20M\u03a9, con precisi\u00f3n de \u00b1 (0.8% + 1).<br \/>\nCapacitancia en los rangos 2nF, 200nF, 100\u03bcF, con precisi\u00f3n de \u00b1 (4% + 3).<br \/>\nInductancia desde 2mH, 20mH, 200mH, 20H con precisi\u00f3n de \u00b1 (2% + 10).<\/div>\n<div>Continuidad y comprobaci\u00f3n de diodos.<br \/>\nRetenci\u00f3n de datos (Data Hold).<br \/>\nPantalla LCD de tama\u00f1o 60mm x 54mm, con resoluci\u00f3n de 2000 cuentas.<br \/>\nIndicaci\u00f3n de la conexi\u00f3n de las puntas de prueba.<\/div>\n<div>Indicaci\u00f3n de bater\u00eda baja, y apagado autom\u00e1tico.<br \/>\nIncluye la bater\u00eda, cables de prueba, sonda de temperatura de punto de contacto y funda.<br \/>\nDimensiones son 17.9cm x 8.8cm x 3.9cm, y pesa 350g.<\/div>\n","protected":false},"excerpt":{"rendered":"<p>UT-58D Voltaje DC en los rangos 200mV, 2V, 20V, 200V, 1000V, con precisi\u00f3n de \u00b1 (0.5% + Voltaje AC en los rangos 2V, 20V, 200V, 750V, con precisi\u00f3n de \u00b1 (0.8% + 3). Corriente DC en los rangos 2mA, 200mA, 20A, con precisi\u00f3n de \u00b1 (0.8% + 1). Corriente AC en los rangos 2mA, 200mA, [&hellip;]<\/p>\n","protected":false},"featured_media":2946,"comment_status":"open","ping_status":"closed","template":"","meta":{"site-sidebar-layout":"default","site-content-layout":"","ast-site-content-layout":"default","site-content-style":"default","site-sidebar-style":"default","ast-global-header-display":"","ast-banner-title-visibility":"","ast-main-header-display":"","ast-hfb-above-header-display":"","ast-hfb-below-header-display":"","ast-hfb-mobile-header-display":"","site-post-title":"","ast-breadcrumbs-content":"","ast-featured-img":"","footer-sml-layout":"","ast-disable-related-posts":"","theme-transparent-header-meta":"default","adv-header-id-meta":"","stick-header-meta":"","header-above-stick-meta":"","header-main-stick-meta":"","header-below-stick-meta":"","astra-migrate-meta-layouts":"set","ast-page-background-enabled":"default","ast-page-background-meta":{"desktop":{"background-color":"","background-image":"","background-repeat":"repeat","background-position":"center center","background-size":"auto","background-attachment":"scroll","background-type":"","background-media":"","overlay-type":"","overlay-color":"","overlay-opacity":"","overlay-gradient":""},"tablet":{"background-color":"","background-image":"","background-repeat":"repeat","background-position":"center center","background-size":"auto","background-attachment":"scroll","background-type":"","background-media":"","overlay-type":"","overlay-color":"","overlay-opacity":"","overlay-gradient":""},"mobile":{"background-color":"","background-image":"","background-repeat":"repeat","background-position":"center center","background-size":"auto","background-attachment":"scroll","background-type":"","background-media":"","overlay-type":"","overlay-color":"","overlay-opacity":"","overlay-gradient":""}},"ast-content-background-meta":{"desktop":{"background-color":"var(--ast-global-color-5)","background-image":"","background-repeat":"repeat","background-position":"center center","background-size":"auto","background-attachment":"scroll","background-type":"","background-media":"","overlay-type":"","overlay-color":"","overlay-opacity":"","overlay-gradient":""},"tablet":{"background-color":"var(--ast-global-color-5)","background-image":"","background-repeat":"repeat","background-position":"center center","background-size":"auto","background-attachment":"scroll","background-type":"","background-media":"","overlay-type":"","overlay-color":"","overlay-opacity":"","overlay-gradient":""},"mobile":{"background-color":"var(--ast-global-color-5)","background-image":"","background-repeat":"repeat","background-position":"center center","background-size":"auto","background-attachment":"scroll","background-type":"","background-media":"","overlay-type":"","overlay-color":"","overlay-opacity":"","overlay-gradient":""}},"jetpack_publicize_message":"","jetpack_publicize_feature_enabled":true,"jetpack_social_post_already_shared":false,"jetpack_social_options":{"image_generator_settings":{"template":"highway","default_image_id":0,"font":"","enabled":false},"version":2}},"pwb-brand":[],"product_brand":[],"product_cat":[95,151],"product_tag":[],"class_list":{"0":"post-2945","1":"product","2":"type-product","3":"status-publish","4":"has-post-thumbnail","6":"product_cat-herramientas","7":"product_cat-multimetro-digital","8":"desktop-align-center","9":"tablet-align-left","10":"mobile-align-left","12":"first","13":"instock","14":"sold-individually","15":"taxable","16":"shipping-taxable","17":"purchasable","18":"product-type-simple"},"supplier_id":null,"supplier_sku":"","barcode":null,"atum_controlled":true,"out_stock_date":null,"out_stock_threshold":null,"inheritable":false,"inbound_stock":null,"stock_on_hold":0,"sold_today":0,"sales_last_days":0,"reserved_stock":null,"customer_returns":null,"warehouse_damage":null,"lost_in_post":null,"other_logs":null,"out_stock_days":0,"lost_sales":0,"has_location":false,"update_date":"2026-05-01T00:40:13","atum_locations":[],"atum_stock_status":"instock","restock_status":false,"low_stock_amount":"","sales_update_date":"2026-05-01T00:40:13","calc_backorders":null,"jetpack_publicize_connections":[],"jetpack_sharing_enabled":true,"brands":[],"_links":{"self":[{"href":"https:\/\/www.surtistereo.com\/index.php?rest_route=\/wp\/v2\/product\/2945","targetHints":{"allow":["GET"]}}],"collection":[{"href":"https:\/\/www.surtistereo.com\/index.php?rest_route=\/wp\/v2\/product"}],"about":[{"href":"https:\/\/www.surtistereo.com\/index.php?rest_route=\/wp\/v2\/types\/product"}],"replies":[{"embeddable":true,"href":"https:\/\/www.surtistereo.com\/index.php?rest_route=%2Fwp%2Fv2%2Fcomments&post=2945"}],"version-history":[{"count":0,"href":"https:\/\/www.surtistereo.com\/index.php?rest_route=\/wp\/v2\/product\/2945\/revisions"}],"wp:featuredmedia":[{"embeddable":true,"href":"https:\/\/www.surtistereo.com\/index.php?rest_route=\/wp\/v2\/media\/2946"}],"wp:attachment":[{"href":"https:\/\/www.surtistereo.com\/index.php?rest_route=%2Fwp%2Fv2%2Fmedia&parent=2945"}],"wp:term":[{"taxonomy":"pwb-brand","embeddable":true,"href":"https:\/\/www.surtistereo.com\/index.php?rest_route=%2Fwp%2Fv2%2Fpwb-brand&post=2945"},{"taxonomy":"product_brand","embeddable":true,"href":"https:\/\/www.surtistereo.com\/index.php?rest_route=%2Fwp%2Fv2%2Fproduct_brand&post=2945"},{"taxonomy":"product_cat","embeddable":true,"href":"https:\/\/www.surtistereo.com\/index.php?rest_route=%2Fwp%2Fv2%2Fproduct_cat&post=2945"},{"taxonomy":"product_tag","embeddable":true,"href":"https:\/\/www.surtistereo.com\/index.php?rest_route=%2Fwp%2Fv2%2Fproduct_tag&post=2945"}],"curies":[{"name":"wp","href":"https:\/\/api.w.org\/{rel}","templated":true}]}}