{"id":2939,"date":"2024-03-26T14:16:59","date_gmt":"2024-03-26T14:16:59","guid":{"rendered":"https:\/\/surtistereo.com\/?post_type=product&#038;p=2939"},"modified":"2025-05-13T10:23:02","modified_gmt":"2025-05-13T15:23:02","slug":"tester-digital-temperatura-frecuencia-ut-58c-uni-t","status":"publish","type":"product","link":"https:\/\/www.surtistereo.com\/?product=tester-digital-temperatura-frecuencia-ut-58c-uni-t","title":{"rendered":"UT-58C TESTER DIGITAL TEMPERATURA FRECUENCIA UNI-T"},"content":{"rendered":"<p>UT-58C\u00a0 Mult\u00edmetro Digital Uni-Trend posee operaciones estables, protecci\u00f3n de sobre carga en todos los rangos y una estructura \u00fanica. El mult\u00edmetro digital UT58C posee rango manual seguro y confiable que es f\u00e1cil de operar. Su gran pantalla LCD de 60 mm x 54 mm muestra c\u00f3modamente los resultados de las mediciones. Esta serie de mult\u00edmetro digital satisface una variedad de aplicaciones en los campos el\u00e9ctrico y electr\u00f3nico.<\/p>\n<h2>Caracter\u00edsticas<\/h2>\n<ul>\n<li>Cuenta de 2000 pantallas, frecuencia de actualizaci\u00f3n 2 ~ 3 veces \/ s<\/li>\n<li>S\u00edmbolos de funci\u00f3n e indicaci\u00f3n de conexi\u00f3n de cables de prueba<\/li>\n<li>Medici\u00f3n de transistores<\/li>\n<li>Modo de medici\u00f3n de temperatura, con sonda de temperatura tipo K<\/li>\n<li>Medida de frecuencia<\/li>\n<li>Zumbador de diodos y continuidad; apagado autom\u00e1tico, protecci\u00f3n de sobrecarga<\/li>\n<li>Retenci\u00f3n de datos; Medici\u00f3n de corriente de 20 A CA \/ CC<\/li>\n<li>Indicaci\u00f3n de bater\u00eda baja y apagado autom\u00e1tico.<\/li>\n<\/ul>\n<h3>Especificaciones Mult\u00edmetro Digital Uni-Trend UT58C<\/h3>\n<table border=\"0\" width=\"742\" cellspacing=\"0\" cellpadding=\"0\">\n<tbody>\n<tr>\n<td height=\"20\"><strong>Especificaciones<\/strong><\/td>\n<td><strong>Rango<\/strong><\/td>\n<td><strong>UT58C<\/strong><\/td>\n<\/tr>\n<tr>\n<td height=\"19\">Voltaje DC (V)<\/td>\n<td>200mV \/ 2V \/ 20V \/ 200V \/ 1000V<\/td>\n<td>\u00b1 (0,5% + 1)<\/td>\n<\/tr>\n<tr>\n<td height=\"19\">Voltaje AC (V)<\/td>\n<td>2V \/ 20V \/ 200V \/ 750V<\/td>\n<td>\u00b1 (0,8% + 3)<\/td>\n<\/tr>\n<tr>\n<td height=\"17\">Corriente DC (A)<\/td>\n<td>2mA \/ 200mA \/ 20A<\/td>\n<td>\u00b1 (0,8% + 1)<\/td>\n<\/tr>\n<tr>\n<td height=\"19\">Corriente alterna (AC)<\/td>\n<td>2mA \/ 200mA \/ 20A<\/td>\n<td>\u00b1 (1% + 3)<\/td>\n<\/tr>\n<tr>\n<td height=\"19\">Resistencia (\u03a9)<\/td>\n<td>200\u03a9 \/ 2k\u03a9 \/ 20k\u03a9 \/ 2M\u03a9 \/ 20M\u03a9<\/td>\n<td>\u00b1 (0,8% + 1)<\/td>\n<\/tr>\n<tr>\n<td height=\"19\">Capacitancia (F)<\/td>\n<td>2nF \/ 200nF \/ 100\u03bcF<\/td>\n<td>\u00b1 (4% + 3)<\/td>\n<\/tr>\n<tr>\n<td height=\"19\">Frecuencia (Hz)<\/td>\n<td>2 kHz \/ 20 kHz<\/td>\n<td>\u00b1 (1,5% + 5)<\/td>\n<\/tr>\n<tr>\n<td height=\"19\">Temperatura (\u00b0 C)<\/td>\n<td>-40 \u00b0 C ~ 1000 \u00b0 C<\/td>\n<td>\u00b1 (1% + 3)<\/td>\n<\/tr>\n<tr>\n<td colspan=\"3\" height=\"20\"><strong>Caracter\u00edsticas generales<\/strong><\/td>\n<\/tr>\n<tr>\n<td height=\"19\">Alimentaci\u00f3n<\/td>\n<td colspan=\"2\">\u00a09V<\/td>\n<\/tr>\n<tr>\n<td height=\"19\">Monitor<\/td>\n<td colspan=\"2\">60 mm x 54 mm<\/td>\n<\/tr>\n<tr>\n<td height=\"19\">Color del producto<\/td>\n<td colspan=\"2\">Rojo y gris<\/td>\n<\/tr>\n<tr>\n<td height=\"19\">Peso neto del producto<\/td>\n<td colspan=\"2\">350g<\/td>\n<\/tr>\n<tr>\n<td height=\"19\">Tama\u00f1o del producto<\/td>\n<td colspan=\"2\">179 mm x 88 mm x 39 mm<\/td>\n<\/tr>\n<tr>\n<td height=\"36\">Accesorios\u00a0est\u00e1ndar<\/td>\n<td colspan=\"2\">Bater\u00eda, cables de prueba, funda, enchufe multiusos, sonda de temperatura de contacto puntual<\/td>\n<\/tr>\n<tr>\n<td height=\"19\">Embalaje individual est\u00e1ndar<\/td>\n<td colspan=\"2\">Caja, manual en ingl\u00e9s<\/td>\n<\/tr>\n<\/tbody>\n<\/table>\n","protected":false},"excerpt":{"rendered":"<p>UT-58C\u00a0 Mult\u00edmetro Digital Uni-Trend posee operaciones estables, protecci\u00f3n de sobre carga en todos los rangos y una estructura \u00fanica. El mult\u00edmetro digital UT58C posee rango manual seguro y confiable que es f\u00e1cil de operar. Su gran pantalla LCD de 60 mm x 54 mm muestra c\u00f3modamente los resultados de las mediciones. Esta serie de mult\u00edmetro [&hellip;]<\/p>\n","protected":false},"featured_media":2941,"comment_status":"open","ping_status":"closed","template":"","meta":{"site-sidebar-layout":"default","site-content-layout":"","ast-site-content-layout":"default","site-content-style":"default","site-sidebar-style":"default","ast-global-header-display":"","ast-banner-title-visibility":"","ast-main-header-display":"","ast-hfb-above-header-display":"","ast-hfb-below-header-display":"","ast-hfb-mobile-header-display":"","site-post-title":"","ast-breadcrumbs-content":"","ast-featured-img":"","footer-sml-layout":"","ast-disable-related-posts":"","theme-transparent-header-meta":"default","adv-header-id-meta":"","stick-header-meta":"","header-above-stick-meta":"","header-main-stick-meta":"","header-below-stick-meta":"","astra-migrate-meta-layouts":"set","ast-page-background-enabled":"default","ast-page-background-meta":{"desktop":{"background-color":"","background-image":"","background-repeat":"repeat","background-position":"center center","background-size":"auto","background-attachment":"scroll","background-type":"","background-media":"","overlay-type":"","overlay-color":"","overlay-opacity":"","overlay-gradient":""},"tablet":{"background-color":"","background-image":"","background-repeat":"repeat","background-position":"center center","background-size":"auto","background-attachment":"scroll","background-type":"","background-media":"","overlay-type":"","overlay-color":"","overlay-opacity":"","overlay-gradient":""},"mobile":{"background-color":"","background-image":"","background-repeat":"repeat","background-position":"center center","background-size":"auto","background-attachment":"scroll","background-type":"","background-media":"","overlay-type":"","overlay-color":"","overlay-opacity":"","overlay-gradient":""}},"ast-content-background-meta":{"desktop":{"background-color":"var(--ast-global-color-5)","background-image":"","background-repeat":"repeat","background-position":"center center","background-size":"auto","background-attachment":"scroll","background-type":"","background-media":"","overlay-type":"","overlay-color":"","overlay-opacity":"","overlay-gradient":""},"tablet":{"background-color":"var(--ast-global-color-5)","background-image":"","background-repeat":"repeat","background-position":"center center","background-size":"auto","background-attachment":"scroll","background-type":"","background-media":"","overlay-type":"","overlay-color":"","overlay-opacity":"","overlay-gradient":""},"mobile":{"background-color":"var(--ast-global-color-5)","background-image":"","background-repeat":"repeat","background-position":"center center","background-size":"auto","background-attachment":"scroll","background-type":"","background-media":"","overlay-type":"","overlay-color":"","overlay-opacity":"","overlay-gradient":""}},"jetpack_publicize_message":"","jetpack_publicize_feature_enabled":true,"jetpack_social_post_already_shared":false,"jetpack_social_options":{"image_generator_settings":{"template":"highway","default_image_id":0,"font":"","enabled":false},"version":2}},"pwb-brand":[],"product_brand":[],"product_cat":[95,152],"product_tag":[],"class_list":{"0":"post-2939","1":"product","2":"type-product","3":"status-publish","4":"has-post-thumbnail","6":"product_cat-herramientas","7":"product_cat-multimetros-herramientas","8":"desktop-align-center","9":"tablet-align-left","10":"mobile-align-left","12":"first","13":"instock","14":"sold-individually","15":"taxable","16":"shipping-taxable","17":"purchasable","18":"product-type-simple"},"supplier_id":null,"supplier_sku":"","barcode":null,"atum_controlled":true,"out_stock_date":null,"out_stock_threshold":null,"inheritable":false,"inbound_stock":null,"stock_on_hold":0,"sold_today":0,"sales_last_days":0,"reserved_stock":null,"customer_returns":null,"warehouse_damage":null,"lost_in_post":null,"other_logs":null,"out_stock_days":0,"lost_sales":0,"has_location":false,"update_date":"2026-05-01T00:40:13","atum_locations":[],"atum_stock_status":"instock","restock_status":false,"low_stock_amount":"","sales_update_date":"2026-05-01T00:40:13","calc_backorders":null,"jetpack_publicize_connections":[],"jetpack_sharing_enabled":true,"brands":[],"_links":{"self":[{"href":"https:\/\/www.surtistereo.com\/index.php?rest_route=\/wp\/v2\/product\/2939","targetHints":{"allow":["GET"]}}],"collection":[{"href":"https:\/\/www.surtistereo.com\/index.php?rest_route=\/wp\/v2\/product"}],"about":[{"href":"https:\/\/www.surtistereo.com\/index.php?rest_route=\/wp\/v2\/types\/product"}],"replies":[{"embeddable":true,"href":"https:\/\/www.surtistereo.com\/index.php?rest_route=%2Fwp%2Fv2%2Fcomments&post=2939"}],"version-history":[{"count":0,"href":"https:\/\/www.surtistereo.com\/index.php?rest_route=\/wp\/v2\/product\/2939\/revisions"}],"wp:featuredmedia":[{"embeddable":true,"href":"https:\/\/www.surtistereo.com\/index.php?rest_route=\/wp\/v2\/media\/2941"}],"wp:attachment":[{"href":"https:\/\/www.surtistereo.com\/index.php?rest_route=%2Fwp%2Fv2%2Fmedia&parent=2939"}],"wp:term":[{"taxonomy":"pwb-brand","embeddable":true,"href":"https:\/\/www.surtistereo.com\/index.php?rest_route=%2Fwp%2Fv2%2Fpwb-brand&post=2939"},{"taxonomy":"product_brand","embeddable":true,"href":"https:\/\/www.surtistereo.com\/index.php?rest_route=%2Fwp%2Fv2%2Fproduct_brand&post=2939"},{"taxonomy":"product_cat","embeddable":true,"href":"https:\/\/www.surtistereo.com\/index.php?rest_route=%2Fwp%2Fv2%2Fproduct_cat&post=2939"},{"taxonomy":"product_tag","embeddable":true,"href":"https:\/\/www.surtistereo.com\/index.php?rest_route=%2Fwp%2Fv2%2Fproduct_tag&post=2939"}],"curies":[{"name":"wp","href":"https:\/\/api.w.org\/{rel}","templated":true}]}}