{"id":2928,"date":"2024-03-26T14:08:12","date_gmt":"2024-03-26T14:08:12","guid":{"rendered":"https:\/\/surtistereo.com\/?post_type=product&#038;p=2928"},"modified":"2025-05-13T10:26:48","modified_gmt":"2025-05-13T15:26:48","slug":"pinza-digital-voltiamperimetrica-ut-210d-uni-t","status":"publish","type":"product","link":"https:\/\/www.surtistereo.com\/?product=pinza-digital-voltiamperimetrica-ut-210d-uni-t","title":{"rendered":"UT-210D PINZA DIGITAL VOLTIAMPERIMETRICA UNI-T"},"content":{"rendered":"<h5><strong>UT-210D<\/strong><\/h5>\n<h5><strong>Caracter\u00edsticas Pinza Digital Voltiamperim\u00e9trica UT-210D:<\/strong><\/h5>\n<ul>\n<li>Corriente AC:20A-200A<\/li>\n<li>Voltaje AC:2V-600V<\/li>\n<li>Voltaje DC: 200mV-600V<\/li>\n<li>Resistencia Rango Max. 20M\u03a9.<\/li>\n<li>Frecuencia: 10Hz-60KHz.<\/li>\n<li>Capacitancia: 20nF-20mF<\/li>\n<li>Temperatura : -40\u00b0C hasta 1000\u00b0C.<\/li>\n<li>Diodos y continuidad.<\/li>\n<li>Tama\u00f1o Mand\u00edbula: 17 mm.<\/li>\n<li>Posee retenci\u00f3n de datos (Data Hold).<\/li>\n<li>Tiene funci\u00f3n de modo a cero y NCV (detecci\u00f3n de voltaje sin contacto).<\/li>\n<li>Posee auto apagado e indicaci\u00f3n de bater\u00eda baja.<\/li>\n<li>Posee protecci\u00f3n en la entrada.<\/li>\n<li>Continuidad Buzzer<\/li>\n<li>Impedancia de entrada: 10M\u03a9<\/li>\n<\/ul>\n<p><strong>Incluye:<\/strong><\/p>\n<ul>\n<li>Pinza amperim\u00e9trica\u00a0<strong>UNI-T UT210D<\/strong>\u00a0(1 ud.)<\/li>\n<li>Sonda de prueba (1 ud.)<\/li>\n<li>Malet\u00edn (1 ud.)<\/li>\n<li>Bater\u00eda NEDA 1604, 6F22 (1 ud.)<\/li>\n<li>Manual del usuario (1 ud.)<\/li>\n<\/ul>\n","protected":false},"excerpt":{"rendered":"<p>UT-210D Caracter\u00edsticas Pinza Digital Voltiamperim\u00e9trica UT-210D: Corriente AC:20A-200A Voltaje AC:2V-600V Voltaje DC: 200mV-600V Resistencia Rango Max. 20M\u03a9. Frecuencia: 10Hz-60KHz. Capacitancia: 20nF-20mF Temperatura : -40\u00b0C hasta 1000\u00b0C. Diodos y continuidad. Tama\u00f1o Mand\u00edbula: 17 mm. Posee retenci\u00f3n de datos (Data Hold). Tiene funci\u00f3n de modo a cero y NCV (detecci\u00f3n de voltaje sin contacto). Posee auto apagado [&hellip;]<\/p>\n","protected":false},"featured_media":2930,"comment_status":"open","ping_status":"closed","template":"","meta":{"site-sidebar-layout":"default","site-content-layout":"","ast-site-content-layout":"default","site-content-style":"default","site-sidebar-style":"default","ast-global-header-display":"","ast-banner-title-visibility":"","ast-main-header-display":"","ast-hfb-above-header-display":"","ast-hfb-below-header-display":"","ast-hfb-mobile-header-display":"","site-post-title":"","ast-breadcrumbs-content":"","ast-featured-img":"","footer-sml-layout":"","ast-disable-related-posts":"","theme-transparent-header-meta":"default","adv-header-id-meta":"","stick-header-meta":"","header-above-stick-meta":"","header-main-stick-meta":"","header-below-stick-meta":"","astra-migrate-meta-layouts":"set","ast-page-background-enabled":"default","ast-page-background-meta":{"desktop":{"background-color":"","background-image":"","background-repeat":"repeat","background-position":"center center","background-size":"auto","background-attachment":"scroll","background-type":"","background-media":"","overlay-type":"","overlay-color":"","overlay-opacity":"","overlay-gradient":""},"tablet":{"background-color":"","background-image":"","background-repeat":"repeat","background-position":"center center","background-size":"auto","background-attachment":"scroll","background-type":"","background-media":"","overlay-type":"","overlay-color":"","overlay-opacity":"","overlay-gradient":""},"mobile":{"background-color":"","background-image":"","background-repeat":"repeat","background-position":"center center","background-size":"auto","background-attachment":"scroll","background-type":"","background-media":"","overlay-type":"","overlay-color":"","overlay-opacity":"","overlay-gradient":""}},"ast-content-background-meta":{"desktop":{"background-color":"var(--ast-global-color-5)","background-image":"","background-repeat":"repeat","background-position":"center center","background-size":"auto","background-attachment":"scroll","background-type":"","background-media":"","overlay-type":"","overlay-color":"","overlay-opacity":"","overlay-gradient":""},"tablet":{"background-color":"var(--ast-global-color-5)","background-image":"","background-repeat":"repeat","background-position":"center center","background-size":"auto","background-attachment":"scroll","background-type":"","background-media":"","overlay-type":"","overlay-color":"","overlay-opacity":"","overlay-gradient":""},"mobile":{"background-color":"var(--ast-global-color-5)","background-image":"","background-repeat":"repeat","background-position":"center center","background-size":"auto","background-attachment":"scroll","background-type":"","background-media":"","overlay-type":"","overlay-color":"","overlay-opacity":"","overlay-gradient":""}},"jetpack_publicize_message":"","jetpack_publicize_feature_enabled":true,"jetpack_social_post_already_shared":false,"jetpack_social_options":{"image_generator_settings":{"template":"highway","default_image_id":0,"font":"","enabled":false},"version":2}},"pwb-brand":[],"product_brand":[],"product_cat":[95,153],"product_tag":[],"class_list":{"0":"post-2928","1":"product","2":"type-product","3":"status-publish","4":"has-post-thumbnail","6":"product_cat-herramientas","7":"product_cat-pinzas-voltiamperimetricas-herramientas","8":"desktop-align-center","9":"tablet-align-left","10":"mobile-align-left","12":"first","13":"instock","14":"sold-individually","15":"taxable","16":"shipping-taxable","17":"purchasable","18":"product-type-simple"},"supplier_id":null,"supplier_sku":"","barcode":null,"atum_controlled":true,"out_stock_date":null,"out_stock_threshold":null,"inheritable":false,"inbound_stock":null,"stock_on_hold":0,"sold_today":0,"sales_last_days":0,"reserved_stock":null,"customer_returns":null,"warehouse_damage":null,"lost_in_post":null,"other_logs":null,"out_stock_days":0,"lost_sales":0,"has_location":false,"update_date":"2026-05-01T00:40:13","atum_locations":[],"atum_stock_status":"instock","restock_status":false,"low_stock_amount":"","sales_update_date":"2026-05-01T00:40:13","calc_backorders":null,"jetpack_publicize_connections":[],"jetpack_sharing_enabled":true,"brands":[],"_links":{"self":[{"href":"https:\/\/www.surtistereo.com\/index.php?rest_route=\/wp\/v2\/product\/2928","targetHints":{"allow":["GET"]}}],"collection":[{"href":"https:\/\/www.surtistereo.com\/index.php?rest_route=\/wp\/v2\/product"}],"about":[{"href":"https:\/\/www.surtistereo.com\/index.php?rest_route=\/wp\/v2\/types\/product"}],"replies":[{"embeddable":true,"href":"https:\/\/www.surtistereo.com\/index.php?rest_route=%2Fwp%2Fv2%2Fcomments&post=2928"}],"version-history":[{"count":1,"href":"https:\/\/www.surtistereo.com\/index.php?rest_route=\/wp\/v2\/product\/2928\/revisions"}],"predecessor-version":[{"id":5283,"href":"https:\/\/www.surtistereo.com\/index.php?rest_route=\/wp\/v2\/product\/2928\/revisions\/5283"}],"wp:featuredmedia":[{"embeddable":true,"href":"https:\/\/www.surtistereo.com\/index.php?rest_route=\/wp\/v2\/media\/2930"}],"wp:attachment":[{"href":"https:\/\/www.surtistereo.com\/index.php?rest_route=%2Fwp%2Fv2%2Fmedia&parent=2928"}],"wp:term":[{"taxonomy":"pwb-brand","embeddable":true,"href":"https:\/\/www.surtistereo.com\/index.php?rest_route=%2Fwp%2Fv2%2Fpwb-brand&post=2928"},{"taxonomy":"product_brand","embeddable":true,"href":"https:\/\/www.surtistereo.com\/index.php?rest_route=%2Fwp%2Fv2%2Fproduct_brand&post=2928"},{"taxonomy":"product_cat","embeddable":true,"href":"https:\/\/www.surtistereo.com\/index.php?rest_route=%2Fwp%2Fv2%2Fproduct_cat&post=2928"},{"taxonomy":"product_tag","embeddable":true,"href":"https:\/\/www.surtistereo.com\/index.php?rest_route=%2Fwp%2Fv2%2Fproduct_tag&post=2928"}],"curies":[{"name":"wp","href":"https:\/\/api.w.org\/{rel}","templated":true}]}}