{"id":2909,"date":"2024-03-06T15:20:15","date_gmt":"2024-03-06T15:20:15","guid":{"rendered":"https:\/\/surtistereo.com\/?post_type=product&#038;p=2909"},"modified":"2025-05-13T10:29:01","modified_gmt":"2025-05-13T15:29:01","slug":"pinza-amperimetrica-uni-t-ut210b","status":"publish","type":"product","link":"https:\/\/www.surtistereo.com\/?product=pinza-amperimetrica-uni-t-ut210b","title":{"rendered":"UT210B PINZA AMPERIMETRICA UNI-T"},"content":{"rendered":"<div>UT210B Las mini pinzas amperim\u00e9tricas de la serie est\u00e1n dise\u00f1adas para funcionar bien en entornos de espacio limitado. Estas son herramientas esenciales para el mantenimiento de equipos mec\u00e1nicos y el\u00e9ctricos, la instalaci\u00f3n de electrodom\u00e9sticos y las tareas de electricista.<\/div>\n<div><\/div>\n<ol>\n<li>NCV<\/li>\n<li>MAX \/ MIN<\/li>\n<li>Ergon\u00f3mico y ligero<\/li>\n<li>Rango autom\u00e1tico, frecuencia de muestreo 2 ~ 3 veces \/ s<\/li>\n<li>Verdadero valor eficaz<\/li>\n<li>Retroiluminaci\u00f3n de la pantalla LCD, retenci\u00f3n de datos<\/li>\n<li>Apagado autom\u00e1tico, indicaci\u00f3n de bater\u00eda baja<\/li>\n<li>Modo relativo<\/li>\n<\/ol>\n<table class=\"table table-bordered table-striped spec_table\" border=\"0\" width=\"1284\" cellspacing=\"0\" cellpadding=\"0\">\n<tbody>\n<tr>\n<td height=\"40\"><strong>Especificaciones<\/strong><\/td>\n<td><strong>Rango<\/strong><\/td>\n<td><strong>UT-210B<\/strong><\/td>\n<\/tr>\n<tr>\n<td height=\"19\">Corriente alterna (A)<\/td>\n<td>200A<\/td>\n<td>\u00b1(2.5%+20)<\/td>\n<\/tr>\n<tr>\n<td colspan=\"3\" height=\"20\"><b>Caracter\u00edsticas<\/b><\/td>\n<\/tr>\n<tr>\n<td height=\"19\">Cuento de pantalla<\/td>\n<td>2000<\/td>\n<\/tr>\n<tr>\n<td height=\"19\">Zumbador de continuidad<\/td>\n<td>\u221a<\/td>\n<\/tr>\n<tr>\n<td height=\"19\">Apertura de mand\u00edbula<\/td>\n<td>16 mm<\/td>\n<\/tr>\n<tr>\n<td colspan=\"3\" height=\"20\"><strong>Caracter\u00edsticas generales<\/strong><\/td>\n<\/tr>\n<tr>\n<td height=\"19\">Poder<\/td>\n<td colspan=\"2\">Bater\u00eda de 1.5V (R03)x2<\/td>\n<\/tr>\n<tr>\n<td height=\"19\">Pantalla<\/td>\n<td colspan=\"2\">39.3mm x 26.5mm<\/td>\n<\/tr>\n<tr>\n<td height=\"19\">Color del producto<\/td>\n<td colspan=\"2\">Rojo y gris<\/td>\n<\/tr>\n<tr>\n<td height=\"19\">Peso neto del producto<\/td>\n<td colspan=\"2\">150g (pilas incluidas)<\/td>\n<\/tr>\n<tr>\n<td height=\"19\">Tama\u00f1o del producto<\/td>\n<td colspan=\"2\">158mm x 60mm x 33.5mm<\/td>\n<\/tr>\n<tr>\n<td height=\"19\">Accesorios est\u00e1ndar<\/td>\n<td colspan=\"2\">Pilas<\/td>\n<\/tr>\n<tr>\n<td height=\"19\">Embalaje individual est\u00e1ndar<\/td>\n<td colspan=\"2\">Caja de regalo, manual de ingl\u00e9s<\/td>\n<\/tr>\n<tr>\n<td height=\"19\">Cantidad est\u00e1ndar por caja<\/td>\n<td colspan=\"2\">40 piezas<\/td>\n<\/tr>\n<tr>\n<td height=\"19\">Medida de cart\u00f3n est\u00e1ndar<\/td>\n<td colspan=\"2\">345mm x 245mm x 300mm<\/td>\n<\/tr>\n<tr>\n<td height=\"19\">Peso bruto de la caja est\u00e1ndar<\/td>\n<td colspan=\"2\">8 Kg<\/td>\n<\/tr>\n<\/tbody>\n<\/table>\n","protected":false},"excerpt":{"rendered":"<p>UT210B Las mini pinzas amperim\u00e9tricas de la serie est\u00e1n dise\u00f1adas para funcionar bien en entornos de espacio limitado. Estas son herramientas esenciales para el mantenimiento de equipos mec\u00e1nicos y el\u00e9ctricos, la instalaci\u00f3n de electrodom\u00e9sticos y las tareas de electricista. NCV MAX \/ MIN Ergon\u00f3mico y ligero Rango autom\u00e1tico, frecuencia de muestreo 2 ~ 3 veces [&hellip;]<\/p>\n","protected":false},"featured_media":2911,"comment_status":"open","ping_status":"closed","template":"","meta":{"site-sidebar-layout":"default","site-content-layout":"","ast-site-content-layout":"default","site-content-style":"default","site-sidebar-style":"default","ast-global-header-display":"","ast-banner-title-visibility":"","ast-main-header-display":"","ast-hfb-above-header-display":"","ast-hfb-below-header-display":"","ast-hfb-mobile-header-display":"","site-post-title":"","ast-breadcrumbs-content":"","ast-featured-img":"","footer-sml-layout":"","ast-disable-related-posts":"","theme-transparent-header-meta":"default","adv-header-id-meta":"","stick-header-meta":"","header-above-stick-meta":"","header-main-stick-meta":"","header-below-stick-meta":"","astra-migrate-meta-layouts":"set","ast-page-background-enabled":"default","ast-page-background-meta":{"desktop":{"background-color":"","background-image":"","background-repeat":"repeat","background-position":"center center","background-size":"auto","background-attachment":"scroll","background-type":"","background-media":"","overlay-type":"","overlay-color":"","overlay-opacity":"","overlay-gradient":""},"tablet":{"background-color":"","background-image":"","background-repeat":"repeat","background-position":"center center","background-size":"auto","background-attachment":"scroll","background-type":"","background-media":"","overlay-type":"","overlay-color":"","overlay-opacity":"","overlay-gradient":""},"mobile":{"background-color":"","background-image":"","background-repeat":"repeat","background-position":"center center","background-size":"auto","background-attachment":"scroll","background-type":"","background-media":"","overlay-type":"","overlay-color":"","overlay-opacity":"","overlay-gradient":""}},"ast-content-background-meta":{"desktop":{"background-color":"var(--ast-global-color-5)","background-image":"","background-repeat":"repeat","background-position":"center center","background-size":"auto","background-attachment":"scroll","background-type":"","background-media":"","overlay-type":"","overlay-color":"","overlay-opacity":"","overlay-gradient":""},"tablet":{"background-color":"var(--ast-global-color-5)","background-image":"","background-repeat":"repeat","background-position":"center center","background-size":"auto","background-attachment":"scroll","background-type":"","background-media":"","overlay-type":"","overlay-color":"","overlay-opacity":"","overlay-gradient":""},"mobile":{"background-color":"var(--ast-global-color-5)","background-image":"","background-repeat":"repeat","background-position":"center center","background-size":"auto","background-attachment":"scroll","background-type":"","background-media":"","overlay-type":"","overlay-color":"","overlay-opacity":"","overlay-gradient":""}},"jetpack_publicize_message":"","jetpack_publicize_feature_enabled":true,"jetpack_social_post_already_shared":false,"jetpack_social_options":{"image_generator_settings":{"template":"highway","default_image_id":0,"font":"","enabled":false},"version":2}},"pwb-brand":[],"product_brand":[],"product_cat":[95,153],"product_tag":[],"class_list":{"0":"post-2909","1":"product","2":"type-product","3":"status-publish","4":"has-post-thumbnail","6":"product_cat-herramientas","7":"product_cat-pinzas-voltiamperimetricas-herramientas","8":"desktop-align-center","9":"tablet-align-left","10":"mobile-align-left","12":"first","13":"instock","14":"sold-individually","15":"taxable","16":"shipping-taxable","17":"purchasable","18":"product-type-simple"},"supplier_id":null,"supplier_sku":"","barcode":null,"atum_controlled":true,"out_stock_date":null,"out_stock_threshold":null,"inheritable":false,"inbound_stock":null,"stock_on_hold":0,"sold_today":0,"sales_last_days":0,"reserved_stock":null,"customer_returns":null,"warehouse_damage":null,"lost_in_post":null,"other_logs":null,"out_stock_days":0,"lost_sales":0,"has_location":false,"update_date":"2026-05-02T00:40:18","atum_locations":[],"atum_stock_status":"instock","restock_status":false,"low_stock_amount":"","sales_update_date":"2026-05-02T00:40:18","calc_backorders":null,"jetpack_publicize_connections":[],"jetpack_sharing_enabled":true,"brands":[],"_links":{"self":[{"href":"https:\/\/www.surtistereo.com\/index.php?rest_route=\/wp\/v2\/product\/2909","targetHints":{"allow":["GET"]}}],"collection":[{"href":"https:\/\/www.surtistereo.com\/index.php?rest_route=\/wp\/v2\/product"}],"about":[{"href":"https:\/\/www.surtistereo.com\/index.php?rest_route=\/wp\/v2\/types\/product"}],"replies":[{"embeddable":true,"href":"https:\/\/www.surtistereo.com\/index.php?rest_route=%2Fwp%2Fv2%2Fcomments&post=2909"}],"version-history":[{"count":0,"href":"https:\/\/www.surtistereo.com\/index.php?rest_route=\/wp\/v2\/product\/2909\/revisions"}],"wp:featuredmedia":[{"embeddable":true,"href":"https:\/\/www.surtistereo.com\/index.php?rest_route=\/wp\/v2\/media\/2911"}],"wp:attachment":[{"href":"https:\/\/www.surtistereo.com\/index.php?rest_route=%2Fwp%2Fv2%2Fmedia&parent=2909"}],"wp:term":[{"taxonomy":"pwb-brand","embeddable":true,"href":"https:\/\/www.surtistereo.com\/index.php?rest_route=%2Fwp%2Fv2%2Fpwb-brand&post=2909"},{"taxonomy":"product_brand","embeddable":true,"href":"https:\/\/www.surtistereo.com\/index.php?rest_route=%2Fwp%2Fv2%2Fproduct_brand&post=2909"},{"taxonomy":"product_cat","embeddable":true,"href":"https:\/\/www.surtistereo.com\/index.php?rest_route=%2Fwp%2Fv2%2Fproduct_cat&post=2909"},{"taxonomy":"product_tag","embeddable":true,"href":"https:\/\/www.surtistereo.com\/index.php?rest_route=%2Fwp%2Fv2%2Fproduct_tag&post=2909"}],"curies":[{"name":"wp","href":"https:\/\/api.w.org\/{rel}","templated":true}]}}