{"id":2884,"date":"2024-03-05T20:56:10","date_gmt":"2024-03-05T20:56:10","guid":{"rendered":"https:\/\/surtistereo.com\/?post_type=product&#038;p=2884"},"modified":"2025-05-13T09:35:06","modified_gmt":"2025-05-13T14:35:06","slug":"medidor-de-distancia-70m-laser-uni-t-lm70a","status":"publish","type":"product","link":"https:\/\/www.surtistereo.com\/?product=medidor-de-distancia-70m-laser-uni-t-lm70a","title":{"rendered":"LM70A MEDIDOR DE DISTANCIA 70M L\u00c1SER UNI-T"},"content":{"rendered":"<p>LM70A Medidor De Distancia 70m L\u00e1ser Uni-Trend , los nuevos medidores de distancia l\u00e1ser de la serie LM A son un nuevo dise\u00f1o para medir la distancia con precisi\u00f3n. Puede medir \u00c1rea, Volumen, Adici\u00f3n, Resta, f\u00e1cilmente. Tambi\u00e9n puede almacenar datos de 99 grupos. Estos medidores se pueden utilizar en dise\u00f1o interior\/exterior, construcci\u00f3n, supervisi\u00f3n de f\u00e1bricas, inspecci\u00f3n de ingenier\u00eda, desarrollo inmobiliario, etc.<\/p>\n<h2>Caracter\u00edsticas<\/h2>\n<ul>\n<li>Exterior ergon\u00f3mico, manejo c\u00f3modo<\/li>\n<li>Precisi\u00f3n milim\u00e9trica<\/li>\n<li>Almacenamiento de datos en 99 grupos<\/li>\n<li>Auto c\u00e1lculo r\u00e1pido con lectura en tiempo real<\/li>\n<li>Nivelador f\u00edsico (horizontal y vertical)<\/li>\n<li>M\u00faltiples funciones: medici\u00f3n m\u00e1xima\/m\u00ednima\/continua, almacenamiento de datos entro otras<\/li>\n<\/ul>\n<h3>Especificaciones Del Medidor De Distancia 70m L\u00e1ser Uni-Trend LM70A<\/h3>\n<table width=\"438\">\n<tbody>\n<tr>\n<td width=\"218\"><strong>Especificaciones<\/strong><\/td>\n<td colspan=\"2\" width=\"179\"><strong>LM70A<\/strong><\/td>\n<\/tr>\n<tr>\n<td>Certificaciones<\/td>\n<td colspan=\"2\">RoHS<\/td>\n<\/tr>\n<tr>\n<td>Tama\u00f1o de la pantalla<\/td>\n<td colspan=\"2\">2,0 pulgadas<\/td>\n<\/tr>\n<tr>\n<td>Rango<\/td>\n<td colspan=\"2\">70m<\/td>\n<\/tr>\n<tr>\n<td>Tipo de visualizaci\u00f3n<\/td>\n<td colspan=\"2\">LCD<\/td>\n<\/tr>\n<tr>\n<td>m\u00edn. monitor<\/td>\n<td colspan=\"2\">0.001m<\/td>\n<\/tr>\n<tr>\n<td>Unidades de medida<\/td>\n<td colspan=\"2\">m\/pies\/pulgadas<\/td>\n<\/tr>\n<tr>\n<td>Base de medici\u00f3n<\/td>\n<td colspan=\"2\">Delantero trasero<\/td>\n<\/tr>\n<tr>\n<td>Precisi\u00f3n<\/td>\n<td colspan=\"2\">\u00b1(2mm+5 x 10 -5 D)<\/td>\n<\/tr>\n<tr>\n<td>Clase de l\u00e1ser<\/td>\n<td colspan=\"2\">2<\/td>\n<\/tr>\n<tr>\n<td>Tipo de l\u00e1ser<\/td>\n<td colspan=\"2\">630~670nm, \ufe641mW<\/td>\n<\/tr>\n<tr>\n<td colspan=\"3\"><strong>Caracter\u00edsticas<\/strong><\/td>\n<\/tr>\n<tr>\n<td>Medida \u00fanica<\/td>\n<td colspan=\"2\">\u221a<\/td>\n<\/tr>\n<tr>\n<td>Medici\u00f3n continua<\/td>\n<td colspan=\"2\">\u221a<\/td>\n<\/tr>\n<tr>\n<td>M\u00e1x.\/M\u00edn.\/\u00c1rea<\/td>\n<td colspan=\"2\">\u221a<\/td>\n<\/tr>\n<tr>\n<td>Volumen<\/td>\n<td colspan=\"2\">\u221a<\/td>\n<\/tr>\n<tr>\n<td>Pit\u00e1goras<\/td>\n<td colspan=\"2\">\u221a<\/td>\n<\/tr>\n<tr>\n<td>Sumar\/Restar<\/td>\n<td colspan=\"2\">\u221a<\/td>\n<\/tr>\n<tr>\n<td>Auto calibraci\u00f3n<\/td>\n<td colspan=\"2\">\u221a<\/td>\n<\/tr>\n<tr>\n<td>burbuja horizontal<\/td>\n<td colspan=\"2\">\u221a<\/td>\n<\/tr>\n<tr>\n<td>Almacenamiento de datos<\/td>\n<td colspan=\"2\">99 grupos<\/td>\n<\/tr>\n<tr>\n<td>Apagado autom\u00e1tico<\/td>\n<td colspan=\"2\">3 minutos sin operaci\u00f3n<\/td>\n<\/tr>\n<tr>\n<td>Apagado autom\u00e1tico del l\u00e1ser<\/td>\n<td colspan=\"2\">30s sin operaci\u00f3n<\/td>\n<\/tr>\n<tr>\n<td>Temperatura de almacenamiento<\/td>\n<td colspan=\"2\">\u00a0-20 \u2103 ~ 60 \u2103<\/td>\n<\/tr>\n<tr>\n<td>Temperatura de funcionamiento<\/td>\n<td colspan=\"2\">0\u2103~40\u2103<\/td>\n<\/tr>\n<tr>\n<td colspan=\"3\"><strong>Caracter\u00edsticas generales<\/strong><\/td>\n<\/tr>\n<tr>\n<td>Alimentaci\u00f3n<\/td>\n<td colspan=\"2\">Bater\u00eda de 1,5 V (LR03) x 2<\/td>\n<\/tr>\n<tr>\n<td>Color del producto<\/td>\n<td colspan=\"2\">Rojo y Gris<\/td>\n<\/tr>\n<tr>\n<td>Tama\u00f1o del producto<\/td>\n<td colspan=\"2\">122 mm x 52 mm x 29,5 mm<\/td>\n<\/tr>\n<tr>\n<td>Accesorios est\u00e1ndar<\/td>\n<td colspan=\"2\">Bolsa de transporte<\/td>\n<\/tr>\n<tr>\n<td>Embalaje individual est\u00e1ndar<\/td>\n<td colspan=\"2\">Caja, manual en ingl\u00e9s<\/td>\n<\/tr>\n<\/tbody>\n<\/table>\n","protected":false},"excerpt":{"rendered":"<p>LM70A Medidor De Distancia 70m L\u00e1ser Uni-Trend , los nuevos medidores de distancia l\u00e1ser de la serie LM A son un nuevo dise\u00f1o para medir la distancia con precisi\u00f3n. Puede medir \u00c1rea, Volumen, Adici\u00f3n, Resta, f\u00e1cilmente. Tambi\u00e9n puede almacenar datos de 99 grupos. Estos medidores se pueden utilizar en dise\u00f1o interior\/exterior, construcci\u00f3n, supervisi\u00f3n de f\u00e1bricas, [&hellip;]<\/p>\n","protected":false},"featured_media":2885,"comment_status":"open","ping_status":"closed","template":"","meta":{"site-sidebar-layout":"default","site-content-layout":"","ast-site-content-layout":"default","site-content-style":"default","site-sidebar-style":"default","ast-global-header-display":"","ast-banner-title-visibility":"","ast-main-header-display":"","ast-hfb-above-header-display":"","ast-hfb-below-header-display":"","ast-hfb-mobile-header-display":"","site-post-title":"","ast-breadcrumbs-content":"","ast-featured-img":"","footer-sml-layout":"","ast-disable-related-posts":"","theme-transparent-header-meta":"default","adv-header-id-meta":"","stick-header-meta":"","header-above-stick-meta":"","header-main-stick-meta":"","header-below-stick-meta":"","astra-migrate-meta-layouts":"set","ast-page-background-enabled":"default","ast-page-background-meta":{"desktop":{"background-color":"","background-image":"","background-repeat":"repeat","background-position":"center center","background-size":"auto","background-attachment":"scroll","background-type":"","background-media":"","overlay-type":"","overlay-color":"","overlay-opacity":"","overlay-gradient":""},"tablet":{"background-color":"","background-image":"","background-repeat":"repeat","background-position":"center center","background-size":"auto","background-attachment":"scroll","background-type":"","background-media":"","overlay-type":"","overlay-color":"","overlay-opacity":"","overlay-gradient":""},"mobile":{"background-color":"","background-image":"","background-repeat":"repeat","background-position":"center center","background-size":"auto","background-attachment":"scroll","background-type":"","background-media":"","overlay-type":"","overlay-color":"","overlay-opacity":"","overlay-gradient":""}},"ast-content-background-meta":{"desktop":{"background-color":"var(--ast-global-color-5)","background-image":"","background-repeat":"repeat","background-position":"center center","background-size":"auto","background-attachment":"scroll","background-type":"","background-media":"","overlay-type":"","overlay-color":"","overlay-opacity":"","overlay-gradient":""},"tablet":{"background-color":"var(--ast-global-color-5)","background-image":"","background-repeat":"repeat","background-position":"center center","background-size":"auto","background-attachment":"scroll","background-type":"","background-media":"","overlay-type":"","overlay-color":"","overlay-opacity":"","overlay-gradient":""},"mobile":{"background-color":"var(--ast-global-color-5)","background-image":"","background-repeat":"repeat","background-position":"center center","background-size":"auto","background-attachment":"scroll","background-type":"","background-media":"","overlay-type":"","overlay-color":"","overlay-opacity":"","overlay-gradient":""}},"jetpack_publicize_message":"","jetpack_publicize_feature_enabled":true,"jetpack_social_post_already_shared":false,"jetpack_social_options":{"image_generator_settings":{"template":"highway","default_image_id":0,"font":"","enabled":false},"version":2}},"pwb-brand":[],"product_brand":[],"product_cat":[95,151],"product_tag":[],"class_list":{"0":"post-2884","1":"product","2":"type-product","3":"status-publish","4":"has-post-thumbnail","6":"product_cat-herramientas","7":"product_cat-multimetro-digital","8":"desktop-align-center","9":"tablet-align-left","10":"mobile-align-left","12":"first","13":"instock","14":"sold-individually","15":"taxable","16":"shipping-taxable","17":"purchasable","18":"product-type-simple"},"supplier_id":null,"supplier_sku":"","barcode":null,"atum_controlled":true,"out_stock_date":null,"out_stock_threshold":null,"inheritable":false,"inbound_stock":null,"stock_on_hold":0,"sold_today":0,"sales_last_days":0,"reserved_stock":null,"customer_returns":null,"warehouse_damage":null,"lost_in_post":null,"other_logs":null,"out_stock_days":0,"lost_sales":0,"has_location":false,"update_date":"2026-05-01T00:40:13","atum_locations":[],"atum_stock_status":"instock","restock_status":false,"low_stock_amount":"","sales_update_date":"2026-05-01T00:40:13","calc_backorders":null,"jetpack_publicize_connections":[],"jetpack_sharing_enabled":true,"brands":[],"_links":{"self":[{"href":"https:\/\/www.surtistereo.com\/index.php?rest_route=\/wp\/v2\/product\/2884","targetHints":{"allow":["GET"]}}],"collection":[{"href":"https:\/\/www.surtistereo.com\/index.php?rest_route=\/wp\/v2\/product"}],"about":[{"href":"https:\/\/www.surtistereo.com\/index.php?rest_route=\/wp\/v2\/types\/product"}],"replies":[{"embeddable":true,"href":"https:\/\/www.surtistereo.com\/index.php?rest_route=%2Fwp%2Fv2%2Fcomments&post=2884"}],"version-history":[{"count":0,"href":"https:\/\/www.surtistereo.com\/index.php?rest_route=\/wp\/v2\/product\/2884\/revisions"}],"wp:featuredmedia":[{"embeddable":true,"href":"https:\/\/www.surtistereo.com\/index.php?rest_route=\/wp\/v2\/media\/2885"}],"wp:attachment":[{"href":"https:\/\/www.surtistereo.com\/index.php?rest_route=%2Fwp%2Fv2%2Fmedia&parent=2884"}],"wp:term":[{"taxonomy":"pwb-brand","embeddable":true,"href":"https:\/\/www.surtistereo.com\/index.php?rest_route=%2Fwp%2Fv2%2Fpwb-brand&post=2884"},{"taxonomy":"product_brand","embeddable":true,"href":"https:\/\/www.surtistereo.com\/index.php?rest_route=%2Fwp%2Fv2%2Fproduct_brand&post=2884"},{"taxonomy":"product_cat","embeddable":true,"href":"https:\/\/www.surtistereo.com\/index.php?rest_route=%2Fwp%2Fv2%2Fproduct_cat&post=2884"},{"taxonomy":"product_tag","embeddable":true,"href":"https:\/\/www.surtistereo.com\/index.php?rest_route=%2Fwp%2Fv2%2Fproduct_tag&post=2884"}],"curies":[{"name":"wp","href":"https:\/\/api.w.org\/{rel}","templated":true}]}}