{"id":2826,"date":"2024-03-05T19:42:00","date_gmt":"2024-03-05T19:42:00","guid":{"rendered":"https:\/\/surtistereo.com\/?post_type=product&#038;p=2826"},"modified":"2025-11-26T11:02:19","modified_gmt":"2025-11-26T16:02:19","slug":"audifonos-profesionales-de-estudio-mackie","status":"publish","type":"product","link":"https:\/\/www.surtistereo.com\/?product=audifonos-profesionales-de-estudio-mackie","title":{"rendered":"MC-100 Aud\u00edfonos profesionales de estudio MACKIE"},"content":{"rendered":"<p>MC-100 Auriculares de estudio de alto rendimiento<\/p>\n<ul>\n<li>Experimente el sonido caracter\u00edstico del estudio Mackie en auriculares que revelan cada detalle<\/li>\n<li>Los controladores personalizados de alto rendimiento ofrecen una firma de sonido equilibrada<\/li>\n<\/ul>\n<p>Dise\u00f1o profesional<\/p>\n<ul>\n<li>Diadema ajustable y acolchada suave y almohadillas adaptables para los o\u00eddos<\/li>\n<li>El ajuste ergon\u00f3mico ofrece horas de comodidad al tiempo que garantiza un aislamiento \u00f3ptimo de los graves y del sonido.<\/li>\n<li>El dise\u00f1o resistente est\u00e1 dise\u00f1ado para durar y satisfacer las demandas de los profesionales en el estudio o en exteriores.<\/li>\n<\/ul>\n<p>\u00daselos en todas partes<\/p>\n<ul>\n<li>Perfecto para monitoreo de estudio, creaci\u00f3n de contenido, grabaci\u00f3n de campo, escucha personal y m\u00e1s.<\/li>\n<\/ul>\n<ul>\n<li>Adaptador de 1\/4\u201d incluido<\/li>\n<li>Respuesta de frecuencia: 15 Hz \u2013 20 kHz<\/li>\n<li>Impedancia: 32 ohmios<\/li>\n<li>Tama\u00f1o del transductor: 40 mm<\/li>\n<li>Sensibilidad: 95dB<\/li>\n<li>Longitud del cable: 3 m \/ 10 pies (aprox.)<\/li>\n<li>Peso: 233 g\/8,22 onzas<\/li>\n<\/ul>\n","protected":false},"excerpt":{"rendered":"<p>MC-100 Auriculares de estudio de alto rendimiento Experimente el sonido caracter\u00edstico del estudio Mackie en auriculares que revelan cada detalle Los controladores personalizados de alto rendimiento ofrecen una firma de sonido equilibrada Dise\u00f1o profesional Diadema ajustable y acolchada suave y almohadillas adaptables para los o\u00eddos El ajuste ergon\u00f3mico ofrece horas de comodidad al tiempo que [&hellip;]<\/p>\n","protected":false},"featured_media":3990,"comment_status":"open","ping_status":"closed","template":"","meta":{"site-sidebar-layout":"default","site-content-layout":"","ast-site-content-layout":"default","site-content-style":"default","site-sidebar-style":"default","ast-global-header-display":"","ast-banner-title-visibility":"","ast-main-header-display":"","ast-hfb-above-header-display":"","ast-hfb-below-header-display":"","ast-hfb-mobile-header-display":"","site-post-title":"","ast-breadcrumbs-content":"","ast-featured-img":"","footer-sml-layout":"","ast-disable-related-posts":"","theme-transparent-header-meta":"default","adv-header-id-meta":"","stick-header-meta":"","header-above-stick-meta":"","header-main-stick-meta":"","header-below-stick-meta":"","astra-migrate-meta-layouts":"set","ast-page-background-enabled":"default","ast-page-background-meta":{"desktop":{"background-color":"","background-image":"","background-repeat":"repeat","background-position":"center center","background-size":"auto","background-attachment":"scroll","background-type":"","background-media":"","overlay-type":"","overlay-color":"","overlay-opacity":"","overlay-gradient":""},"tablet":{"background-color":"","background-image":"","background-repeat":"repeat","background-position":"center center","background-size":"auto","background-attachment":"scroll","background-type":"","background-media":"","overlay-type":"","overlay-color":"","overlay-opacity":"","overlay-gradient":""},"mobile":{"background-color":"","background-image":"","background-repeat":"repeat","background-position":"center center","background-size":"auto","background-attachment":"scroll","background-type":"","background-media":"","overlay-type":"","overlay-color":"","overlay-opacity":"","overlay-gradient":""}},"ast-content-background-meta":{"desktop":{"background-color":"var(--ast-global-color-5)","background-image":"","background-repeat":"repeat","background-position":"center center","background-size":"auto","background-attachment":"scroll","background-type":"","background-media":"","overlay-type":"","overlay-color":"","overlay-opacity":"","overlay-gradient":""},"tablet":{"background-color":"var(--ast-global-color-5)","background-image":"","background-repeat":"repeat","background-position":"center center","background-size":"auto","background-attachment":"scroll","background-type":"","background-media":"","overlay-type":"","overlay-color":"","overlay-opacity":"","overlay-gradient":""},"mobile":{"background-color":"var(--ast-global-color-5)","background-image":"","background-repeat":"repeat","background-position":"center center","background-size":"auto","background-attachment":"scroll","background-type":"","background-media":"","overlay-type":"","overlay-color":"","overlay-opacity":"","overlay-gradient":""}},"jetpack_publicize_message":"","jetpack_publicize_feature_enabled":true,"jetpack_social_post_already_shared":false,"jetpack_social_options":{"image_generator_settings":{"template":"highway","default_image_id":0,"font":"","enabled":false},"version":2}},"pwb-brand":[176],"product_brand":[],"product_cat":[137],"product_tag":[],"class_list":{"0":"post-2826","1":"product","2":"type-product","3":"status-publish","4":"has-post-thumbnail","6":"pwb-brand-mackie","7":"product_cat-audifonos","8":"desktop-align-center","9":"tablet-align-left","10":"mobile-align-left","12":"first","13":"instock","14":"sold-individually","15":"taxable","16":"shipping-taxable","17":"purchasable","18":"product-type-simple"},"supplier_id":null,"supplier_sku":"","barcode":null,"atum_controlled":true,"out_stock_date":null,"out_stock_threshold":null,"inheritable":false,"inbound_stock":null,"stock_on_hold":0,"sold_today":0,"sales_last_days":0,"reserved_stock":null,"customer_returns":null,"warehouse_damage":null,"lost_in_post":null,"other_logs":null,"out_stock_days":0,"lost_sales":0,"has_location":false,"update_date":"2026-05-01T00:40:13","atum_locations":[],"atum_stock_status":"instock","restock_status":false,"low_stock_amount":"","sales_update_date":"2026-05-01T00:40:13","calc_backorders":null,"jetpack_publicize_connections":[],"jetpack_sharing_enabled":true,"brands":[{"id":176,"name":"MACKIE","slug":"mackie"}],"_links":{"self":[{"href":"https:\/\/www.surtistereo.com\/index.php?rest_route=\/wp\/v2\/product\/2826","targetHints":{"allow":["GET"]}}],"collection":[{"href":"https:\/\/www.surtistereo.com\/index.php?rest_route=\/wp\/v2\/product"}],"about":[{"href":"https:\/\/www.surtistereo.com\/index.php?rest_route=\/wp\/v2\/types\/product"}],"replies":[{"embeddable":true,"href":"https:\/\/www.surtistereo.com\/index.php?rest_route=%2Fwp%2Fv2%2Fcomments&post=2826"}],"version-history":[{"count":1,"href":"https:\/\/www.surtistereo.com\/index.php?rest_route=\/wp\/v2\/product\/2826\/revisions"}],"predecessor-version":[{"id":6131,"href":"https:\/\/www.surtistereo.com\/index.php?rest_route=\/wp\/v2\/product\/2826\/revisions\/6131"}],"wp:featuredmedia":[{"embeddable":true,"href":"https:\/\/www.surtistereo.com\/index.php?rest_route=\/wp\/v2\/media\/3990"}],"wp:attachment":[{"href":"https:\/\/www.surtistereo.com\/index.php?rest_route=%2Fwp%2Fv2%2Fmedia&parent=2826"}],"wp:term":[{"taxonomy":"pwb-brand","embeddable":true,"href":"https:\/\/www.surtistereo.com\/index.php?rest_route=%2Fwp%2Fv2%2Fpwb-brand&post=2826"},{"taxonomy":"product_brand","embeddable":true,"href":"https:\/\/www.surtistereo.com\/index.php?rest_route=%2Fwp%2Fv2%2Fproduct_brand&post=2826"},{"taxonomy":"product_cat","embeddable":true,"href":"https:\/\/www.surtistereo.com\/index.php?rest_route=%2Fwp%2Fv2%2Fproduct_cat&post=2826"},{"taxonomy":"product_tag","embeddable":true,"href":"https:\/\/www.surtistereo.com\/index.php?rest_route=%2Fwp%2Fv2%2Fproduct_tag&post=2826"}],"curies":[{"name":"wp","href":"https:\/\/api.w.org\/{rel}","templated":true}]}}