{"id":2818,"date":"2024-03-05T19:33:53","date_gmt":"2024-03-05T19:33:53","guid":{"rendered":"https:\/\/surtistereo.com\/?post_type=product&#038;p=2818"},"modified":"2026-02-24T15:44:14","modified_gmt":"2026-02-24T20:44:14","slug":"audifonos-circumaurales-inalambricos-black-audio-technica","status":"publish","type":"product","link":"https:\/\/www.surtistereo.com\/?product=audifonos-circumaurales-inalambricos-black-audio-technica","title":{"rendered":"ATH-SR30BT Aud\u00edfonos circumaurales inal\u00e1mbricos black AUDIO TECHNICA"},"content":{"rendered":"<p>ATH-SR30BT<\/p>\n<ul>\n<li>Sonido excepcionalmente puro Sound Reality en un dise\u00f1o inal\u00e1mbrico<\/li>\n<li>Elementos de 40 mm especialmente dise\u00f1ados para ofrecer una calidad de sonido excepcional<\/li>\n<li>Bater\u00eda interna que ofrece unas sorprendentes 70 horas de uso ininterrumpido a plena carga<\/li>\n<li>Carcasa con estructura de aislamiento de doble capa que mantiene los circuitos el\u00e9ctricos separados del espacio ac\u00fastico para ofrecer una respuesta en fase y a transitorios \u00f3ptima<\/li>\n<li>Compatibles con c\u00f3decs aptX, AAC y SBC<\/li>\n<li>Dise\u00f1o liviano y plegable para facilitar la portabilidad<\/li>\n<li>Micro y controles integrados en el auricular para la gesti\u00f3n sencilla de llamadas, la reproducci\u00f3n de m\u00fasica y el ajuste del volumen<\/li>\n<li>Se incluye un cable de carga USB de 30 cm<\/li>\n<li>Disponibles en gris oscuro (ATH-SR30BTBK) y gris natural (ATH-SR30BTGY)<\/li>\n<\/ul>\n","protected":false},"excerpt":{"rendered":"<p>ATH-SR30BT Sonido excepcionalmente puro Sound Reality en un dise\u00f1o inal\u00e1mbrico Elementos de 40 mm especialmente dise\u00f1ados para ofrecer una calidad de sonido excepcional Bater\u00eda interna que ofrece unas sorprendentes 70 horas de uso ininterrumpido a plena carga Carcasa con estructura de aislamiento de doble capa que mantiene los circuitos el\u00e9ctricos separados del espacio ac\u00fastico para [&hellip;]<\/p>\n","protected":false},"featured_media":3953,"comment_status":"open","ping_status":"closed","template":"","meta":{"site-sidebar-layout":"default","site-content-layout":"","ast-site-content-layout":"default","site-content-style":"default","site-sidebar-style":"default","ast-global-header-display":"","ast-banner-title-visibility":"","ast-main-header-display":"","ast-hfb-above-header-display":"","ast-hfb-below-header-display":"","ast-hfb-mobile-header-display":"","site-post-title":"","ast-breadcrumbs-content":"","ast-featured-img":"","footer-sml-layout":"","ast-disable-related-posts":"","theme-transparent-header-meta":"default","adv-header-id-meta":"","stick-header-meta":"","header-above-stick-meta":"","header-main-stick-meta":"","header-below-stick-meta":"","astra-migrate-meta-layouts":"set","ast-page-background-enabled":"default","ast-page-background-meta":{"desktop":{"background-color":"","background-image":"","background-repeat":"repeat","background-position":"center center","background-size":"auto","background-attachment":"scroll","background-type":"","background-media":"","overlay-type":"","overlay-color":"","overlay-opacity":"","overlay-gradient":""},"tablet":{"background-color":"","background-image":"","background-repeat":"repeat","background-position":"center center","background-size":"auto","background-attachment":"scroll","background-type":"","background-media":"","overlay-type":"","overlay-color":"","overlay-opacity":"","overlay-gradient":""},"mobile":{"background-color":"","background-image":"","background-repeat":"repeat","background-position":"center center","background-size":"auto","background-attachment":"scroll","background-type":"","background-media":"","overlay-type":"","overlay-color":"","overlay-opacity":"","overlay-gradient":""}},"ast-content-background-meta":{"desktop":{"background-color":"var(--ast-global-color-5)","background-image":"","background-repeat":"repeat","background-position":"center center","background-size":"auto","background-attachment":"scroll","background-type":"","background-media":"","overlay-type":"","overlay-color":"","overlay-opacity":"","overlay-gradient":""},"tablet":{"background-color":"var(--ast-global-color-5)","background-image":"","background-repeat":"repeat","background-position":"center center","background-size":"auto","background-attachment":"scroll","background-type":"","background-media":"","overlay-type":"","overlay-color":"","overlay-opacity":"","overlay-gradient":""},"mobile":{"background-color":"var(--ast-global-color-5)","background-image":"","background-repeat":"repeat","background-position":"center center","background-size":"auto","background-attachment":"scroll","background-type":"","background-media":"","overlay-type":"","overlay-color":"","overlay-opacity":"","overlay-gradient":""}},"jetpack_publicize_message":"","jetpack_publicize_feature_enabled":true,"jetpack_social_post_already_shared":false,"jetpack_social_options":{"image_generator_settings":{"template":"highway","default_image_id":0,"font":"","enabled":false},"version":2}},"pwb-brand":[181],"product_brand":[],"product_cat":[137],"product_tag":[],"class_list":{"0":"post-2818","1":"product","2":"type-product","3":"status-publish","4":"has-post-thumbnail","6":"pwb-brand-audio-technica","7":"product_cat-audifonos","8":"desktop-align-center","9":"tablet-align-left","10":"mobile-align-left","12":"first","13":"outofstock","14":"sold-individually","15":"taxable","16":"shipping-taxable","17":"purchasable","18":"product-type-simple"},"supplier_id":null,"supplier_sku":"","barcode":null,"atum_controlled":true,"out_stock_date":null,"out_stock_threshold":null,"inheritable":false,"inbound_stock":null,"stock_on_hold":0,"sold_today":0,"sales_last_days":0,"reserved_stock":null,"customer_returns":null,"warehouse_damage":null,"lost_in_post":null,"other_logs":null,"out_stock_days":0,"lost_sales":0,"has_location":null,"update_date":"2026-05-01T00:40:13","atum_locations":[],"atum_stock_status":"outofstock","restock_status":false,"low_stock_amount":"","sales_update_date":"2026-05-01T00:40:13","calc_backorders":null,"jetpack_publicize_connections":[],"jetpack_sharing_enabled":true,"brands":[{"id":181,"name":"AUDIO-TECHNICA","slug":"audio-technica"}],"_links":{"self":[{"href":"https:\/\/www.surtistereo.com\/index.php?rest_route=\/wp\/v2\/product\/2818","targetHints":{"allow":["GET"]}}],"collection":[{"href":"https:\/\/www.surtistereo.com\/index.php?rest_route=\/wp\/v2\/product"}],"about":[{"href":"https:\/\/www.surtistereo.com\/index.php?rest_route=\/wp\/v2\/types\/product"}],"replies":[{"embeddable":true,"href":"https:\/\/www.surtistereo.com\/index.php?rest_route=%2Fwp%2Fv2%2Fcomments&post=2818"}],"version-history":[{"count":2,"href":"https:\/\/www.surtistereo.com\/index.php?rest_route=\/wp\/v2\/product\/2818\/revisions"}],"predecessor-version":[{"id":6553,"href":"https:\/\/www.surtistereo.com\/index.php?rest_route=\/wp\/v2\/product\/2818\/revisions\/6553"}],"wp:featuredmedia":[{"embeddable":true,"href":"https:\/\/www.surtistereo.com\/index.php?rest_route=\/wp\/v2\/media\/3953"}],"wp:attachment":[{"href":"https:\/\/www.surtistereo.com\/index.php?rest_route=%2Fwp%2Fv2%2Fmedia&parent=2818"}],"wp:term":[{"taxonomy":"pwb-brand","embeddable":true,"href":"https:\/\/www.surtistereo.com\/index.php?rest_route=%2Fwp%2Fv2%2Fpwb-brand&post=2818"},{"taxonomy":"product_brand","embeddable":true,"href":"https:\/\/www.surtistereo.com\/index.php?rest_route=%2Fwp%2Fv2%2Fproduct_brand&post=2818"},{"taxonomy":"product_cat","embeddable":true,"href":"https:\/\/www.surtistereo.com\/index.php?rest_route=%2Fwp%2Fv2%2Fproduct_cat&post=2818"},{"taxonomy":"product_tag","embeddable":true,"href":"https:\/\/www.surtistereo.com\/index.php?rest_route=%2Fwp%2Fv2%2Fproduct_tag&post=2818"}],"curies":[{"name":"wp","href":"https:\/\/api.w.org\/{rel}","templated":true}]}}