{"id":2761,"date":"2024-03-05T17:04:08","date_gmt":"2024-03-05T17:04:08","guid":{"rendered":"https:\/\/surtistereo.com\/?post_type=product&#038;p=2761"},"modified":"2026-02-24T15:43:12","modified_gmt":"2026-02-24T20:43:12","slug":"amplificador-2ch-8omh-1100w-por-canal-pro-dj","status":"publish","type":"product","link":"https:\/\/www.surtistereo.com\/?product=amplificador-2ch-8omh-1100w-por-canal-pro-dj","title":{"rendered":"PVP-11.2 Amplificador 2CH 8OMH &#8211; 1100W por canal PRO DJ"},"content":{"rendered":"<p>PVP-11.2 Amplificador de audio de 2 canales<br \/>\n\u2022 Potencia a 8 ohms 1100w \/ 4 ohms 1800w x 2 canales<br \/>\n\u2022 Potencia en modo bridge (suma de L+R): 3600w @ 8ohm \/ 4400w @ 4ohm<br \/>\n\u2022 Tipo de amplificador: clase H (fuente toroidal)<br \/>\n\u2022 2 Entradas de audio en conector XLR de 3 pines<br \/>\n\u2022 2 conectores XLR de 3 pines para linkeo o salida THRU para env\u00edo o copia de se\u00f1al \u2022 2 Salidas de audio en conectores speakon o tipo bornes<br \/>\n\u2022 Display frontal a color que suministra la informaci\u00f3n de: temperatura en grados cent\u00edgrados, tensi\u00f3n el\u00e9ctrica (voltios), modo de trabajo, nivel de ganancia (dB)<br \/>\n\u2022 Damping factor (factor de amortiguamiento): &gt; 300 \u2022 26 transistores por canal Toshiba 5200<br \/>\n\u2022 Interruptor de sensibilidad de voltaje en 3 posiciones (0.75 \u2013 1.0 \u2013 1.4 voltios) \u2022 Interruptor de filtro con activaci\u00f3n de corte de frecuencias bajas (30 Hz) \u2022 Interruptor de filtro con activaci\u00f3n de corte de frecuencias altas (150 Hz) \u2022 Interruptor de activaci\u00f3n de acople de Tierra (grounding)<br \/>\n\u2022 Interruptor de filtro limitado<br \/>\n\u2022 Interruptor de operaci\u00f3n de modo (est\u00e9reo \u2013 paralelo \u2013 bridge)<br \/>\n\u2022 Incorpora 4 ventiladores (2 delanteros + 2 traseros)<br \/>\n\u2022 Ocupa 3 unidades de espacio en el rack<\/p>\n","protected":false},"excerpt":{"rendered":"<p>PVP-11.2 Amplificador de audio de 2 canales \u2022 Potencia a 8 ohms 1100w \/ 4 ohms 1800w x 2 canales \u2022 Potencia en modo bridge (suma de L+R): 3600w @ 8ohm \/ 4400w @ 4ohm \u2022 Tipo de amplificador: clase H (fuente toroidal) \u2022 2 Entradas de audio en conector XLR de 3 pines \u2022 [&hellip;]<\/p>\n","protected":false},"featured_media":5676,"comment_status":"open","ping_status":"closed","template":"","meta":{"site-sidebar-layout":"default","site-content-layout":"","ast-site-content-layout":"default","site-content-style":"default","site-sidebar-style":"default","ast-global-header-display":"","ast-banner-title-visibility":"","ast-main-header-display":"","ast-hfb-above-header-display":"","ast-hfb-below-header-display":"","ast-hfb-mobile-header-display":"","site-post-title":"","ast-breadcrumbs-content":"","ast-featured-img":"","footer-sml-layout":"","ast-disable-related-posts":"","theme-transparent-header-meta":"default","adv-header-id-meta":"","stick-header-meta":"","header-above-stick-meta":"","header-main-stick-meta":"","header-below-stick-meta":"","astra-migrate-meta-layouts":"set","ast-page-background-enabled":"default","ast-page-background-meta":{"desktop":{"background-color":"","background-image":"","background-repeat":"repeat","background-position":"center center","background-size":"auto","background-attachment":"scroll","background-type":"","background-media":"","overlay-type":"","overlay-color":"","overlay-opacity":"","overlay-gradient":""},"tablet":{"background-color":"","background-image":"","background-repeat":"repeat","background-position":"center center","background-size":"auto","background-attachment":"scroll","background-type":"","background-media":"","overlay-type":"","overlay-color":"","overlay-opacity":"","overlay-gradient":""},"mobile":{"background-color":"","background-image":"","background-repeat":"repeat","background-position":"center center","background-size":"auto","background-attachment":"scroll","background-type":"","background-media":"","overlay-type":"","overlay-color":"","overlay-opacity":"","overlay-gradient":""}},"ast-content-background-meta":{"desktop":{"background-color":"var(--ast-global-color-5)","background-image":"","background-repeat":"repeat","background-position":"center center","background-size":"auto","background-attachment":"scroll","background-type":"","background-media":"","overlay-type":"","overlay-color":"","overlay-opacity":"","overlay-gradient":""},"tablet":{"background-color":"var(--ast-global-color-5)","background-image":"","background-repeat":"repeat","background-position":"center center","background-size":"auto","background-attachment":"scroll","background-type":"","background-media":"","overlay-type":"","overlay-color":"","overlay-opacity":"","overlay-gradient":""},"mobile":{"background-color":"var(--ast-global-color-5)","background-image":"","background-repeat":"repeat","background-position":"center center","background-size":"auto","background-attachment":"scroll","background-type":"","background-media":"","overlay-type":"","overlay-color":"","overlay-opacity":"","overlay-gradient":""}},"jetpack_publicize_message":"","jetpack_publicize_feature_enabled":true,"jetpack_social_post_already_shared":false,"jetpack_social_options":{"image_generator_settings":{"template":"highway","default_image_id":0,"font":"","enabled":false},"version":2}},"pwb-brand":[],"product_brand":[],"product_cat":[110],"product_tag":[],"class_list":{"0":"post-2761","1":"product","2":"type-product","3":"status-publish","4":"has-post-thumbnail","6":"product_cat-amplificadores","7":"desktop-align-center","8":"tablet-align-left","9":"mobile-align-left","11":"first","12":"outofstock","13":"sold-individually","14":"taxable","15":"shipping-taxable","16":"purchasable","17":"product-type-simple"},"supplier_id":null,"supplier_sku":"","barcode":null,"atum_controlled":true,"out_stock_date":null,"out_stock_threshold":null,"inheritable":false,"inbound_stock":null,"stock_on_hold":0,"sold_today":0,"sales_last_days":0,"reserved_stock":null,"customer_returns":null,"warehouse_damage":null,"lost_in_post":null,"other_logs":null,"out_stock_days":0,"lost_sales":0,"has_location":false,"update_date":"2026-05-01T00:40:13","atum_locations":[],"atum_stock_status":"outofstock","restock_status":false,"low_stock_amount":"","sales_update_date":"2026-05-01T00:40:13","calc_backorders":null,"jetpack_publicize_connections":[],"jetpack_sharing_enabled":true,"brands":[],"_links":{"self":[{"href":"https:\/\/www.surtistereo.com\/index.php?rest_route=\/wp\/v2\/product\/2761","targetHints":{"allow":["GET"]}}],"collection":[{"href":"https:\/\/www.surtistereo.com\/index.php?rest_route=\/wp\/v2\/product"}],"about":[{"href":"https:\/\/www.surtistereo.com\/index.php?rest_route=\/wp\/v2\/types\/product"}],"replies":[{"embeddable":true,"href":"https:\/\/www.surtistereo.com\/index.php?rest_route=%2Fwp%2Fv2%2Fcomments&post=2761"}],"version-history":[{"count":1,"href":"https:\/\/www.surtistereo.com\/index.php?rest_route=\/wp\/v2\/product\/2761\/revisions"}],"predecessor-version":[{"id":6729,"href":"https:\/\/www.surtistereo.com\/index.php?rest_route=\/wp\/v2\/product\/2761\/revisions\/6729"}],"wp:featuredmedia":[{"embeddable":true,"href":"https:\/\/www.surtistereo.com\/index.php?rest_route=\/wp\/v2\/media\/5676"}],"wp:attachment":[{"href":"https:\/\/www.surtistereo.com\/index.php?rest_route=%2Fwp%2Fv2%2Fmedia&parent=2761"}],"wp:term":[{"taxonomy":"pwb-brand","embeddable":true,"href":"https:\/\/www.surtistereo.com\/index.php?rest_route=%2Fwp%2Fv2%2Fpwb-brand&post=2761"},{"taxonomy":"product_brand","embeddable":true,"href":"https:\/\/www.surtistereo.com\/index.php?rest_route=%2Fwp%2Fv2%2Fproduct_brand&post=2761"},{"taxonomy":"product_cat","embeddable":true,"href":"https:\/\/www.surtistereo.com\/index.php?rest_route=%2Fwp%2Fv2%2Fproduct_cat&post=2761"},{"taxonomy":"product_tag","embeddable":true,"href":"https:\/\/www.surtistereo.com\/index.php?rest_route=%2Fwp%2Fv2%2Fproduct_tag&post=2761"}],"curies":[{"name":"wp","href":"https:\/\/api.w.org\/{rel}","templated":true}]}}