{"id":2612,"date":"2024-02-03T19:04:26","date_gmt":"2024-02-03T19:04:26","guid":{"rendered":"https:\/\/surtistereo.com\/?post_type=product&#038;p=2612"},"modified":"2025-10-16T11:43:00","modified_gmt":"2025-10-16T16:43:00","slug":"consola-digital-32-canales-touchmix30pro-qsc","status":"publish","type":"product","link":"https:\/\/www.surtistereo.com\/?product=consola-digital-32-canales-touchmix30pro-qsc","title":{"rendered":"TOUCHMIX-30PRO CONSOLA DIGITAL 32 CANALES QSC"},"content":{"rendered":"<p>TOUCHMIX-30PRO<\/p>\n<ul>\n<li>La pantalla t\u00e1ctil multit\u00e1ctil grande (10 pulgadas) ofrece una gran cantidad de informaci\u00f3n en pantalla al tiempo que proporciona un control pr\u00e1ctico seguro<\/li>\n<li>Anti-Feedback y Room Tuning Wizards simplifican tareas complejas de ecualizaci\u00f3n<\/li>\n<li>Dos analizadores en tiempo real (RTA) proporcionan una visualizaci\u00f3n instant\u00e1nea del equilibrio tonal del canal y la respuesta de la sala<\/li>\n<li>La matriz de parche t\u00e1ctil y de ruta proporciona \u201cmulting\u201d f\u00e1cil y reordenamiento de entradas<\/li>\n<li>14 Mezclas Aux proporcionan amplias opciones de configuraci\u00f3n del monitor<\/li>\n<li>Ocho subgrupos con EQ param\u00e9trico completo de 6 bandas, filtros variables de paso alto y bajo y limitador pueden estar vinculados para est\u00e9reo<\/li>\n<li>Un mezclador de micr\u00f3fono autom\u00e1tico para compartir ganancias est\u00e1 disponible para los 24 canales de entrada de micr\u00f3fono\/l\u00ednea<\/li>\n<li>Grabaci\u00f3n\/reproducci\u00f3n de disco directo a disco duro de 32 canales \u2014 captura y recuperaci\u00f3n de actuaciones sin la necesidad de una computadora externa<\/li>\n<li>La interfaz DAW de 32 canales con computadoras macOS\u00ae y Windows\u00ae permite una E\/S bidireccional con el popular software de estaci\u00f3n de trabajo<\/li>\n<li>Reproducci\u00f3n de MP3 directamente desde USB<\/li>\n<li>Descargue futuras actualizaciones directamente desde Internet<\/li>\n<\/ul>\n","protected":false},"excerpt":{"rendered":"<p>TOUCHMIX-30PRO La pantalla t\u00e1ctil multit\u00e1ctil grande (10 pulgadas) ofrece una gran cantidad de informaci\u00f3n en pantalla al tiempo que proporciona un control pr\u00e1ctico seguro Anti-Feedback y Room Tuning Wizards simplifican tareas complejas de ecualizaci\u00f3n Dos analizadores en tiempo real (RTA) proporcionan una visualizaci\u00f3n instant\u00e1nea del equilibrio tonal del canal y la respuesta de la sala [&hellip;]<\/p>\n","protected":false},"featured_media":5520,"comment_status":"open","ping_status":"closed","template":"","meta":{"site-sidebar-layout":"default","site-content-layout":"","ast-site-content-layout":"default","site-content-style":"default","site-sidebar-style":"default","ast-global-header-display":"","ast-banner-title-visibility":"","ast-main-header-display":"","ast-hfb-above-header-display":"","ast-hfb-below-header-display":"","ast-hfb-mobile-header-display":"","site-post-title":"","ast-breadcrumbs-content":"","ast-featured-img":"","footer-sml-layout":"","ast-disable-related-posts":"","theme-transparent-header-meta":"default","adv-header-id-meta":"","stick-header-meta":"","header-above-stick-meta":"","header-main-stick-meta":"","header-below-stick-meta":"","astra-migrate-meta-layouts":"set","ast-page-background-enabled":"default","ast-page-background-meta":{"desktop":{"background-color":"","background-image":"","background-repeat":"repeat","background-position":"center center","background-size":"auto","background-attachment":"scroll","background-type":"","background-media":"","overlay-type":"","overlay-color":"","overlay-opacity":"","overlay-gradient":""},"tablet":{"background-color":"","background-image":"","background-repeat":"repeat","background-position":"center center","background-size":"auto","background-attachment":"scroll","background-type":"","background-media":"","overlay-type":"","overlay-color":"","overlay-opacity":"","overlay-gradient":""},"mobile":{"background-color":"","background-image":"","background-repeat":"repeat","background-position":"center center","background-size":"auto","background-attachment":"scroll","background-type":"","background-media":"","overlay-type":"","overlay-color":"","overlay-opacity":"","overlay-gradient":""}},"ast-content-background-meta":{"desktop":{"background-color":"var(--ast-global-color-5)","background-image":"","background-repeat":"repeat","background-position":"center center","background-size":"auto","background-attachment":"scroll","background-type":"","background-media":"","overlay-type":"","overlay-color":"","overlay-opacity":"","overlay-gradient":""},"tablet":{"background-color":"var(--ast-global-color-5)","background-image":"","background-repeat":"repeat","background-position":"center center","background-size":"auto","background-attachment":"scroll","background-type":"","background-media":"","overlay-type":"","overlay-color":"","overlay-opacity":"","overlay-gradient":""},"mobile":{"background-color":"var(--ast-global-color-5)","background-image":"","background-repeat":"repeat","background-position":"center center","background-size":"auto","background-attachment":"scroll","background-type":"","background-media":"","overlay-type":"","overlay-color":"","overlay-opacity":"","overlay-gradient":""}},"jetpack_publicize_message":"","jetpack_publicize_feature_enabled":true,"jetpack_social_post_already_shared":false,"jetpack_social_options":{"image_generator_settings":{"template":"highway","default_image_id":0,"font":"","enabled":false},"version":2}},"pwb-brand":[177],"product_brand":[],"product_cat":[123],"product_tag":[],"class_list":{"0":"post-2612","1":"product","2":"type-product","3":"status-publish","4":"has-post-thumbnail","6":"pwb-brand-qsc","7":"product_cat-consolas-digitales","8":"desktop-align-center","9":"tablet-align-left","10":"mobile-align-left","12":"first","13":"instock","14":"sold-individually","15":"taxable","16":"shipping-taxable","17":"purchasable","18":"product-type-simple"},"supplier_id":null,"supplier_sku":"","barcode":null,"atum_controlled":true,"out_stock_date":null,"out_stock_threshold":null,"inheritable":false,"inbound_stock":null,"stock_on_hold":0,"sold_today":0,"sales_last_days":0,"reserved_stock":null,"customer_returns":null,"warehouse_damage":null,"lost_in_post":null,"other_logs":null,"out_stock_days":0,"lost_sales":0,"has_location":false,"update_date":"2026-05-01T00:40:14","atum_locations":[],"atum_stock_status":"instock","restock_status":false,"low_stock_amount":"","sales_update_date":"2026-05-01T00:40:14","calc_backorders":null,"jetpack_publicize_connections":[],"jetpack_sharing_enabled":true,"brands":[{"id":177,"name":"QSC","slug":"qsc"}],"_links":{"self":[{"href":"https:\/\/www.surtistereo.com\/index.php?rest_route=\/wp\/v2\/product\/2612","targetHints":{"allow":["GET"]}}],"collection":[{"href":"https:\/\/www.surtistereo.com\/index.php?rest_route=\/wp\/v2\/product"}],"about":[{"href":"https:\/\/www.surtistereo.com\/index.php?rest_route=\/wp\/v2\/types\/product"}],"replies":[{"embeddable":true,"href":"https:\/\/www.surtistereo.com\/index.php?rest_route=%2Fwp%2Fv2%2Fcomments&post=2612"}],"version-history":[{"count":1,"href":"https:\/\/www.surtistereo.com\/index.php?rest_route=\/wp\/v2\/product\/2612\/revisions"}],"predecessor-version":[{"id":6319,"href":"https:\/\/www.surtistereo.com\/index.php?rest_route=\/wp\/v2\/product\/2612\/revisions\/6319"}],"wp:featuredmedia":[{"embeddable":true,"href":"https:\/\/www.surtistereo.com\/index.php?rest_route=\/wp\/v2\/media\/5520"}],"wp:attachment":[{"href":"https:\/\/www.surtistereo.com\/index.php?rest_route=%2Fwp%2Fv2%2Fmedia&parent=2612"}],"wp:term":[{"taxonomy":"pwb-brand","embeddable":true,"href":"https:\/\/www.surtistereo.com\/index.php?rest_route=%2Fwp%2Fv2%2Fpwb-brand&post=2612"},{"taxonomy":"product_brand","embeddable":true,"href":"https:\/\/www.surtistereo.com\/index.php?rest_route=%2Fwp%2Fv2%2Fproduct_brand&post=2612"},{"taxonomy":"product_cat","embeddable":true,"href":"https:\/\/www.surtistereo.com\/index.php?rest_route=%2Fwp%2Fv2%2Fproduct_cat&post=2612"},{"taxonomy":"product_tag","embeddable":true,"href":"https:\/\/www.surtistereo.com\/index.php?rest_route=%2Fwp%2Fv2%2Fproduct_tag&post=2612"}],"curies":[{"name":"wp","href":"https:\/\/api.w.org\/{rel}","templated":true}]}}