{"id":2601,"date":"2024-02-03T15:08:02","date_gmt":"2024-02-03T15:08:02","guid":{"rendered":"https:\/\/surtistereo.com\/?post_type=product&#038;p=2601"},"modified":"2026-02-24T11:22:23","modified_gmt":"2026-02-24T16:22:23","slug":"mezclador-analogico-de-ruido-para-streaming-podcasting-y-grabacion","status":"publish","type":"product","link":"https:\/\/www.surtistereo.com\/?product=mezclador-analogico-de-ruido-para-streaming-podcasting-y-grabacion","title":{"rendered":"XENYX-1202SFX Mezclador anal\u00f3gico de ruido para streaming, podcasting y grabaci\u00f3n"},"content":{"rendered":"<p>XENYX-1202SFX<\/p>\n<ul>\n<li>Mezclador de 4 entradas XLR \u2013 4 entradas estereo (PLUG TRS 1\/4)<\/li>\n<li>Salida de Monitor Estereo \u2013 Salida de audifonos<\/li>\n<li>FX Send- In\/Out RCA<\/li>\n<li>99 FX seleccionables<\/li>\n<li>Selecci\u00f3n de envio de Stream a monitor o Main<\/li>\n<li>Phantom Power<\/li>\n<li>Ecualizador semiparam\u00e9trico de 3 bandas para canales 1-4-El canal est\u00e9reo 11\/12 cambia autom\u00e1ticamente entre la entrada TRS y la reproducci\u00f3n USB<\/li>\n<li>Puerto USB para conexion con PC- Nuevo conector de energia universal<\/li>\n<li>Boton On\/Off-<\/li>\n<\/ul>\n<table class=\"woocommerce-product-attributes shop_attributes\">\n<tbody>\n<tr class=\"woocommerce-product-attributes-item woocommerce-product-attributes-item--weight\">\n<th class=\"woocommerce-product-attributes-item__label\">Peso<\/th>\n<td class=\"woocommerce-product-attributes-item__value\">2.7 kg<\/td>\n<\/tr>\n<tr class=\"woocommerce-product-attributes-item woocommerce-product-attributes-item--dimensions\">\n<th class=\"woocommerce-product-attributes-item__label\">Dimensiones<\/th>\n<td class=\"woocommerce-product-attributes-item__value\">37.3 \u00d7 27.2 \u00d7 12 cm<\/td>\n<\/tr>\n<tr class=\"woocommerce-product-attributes-item woocommerce-product-attributes-item--attribute_profundidad-de-bits\">\n<th class=\"woocommerce-product-attributes-item__label\">Profundidad de bits<\/th>\n<td class=\"woocommerce-product-attributes-item__value\">16 Bits<\/td>\n<\/tr>\n<tr class=\"woocommerce-product-attributes-item woocommerce-product-attributes-item--attribute_pa_canales-de-salida\">\n<th class=\"woocommerce-product-attributes-item__label\">canales de salida<\/th>\n<td class=\"woocommerce-product-attributes-item__value\"><a href=\"https:\/\/superaudio.com.co\/canales-de-salida\/1-auxiliar-de-envio-estereo\/\" rel=\"tag\">1 auxiliar de env\u00edo estereo<\/a>,\u00a0<a href=\"https:\/\/superaudio.com.co\/canales-de-salida\/1-salida-de-audifonos-1-4\/\" rel=\"tag\">1 salida de aud\u00edfonos 1\/4<\/a>,\u00a0<a href=\"https:\/\/superaudio.com.co\/canales-de-salida\/2-salidas-alternas-trs\/\" rel=\"tag\">2 salidas alternas TRS<\/a>,\u00a0<a href=\"https:\/\/superaudio.com.co\/canales-de-salida\/2-salidas-principales-en-trs\/\" rel=\"tag\">2 salidas principales en TRS<\/a><\/td>\n<\/tr>\n<tr class=\"woocommerce-product-attributes-item woocommerce-product-attributes-item--attribute_pa_canales-de-entrada\">\n<th class=\"woocommerce-product-attributes-item__label\">canales de entrada<\/th>\n<td class=\"woocommerce-product-attributes-item__value\"><a href=\"https:\/\/superaudio.com.co\/canales-de-entrada\/2-entradas-rca-2-track\/\" rel=\"tag\">2 entradas RCA (2-TRACK)<\/a>,\u00a0<a href=\"https:\/\/superaudio.com.co\/canales-de-entrada\/4-entradas-hibridas-xlr-o-plug-trs-1-4\/\" rel=\"tag\">4 entradas h\u00edbridas (XLR o PLUG TRS 1\/4)<\/a>,\u00a0<a href=\"https:\/\/superaudio.com.co\/canales-de-entrada\/4-estereo-de-plug-trs-1-4\/\" rel=\"tag\">4 estereo de PLUG TRS 1\/4<\/a><\/td>\n<\/tr>\n<tr class=\"woocommerce-product-attributes-item woocommerce-product-attributes-item--attribute_efectos\">\n<th class=\"woocommerce-product-attributes-item__label\">Efectos<\/th>\n<td class=\"woocommerce-product-attributes-item__value\">Procesador de efectos Klark Teknik con 100 presets de alta calidad<\/td>\n<\/tr>\n<tr class=\"woocommerce-product-attributes-item woocommerce-product-attributes-item--attribute_frecuencia-de-muestreo\">\n<th class=\"woocommerce-product-attributes-item__label\">Frecuencia de muestreo<\/th>\n<td class=\"woocommerce-product-attributes-item__value\">48Khz<\/td>\n<\/tr>\n<tr class=\"woocommerce-product-attributes-item woocommerce-product-attributes-item--attribute_profundidad-debits\">\n<th class=\"woocommerce-product-attributes-item__label\">Profundidad debits<\/th>\n<td class=\"woocommerce-product-attributes-item__value\">16 Bits<\/td>\n<\/tr>\n<tr class=\"woocommerce-product-attributes-item woocommerce-product-attributes-item--attribute_accesorios-incluidos\">\n<th class=\"woocommerce-product-attributes-item__label\">Accesorios incluidos<\/th>\n<td class=\"woocommerce-product-attributes-item__value\">Cable de poder, Manual de uso, Cable USB<\/td>\n<\/tr>\n<tr class=\"woocommerce-product-attributes-item woocommerce-product-attributes-item--attribute_color\">\n<th class=\"woocommerce-product-attributes-item__label\">Color<\/th>\n<td class=\"woocommerce-product-attributes-item__value\">Negro<\/td>\n<\/tr>\n<tr class=\"woocommerce-product-attributes-item woocommerce-product-attributes-item--attribute_pa_alimentacion\">\n<th class=\"woocommerce-product-attributes-item__label\">alimentacion<\/th>\n<td class=\"woocommerce-product-attributes-item__value\"><a href=\"https:\/\/superaudio.com.co\/alimentacion\/100-240-v-50-60-hz\/\" rel=\"tag\">100-240 V 50\/60 Hz<\/a><\/td>\n<\/tr>\n<tr class=\"woocommerce-product-attributes-item woocommerce-product-attributes-item--attribute_pa_funciones-adicionales\">\n<th class=\"woocommerce-product-attributes-item__label\">funciones adicionales<\/th>\n<td class=\"woocommerce-product-attributes-item__value\"><a href=\"https:\/\/superaudio.com.co\/funciones-adicionales\/1-auxiliar-de-envio-estereo\/\" rel=\"tag\">1 auxiliar de env\u00edo estereo<\/a>,\u00a0<a href=\"https:\/\/superaudio.com.co\/funciones-adicionales\/2-auxiliares-de-retorno-estereo\/\" rel=\"tag\">2 auxiliares de retorno estereo<\/a><\/td>\n<\/tr>\n<tr class=\"woocommerce-product-attributes-item woocommerce-product-attributes-item--attribute_ecualizador\">\n<th class=\"woocommerce-product-attributes-item__label\">Ecualizador<\/th>\n<td class=\"woocommerce-product-attributes-item__value\">\u2022Ecualizador Fijo de3 Bandas<br \/>\nLow (graves) 80 Hz \/ \u00b115 dB<br \/>\nMid (medios) 2.5 kHz \/ \u00b115 dB<br \/>\nHigh (agudos) 12 kHz \/ \u00b115 dB<\/td>\n<\/tr>\n<tr class=\"woocommerce-product-attributes-item woocommerce-product-attributes-item--attribute_material\">\n<th class=\"woocommerce-product-attributes-item__label\">Material<\/th>\n<td class=\"woocommerce-product-attributes-item__value\">Material compuesto<\/td>\n<\/tr>\n<tr class=\"woocommerce-product-attributes-item woocommerce-product-attributes-item--attribute_buses\">\n<th class=\"woocommerce-product-attributes-item__label\">Buses<\/th>\n<td class=\"woocommerce-product-attributes-item__value\">1 auxiliares de env\u00edo, 1 mezcla principal LR (Left-Right)<\/td>\n<\/tr>\n<\/tbody>\n<\/table>\n","protected":false},"excerpt":{"rendered":"<p>XENYX-1202SFX Mezclador de 4 entradas XLR \u2013 4 entradas estereo (PLUG TRS 1\/4) Salida de Monitor Estereo \u2013 Salida de audifonos FX Send- In\/Out RCA 99 FX seleccionables Selecci\u00f3n de envio de Stream a monitor o Main Phantom Power Ecualizador semiparam\u00e9trico de 3 bandas para canales 1-4-El canal est\u00e9reo 11\/12 cambia autom\u00e1ticamente entre la entrada [&hellip;]<\/p>\n","protected":false},"featured_media":5524,"comment_status":"open","ping_status":"closed","template":"","meta":{"site-sidebar-layout":"default","site-content-layout":"","ast-site-content-layout":"default","site-content-style":"default","site-sidebar-style":"default","ast-global-header-display":"","ast-banner-title-visibility":"","ast-main-header-display":"","ast-hfb-above-header-display":"","ast-hfb-below-header-display":"","ast-hfb-mobile-header-display":"","site-post-title":"","ast-breadcrumbs-content":"","ast-featured-img":"","footer-sml-layout":"","ast-disable-related-posts":"","theme-transparent-header-meta":"default","adv-header-id-meta":"","stick-header-meta":"","header-above-stick-meta":"","header-main-stick-meta":"","header-below-stick-meta":"","astra-migrate-meta-layouts":"set","ast-page-background-enabled":"default","ast-page-background-meta":{"desktop":{"background-color":"","background-image":"","background-repeat":"repeat","background-position":"center center","background-size":"auto","background-attachment":"scroll","background-type":"","background-media":"","overlay-type":"","overlay-color":"","overlay-opacity":"","overlay-gradient":""},"tablet":{"background-color":"","background-image":"","background-repeat":"repeat","background-position":"center center","background-size":"auto","background-attachment":"scroll","background-type":"","background-media":"","overlay-type":"","overlay-color":"","overlay-opacity":"","overlay-gradient":""},"mobile":{"background-color":"","background-image":"","background-repeat":"repeat","background-position":"center center","background-size":"auto","background-attachment":"scroll","background-type":"","background-media":"","overlay-type":"","overlay-color":"","overlay-opacity":"","overlay-gradient":""}},"ast-content-background-meta":{"desktop":{"background-color":"var(--ast-global-color-5)","background-image":"","background-repeat":"repeat","background-position":"center center","background-size":"auto","background-attachment":"scroll","background-type":"","background-media":"","overlay-type":"","overlay-color":"","overlay-opacity":"","overlay-gradient":""},"tablet":{"background-color":"var(--ast-global-color-5)","background-image":"","background-repeat":"repeat","background-position":"center center","background-size":"auto","background-attachment":"scroll","background-type":"","background-media":"","overlay-type":"","overlay-color":"","overlay-opacity":"","overlay-gradient":""},"mobile":{"background-color":"var(--ast-global-color-5)","background-image":"","background-repeat":"repeat","background-position":"center center","background-size":"auto","background-attachment":"scroll","background-type":"","background-media":"","overlay-type":"","overlay-color":"","overlay-opacity":"","overlay-gradient":""}},"jetpack_publicize_message":"","jetpack_publicize_feature_enabled":true,"jetpack_social_post_already_shared":false,"jetpack_social_options":{"image_generator_settings":{"template":"highway","default_image_id":0,"font":"","enabled":false},"version":2}},"pwb-brand":[],"product_brand":[],"product_cat":[103],"product_tag":[],"class_list":{"0":"post-2601","1":"product","2":"type-product","3":"status-publish","4":"has-post-thumbnail","6":"product_cat-consolas","7":"desktop-align-center","8":"tablet-align-left","9":"mobile-align-left","11":"first","12":"instock","13":"sold-individually","14":"taxable","15":"shipping-taxable","16":"purchasable","17":"product-type-simple"},"supplier_id":null,"supplier_sku":"","barcode":null,"atum_controlled":true,"out_stock_date":null,"out_stock_threshold":null,"inheritable":false,"inbound_stock":null,"stock_on_hold":0,"sold_today":0,"sales_last_days":0,"reserved_stock":null,"customer_returns":null,"warehouse_damage":null,"lost_in_post":null,"other_logs":null,"out_stock_days":0,"lost_sales":0,"has_location":false,"update_date":"2026-05-01T00:40:14","atum_locations":[],"atum_stock_status":"instock","restock_status":false,"low_stock_amount":"","sales_update_date":"2026-05-01T00:40:14","calc_backorders":null,"jetpack_publicize_connections":[],"jetpack_sharing_enabled":true,"brands":[],"_links":{"self":[{"href":"https:\/\/www.surtistereo.com\/index.php?rest_route=\/wp\/v2\/product\/2601","targetHints":{"allow":["GET"]}}],"collection":[{"href":"https:\/\/www.surtistereo.com\/index.php?rest_route=\/wp\/v2\/product"}],"about":[{"href":"https:\/\/www.surtistereo.com\/index.php?rest_route=\/wp\/v2\/types\/product"}],"replies":[{"embeddable":true,"href":"https:\/\/www.surtistereo.com\/index.php?rest_route=%2Fwp%2Fv2%2Fcomments&post=2601"}],"version-history":[{"count":2,"href":"https:\/\/www.surtistereo.com\/index.php?rest_route=\/wp\/v2\/product\/2601\/revisions"}],"predecessor-version":[{"id":6128,"href":"https:\/\/www.surtistereo.com\/index.php?rest_route=\/wp\/v2\/product\/2601\/revisions\/6128"}],"wp:featuredmedia":[{"embeddable":true,"href":"https:\/\/www.surtistereo.com\/index.php?rest_route=\/wp\/v2\/media\/5524"}],"wp:attachment":[{"href":"https:\/\/www.surtistereo.com\/index.php?rest_route=%2Fwp%2Fv2%2Fmedia&parent=2601"}],"wp:term":[{"taxonomy":"pwb-brand","embeddable":true,"href":"https:\/\/www.surtistereo.com\/index.php?rest_route=%2Fwp%2Fv2%2Fpwb-brand&post=2601"},{"taxonomy":"product_brand","embeddable":true,"href":"https:\/\/www.surtistereo.com\/index.php?rest_route=%2Fwp%2Fv2%2Fproduct_brand&post=2601"},{"taxonomy":"product_cat","embeddable":true,"href":"https:\/\/www.surtistereo.com\/index.php?rest_route=%2Fwp%2Fv2%2Fproduct_cat&post=2601"},{"taxonomy":"product_tag","embeddable":true,"href":"https:\/\/www.surtistereo.com\/index.php?rest_route=%2Fwp%2Fv2%2Fproduct_tag&post=2601"}],"curies":[{"name":"wp","href":"https:\/\/api.w.org\/{rel}","templated":true}]}}