{"id":2563,"date":"2024-01-30T20:37:20","date_gmt":"2024-01-30T20:37:20","guid":{"rendered":"https:\/\/surtistereo.com\/?post_type=product&#038;p=2563"},"modified":"2025-10-16T11:46:22","modified_gmt":"2025-10-16T16:46:22","slug":"receiver-with-cinema-7-2ch-av-yamaha","status":"publish","type":"product","link":"https:\/\/www.surtistereo.com\/?product=receiver-with-cinema-7-2ch-av-yamaha","title":{"rendered":"RX-V6A RECEIVER WITH CINEMA 7.2ch AV YAMAHA"},"content":{"rendered":"<p>RX-V6A<\/p>\n<ul>\n<li class=\"hidden-xs\"><strong>Dolby Atmos\u00ae con Virtualizador de altura*<\/strong><\/li>\n<li>\n<p class=\"hidden-xs\"><strong>DTS:X\u00ae<\/strong><\/p>\n<\/li>\n<li>\n<p class=\"hidden-xs\"><strong>CINEMA DSP 3D para pel\u00edculas, m\u00fasica y juegos<\/strong><\/p>\n<\/li>\n<li>\n<p class=\"hidden-xs\"><strong>Ventaja de un amplificador con alta velocidad de respuesta<\/strong><\/p>\n<p class=\"hidden-xs\"><strong>Ventaja de un amplificador con alta velocidad de respuesta<\/strong><\/p>\n<\/li>\n<li>\n<p class=\"hidden-xs\"><strong>HDR10+*<\/strong><\/p>\n<\/li>\n<li>\n<p class=\"hidden-xs\"><strong>Funci\u00f3n espec\u00edfica para juegos (ALLM,VRR,QMS,QFT)*<\/strong><\/p>\n<\/li>\n<li>\n<p class=\"hidden-xs\"><strong>Aplicaci\u00f3n AV Setup Guide para la configuraci\u00f3n inicial<\/strong><\/p>\n<\/li>\n<li>\n<p class=\"hidden-xs\"><strong>F\u00e1cil manejo con la aplicaci\u00f3n MusicCast<\/strong><\/p>\n<\/li>\n<li><strong>Control de voz(Alexa, Asistente de Google)<\/strong><\/li>\n<li>\n<p class=\"hidden-xs\"><strong>YPAO\u2122 R.S.C\/Multipunto<\/strong><\/p>\n<\/li>\n<li>\n<p class=\"hidden-xs\"><strong>Altavoz trasero inal\u00e1mbrico<\/strong><\/p>\n<\/li>\n<li>\n<p class=\"hidden-xs\"><strong>Impresionante y eficaz concepto de dise\u00f1o<\/strong><\/p>\n<\/li>\n<li>\n<p class=\"hidden-xs\"><strong>Botones SCENE que permiten memorizar canciones y emisoras<\/strong><\/p>\n<\/li>\n<li>\n<p class=\"hidden-xs\"><strong>Audio multiroom con MusicCast<\/strong><\/p>\n<\/li>\n<li>\n<p class=\"hidden-xs\"><strong>AirPlay 2<\/strong><\/p>\n<\/li>\n<li>\n<p class=\"hidden-xs\"><strong>Servicios de streaming<\/strong><\/p>\n<\/li>\n<li><strong>eARC<\/strong><\/li>\n<\/ul>\n","protected":false},"excerpt":{"rendered":"<p>RX-V6A Dolby Atmos\u00ae con Virtualizador de altura* DTS:X\u00ae CINEMA DSP 3D para pel\u00edculas, m\u00fasica y juegos Ventaja de un amplificador con alta velocidad de respuesta Ventaja de un amplificador con alta velocidad de respuesta HDR10+* Funci\u00f3n espec\u00edfica para juegos (ALLM,VRR,QMS,QFT)* Aplicaci\u00f3n AV Setup Guide para la configuraci\u00f3n inicial F\u00e1cil manejo con la aplicaci\u00f3n MusicCast Control [&hellip;]<\/p>\n","protected":false},"featured_media":3767,"comment_status":"open","ping_status":"closed","template":"","meta":{"site-sidebar-layout":"default","site-content-layout":"","ast-site-content-layout":"default","site-content-style":"default","site-sidebar-style":"default","ast-global-header-display":"","ast-banner-title-visibility":"","ast-main-header-display":"","ast-hfb-above-header-display":"","ast-hfb-below-header-display":"","ast-hfb-mobile-header-display":"","site-post-title":"","ast-breadcrumbs-content":"","ast-featured-img":"","footer-sml-layout":"","ast-disable-related-posts":"","theme-transparent-header-meta":"default","adv-header-id-meta":"","stick-header-meta":"","header-above-stick-meta":"","header-main-stick-meta":"","header-below-stick-meta":"","astra-migrate-meta-layouts":"set","ast-page-background-enabled":"default","ast-page-background-meta":{"desktop":{"background-color":"","background-image":"","background-repeat":"repeat","background-position":"center center","background-size":"auto","background-attachment":"scroll","background-type":"","background-media":"","overlay-type":"","overlay-color":"","overlay-opacity":"","overlay-gradient":""},"tablet":{"background-color":"","background-image":"","background-repeat":"repeat","background-position":"center center","background-size":"auto","background-attachment":"scroll","background-type":"","background-media":"","overlay-type":"","overlay-color":"","overlay-opacity":"","overlay-gradient":""},"mobile":{"background-color":"","background-image":"","background-repeat":"repeat","background-position":"center center","background-size":"auto","background-attachment":"scroll","background-type":"","background-media":"","overlay-type":"","overlay-color":"","overlay-opacity":"","overlay-gradient":""}},"ast-content-background-meta":{"desktop":{"background-color":"var(--ast-global-color-5)","background-image":"","background-repeat":"repeat","background-position":"center center","background-size":"auto","background-attachment":"scroll","background-type":"","background-media":"","overlay-type":"","overlay-color":"","overlay-opacity":"","overlay-gradient":""},"tablet":{"background-color":"var(--ast-global-color-5)","background-image":"","background-repeat":"repeat","background-position":"center center","background-size":"auto","background-attachment":"scroll","background-type":"","background-media":"","overlay-type":"","overlay-color":"","overlay-opacity":"","overlay-gradient":""},"mobile":{"background-color":"var(--ast-global-color-5)","background-image":"","background-repeat":"repeat","background-position":"center center","background-size":"auto","background-attachment":"scroll","background-type":"","background-media":"","overlay-type":"","overlay-color":"","overlay-opacity":"","overlay-gradient":""}},"jetpack_publicize_message":"","jetpack_publicize_feature_enabled":true,"jetpack_social_post_already_shared":false,"jetpack_social_options":{"image_generator_settings":{"template":"highway","default_image_id":0,"font":"","enabled":false},"version":2}},"pwb-brand":[179],"product_brand":[],"product_cat":[135],"product_tag":[],"class_list":{"0":"post-2563","1":"product","2":"type-product","3":"status-publish","4":"has-post-thumbnail","6":"pwb-brand-yamaha","7":"product_cat-alta-definicion","8":"desktop-align-center","9":"tablet-align-left","10":"mobile-align-left","12":"first","13":"instock","14":"sold-individually","15":"taxable","16":"shipping-taxable","17":"purchasable","18":"product-type-simple"},"supplier_id":null,"supplier_sku":"","barcode":null,"atum_controlled":true,"out_stock_date":null,"out_stock_threshold":null,"inheritable":false,"inbound_stock":null,"stock_on_hold":0,"sold_today":0,"sales_last_days":0,"reserved_stock":null,"customer_returns":null,"warehouse_damage":null,"lost_in_post":null,"other_logs":null,"out_stock_days":0,"lost_sales":0,"has_location":null,"update_date":"2026-05-01T00:40:14","atum_locations":[],"atum_stock_status":"instock","restock_status":false,"low_stock_amount":"","sales_update_date":"2026-05-01T00:40:14","calc_backorders":null,"jetpack_publicize_connections":[],"jetpack_sharing_enabled":true,"brands":[{"id":179,"name":"YAMAHA","slug":"yamaha"}],"_links":{"self":[{"href":"https:\/\/www.surtistereo.com\/index.php?rest_route=\/wp\/v2\/product\/2563","targetHints":{"allow":["GET"]}}],"collection":[{"href":"https:\/\/www.surtistereo.com\/index.php?rest_route=\/wp\/v2\/product"}],"about":[{"href":"https:\/\/www.surtistereo.com\/index.php?rest_route=\/wp\/v2\/types\/product"}],"replies":[{"embeddable":true,"href":"https:\/\/www.surtistereo.com\/index.php?rest_route=%2Fwp%2Fv2%2Fcomments&post=2563"}],"version-history":[{"count":1,"href":"https:\/\/www.surtistereo.com\/index.php?rest_route=\/wp\/v2\/product\/2563\/revisions"}],"predecessor-version":[{"id":6567,"href":"https:\/\/www.surtistereo.com\/index.php?rest_route=\/wp\/v2\/product\/2563\/revisions\/6567"}],"wp:featuredmedia":[{"embeddable":true,"href":"https:\/\/www.surtistereo.com\/index.php?rest_route=\/wp\/v2\/media\/3767"}],"wp:attachment":[{"href":"https:\/\/www.surtistereo.com\/index.php?rest_route=%2Fwp%2Fv2%2Fmedia&parent=2563"}],"wp:term":[{"taxonomy":"pwb-brand","embeddable":true,"href":"https:\/\/www.surtistereo.com\/index.php?rest_route=%2Fwp%2Fv2%2Fpwb-brand&post=2563"},{"taxonomy":"product_brand","embeddable":true,"href":"https:\/\/www.surtistereo.com\/index.php?rest_route=%2Fwp%2Fv2%2Fproduct_brand&post=2563"},{"taxonomy":"product_cat","embeddable":true,"href":"https:\/\/www.surtistereo.com\/index.php?rest_route=%2Fwp%2Fv2%2Fproduct_cat&post=2563"},{"taxonomy":"product_tag","embeddable":true,"href":"https:\/\/www.surtistereo.com\/index.php?rest_route=%2Fwp%2Fv2%2Fproduct_tag&post=2563"}],"curies":[{"name":"wp","href":"https:\/\/api.w.org\/{rel}","templated":true}]}}