{"id":2480,"date":"2023-12-22T15:39:36","date_gmt":"2023-12-22T15:39:36","guid":{"rendered":"https:\/\/surtistereo.store\/?post_type=product&#038;p=2480"},"modified":"2025-10-16T11:47:34","modified_gmt":"2025-10-16T16:47:34","slug":"microfono-profesional-dinamico-vocal-shure","status":"publish","type":"product","link":"https:\/\/www.surtistereo.com\/?product=microfono-profesional-dinamico-vocal-shure","title":{"rendered":"SM-58 MICROFONO PROFESIONAL DINAMICO VOCAL SHURE"},"content":{"rendered":"<p>SM-58 Si alguna vez has o\u00eddo a alguien cantar o hablar en directo con un micr\u00f3fono, es muy posible que fuera un SM58. Estrellas del rock. \u00cddolos del pop. Humoristas. Presidentes. Papas. Durante generaciones, ha capturado algunas de las palabras m\u00e1s legendarias. Y gracias a su tecnolog\u00eda y durabilidad, que son el est\u00e1ndar mundial, seguir\u00e1 apareciendo en momentos hist\u00f3ricos.<\/p>\n<p><strong>Una leyenda que se hace o\u00edr<\/strong><\/p>\n<div>\n<ul>\n<li>Respuesta en frecuencia optimizada para uso vocal, con unos medios brillantes y una supresi\u00f3n controlada de graves.<\/li>\n<li>Patr\u00f3n cardioide uniforme que a\u00edsla la fuente de sonido y reduce el ruido de fondo.<\/li>\n<li>Sistema antigolpes neum\u00e1tico que elimina el ruido de manejo del micro.<\/li>\n<li>Eficaz filtro esf\u00e9rico antipop y viento.<\/li>\n<li>Incluye un robusto adaptador de soporte que puede girar 180\u00a0grados.<\/li>\n<li>Con la legendaria calidad, robustez y fiabilidad de Shure.<\/li>\n<li>Din\u00e1mico cardioide (unidireccional).<\/li>\n<li>Respuesta en frecuencia: 50 a 15.000\u00a0Hz<\/li>\n<\/ul>\n<\/div>\n<div>\n<h2>\u00bfPara qu\u00e9 uso ha sido dise\u00f1ado el SM58?<\/h2>\n<p>Es la elecci\u00f3n ideal para un cantante profesional en cualquier directo. Ha sido afinado para acentuar la calidez y claridad de la voz solista y de acompa\u00f1amiento. El SM58 ha sido dise\u00f1ado con la idea de aislar la fuente de sonido principal y reducir el ruido de fondo, incluso en condiciones extremas. Este micro tambi\u00e9n es muy popular entre los DJ y presentadores de clubes y en peque\u00f1as y grandes salas de conciertos en directo.<\/p>\n<h2>\u00bfEs capaz de soportar los rigores de una gira?<\/h2>\n<p>Su robusta construcci\u00f3n, el probado sistema antigolpes y una rejilla de acero aseguran que, incluso bajo las condiciones m\u00e1s adversas, el SM58 proporcionar\u00e1 un rendimiento constante, tanto en interior como en exterior.<\/p>\n<ul>\n<li>1 adaptador de soporte giratorio A25D<\/li>\n<li>1 bolsa de almacenamiento 95A2313<\/li>\n<\/ul>\n<\/div>\n","protected":false},"excerpt":{"rendered":"<p>SM-58 Si alguna vez has o\u00eddo a alguien cantar o hablar en directo con un micr\u00f3fono, es muy posible que fuera un SM58. Estrellas del rock. \u00cddolos del pop. Humoristas. Presidentes. Papas. Durante generaciones, ha capturado algunas de las palabras m\u00e1s legendarias. Y gracias a su tecnolog\u00eda y durabilidad, que son el est\u00e1ndar mundial, seguir\u00e1 [&hellip;]<\/p>\n","protected":false},"featured_media":5670,"comment_status":"open","ping_status":"closed","template":"","meta":{"site-sidebar-layout":"default","site-content-layout":"","ast-site-content-layout":"default","site-content-style":"default","site-sidebar-style":"default","ast-global-header-display":"","ast-banner-title-visibility":"","ast-main-header-display":"","ast-hfb-above-header-display":"","ast-hfb-below-header-display":"","ast-hfb-mobile-header-display":"","site-post-title":"","ast-breadcrumbs-content":"","ast-featured-img":"","footer-sml-layout":"","ast-disable-related-posts":"","theme-transparent-header-meta":"default","adv-header-id-meta":"","stick-header-meta":"","header-above-stick-meta":"","header-main-stick-meta":"","header-below-stick-meta":"","astra-migrate-meta-layouts":"set","ast-page-background-enabled":"default","ast-page-background-meta":{"desktop":{"background-color":"","background-image":"","background-repeat":"repeat","background-position":"center center","background-size":"auto","background-attachment":"scroll","background-type":"","background-media":"","overlay-type":"","overlay-color":"","overlay-opacity":"","overlay-gradient":""},"tablet":{"background-color":"","background-image":"","background-repeat":"repeat","background-position":"center center","background-size":"auto","background-attachment":"scroll","background-type":"","background-media":"","overlay-type":"","overlay-color":"","overlay-opacity":"","overlay-gradient":""},"mobile":{"background-color":"","background-image":"","background-repeat":"repeat","background-position":"center center","background-size":"auto","background-attachment":"scroll","background-type":"","background-media":"","overlay-type":"","overlay-color":"","overlay-opacity":"","overlay-gradient":""}},"ast-content-background-meta":{"desktop":{"background-color":"var(--ast-global-color-5)","background-image":"","background-repeat":"repeat","background-position":"center center","background-size":"auto","background-attachment":"scroll","background-type":"","background-media":"","overlay-type":"","overlay-color":"","overlay-opacity":"","overlay-gradient":""},"tablet":{"background-color":"var(--ast-global-color-5)","background-image":"","background-repeat":"repeat","background-position":"center center","background-size":"auto","background-attachment":"scroll","background-type":"","background-media":"","overlay-type":"","overlay-color":"","overlay-opacity":"","overlay-gradient":""},"mobile":{"background-color":"var(--ast-global-color-5)","background-image":"","background-repeat":"repeat","background-position":"center center","background-size":"auto","background-attachment":"scroll","background-type":"","background-media":"","overlay-type":"","overlay-color":"","overlay-opacity":"","overlay-gradient":""}},"jetpack_publicize_message":"","jetpack_publicize_feature_enabled":true,"jetpack_social_post_already_shared":false,"jetpack_social_options":{"image_generator_settings":{"template":"highway","default_image_id":0,"font":"","enabled":false},"version":2}},"pwb-brand":[187],"product_brand":[],"product_cat":[87],"product_tag":[128],"class_list":{"0":"post-2480","1":"product","2":"type-product","3":"status-publish","4":"has-post-thumbnail","6":"pwb-brand-shure","7":"product_cat-microfono","8":"product_tag-shure","9":"desktop-align-center","10":"tablet-align-left","11":"mobile-align-left","13":"first","14":"instock","15":"sold-individually","16":"taxable","17":"shipping-taxable","18":"purchasable","19":"product-type-simple"},"supplier_id":null,"supplier_sku":"","barcode":null,"atum_controlled":true,"out_stock_date":null,"out_stock_threshold":null,"inheritable":false,"inbound_stock":null,"stock_on_hold":0,"sold_today":0,"sales_last_days":0,"reserved_stock":null,"customer_returns":null,"warehouse_damage":null,"lost_in_post":null,"other_logs":null,"out_stock_days":0,"lost_sales":0,"has_location":false,"update_date":"2026-05-01T00:40:14","atum_locations":[],"atum_stock_status":"instock","restock_status":false,"low_stock_amount":"","sales_update_date":"2026-05-01T00:40:14","calc_backorders":null,"jetpack_publicize_connections":[],"jetpack_sharing_enabled":true,"brands":[{"id":187,"name":"SHURE","slug":"shure"}],"_links":{"self":[{"href":"https:\/\/www.surtistereo.com\/index.php?rest_route=\/wp\/v2\/product\/2480","targetHints":{"allow":["GET"]}}],"collection":[{"href":"https:\/\/www.surtistereo.com\/index.php?rest_route=\/wp\/v2\/product"}],"about":[{"href":"https:\/\/www.surtistereo.com\/index.php?rest_route=\/wp\/v2\/types\/product"}],"replies":[{"embeddable":true,"href":"https:\/\/www.surtistereo.com\/index.php?rest_route=%2Fwp%2Fv2%2Fcomments&post=2480"}],"version-history":[{"count":1,"href":"https:\/\/www.surtistereo.com\/index.php?rest_route=\/wp\/v2\/product\/2480\/revisions"}],"predecessor-version":[{"id":6570,"href":"https:\/\/www.surtistereo.com\/index.php?rest_route=\/wp\/v2\/product\/2480\/revisions\/6570"}],"wp:featuredmedia":[{"embeddable":true,"href":"https:\/\/www.surtistereo.com\/index.php?rest_route=\/wp\/v2\/media\/5670"}],"wp:attachment":[{"href":"https:\/\/www.surtistereo.com\/index.php?rest_route=%2Fwp%2Fv2%2Fmedia&parent=2480"}],"wp:term":[{"taxonomy":"pwb-brand","embeddable":true,"href":"https:\/\/www.surtistereo.com\/index.php?rest_route=%2Fwp%2Fv2%2Fpwb-brand&post=2480"},{"taxonomy":"product_brand","embeddable":true,"href":"https:\/\/www.surtistereo.com\/index.php?rest_route=%2Fwp%2Fv2%2Fproduct_brand&post=2480"},{"taxonomy":"product_cat","embeddable":true,"href":"https:\/\/www.surtistereo.com\/index.php?rest_route=%2Fwp%2Fv2%2Fproduct_cat&post=2480"},{"taxonomy":"product_tag","embeddable":true,"href":"https:\/\/www.surtistereo.com\/index.php?rest_route=%2Fwp%2Fv2%2Fproduct_tag&post=2480"}],"curies":[{"name":"wp","href":"https:\/\/api.w.org\/{rel}","templated":true}]}}