{"id":2477,"date":"2023-12-22T15:36:38","date_gmt":"2023-12-22T15:36:38","guid":{"rendered":"https:\/\/surtistereo.store\/?post_type=product&#038;p=2477"},"modified":"2025-10-16T11:47:50","modified_gmt":"2025-10-16T16:47:50","slug":"microfono-condensador-shure-profesional-para-instrumentos-de-viento","status":"publish","type":"product","link":"https:\/\/www.surtistereo.com\/?product=microfono-condensador-shure-profesional-para-instrumentos-de-viento","title":{"rendered":"PGA-98H MICROFONO CONDENSADOR SHURE PROFESIONAL PARA INSTRUMENTOS DE VIENTO"},"content":{"rendered":"<p>PGA-98H Micr\u00f3fono condensador cardioide con pinza para instrumento que ofrece un sonido natural de los instrumentos de viento. Se suministra con un pinza acoplable al instrumento, un cuello de cisne flexible y un previo integrado para la alimentaci\u00f3n phantom y la conexi\u00f3n XLR.<\/p>\n<div>\n<ul>\n<li>C\u00e1psula microf\u00f3nica personaliza para reproducir de forma limpia los instrumentos de viento.<\/li>\n<li>Cuello de cisne flexible para posicionar el micro de forma r\u00e1pida, sencilla y precisa.<\/li>\n<li>Pinza para acoplar al instrumento de forma r\u00e1pida y sencilla.<\/li>\n<li>Previo en l\u00ednea que proporciona alimentaci\u00f3n phantom y una conexi\u00f3n XLR directa.<\/li>\n<li>Patr\u00f3n polar cardioide que capta el audio de la fuente a la vez que rechaza el ruido.<\/li>\n<li>Dise\u00f1o industrial moderno con rejilla y acabado met\u00e1licos de color negro para pasar inadvertido.<\/li>\n<li>Conector TA4F para utilizar con los sistemas inal\u00e1mbricos de petaca (sin previo)<\/li>\n<li>Funda con cremallera, para una protecci\u00f3n adicional durante el transporte y el almacenamiento.<\/li>\n<li>Calidad legendaria de Shure en el dise\u00f1o y la construcci\u00f3n, para un funcionamiento excepcional en entornos rigurosos.<\/li>\n<\/ul>\n<\/div>\n<div>\n<p>El PGA98H es un micr\u00f3fono para instrumentos de viento, de calidad profesional y con un dise\u00f1o discreto y moderno, con rejilla y acabado met\u00e1licos de color negro. Cuenta con un cuello de cisne flexible, discreto y robusto, una pinza acoplable al instrumento y un conector TA4F para utilizar con los sistemas inal\u00e1mbricos. El PGA98H es ideal para actuaciones en directo y grabaciones.<\/p>\n<ul>\n<li>1 abrazadera de bocina integrada<\/li>\n<li>1 bolsa con cremallera<\/li>\n<li>1 conector TA4F para uso con sistemas de petaca inal\u00e1mbricos<\/li>\n<\/ul>\n<\/div>\n","protected":false},"excerpt":{"rendered":"<p>PGA-98H Micr\u00f3fono condensador cardioide con pinza para instrumento que ofrece un sonido natural de los instrumentos de viento. Se suministra con un pinza acoplable al instrumento, un cuello de cisne flexible y un previo integrado para la alimentaci\u00f3n phantom y la conexi\u00f3n XLR. C\u00e1psula microf\u00f3nica personaliza para reproducir de forma limpia los instrumentos de viento. [&hellip;]<\/p>\n","protected":false},"featured_media":5571,"comment_status":"open","ping_status":"closed","template":"","meta":{"site-sidebar-layout":"default","site-content-layout":"","ast-site-content-layout":"default","site-content-style":"default","site-sidebar-style":"default","ast-global-header-display":"","ast-banner-title-visibility":"","ast-main-header-display":"","ast-hfb-above-header-display":"","ast-hfb-below-header-display":"","ast-hfb-mobile-header-display":"","site-post-title":"","ast-breadcrumbs-content":"","ast-featured-img":"","footer-sml-layout":"","ast-disable-related-posts":"","theme-transparent-header-meta":"default","adv-header-id-meta":"","stick-header-meta":"","header-above-stick-meta":"","header-main-stick-meta":"","header-below-stick-meta":"","astra-migrate-meta-layouts":"set","ast-page-background-enabled":"default","ast-page-background-meta":{"desktop":{"background-color":"","background-image":"","background-repeat":"repeat","background-position":"center center","background-size":"auto","background-attachment":"scroll","background-type":"","background-media":"","overlay-type":"","overlay-color":"","overlay-opacity":"","overlay-gradient":""},"tablet":{"background-color":"","background-image":"","background-repeat":"repeat","background-position":"center center","background-size":"auto","background-attachment":"scroll","background-type":"","background-media":"","overlay-type":"","overlay-color":"","overlay-opacity":"","overlay-gradient":""},"mobile":{"background-color":"","background-image":"","background-repeat":"repeat","background-position":"center center","background-size":"auto","background-attachment":"scroll","background-type":"","background-media":"","overlay-type":"","overlay-color":"","overlay-opacity":"","overlay-gradient":""}},"ast-content-background-meta":{"desktop":{"background-color":"var(--ast-global-color-5)","background-image":"","background-repeat":"repeat","background-position":"center center","background-size":"auto","background-attachment":"scroll","background-type":"","background-media":"","overlay-type":"","overlay-color":"","overlay-opacity":"","overlay-gradient":""},"tablet":{"background-color":"var(--ast-global-color-5)","background-image":"","background-repeat":"repeat","background-position":"center center","background-size":"auto","background-attachment":"scroll","background-type":"","background-media":"","overlay-type":"","overlay-color":"","overlay-opacity":"","overlay-gradient":""},"mobile":{"background-color":"var(--ast-global-color-5)","background-image":"","background-repeat":"repeat","background-position":"center center","background-size":"auto","background-attachment":"scroll","background-type":"","background-media":"","overlay-type":"","overlay-color":"","overlay-opacity":"","overlay-gradient":""}},"jetpack_publicize_message":"","jetpack_publicize_feature_enabled":true,"jetpack_social_post_already_shared":false,"jetpack_social_options":{"image_generator_settings":{"template":"highway","default_image_id":0,"font":"","enabled":false},"version":2}},"pwb-brand":[187],"product_brand":[],"product_cat":[87],"product_tag":[128],"class_list":{"0":"post-2477","1":"product","2":"type-product","3":"status-publish","4":"has-post-thumbnail","6":"pwb-brand-shure","7":"product_cat-microfono","8":"product_tag-shure","9":"desktop-align-center","10":"tablet-align-left","11":"mobile-align-left","13":"first","14":"instock","15":"sold-individually","16":"taxable","17":"shipping-taxable","18":"purchasable","19":"product-type-simple"},"supplier_id":null,"supplier_sku":"","barcode":null,"atum_controlled":true,"out_stock_date":null,"out_stock_threshold":null,"inheritable":false,"inbound_stock":null,"stock_on_hold":0,"sold_today":0,"sales_last_days":0,"reserved_stock":null,"customer_returns":null,"warehouse_damage":null,"lost_in_post":null,"other_logs":null,"out_stock_days":0,"lost_sales":0,"has_location":false,"update_date":"2026-05-01T00:40:14","atum_locations":[],"atum_stock_status":"instock","restock_status":false,"low_stock_amount":"","sales_update_date":"2026-05-01T00:40:14","calc_backorders":null,"jetpack_publicize_connections":[],"jetpack_sharing_enabled":true,"brands":[{"id":187,"name":"SHURE","slug":"shure"}],"_links":{"self":[{"href":"https:\/\/www.surtistereo.com\/index.php?rest_route=\/wp\/v2\/product\/2477","targetHints":{"allow":["GET"]}}],"collection":[{"href":"https:\/\/www.surtistereo.com\/index.php?rest_route=\/wp\/v2\/product"}],"about":[{"href":"https:\/\/www.surtistereo.com\/index.php?rest_route=\/wp\/v2\/types\/product"}],"replies":[{"embeddable":true,"href":"https:\/\/www.surtistereo.com\/index.php?rest_route=%2Fwp%2Fv2%2Fcomments&post=2477"}],"version-history":[{"count":1,"href":"https:\/\/www.surtistereo.com\/index.php?rest_route=\/wp\/v2\/product\/2477\/revisions"}],"predecessor-version":[{"id":6125,"href":"https:\/\/www.surtistereo.com\/index.php?rest_route=\/wp\/v2\/product\/2477\/revisions\/6125"}],"wp:featuredmedia":[{"embeddable":true,"href":"https:\/\/www.surtistereo.com\/index.php?rest_route=\/wp\/v2\/media\/5571"}],"wp:attachment":[{"href":"https:\/\/www.surtistereo.com\/index.php?rest_route=%2Fwp%2Fv2%2Fmedia&parent=2477"}],"wp:term":[{"taxonomy":"pwb-brand","embeddable":true,"href":"https:\/\/www.surtistereo.com\/index.php?rest_route=%2Fwp%2Fv2%2Fpwb-brand&post=2477"},{"taxonomy":"product_brand","embeddable":true,"href":"https:\/\/www.surtistereo.com\/index.php?rest_route=%2Fwp%2Fv2%2Fproduct_brand&post=2477"},{"taxonomy":"product_cat","embeddable":true,"href":"https:\/\/www.surtistereo.com\/index.php?rest_route=%2Fwp%2Fv2%2Fproduct_cat&post=2477"},{"taxonomy":"product_tag","embeddable":true,"href":"https:\/\/www.surtistereo.com\/index.php?rest_route=%2Fwp%2Fv2%2Fproduct_tag&post=2477"}],"curies":[{"name":"wp","href":"https:\/\/api.w.org\/{rel}","templated":true}]}}