{"id":2461,"date":"2023-12-22T14:32:42","date_gmt":"2023-12-22T14:32:42","guid":{"rendered":"https:\/\/surtistereo.store\/?post_type=product&#038;p=2461"},"modified":"2026-02-24T10:04:39","modified_gmt":"2026-02-24T15:04:39","slug":"microfono-shure-c-cable-xlr-xlr","status":"publish","type":"product","link":"https:\/\/www.surtistereo.com\/?product=microfono-shure-c-cable-xlr-xlr","title":{"rendered":"PGA-58 MICROFONO SHURE C\/CABLE XLR &#8211; XLR"},"content":{"rendered":"<p>PGA-58 Micr\u00f3fono vocal din\u00e1mico cardioide, de un sonido excelente para las voces de solistas y coristas. Incluye un adaptador para pie de micro e interruptor de encendido\/apagado; ofrece un buen rechazo al ruido gracias a su patr\u00f3n cardioide.<\/p>\n<div>\n<ul>\n<li>C\u00e1psula microf\u00f3nica personalizada para conseguir claridad en la banda de frecuencias de la voz.<\/li>\n<li>Patr\u00f3n polar cardioide que capta el audio de la fuente a la vez que rechaza el ruido.<\/li>\n<li>Dise\u00f1o industrial moderno con rejilla y acabado met\u00e1licos de color negro para pasar inadvertido.<\/li>\n<li>Interruptor de encendido\/apagado para el control discreto del funcionamiento del micr\u00f3fono.<\/li>\n<li>Adaptador para pie de micro, para montar el micr\u00f3fono en un pie.<\/li>\n<li>Calidad legendaria de Shure en el dise\u00f1o y la construcci\u00f3n, para un funcionamiento excepcional en entornos rigurosos.<\/li>\n<\/ul>\n<\/div>\n<div>\n<p>El PGA58 es un micr\u00f3fono vocal de calidad profesional y con un dise\u00f1o discreto y moderno, con rejilla y acabado met\u00e1licos de color negro.\u00a0Ideal para solistas y coristas.<\/p>\n<ul>\n<li>1 adaptador de soporte<\/li>\n<li>1 bolsa con cremallera<\/li>\n<li>1 cable XLR-QTR<\/li>\n<\/ul>\n<\/div>\n","protected":false},"excerpt":{"rendered":"<p>PGA-58 Micr\u00f3fono vocal din\u00e1mico cardioide, de un sonido excelente para las voces de solistas y coristas. Incluye un adaptador para pie de micro e interruptor de encendido\/apagado; ofrece un buen rechazo al ruido gracias a su patr\u00f3n cardioide. C\u00e1psula microf\u00f3nica personalizada para conseguir claridad en la banda de frecuencias de la voz. Patr\u00f3n polar cardioide [&hellip;]<\/p>\n","protected":false},"featured_media":5552,"comment_status":"open","ping_status":"closed","template":"","meta":{"site-sidebar-layout":"default","site-content-layout":"","ast-site-content-layout":"default","site-content-style":"default","site-sidebar-style":"default","ast-global-header-display":"","ast-banner-title-visibility":"","ast-main-header-display":"","ast-hfb-above-header-display":"","ast-hfb-below-header-display":"","ast-hfb-mobile-header-display":"","site-post-title":"","ast-breadcrumbs-content":"","ast-featured-img":"","footer-sml-layout":"","ast-disable-related-posts":"","theme-transparent-header-meta":"default","adv-header-id-meta":"","stick-header-meta":"","header-above-stick-meta":"","header-main-stick-meta":"","header-below-stick-meta":"","astra-migrate-meta-layouts":"set","ast-page-background-enabled":"default","ast-page-background-meta":{"desktop":{"background-color":"","background-image":"","background-repeat":"repeat","background-position":"center center","background-size":"auto","background-attachment":"scroll","background-type":"","background-media":"","overlay-type":"","overlay-color":"","overlay-opacity":"","overlay-gradient":""},"tablet":{"background-color":"","background-image":"","background-repeat":"repeat","background-position":"center center","background-size":"auto","background-attachment":"scroll","background-type":"","background-media":"","overlay-type":"","overlay-color":"","overlay-opacity":"","overlay-gradient":""},"mobile":{"background-color":"","background-image":"","background-repeat":"repeat","background-position":"center center","background-size":"auto","background-attachment":"scroll","background-type":"","background-media":"","overlay-type":"","overlay-color":"","overlay-opacity":"","overlay-gradient":""}},"ast-content-background-meta":{"desktop":{"background-color":"var(--ast-global-color-5)","background-image":"","background-repeat":"repeat","background-position":"center center","background-size":"auto","background-attachment":"scroll","background-type":"","background-media":"","overlay-type":"","overlay-color":"","overlay-opacity":"","overlay-gradient":""},"tablet":{"background-color":"var(--ast-global-color-5)","background-image":"","background-repeat":"repeat","background-position":"center center","background-size":"auto","background-attachment":"scroll","background-type":"","background-media":"","overlay-type":"","overlay-color":"","overlay-opacity":"","overlay-gradient":""},"mobile":{"background-color":"var(--ast-global-color-5)","background-image":"","background-repeat":"repeat","background-position":"center center","background-size":"auto","background-attachment":"scroll","background-type":"","background-media":"","overlay-type":"","overlay-color":"","overlay-opacity":"","overlay-gradient":""}},"jetpack_publicize_message":"","jetpack_publicize_feature_enabled":true,"jetpack_social_post_already_shared":false,"jetpack_social_options":{"image_generator_settings":{"template":"highway","default_image_id":0,"font":"","enabled":false},"version":2}},"pwb-brand":[187],"product_brand":[],"product_cat":[87],"product_tag":[128],"class_list":{"0":"post-2461","1":"product","2":"type-product","3":"status-publish","4":"has-post-thumbnail","6":"pwb-brand-shure","7":"product_cat-microfono","8":"product_tag-shure","9":"desktop-align-center","10":"tablet-align-left","11":"mobile-align-left","13":"first","14":"instock","15":"sold-individually","16":"taxable","17":"shipping-taxable","18":"purchasable","19":"product-type-simple"},"supplier_id":null,"supplier_sku":"","barcode":null,"atum_controlled":true,"out_stock_date":null,"out_stock_threshold":null,"inheritable":false,"inbound_stock":null,"stock_on_hold":0,"sold_today":0,"sales_last_days":0,"reserved_stock":null,"customer_returns":null,"warehouse_damage":null,"lost_in_post":null,"other_logs":null,"out_stock_days":0,"lost_sales":0,"has_location":false,"update_date":"2026-05-01T00:40:14","atum_locations":[],"atum_stock_status":"instock","restock_status":false,"low_stock_amount":"","sales_update_date":"2026-05-01T00:40:14","calc_backorders":null,"jetpack_publicize_connections":[],"jetpack_sharing_enabled":true,"brands":[{"id":187,"name":"SHURE","slug":"shure"}],"_links":{"self":[{"href":"https:\/\/www.surtistereo.com\/index.php?rest_route=\/wp\/v2\/product\/2461","targetHints":{"allow":["GET"]}}],"collection":[{"href":"https:\/\/www.surtistereo.com\/index.php?rest_route=\/wp\/v2\/product"}],"about":[{"href":"https:\/\/www.surtistereo.com\/index.php?rest_route=\/wp\/v2\/types\/product"}],"replies":[{"embeddable":true,"href":"https:\/\/www.surtistereo.com\/index.php?rest_route=%2Fwp%2Fv2%2Fcomments&post=2461"}],"version-history":[{"count":1,"href":"https:\/\/www.surtistereo.com\/index.php?rest_route=\/wp\/v2\/product\/2461\/revisions"}],"predecessor-version":[{"id":6301,"href":"https:\/\/www.surtistereo.com\/index.php?rest_route=\/wp\/v2\/product\/2461\/revisions\/6301"}],"wp:featuredmedia":[{"embeddable":true,"href":"https:\/\/www.surtistereo.com\/index.php?rest_route=\/wp\/v2\/media\/5552"}],"wp:attachment":[{"href":"https:\/\/www.surtistereo.com\/index.php?rest_route=%2Fwp%2Fv2%2Fmedia&parent=2461"}],"wp:term":[{"taxonomy":"pwb-brand","embeddable":true,"href":"https:\/\/www.surtistereo.com\/index.php?rest_route=%2Fwp%2Fv2%2Fpwb-brand&post=2461"},{"taxonomy":"product_brand","embeddable":true,"href":"https:\/\/www.surtistereo.com\/index.php?rest_route=%2Fwp%2Fv2%2Fproduct_brand&post=2461"},{"taxonomy":"product_cat","embeddable":true,"href":"https:\/\/www.surtistereo.com\/index.php?rest_route=%2Fwp%2Fv2%2Fproduct_cat&post=2461"},{"taxonomy":"product_tag","embeddable":true,"href":"https:\/\/www.surtistereo.com\/index.php?rest_route=%2Fwp%2Fv2%2Fproduct_tag&post=2461"}],"curies":[{"name":"wp","href":"https:\/\/api.w.org\/{rel}","templated":true}]}}