{"id":2414,"date":"2023-12-21T14:07:10","date_gmt":"2023-12-21T14:07:10","guid":{"rendered":"https:\/\/surtistereo.store\/?post_type=product&#038;p=2414"},"modified":"2025-12-05T16:48:43","modified_gmt":"2025-12-05T21:48:43","slug":"sistema-de-columna-portatil-ev-1000w","status":"publish","type":"product","link":"https:\/\/www.surtistereo.com\/?product=sistema-de-columna-portatil-ev-1000w","title":{"rendered":"EVOLVE-50M SISTEMA DE COLUMNA PORTATIL EV 1000W"},"content":{"rendered":"<p>EVOLVE-50M<\/p>\n<table>\n<tbody>\n<tr>\n<td>Respuesta de frecuencia (-3 dB)\u00a0<sup>1<\/sup><\/td>\n<td>43Hz-20KHz<\/td>\n<\/tr>\n<tr>\n<td>Rango de frecuencia (-10 dB)\u00a0<sup>1<\/sup><\/td>\n<td>37Hz-20KHz<\/td>\n<\/tr>\n<tr>\n<td>SPL m\u00e1ximo\u00a0<sup>2<\/sup><\/td>\n<td>127dB<\/td>\n<\/tr>\n<\/tbody>\n<\/table>\n<table>\n<tbody>\n<tr>\n<td>Cobertura (Al x V)<\/td>\n<td>120\u00b0 x 40\u00b0<\/td>\n<\/tr>\n<tr>\n<td>Clasificaci\u00f3n del amplificador<\/td>\n<td>1000W<\/td>\n<\/tr>\n<tr>\n<td>Clasificaci\u00f3n del canal LF<\/td>\n<td>500 vatios<\/td>\n<\/tr>\n<tr>\n<td>Clasificaci\u00f3n de canales HF<\/td>\n<td>500 vatios<\/td>\n<\/tr>\n<tr>\n<td>Frecuencia de cruce<\/td>\n<td>200Hz<\/td>\n<\/tr>\n<tr>\n<td>Conectores<\/td>\n<td>2 entradas de conector combinado XLR\/TRS<br \/>\n1 entrada de 3,5 mm<br \/>\n1 entrada RCA est\u00e9reo<br \/>\n1 entrada de audio inal\u00e1mbrica Bluetooth\u00ae<br \/>\n1 salida XLR THRU<br \/>\n1 salida XLR MIX OUT<\/td>\n<\/tr>\n<tr>\n<td>Recinto<\/td>\n<td>Sub: Contrachapado de 15 mm<br \/>\nColumna: Composite<br \/>\nPoste: Aluminio<\/td>\n<\/tr>\n<tr>\n<td>Reja<\/td>\n<td>Acero con recubrimiento en polvo blanco o negro.<\/td>\n<\/tr>\n<tr>\n<td>Color<\/td>\n<td>Blanco o negro<\/td>\n<\/tr>\n<tr>\n<td>Dimensiones (Al x An x Pr): mm (pulg.)<\/td>\n<td>Sub: 530 x 345 x 471 (20,9 x 13,6 x 18,5)<br \/>\nColumna: 825 x 102 x 172 (32,5 x 4,0 x 6,9)<br \/>\nPoste: 929 x 48,5 x 55 (36,6 x 1,9 x 2,2)<\/td>\n<\/tr>\n<tr>\n<td>Peso neto<\/td>\n<td>Sub: 44,66 lb (20,3 kg)<br \/>\nColumna: 10,34 lb (4,7 kg)<br \/>\nPoste: 2,75 lb (1,25 kg)<br \/>\nSubcubierta: 0,9 lb (0,4 kg)<br \/>\nBolsa para columna y poste: 1,87 (0,85 kg)<\/td>\n<\/tr>\n<tr>\n<td>Peso de env\u00edo<\/td>\n<td>Subcaja: 50,71 lb (23 kg)<br \/>\nCaja de columna: 18,30 lb (8,3 kg)<\/td>\n<\/tr>\n<tr>\n<td>Consumo de energ\u00eda\u00a0<sup>3<\/sup><\/td>\n<td>100-240 V CA, 50-60 Hz, 1,5-0,6 A<\/td>\n<\/tr>\n<\/tbody>\n<\/table>\n","protected":false},"excerpt":{"rendered":"<p>EVOLVE-50M Respuesta de frecuencia (-3 dB)\u00a01 43Hz-20KHz Rango de frecuencia (-10 dB)\u00a01 37Hz-20KHz SPL m\u00e1ximo\u00a02 127dB Cobertura (Al x V) 120\u00b0 x 40\u00b0 Clasificaci\u00f3n del amplificador 1000W Clasificaci\u00f3n del canal LF 500 vatios Clasificaci\u00f3n de canales HF 500 vatios Frecuencia de cruce 200Hz Conectores 2 entradas de conector combinado XLR\/TRS 1 entrada de 3,5 mm [&hellip;]<\/p>\n","protected":false},"featured_media":4102,"comment_status":"open","ping_status":"closed","template":"","meta":{"site-sidebar-layout":"default","site-content-layout":"","ast-site-content-layout":"default","site-content-style":"default","site-sidebar-style":"default","ast-global-header-display":"","ast-banner-title-visibility":"","ast-main-header-display":"","ast-hfb-above-header-display":"","ast-hfb-below-header-display":"","ast-hfb-mobile-header-display":"","site-post-title":"","ast-breadcrumbs-content":"","ast-featured-img":"","footer-sml-layout":"","ast-disable-related-posts":"","theme-transparent-header-meta":"default","adv-header-id-meta":"","stick-header-meta":"","header-above-stick-meta":"","header-main-stick-meta":"","header-below-stick-meta":"","astra-migrate-meta-layouts":"set","ast-page-background-enabled":"default","ast-page-background-meta":{"desktop":{"background-color":"","background-image":"","background-repeat":"repeat","background-position":"center center","background-size":"auto","background-attachment":"scroll","background-type":"","background-media":"","overlay-type":"","overlay-color":"","overlay-opacity":"","overlay-gradient":""},"tablet":{"background-color":"","background-image":"","background-repeat":"repeat","background-position":"center center","background-size":"auto","background-attachment":"scroll","background-type":"","background-media":"","overlay-type":"","overlay-color":"","overlay-opacity":"","overlay-gradient":""},"mobile":{"background-color":"","background-image":"","background-repeat":"repeat","background-position":"center center","background-size":"auto","background-attachment":"scroll","background-type":"","background-media":"","overlay-type":"","overlay-color":"","overlay-opacity":"","overlay-gradient":""}},"ast-content-background-meta":{"desktop":{"background-color":"var(--ast-global-color-5)","background-image":"","background-repeat":"repeat","background-position":"center center","background-size":"auto","background-attachment":"scroll","background-type":"","background-media":"","overlay-type":"","overlay-color":"","overlay-opacity":"","overlay-gradient":""},"tablet":{"background-color":"var(--ast-global-color-5)","background-image":"","background-repeat":"repeat","background-position":"center center","background-size":"auto","background-attachment":"scroll","background-type":"","background-media":"","overlay-type":"","overlay-color":"","overlay-opacity":"","overlay-gradient":""},"mobile":{"background-color":"var(--ast-global-color-5)","background-image":"","background-repeat":"repeat","background-position":"center center","background-size":"auto","background-attachment":"scroll","background-type":"","background-media":"","overlay-type":"","overlay-color":"","overlay-opacity":"","overlay-gradient":""}},"jetpack_publicize_message":"","jetpack_publicize_feature_enabled":true,"jetpack_social_post_already_shared":false,"jetpack_social_options":{"image_generator_settings":{"template":"highway","default_image_id":0,"font":"","enabled":false},"version":2}},"pwb-brand":[173],"product_brand":[],"product_cat":[72],"product_tag":[],"class_list":{"0":"post-2414","1":"product","2":"type-product","3":"status-publish","4":"has-post-thumbnail","6":"pwb-brand-electro-voice","7":"product_cat-speakers-portable","8":"desktop-align-center","9":"tablet-align-left","10":"mobile-align-left","12":"first","13":"instock","14":"sold-individually","15":"taxable","16":"shipping-taxable","17":"purchasable","18":"product-type-simple"},"supplier_id":null,"supplier_sku":"","barcode":null,"atum_controlled":true,"out_stock_date":null,"out_stock_threshold":null,"inheritable":false,"inbound_stock":null,"stock_on_hold":0,"sold_today":0,"sales_last_days":0,"reserved_stock":null,"customer_returns":null,"warehouse_damage":null,"lost_in_post":null,"other_logs":null,"out_stock_days":0,"lost_sales":0,"has_location":null,"update_date":"2026-05-01T00:40:14","atum_locations":[],"atum_stock_status":"instock","restock_status":false,"low_stock_amount":"","sales_update_date":"2026-05-01T00:40:14","calc_backorders":null,"jetpack_publicize_connections":[],"jetpack_sharing_enabled":true,"brands":[{"id":173,"name":"ELECTRO-VOICE","slug":"electro-voice"}],"_links":{"self":[{"href":"https:\/\/www.surtistereo.com\/index.php?rest_route=\/wp\/v2\/product\/2414","targetHints":{"allow":["GET"]}}],"collection":[{"href":"https:\/\/www.surtistereo.com\/index.php?rest_route=\/wp\/v2\/product"}],"about":[{"href":"https:\/\/www.surtistereo.com\/index.php?rest_route=\/wp\/v2\/types\/product"}],"replies":[{"embeddable":true,"href":"https:\/\/www.surtistereo.com\/index.php?rest_route=%2Fwp%2Fv2%2Fcomments&post=2414"}],"version-history":[{"count":1,"href":"https:\/\/www.surtistereo.com\/index.php?rest_route=\/wp\/v2\/product\/2414\/revisions"}],"predecessor-version":[{"id":6575,"href":"https:\/\/www.surtistereo.com\/index.php?rest_route=\/wp\/v2\/product\/2414\/revisions\/6575"}],"wp:featuredmedia":[{"embeddable":true,"href":"https:\/\/www.surtistereo.com\/index.php?rest_route=\/wp\/v2\/media\/4102"}],"wp:attachment":[{"href":"https:\/\/www.surtistereo.com\/index.php?rest_route=%2Fwp%2Fv2%2Fmedia&parent=2414"}],"wp:term":[{"taxonomy":"pwb-brand","embeddable":true,"href":"https:\/\/www.surtistereo.com\/index.php?rest_route=%2Fwp%2Fv2%2Fpwb-brand&post=2414"},{"taxonomy":"product_brand","embeddable":true,"href":"https:\/\/www.surtistereo.com\/index.php?rest_route=%2Fwp%2Fv2%2Fproduct_brand&post=2414"},{"taxonomy":"product_cat","embeddable":true,"href":"https:\/\/www.surtistereo.com\/index.php?rest_route=%2Fwp%2Fv2%2Fproduct_cat&post=2414"},{"taxonomy":"product_tag","embeddable":true,"href":"https:\/\/www.surtistereo.com\/index.php?rest_route=%2Fwp%2Fv2%2Fproduct_tag&post=2414"}],"curies":[{"name":"wp","href":"https:\/\/api.w.org\/{rel}","templated":true}]}}