{"id":2374,"date":"2023-12-20T21:52:27","date_gmt":"2023-12-20T21:52:27","guid":{"rendered":"https:\/\/surtistereo.store\/?post_type=product&#038;p=2374"},"modified":"2025-05-06T15:01:21","modified_gmt":"2025-05-06T20:01:21","slug":"cabina-activa-2-vias-presonus-air15-1200w","status":"publish","type":"product","link":"https:\/\/www.surtistereo.com\/?product=cabina-activa-2-vias-presonus-air15-1200w","title":{"rendered":"AIR-15 CABINA ACTIVA 2 VIAS PRESONUS AIR15 1200W"},"content":{"rendered":"<div class=\"col-xs-12\">\n<h2>AIR-15<\/h2>\n<h2>Especificaciones t\u00e9cnicas<\/h2>\n<\/div>\n<div class=\"col-xs-12 col-sm-12 col-md-6\">\n<table>\n<tbody>\n<tr>\n<td>configuraci\u00f3n<\/td>\n<td>Activo de 2 v\u00edas<\/td>\n<\/tr>\n<tr>\n<td>Rango de frecuencia (-3 dB)<\/td>\n<td>47 Hz a 20 kHz<\/td>\n<\/tr>\n<tr>\n<td>Rango de frecuencia (-10 dB)<\/td>\n<td>40 Hz a 20 kHz<\/td>\n<\/tr>\n<tr>\n<td>Nivel m\u00e1ximo de presi\u00f3n sonora<\/td>\n<td>124dB<\/td>\n<\/tr>\n<tr>\n<td>Dispersi\u00f3n nominal (HxV)<\/td>\n<td>90\u00b0x60\u00b0<\/td>\n<\/tr>\n<\/tbody>\n<\/table>\n<table>\n<tbody>\n<tr>\n<td>Conductor de baja frecuencia<\/td>\n<td>15\u201d (38,10 cm) (bobina de voz de 2,5\u201d) (6,35 cm)<\/td>\n<\/tr>\n<tr>\n<td>Conductor de alta frecuencia<\/td>\n<td>Compresi\u00f3n de 1,35\u201d (3,43 cm)<\/td>\n<\/tr>\n<\/tbody>\n<\/table>\n<table>\n<tbody>\n<tr>\n<th>\n<h4>Amplificador<\/h4>\n<\/th>\n<th><\/th>\n<\/tr>\n<tr>\n<td>Potencia total del sistema<\/td>\n<td>1.200W din\u00e1mico<\/td>\n<\/tr>\n<tr>\n<td>Potencia de baja frecuencia<\/td>\n<td>900W<\/td>\n<\/tr>\n<tr>\n<td>Potencia de alta frecuencia<\/td>\n<td>300W<\/td>\n<\/tr>\n<\/tbody>\n<\/table>\n<table>\n<tbody>\n<tr>\n<th>\n<h4>Conexiones y controles<\/h4>\n<\/th>\n<th><\/th>\n<\/tr>\n<tr>\n<td>Entradas<\/td>\n<td>2 combos XLR\/TRS micro\/l\u00ednea;\u00a01 de 1\/8\u201d TRS est\u00e9reo<\/td>\n<\/tr>\n<tr>\n<td>Salidas<\/td>\n<td>1 salida XLR de mezcla<\/td>\n<\/tr>\n<\/tbody>\n<\/table>\n<\/div>\n","protected":false},"excerpt":{"rendered":"<p>AIR-15 Especificaciones t\u00e9cnicas configuraci\u00f3n Activo de 2 v\u00edas Rango de frecuencia (-3 dB) 47 Hz a 20 kHz Rango de frecuencia (-10 dB) 40 Hz a 20 kHz Nivel m\u00e1ximo de presi\u00f3n sonora 124dB Dispersi\u00f3n nominal (HxV) 90\u00b0x60\u00b0 Conductor de baja frecuencia 15\u201d (38,10 cm) (bobina de voz de 2,5\u201d) (6,35 cm) Conductor de alta [&hellip;]<\/p>\n","protected":false},"featured_media":3781,"comment_status":"open","ping_status":"closed","template":"","meta":{"site-sidebar-layout":"default","site-content-layout":"","ast-site-content-layout":"default","site-content-style":"default","site-sidebar-style":"default","ast-global-header-display":"","ast-banner-title-visibility":"","ast-main-header-display":"","ast-hfb-above-header-display":"","ast-hfb-below-header-display":"","ast-hfb-mobile-header-display":"","site-post-title":"","ast-breadcrumbs-content":"","ast-featured-img":"","footer-sml-layout":"","ast-disable-related-posts":"","theme-transparent-header-meta":"default","adv-header-id-meta":"","stick-header-meta":"","header-above-stick-meta":"","header-main-stick-meta":"","header-below-stick-meta":"","astra-migrate-meta-layouts":"set","ast-page-background-enabled":"default","ast-page-background-meta":{"desktop":{"background-color":"","background-image":"","background-repeat":"repeat","background-position":"center center","background-size":"auto","background-attachment":"scroll","background-type":"","background-media":"","overlay-type":"","overlay-color":"","overlay-opacity":"","overlay-gradient":""},"tablet":{"background-color":"","background-image":"","background-repeat":"repeat","background-position":"center center","background-size":"auto","background-attachment":"scroll","background-type":"","background-media":"","overlay-type":"","overlay-color":"","overlay-opacity":"","overlay-gradient":""},"mobile":{"background-color":"","background-image":"","background-repeat":"repeat","background-position":"center center","background-size":"auto","background-attachment":"scroll","background-type":"","background-media":"","overlay-type":"","overlay-color":"","overlay-opacity":"","overlay-gradient":""}},"ast-content-background-meta":{"desktop":{"background-color":"var(--ast-global-color-5)","background-image":"","background-repeat":"repeat","background-position":"center center","background-size":"auto","background-attachment":"scroll","background-type":"","background-media":"","overlay-type":"","overlay-color":"","overlay-opacity":"","overlay-gradient":""},"tablet":{"background-color":"var(--ast-global-color-5)","background-image":"","background-repeat":"repeat","background-position":"center center","background-size":"auto","background-attachment":"scroll","background-type":"","background-media":"","overlay-type":"","overlay-color":"","overlay-opacity":"","overlay-gradient":""},"mobile":{"background-color":"var(--ast-global-color-5)","background-image":"","background-repeat":"repeat","background-position":"center center","background-size":"auto","background-attachment":"scroll","background-type":"","background-media":"","overlay-type":"","overlay-color":"","overlay-opacity":"","overlay-gradient":""}},"jetpack_publicize_message":"","jetpack_publicize_feature_enabled":true,"jetpack_social_post_already_shared":false,"jetpack_social_options":{"image_generator_settings":{"template":"highway","default_image_id":0,"font":"","enabled":false},"version":2}},"pwb-brand":[],"product_brand":[],"product_cat":[107],"product_tag":[],"class_list":{"0":"post-2374","1":"product","2":"type-product","3":"status-publish","4":"has-post-thumbnail","6":"product_cat-cabinas-activas","7":"desktop-align-center","8":"tablet-align-left","9":"mobile-align-left","11":"first","12":"instock","13":"sold-individually","14":"taxable","15":"shipping-taxable","16":"purchasable","17":"product-type-simple"},"supplier_id":null,"supplier_sku":"","barcode":null,"atum_controlled":true,"out_stock_date":null,"out_stock_threshold":null,"inheritable":false,"inbound_stock":null,"stock_on_hold":0,"sold_today":0,"sales_last_days":0,"reserved_stock":null,"customer_returns":null,"warehouse_damage":null,"lost_in_post":null,"other_logs":null,"out_stock_days":0,"lost_sales":0,"has_location":null,"update_date":"2026-05-01T00:40:14","atum_locations":[],"atum_stock_status":"instock","restock_status":false,"low_stock_amount":"","sales_update_date":"2026-05-01T00:40:14","calc_backorders":null,"jetpack_publicize_connections":[],"jetpack_sharing_enabled":true,"brands":[],"_links":{"self":[{"href":"https:\/\/www.surtistereo.com\/index.php?rest_route=\/wp\/v2\/product\/2374","targetHints":{"allow":["GET"]}}],"collection":[{"href":"https:\/\/www.surtistereo.com\/index.php?rest_route=\/wp\/v2\/product"}],"about":[{"href":"https:\/\/www.surtistereo.com\/index.php?rest_route=\/wp\/v2\/types\/product"}],"replies":[{"embeddable":true,"href":"https:\/\/www.surtistereo.com\/index.php?rest_route=%2Fwp%2Fv2%2Fcomments&post=2374"}],"version-history":[{"count":0,"href":"https:\/\/www.surtistereo.com\/index.php?rest_route=\/wp\/v2\/product\/2374\/revisions"}],"wp:featuredmedia":[{"embeddable":true,"href":"https:\/\/www.surtistereo.com\/index.php?rest_route=\/wp\/v2\/media\/3781"}],"wp:attachment":[{"href":"https:\/\/www.surtistereo.com\/index.php?rest_route=%2Fwp%2Fv2%2Fmedia&parent=2374"}],"wp:term":[{"taxonomy":"pwb-brand","embeddable":true,"href":"https:\/\/www.surtistereo.com\/index.php?rest_route=%2Fwp%2Fv2%2Fpwb-brand&post=2374"},{"taxonomy":"product_brand","embeddable":true,"href":"https:\/\/www.surtistereo.com\/index.php?rest_route=%2Fwp%2Fv2%2Fproduct_brand&post=2374"},{"taxonomy":"product_cat","embeddable":true,"href":"https:\/\/www.surtistereo.com\/index.php?rest_route=%2Fwp%2Fv2%2Fproduct_cat&post=2374"},{"taxonomy":"product_tag","embeddable":true,"href":"https:\/\/www.surtistereo.com\/index.php?rest_route=%2Fwp%2Fv2%2Fproduct_tag&post=2374"}],"curies":[{"name":"wp","href":"https:\/\/api.w.org\/{rel}","templated":true}]}}