{"id":2353,"date":"2023-12-20T21:31:55","date_gmt":"2023-12-20T21:31:55","guid":{"rendered":"https:\/\/surtistereo.store\/?post_type=product&#038;p=2353"},"modified":"2026-02-24T15:40:44","modified_gmt":"2026-02-24T20:40:44","slug":"cabina-activa-10-200w-amplificador-clase-d-behringer","status":"publish","type":"product","link":"https:\/\/www.surtistereo.com\/?product=cabina-activa-10-200w-amplificador-clase-d-behringer","title":{"rendered":"B-210D CABINA ACTIVA 10&#8243; 200W AMPLIFICADOR CLASE D BEHRINGER"},"content":{"rendered":"<p>B-210D<\/p>\n<ul class=\"list list--bullet-behringer list--circle list--brown list--col-lg-2 pl-1 pl-sm-0\">\n<li>Sistema de altavoces de refuerzo de sonido PA de 2 v\u00edas y 200 vatios de alta potencia para aplicaciones en vivo y de reproducci\u00f3n<\/li>\n<li>El sistema ultracompacto y liviano ofrece un sonido excelente incluso a niveles extremos de presi\u00f3n sonora.<\/li>\n<li>Revolucionaria tecnolog\u00eda de amplificador Clase D: enorme potencia, incre\u00edble rendimiento sonoro y peso superligero<\/li>\n<li>Fuente de alimentaci\u00f3n interna con modo conmutado para audio sin ruido, respuesta transitoria superior y consumo de energ\u00eda muy bajo<\/li>\n<li>Procesador de sonido integrado para el m\u00e1ximo control del sistema y protecci\u00f3n de los altavoces<\/li>\n<li>El controlador de excursi\u00f3n larga de 10\u00bb extremadamente potente proporciona unos graves incre\u00edblemente profundos y una potencia ac\u00fastica<\/li>\n<li>Controlador de compresi\u00f3n de diafragma de aluminio de 1,35\u00bb de \u00faltima generaci\u00f3n para una reproducci\u00f3n excepcional de alta frecuencia<\/li>\n<li>Dispersi\u00f3n ultra amplia, bocina exponencial\/c\u00f3nica de gran formato<\/li>\n<li>Entrada de micr\u00f3fono\/l\u00ednea de ruido ultrabajo con control de volumen y LED de clip<\/li>\n<li>La salida de l\u00ednea adicional permite vincular sistemas de altavoces adicionales<\/li>\n<li>El dise\u00f1o vers\u00e1til del gabinete trapezoidal permite diferentes posiciones: &#8211; Montaje en soporte con conector para poste de 35 mm &#8211; Se inclina hacia un lado para usarlo como monitor de piso<\/li>\n<li>Mango ergon\u00f3mico para facilitar su transporte y configuraci\u00f3n<\/li>\n<li>Dise\u00f1ado y fabricado en Alemania.<\/li>\n<\/ul>\n","protected":false},"excerpt":{"rendered":"<p>B-210D Sistema de altavoces de refuerzo de sonido PA de 2 v\u00edas y 200 vatios de alta potencia para aplicaciones en vivo y de reproducci\u00f3n El sistema ultracompacto y liviano ofrece un sonido excelente incluso a niveles extremos de presi\u00f3n sonora. Revolucionaria tecnolog\u00eda de amplificador Clase D: enorme potencia, incre\u00edble rendimiento sonoro y peso superligero [&hellip;]<\/p>\n","protected":false},"featured_media":3803,"comment_status":"open","ping_status":"closed","template":"","meta":{"site-sidebar-layout":"default","site-content-layout":"","ast-site-content-layout":"default","site-content-style":"default","site-sidebar-style":"default","ast-global-header-display":"","ast-banner-title-visibility":"","ast-main-header-display":"","ast-hfb-above-header-display":"","ast-hfb-below-header-display":"","ast-hfb-mobile-header-display":"","site-post-title":"","ast-breadcrumbs-content":"","ast-featured-img":"","footer-sml-layout":"","ast-disable-related-posts":"","theme-transparent-header-meta":"default","adv-header-id-meta":"","stick-header-meta":"","header-above-stick-meta":"","header-main-stick-meta":"","header-below-stick-meta":"","astra-migrate-meta-layouts":"set","ast-page-background-enabled":"default","ast-page-background-meta":{"desktop":{"background-color":"","background-image":"","background-repeat":"repeat","background-position":"center center","background-size":"auto","background-attachment":"scroll","background-type":"","background-media":"","overlay-type":"","overlay-color":"","overlay-opacity":"","overlay-gradient":""},"tablet":{"background-color":"","background-image":"","background-repeat":"repeat","background-position":"center center","background-size":"auto","background-attachment":"scroll","background-type":"","background-media":"","overlay-type":"","overlay-color":"","overlay-opacity":"","overlay-gradient":""},"mobile":{"background-color":"","background-image":"","background-repeat":"repeat","background-position":"center center","background-size":"auto","background-attachment":"scroll","background-type":"","background-media":"","overlay-type":"","overlay-color":"","overlay-opacity":"","overlay-gradient":""}},"ast-content-background-meta":{"desktop":{"background-color":"var(--ast-global-color-5)","background-image":"","background-repeat":"repeat","background-position":"center center","background-size":"auto","background-attachment":"scroll","background-type":"","background-media":"","overlay-type":"","overlay-color":"","overlay-opacity":"","overlay-gradient":""},"tablet":{"background-color":"var(--ast-global-color-5)","background-image":"","background-repeat":"repeat","background-position":"center center","background-size":"auto","background-attachment":"scroll","background-type":"","background-media":"","overlay-type":"","overlay-color":"","overlay-opacity":"","overlay-gradient":""},"mobile":{"background-color":"var(--ast-global-color-5)","background-image":"","background-repeat":"repeat","background-position":"center center","background-size":"auto","background-attachment":"scroll","background-type":"","background-media":"","overlay-type":"","overlay-color":"","overlay-opacity":"","overlay-gradient":""}},"jetpack_publicize_message":"","jetpack_publicize_feature_enabled":true,"jetpack_social_post_already_shared":false,"jetpack_social_options":{"image_generator_settings":{"template":"highway","default_image_id":0,"font":"","enabled":false},"version":2}},"pwb-brand":[172],"product_brand":[],"product_cat":[107],"product_tag":[],"class_list":{"0":"post-2353","1":"product","2":"type-product","3":"status-publish","4":"has-post-thumbnail","6":"pwb-brand-behringer","7":"product_cat-cabinas-activas","8":"desktop-align-center","9":"tablet-align-left","10":"mobile-align-left","12":"first","13":"outofstock","14":"sold-individually","15":"taxable","16":"shipping-taxable","17":"purchasable","18":"product-type-simple"},"supplier_id":null,"supplier_sku":"","barcode":null,"atum_controlled":true,"out_stock_date":null,"out_stock_threshold":null,"inheritable":false,"inbound_stock":null,"stock_on_hold":0,"sold_today":0,"sales_last_days":0,"reserved_stock":null,"customer_returns":null,"warehouse_damage":null,"lost_in_post":null,"other_logs":null,"out_stock_days":0,"lost_sales":0,"has_location":null,"update_date":"2026-05-01T00:40:14","atum_locations":[],"atum_stock_status":"outofstock","restock_status":false,"low_stock_amount":"","sales_update_date":"2026-05-01T00:40:14","calc_backorders":null,"jetpack_publicize_connections":[],"jetpack_sharing_enabled":true,"brands":[{"id":172,"name":"BEHRINGER","slug":"behringer"}],"_links":{"self":[{"href":"https:\/\/www.surtistereo.com\/index.php?rest_route=\/wp\/v2\/product\/2353","targetHints":{"allow":["GET"]}}],"collection":[{"href":"https:\/\/www.surtistereo.com\/index.php?rest_route=\/wp\/v2\/product"}],"about":[{"href":"https:\/\/www.surtistereo.com\/index.php?rest_route=\/wp\/v2\/types\/product"}],"replies":[{"embeddable":true,"href":"https:\/\/www.surtistereo.com\/index.php?rest_route=%2Fwp%2Fv2%2Fcomments&post=2353"}],"version-history":[{"count":1,"href":"https:\/\/www.surtistereo.com\/index.php?rest_route=\/wp\/v2\/product\/2353\/revisions"}],"predecessor-version":[{"id":6163,"href":"https:\/\/www.surtistereo.com\/index.php?rest_route=\/wp\/v2\/product\/2353\/revisions\/6163"}],"wp:featuredmedia":[{"embeddable":true,"href":"https:\/\/www.surtistereo.com\/index.php?rest_route=\/wp\/v2\/media\/3803"}],"wp:attachment":[{"href":"https:\/\/www.surtistereo.com\/index.php?rest_route=%2Fwp%2Fv2%2Fmedia&parent=2353"}],"wp:term":[{"taxonomy":"pwb-brand","embeddable":true,"href":"https:\/\/www.surtistereo.com\/index.php?rest_route=%2Fwp%2Fv2%2Fpwb-brand&post=2353"},{"taxonomy":"product_brand","embeddable":true,"href":"https:\/\/www.surtistereo.com\/index.php?rest_route=%2Fwp%2Fv2%2Fproduct_brand&post=2353"},{"taxonomy":"product_cat","embeddable":true,"href":"https:\/\/www.surtistereo.com\/index.php?rest_route=%2Fwp%2Fv2%2Fproduct_cat&post=2353"},{"taxonomy":"product_tag","embeddable":true,"href":"https:\/\/www.surtistereo.com\/index.php?rest_route=%2Fwp%2Fv2%2Fproduct_tag&post=2353"}],"curies":[{"name":"wp","href":"https:\/\/api.w.org\/{rel}","templated":true}]}}