{"id":2305,"date":"2023-12-20T20:21:26","date_gmt":"2023-12-20T20:21:26","guid":{"rendered":"https:\/\/surtistereo.store\/?post_type=product&#038;p=2305"},"modified":"2026-03-07T09:54:50","modified_gmt":"2026-03-07T14:54:50","slug":"sistema-pa-portable-bose-s1pro-con-bateria-hasta-de-11-horas-150w","status":"publish","type":"product","link":"https:\/\/www.surtistereo.com\/?product=sistema-pa-portable-bose-s1pro-con-bateria-hasta-de-11-horas-150w","title":{"rendered":"S1PRO-PLUS Sistema PA portable BOSE con bateria hasta de 11 horas &#8211; 150W"},"content":{"rendered":"<p><strong>S1PRO-PLUS<\/strong><\/p>\n<p><strong>Dimensiones y peso<\/strong><\/p>\n<ul class=\"bose-list__list bose-list__list--none\">\n<li class=\"bose-list__listitem bose-list__listitem--last\"><strong class=\"bose-list__listitemTitle\">Altavoz:<\/strong><span class=\"bose-list__listitemDescr\">33.2\u00a0cm de alto x 23.8\u00a0cm de ancho x 27.9\u00a0cm de profundidad (6.5\u00a0kg)<\/span><\/li>\n<\/ul>\n<p><strong>Materiales<\/strong><\/p>\n<ul class=\"bose-list-v1 \">\n<li class=\"bose-list-v1__listitem \">Aluminio y Polipropileno<\/li>\n<\/ul>\n<p><strong>Bateria<\/strong><\/p>\n<ul class=\"bose-list-v1 \">\n<li class=\"bose-list-v1__listitem \">Vida \u00fatil de la bater\u00eda: Hasta 11 horas<\/li>\n<li class=\"bose-list-v1__listitem \">M\u00e9todo de carga de la bater\u00eda: USB-A<\/li>\n<li class=\"bose-list-v1__listitem \">Tipo de bater\u00eda: Recargable de iones de litio<\/li>\n<li class=\"bose-list-v1__listitem \">Al igual que con cualquier dispositivo que funcione con bater\u00edas, el rendimiento de la bater\u00eda puede variar seg\u00fan una serie de factores diferentes. Estos incluyen el tipo de contenido que se reproduce, el volumen al que se reproduce y la temperatura ambiente. El Bose S1 Pro+ Wireless PA System se prob\u00f3 y verific\u00f3 rigurosamente para brindar hasta 11\u00a0horas de duraci\u00f3n de la bater\u00eda mientras reproduce m\u00fasica a temperatura ambiente del Global Top\u00a050 de Spotify a un volumen c\u00f3modo para que puedas hablar mientras escuchas en interiores. Un cantante\/compositor que se presenta en interiores para hasta 100\u00a0personas puede obtener cinco horas o m\u00e1s de duraci\u00f3n de la bater\u00eda a niveles de volumen de presentaci\u00f3n.<\/li>\n<\/ul>\n<p><strong>Bluetooth<\/strong><\/p>\n<ul class=\"bose-list-v1 \">\n<li class=\"bose-list-v1__listitem \">Rango de Bluetooth: Hasta 9\u00a0m (30\u00a0pies)<\/li>\n<li class=\"bose-list-v1__listitem \">Versi\u00f3n de Bluetooth: 5.0<\/li>\n<\/ul>\n<p><strong>Entradas y salidas<\/strong><\/p>\n<ul class=\"bose-list-v1 \">\n<li class=\"bose-list-v1__listitem \">Dos conectores combinados XLR balanceados\/no balanceados de 6.35\u00a0mm (1\/4&#8243;)<\/li>\n<li class=\"bose-list-v1__listitem \">Entrada auxiliar TRS de 6.35\u00a0mm (1\/4&#8243;)<\/li>\n<li class=\"bose-list-v1__listitem \">Entrada auxiliar de 3.5 mm<\/li>\n<li class=\"bose-list-v1__listitem \">Salida de l\u00ednea XLR<\/li>\n<li class=\"bose-list-v1__listitem \">Puerto USB-C para actualizaciones del sistema<\/li>\n<\/ul>\n","protected":false},"excerpt":{"rendered":"<p>S1PRO-PLUS Dimensiones y peso Altavoz:33.2\u00a0cm de alto x 23.8\u00a0cm de ancho x 27.9\u00a0cm de profundidad (6.5\u00a0kg) Materiales Aluminio y Polipropileno Bateria Vida \u00fatil de la bater\u00eda: Hasta 11 horas M\u00e9todo de carga de la bater\u00eda: USB-A Tipo de bater\u00eda: Recargable de iones de litio Al igual que con cualquier dispositivo que funcione con bater\u00edas, el [&hellip;]<\/p>\n","protected":false},"featured_media":4168,"comment_status":"open","ping_status":"closed","template":"","meta":{"site-sidebar-layout":"default","site-content-layout":"","ast-site-content-layout":"default","site-content-style":"default","site-sidebar-style":"default","ast-global-header-display":"","ast-banner-title-visibility":"","ast-main-header-display":"","ast-hfb-above-header-display":"","ast-hfb-below-header-display":"","ast-hfb-mobile-header-display":"","site-post-title":"","ast-breadcrumbs-content":"","ast-featured-img":"","footer-sml-layout":"","ast-disable-related-posts":"","theme-transparent-header-meta":"default","adv-header-id-meta":"","stick-header-meta":"","header-above-stick-meta":"","header-main-stick-meta":"","header-below-stick-meta":"","astra-migrate-meta-layouts":"set","ast-page-background-enabled":"default","ast-page-background-meta":{"desktop":{"background-color":"","background-image":"","background-repeat":"repeat","background-position":"center center","background-size":"auto","background-attachment":"scroll","background-type":"","background-media":"","overlay-type":"","overlay-color":"","overlay-opacity":"","overlay-gradient":""},"tablet":{"background-color":"","background-image":"","background-repeat":"repeat","background-position":"center center","background-size":"auto","background-attachment":"scroll","background-type":"","background-media":"","overlay-type":"","overlay-color":"","overlay-opacity":"","overlay-gradient":""},"mobile":{"background-color":"","background-image":"","background-repeat":"repeat","background-position":"center center","background-size":"auto","background-attachment":"scroll","background-type":"","background-media":"","overlay-type":"","overlay-color":"","overlay-opacity":"","overlay-gradient":""}},"ast-content-background-meta":{"desktop":{"background-color":"var(--ast-global-color-5)","background-image":"","background-repeat":"repeat","background-position":"center center","background-size":"auto","background-attachment":"scroll","background-type":"","background-media":"","overlay-type":"","overlay-color":"","overlay-opacity":"","overlay-gradient":""},"tablet":{"background-color":"var(--ast-global-color-5)","background-image":"","background-repeat":"repeat","background-position":"center center","background-size":"auto","background-attachment":"scroll","background-type":"","background-media":"","overlay-type":"","overlay-color":"","overlay-opacity":"","overlay-gradient":""},"mobile":{"background-color":"var(--ast-global-color-5)","background-image":"","background-repeat":"repeat","background-position":"center center","background-size":"auto","background-attachment":"scroll","background-type":"","background-media":"","overlay-type":"","overlay-color":"","overlay-opacity":"","overlay-gradient":""}},"jetpack_publicize_message":"","jetpack_publicize_feature_enabled":true,"jetpack_social_post_already_shared":false,"jetpack_social_options":{"image_generator_settings":{"template":"highway","default_image_id":0,"font":"","enabled":false},"version":2}},"pwb-brand":[170],"product_brand":[],"product_cat":[72],"product_tag":[],"class_list":{"0":"post-2305","1":"product","2":"type-product","3":"status-publish","4":"has-post-thumbnail","6":"pwb-brand-bose","7":"product_cat-speakers-portable","8":"desktop-align-center","9":"tablet-align-left","10":"mobile-align-left","12":"first","13":"instock","14":"sold-individually","15":"taxable","16":"shipping-taxable","17":"purchasable","18":"product-type-simple"},"supplier_id":null,"supplier_sku":"","barcode":null,"atum_controlled":true,"out_stock_date":null,"out_stock_threshold":null,"inheritable":false,"inbound_stock":null,"stock_on_hold":0,"sold_today":0,"sales_last_days":0,"reserved_stock":null,"customer_returns":null,"warehouse_damage":null,"lost_in_post":null,"other_logs":null,"out_stock_days":0,"lost_sales":0,"has_location":null,"update_date":"2026-04-28T00:35:20","atum_locations":[],"atum_stock_status":"instock","restock_status":false,"low_stock_amount":"","sales_update_date":"2026-04-28T00:35:20","calc_backorders":null,"jetpack_publicize_connections":[],"jetpack_sharing_enabled":true,"brands":[{"id":170,"name":"BOSE","slug":"bose"}],"_links":{"self":[{"href":"https:\/\/www.surtistereo.com\/index.php?rest_route=\/wp\/v2\/product\/2305","targetHints":{"allow":["GET"]}}],"collection":[{"href":"https:\/\/www.surtistereo.com\/index.php?rest_route=\/wp\/v2\/product"}],"about":[{"href":"https:\/\/www.surtistereo.com\/index.php?rest_route=\/wp\/v2\/types\/product"}],"replies":[{"embeddable":true,"href":"https:\/\/www.surtistereo.com\/index.php?rest_route=%2Fwp%2Fv2%2Fcomments&post=2305"}],"version-history":[{"count":1,"href":"https:\/\/www.surtistereo.com\/index.php?rest_route=\/wp\/v2\/product\/2305\/revisions"}],"predecessor-version":[{"id":6300,"href":"https:\/\/www.surtistereo.com\/index.php?rest_route=\/wp\/v2\/product\/2305\/revisions\/6300"}],"wp:featuredmedia":[{"embeddable":true,"href":"https:\/\/www.surtistereo.com\/index.php?rest_route=\/wp\/v2\/media\/4168"}],"wp:attachment":[{"href":"https:\/\/www.surtistereo.com\/index.php?rest_route=%2Fwp%2Fv2%2Fmedia&parent=2305"}],"wp:term":[{"taxonomy":"pwb-brand","embeddable":true,"href":"https:\/\/www.surtistereo.com\/index.php?rest_route=%2Fwp%2Fv2%2Fpwb-brand&post=2305"},{"taxonomy":"product_brand","embeddable":true,"href":"https:\/\/www.surtistereo.com\/index.php?rest_route=%2Fwp%2Fv2%2Fproduct_brand&post=2305"},{"taxonomy":"product_cat","embeddable":true,"href":"https:\/\/www.surtistereo.com\/index.php?rest_route=%2Fwp%2Fv2%2Fproduct_cat&post=2305"},{"taxonomy":"product_tag","embeddable":true,"href":"https:\/\/www.surtistereo.com\/index.php?rest_route=%2Fwp%2Fv2%2Fproduct_tag&post=2305"}],"curies":[{"name":"wp","href":"https:\/\/api.w.org\/{rel}","templated":true}]}}