{"id":2303,"date":"2023-12-20T19:47:26","date_gmt":"2023-12-20T19:47:26","guid":{"rendered":"https:\/\/surtistereo.store\/?post_type=product&#038;p=2303"},"modified":"2025-10-08T10:15:24","modified_gmt":"2025-10-08T15:15:24","slug":"conector-speakon-aereo-de-4-pines-neutrik","status":"publish","type":"product","link":"https:\/\/www.surtistereo.com\/?product=conector-speakon-aereo-de-4-pines-neutrik","title":{"rendered":"NL4FX CONECTOR SPEAKON AEREO DE 4 PINES NEUTRIK"},"content":{"rendered":"<p>NL4FX<\/p>\n<table class=\"product-info-table js-table\">\n<tbody>\n<tr class=\"product-info-table-header\">\n<td>Producto<\/td>\n<td><\/td>\n<\/tr>\n<tr>\n<td>T\u00edtulo<\/td>\n<td>NL4FX<\/td>\n<\/tr>\n<tr>\n<td>Tipo de conecci\u00f3n<\/td>\n<td>habla<\/td>\n<\/tr>\n<tr>\n<td>G\u00e9nero<\/td>\n<td>femenino<\/td>\n<\/tr>\n<\/tbody>\n<\/table>\n<table class=\"product-info-table js-table\">\n<tbody>\n<tr class=\"product-info-table-header\">\n<td>El\u00e9ctrico<\/td>\n<td><\/td>\n<\/tr>\n<tr>\n<td>Resistencia de contacto<\/td>\n<td>&lt; 2 m\u03a9 (despu\u00e9s de su vida \u00fatil)<\/td>\n<\/tr>\n<tr>\n<td>Resistencia diel\u00e9ctrica<\/td>\n<td>4 kVcc (pico)<\/td>\n<\/tr>\n<tr>\n<td>Resistencia de aislamiento<\/td>\n<td>&gt; 1 G\u03a9 (despu\u00e9s del calor h\u00famedo)<\/td>\n<\/tr>\n<tr>\n<td>Corriente nominal por contacto<\/td>\n<td>40 A rms continuos<\/td>\n<\/tr>\n<tr>\n<td>Corriente nominal por contacto<\/td>\n<td>Se\u00f1al de audio de 50 A, ciclo de trabajo del 50 %<\/td>\n<\/tr>\n<tr>\n<td>Tensi\u00f3n nominal<\/td>\n<td>250 V CA<\/td>\n<\/tr>\n<tr>\n<td>Atenci\u00f3n<\/td>\n<td>\u00a1SpeakON NO debe usarse como conector de alimentaci\u00f3n de CA o de fuente de alimentaci\u00f3n!<\/td>\n<\/tr>\n<\/tbody>\n<\/table>\n<table class=\"product-info-table js-table\">\n<tbody>\n<tr class=\"product-info-table-header\">\n<td>Mec\u00e1nico<\/td>\n<td><\/td>\n<\/tr>\n<tr>\n<td>Di\u00e1metro exterior del cable<\/td>\n<td>7 &#8211; 14,5 mm<\/td>\n<\/tr>\n<tr>\n<td>Retenci\u00f3n de cables<\/td>\n<td>\u2265 220 N (sujeto al di\u00e1metro exterior del cable y al material)<\/td>\n<\/tr>\n<tr>\n<td>Toda la vida<\/td>\n<td>&gt; 5000 ciclos de acoplamiento<\/td>\n<\/tr>\n<tr>\n<td>Tama\u00f1o del cable<\/td>\n<td>4 mm\u00b2 \/ 6 mm\u00b2 (terminales tipo tornillo\/soldadura)<\/td>\n<\/tr>\n<tr>\n<td>Tama\u00f1o del cable<\/td>\n<td>12 AWG\/10 AWG<\/td>\n<\/tr>\n<tr>\n<td>Alambrado<\/td>\n<td>terminales tipo tornillo o soldadura<\/td>\n<\/tr>\n<tr>\n<td>Dispositivo de bloqueo<\/td>\n<td>Bloqueo r\u00e1pido (pestillo)<\/td>\n<\/tr>\n<\/tbody>\n<\/table>\n<table class=\"product-info-table js-table\">\n<tbody>\n<tr class=\"product-info-table-header\">\n<td>Material<\/td>\n<td><\/td>\n<\/tr>\n<tr>\n<td>Revestimiento de contacto<\/td>\n<td>Ag 4 \u00b5m<\/td>\n<\/tr>\n<tr>\n<td>Contactos<\/td>\n<td>Lat\u00f3n (CuZn39Pb3)<\/td>\n<\/tr>\n<tr>\n<td>Insertar<\/td>\n<td>PBTP 20%GR<\/td>\n<\/tr>\n<tr>\n<td>Elemento de bloqueo<\/td>\n<td>Fundici\u00f3n inyectada de zinc (ZnAl4Cu1)<\/td>\n<\/tr>\n<tr>\n<td>Caparaz\u00f3n<\/td>\n<td>PBTP 20%GR<\/td>\n<\/tr>\n<tr>\n<td>Alivio de tensi\u00f3n<\/td>\n<td>Poliacetal (POM)<\/td>\n<\/tr>\n<\/tbody>\n<\/table>\n<table class=\"product-info-table js-table\">\n<tbody>\n<tr class=\"product-info-table-header\">\n<td>Ambiental<\/td>\n<td><\/td>\n<\/tr>\n<tr>\n<td>Inflamabilidad<\/td>\n<td>UL 94HB<\/td>\n<\/tr>\n<tr>\n<td>Soldabilidad<\/td>\n<td>Cumple con IEC 68-2-20<\/td>\n<\/tr>\n<tr>\n<td>Rango de temperatura<\/td>\n<td>-30 \u00b0C a +80 \u00b0C<\/td>\n<\/tr>\n<\/tbody>\n<\/table>\n","protected":false},"excerpt":{"rendered":"<p>NL4FX Producto T\u00edtulo NL4FX Tipo de conecci\u00f3n habla G\u00e9nero femenino El\u00e9ctrico Resistencia de contacto &lt; 2 m\u03a9 (despu\u00e9s de su vida \u00fatil) Resistencia diel\u00e9ctrica 4 kVcc (pico) Resistencia de aislamiento &gt; 1 G\u03a9 (despu\u00e9s del calor h\u00famedo) Corriente nominal por contacto 40 A rms continuos Corriente nominal por contacto Se\u00f1al de audio de 50 A, [&hellip;]<\/p>\n","protected":false},"featured_media":5547,"comment_status":"open","ping_status":"closed","template":"","meta":{"site-sidebar-layout":"default","site-content-layout":"","ast-site-content-layout":"default","site-content-style":"default","site-sidebar-style":"default","ast-global-header-display":"","ast-banner-title-visibility":"","ast-main-header-display":"","ast-hfb-above-header-display":"","ast-hfb-below-header-display":"","ast-hfb-mobile-header-display":"","site-post-title":"","ast-breadcrumbs-content":"","ast-featured-img":"","footer-sml-layout":"","ast-disable-related-posts":"","theme-transparent-header-meta":"default","adv-header-id-meta":"","stick-header-meta":"","header-above-stick-meta":"","header-main-stick-meta":"","header-below-stick-meta":"","astra-migrate-meta-layouts":"set","ast-page-background-enabled":"default","ast-page-background-meta":{"desktop":{"background-color":"","background-image":"","background-repeat":"repeat","background-position":"center center","background-size":"auto","background-attachment":"scroll","background-type":"","background-media":"","overlay-type":"","overlay-color":"","overlay-opacity":"","overlay-gradient":""},"tablet":{"background-color":"","background-image":"","background-repeat":"repeat","background-position":"center center","background-size":"auto","background-attachment":"scroll","background-type":"","background-media":"","overlay-type":"","overlay-color":"","overlay-opacity":"","overlay-gradient":""},"mobile":{"background-color":"","background-image":"","background-repeat":"repeat","background-position":"center center","background-size":"auto","background-attachment":"scroll","background-type":"","background-media":"","overlay-type":"","overlay-color":"","overlay-opacity":"","overlay-gradient":""}},"ast-content-background-meta":{"desktop":{"background-color":"var(--ast-global-color-5)","background-image":"","background-repeat":"repeat","background-position":"center center","background-size":"auto","background-attachment":"scroll","background-type":"","background-media":"","overlay-type":"","overlay-color":"","overlay-opacity":"","overlay-gradient":""},"tablet":{"background-color":"var(--ast-global-color-5)","background-image":"","background-repeat":"repeat","background-position":"center center","background-size":"auto","background-attachment":"scroll","background-type":"","background-media":"","overlay-type":"","overlay-color":"","overlay-opacity":"","overlay-gradient":""},"mobile":{"background-color":"var(--ast-global-color-5)","background-image":"","background-repeat":"repeat","background-position":"center center","background-size":"auto","background-attachment":"scroll","background-type":"","background-media":"","overlay-type":"","overlay-color":"","overlay-opacity":"","overlay-gradient":""}},"jetpack_publicize_message":"","jetpack_publicize_feature_enabled":true,"jetpack_social_post_already_shared":false,"jetpack_social_options":{"image_generator_settings":{"template":"highway","default_image_id":0,"font":"","enabled":false},"version":2}},"pwb-brand":[],"product_brand":[],"product_cat":[125],"product_tag":[],"class_list":{"0":"post-2303","1":"product","2":"type-product","3":"status-publish","4":"has-post-thumbnail","6":"product_cat-conectores","7":"desktop-align-center","8":"tablet-align-left","9":"mobile-align-left","11":"first","12":"instock","13":"sold-individually","14":"taxable","15":"shipping-taxable","16":"purchasable","17":"product-type-simple"},"supplier_id":null,"supplier_sku":"","barcode":null,"atum_controlled":true,"out_stock_date":null,"out_stock_threshold":null,"inheritable":false,"inbound_stock":null,"stock_on_hold":0,"sold_today":0,"sales_last_days":0,"reserved_stock":null,"customer_returns":null,"warehouse_damage":null,"lost_in_post":null,"other_logs":null,"out_stock_days":0,"lost_sales":0,"has_location":false,"update_date":"2026-05-01T00:40:14","atum_locations":[],"atum_stock_status":"instock","restock_status":false,"low_stock_amount":"","sales_update_date":"2026-05-01T00:40:14","calc_backorders":null,"jetpack_publicize_connections":[],"jetpack_sharing_enabled":true,"brands":[],"_links":{"self":[{"href":"https:\/\/www.surtistereo.com\/index.php?rest_route=\/wp\/v2\/product\/2303","targetHints":{"allow":["GET"]}}],"collection":[{"href":"https:\/\/www.surtistereo.com\/index.php?rest_route=\/wp\/v2\/product"}],"about":[{"href":"https:\/\/www.surtistereo.com\/index.php?rest_route=\/wp\/v2\/types\/product"}],"replies":[{"embeddable":true,"href":"https:\/\/www.surtistereo.com\/index.php?rest_route=%2Fwp%2Fv2%2Fcomments&post=2303"}],"version-history":[{"count":1,"href":"https:\/\/www.surtistereo.com\/index.php?rest_route=\/wp\/v2\/product\/2303\/revisions"}],"predecessor-version":[{"id":6314,"href":"https:\/\/www.surtistereo.com\/index.php?rest_route=\/wp\/v2\/product\/2303\/revisions\/6314"}],"wp:featuredmedia":[{"embeddable":true,"href":"https:\/\/www.surtistereo.com\/index.php?rest_route=\/wp\/v2\/media\/5547"}],"wp:attachment":[{"href":"https:\/\/www.surtistereo.com\/index.php?rest_route=%2Fwp%2Fv2%2Fmedia&parent=2303"}],"wp:term":[{"taxonomy":"pwb-brand","embeddable":true,"href":"https:\/\/www.surtistereo.com\/index.php?rest_route=%2Fwp%2Fv2%2Fpwb-brand&post=2303"},{"taxonomy":"product_brand","embeddable":true,"href":"https:\/\/www.surtistereo.com\/index.php?rest_route=%2Fwp%2Fv2%2Fproduct_brand&post=2303"},{"taxonomy":"product_cat","embeddable":true,"href":"https:\/\/www.surtistereo.com\/index.php?rest_route=%2Fwp%2Fv2%2Fproduct_cat&post=2303"},{"taxonomy":"product_tag","embeddable":true,"href":"https:\/\/www.surtistereo.com\/index.php?rest_route=%2Fwp%2Fv2%2Fproduct_tag&post=2303"}],"curies":[{"name":"wp","href":"https:\/\/api.w.org\/{rel}","templated":true}]}}