{"id":2297,"date":"2023-12-20T19:44:05","date_gmt":"2023-12-20T19:44:05","guid":{"rendered":"https:\/\/surtistereo.store\/?post_type=product&#038;p=2297"},"modified":"2025-05-23T11:37:53","modified_gmt":"2025-05-23T16:37:53","slug":"plug-rca-bk-gold-rean","status":"publish","type":"product","link":"https:\/\/www.surtistereo.com\/?product=plug-rca-bk-gold-rean","title":{"rendered":"NYS-352 PLUG RCA BK\/GOLD REAN"},"content":{"rendered":"<p>NYS-352<\/p>\n<table class=\"product-info-table js-table\">\n<tbody>\n<tr class=\"product-info-table-header\">\n<td>Producto<\/td>\n<td><\/td>\n<\/tr>\n<tr>\n<td>T\u00edtulo<\/td>\n<td>NYS352<\/td>\n<\/tr>\n<tr>\n<td>Tipo de conecci\u00f3n<\/td>\n<td>Enchufar<\/td>\n<\/tr>\n<\/tbody>\n<\/table>\n<table class=\"product-info-table js-table\">\n<tbody>\n<tr class=\"product-info-table-header\">\n<td>El\u00e9ctrico<\/td>\n<td><\/td>\n<\/tr>\n<tr>\n<td>Resistencia de contacto<\/td>\n<td>\u226410m\u03a9<\/td>\n<\/tr>\n<tr>\n<td>Resistencia de aislamiento<\/td>\n<td>\u22652.000M\u03a9<\/td>\n<\/tr>\n<tr>\n<td>Resistencia diel\u00e9ctrica<\/td>\n<td>50 Hz 0,5 K V CC<\/td>\n<\/tr>\n<\/tbody>\n<\/table>\n<table class=\"product-info-table js-table\">\n<tbody>\n<tr class=\"product-info-table-header\">\n<td>Mec\u00e1nico<\/td>\n<td><\/td>\n<\/tr>\n<tr>\n<td>Fuerza de inserci\u00f3n y retirada<\/td>\n<td>5-20N<\/td>\n<\/tr>\n<tr>\n<td>Toda la vida<\/td>\n<td>&gt;5000 ciclos de apareamiento<\/td>\n<\/tr>\n<\/tbody>\n<\/table>\n<table class=\"product-info-table js-table\">\n<tbody>\n<tr class=\"product-info-table-header\">\n<td>Material<\/td>\n<td><\/td>\n<\/tr>\n<tr>\n<td>Alfiler<\/td>\n<td>Lat\u00f3n<\/td>\n<\/tr>\n<tr>\n<td>Alojamiento<\/td>\n<td>Lat\u00f3n<\/td>\n<\/tr>\n<tr>\n<td>Alojamiento<\/td>\n<td>Zinc<\/td>\n<\/tr>\n<tr>\n<td>Aislamiento<\/td>\n<td>P\u00c1GINAS<\/td>\n<\/tr>\n<tr>\n<td>Abrazadera de cable<\/td>\n<td>Acero<\/td>\n<\/tr>\n<tr>\n<td>Alfiler<\/td>\n<td>Esta\u00f1o y Cer<\/td>\n<\/tr>\n<tr>\n<td>Abrazadera de cable<\/td>\n<td>Esta\u00f1o y Cer<\/td>\n<\/tr>\n<tr>\n<td>Alojamiento<\/td>\n<td>Niquelado<\/td>\n<\/tr>\n<tr>\n<td>Alojamiento<\/td>\n<td>Niquelado<\/td>\n<\/tr>\n<\/tbody>\n<\/table>\n","protected":false},"excerpt":{"rendered":"<p>NYS-352 Producto T\u00edtulo NYS352 Tipo de conecci\u00f3n Enchufar El\u00e9ctrico Resistencia de contacto \u226410m\u03a9 Resistencia de aislamiento \u22652.000M\u03a9 Resistencia diel\u00e9ctrica 50 Hz 0,5 K V CC Mec\u00e1nico Fuerza de inserci\u00f3n y retirada 5-20N Toda la vida &gt;5000 ciclos de apareamiento Material Alfiler Lat\u00f3n Alojamiento Lat\u00f3n Alojamiento Zinc Aislamiento P\u00c1GINAS Abrazadera de cable Acero Alfiler Esta\u00f1o y [&hellip;]<\/p>\n","protected":false},"featured_media":5548,"comment_status":"open","ping_status":"closed","template":"","meta":{"site-sidebar-layout":"default","site-content-layout":"","ast-site-content-layout":"default","site-content-style":"default","site-sidebar-style":"default","ast-global-header-display":"","ast-banner-title-visibility":"","ast-main-header-display":"","ast-hfb-above-header-display":"","ast-hfb-below-header-display":"","ast-hfb-mobile-header-display":"","site-post-title":"","ast-breadcrumbs-content":"","ast-featured-img":"","footer-sml-layout":"","ast-disable-related-posts":"","theme-transparent-header-meta":"default","adv-header-id-meta":"","stick-header-meta":"","header-above-stick-meta":"","header-main-stick-meta":"","header-below-stick-meta":"","astra-migrate-meta-layouts":"set","ast-page-background-enabled":"default","ast-page-background-meta":{"desktop":{"background-color":"","background-image":"","background-repeat":"repeat","background-position":"center center","background-size":"auto","background-attachment":"scroll","background-type":"","background-media":"","overlay-type":"","overlay-color":"","overlay-opacity":"","overlay-gradient":""},"tablet":{"background-color":"","background-image":"","background-repeat":"repeat","background-position":"center center","background-size":"auto","background-attachment":"scroll","background-type":"","background-media":"","overlay-type":"","overlay-color":"","overlay-opacity":"","overlay-gradient":""},"mobile":{"background-color":"","background-image":"","background-repeat":"repeat","background-position":"center center","background-size":"auto","background-attachment":"scroll","background-type":"","background-media":"","overlay-type":"","overlay-color":"","overlay-opacity":"","overlay-gradient":""}},"ast-content-background-meta":{"desktop":{"background-color":"var(--ast-global-color-5)","background-image":"","background-repeat":"repeat","background-position":"center center","background-size":"auto","background-attachment":"scroll","background-type":"","background-media":"","overlay-type":"","overlay-color":"","overlay-opacity":"","overlay-gradient":""},"tablet":{"background-color":"var(--ast-global-color-5)","background-image":"","background-repeat":"repeat","background-position":"center center","background-size":"auto","background-attachment":"scroll","background-type":"","background-media":"","overlay-type":"","overlay-color":"","overlay-opacity":"","overlay-gradient":""},"mobile":{"background-color":"var(--ast-global-color-5)","background-image":"","background-repeat":"repeat","background-position":"center center","background-size":"auto","background-attachment":"scroll","background-type":"","background-media":"","overlay-type":"","overlay-color":"","overlay-opacity":"","overlay-gradient":""}},"jetpack_publicize_message":"","jetpack_publicize_feature_enabled":true,"jetpack_social_post_already_shared":false,"jetpack_social_options":{"image_generator_settings":{"template":"highway","default_image_id":0,"font":"","enabled":false},"version":2}},"pwb-brand":[],"product_brand":[],"product_cat":[125],"product_tag":[],"class_list":{"0":"post-2297","1":"product","2":"type-product","3":"status-publish","4":"has-post-thumbnail","6":"product_cat-conectores","7":"desktop-align-center","8":"tablet-align-left","9":"mobile-align-left","11":"first","12":"instock","13":"sold-individually","14":"taxable","15":"shipping-taxable","16":"purchasable","17":"product-type-simple"},"supplier_id":null,"supplier_sku":"","barcode":null,"atum_controlled":true,"out_stock_date":null,"out_stock_threshold":null,"inheritable":false,"inbound_stock":null,"stock_on_hold":0,"sold_today":0,"sales_last_days":0,"reserved_stock":null,"customer_returns":null,"warehouse_damage":null,"lost_in_post":null,"other_logs":null,"out_stock_days":0,"lost_sales":0,"has_location":false,"update_date":"2026-05-01T00:40:14","atum_locations":[],"atum_stock_status":"instock","restock_status":false,"low_stock_amount":"","sales_update_date":"2026-05-01T00:40:14","calc_backorders":null,"jetpack_publicize_connections":[],"jetpack_sharing_enabled":true,"brands":[],"_links":{"self":[{"href":"https:\/\/www.surtistereo.com\/index.php?rest_route=\/wp\/v2\/product\/2297","targetHints":{"allow":["GET"]}}],"collection":[{"href":"https:\/\/www.surtistereo.com\/index.php?rest_route=\/wp\/v2\/product"}],"about":[{"href":"https:\/\/www.surtistereo.com\/index.php?rest_route=\/wp\/v2\/types\/product"}],"replies":[{"embeddable":true,"href":"https:\/\/www.surtistereo.com\/index.php?rest_route=%2Fwp%2Fv2%2Fcomments&post=2297"}],"version-history":[{"count":0,"href":"https:\/\/www.surtistereo.com\/index.php?rest_route=\/wp\/v2\/product\/2297\/revisions"}],"wp:featuredmedia":[{"embeddable":true,"href":"https:\/\/www.surtistereo.com\/index.php?rest_route=\/wp\/v2\/media\/5548"}],"wp:attachment":[{"href":"https:\/\/www.surtistereo.com\/index.php?rest_route=%2Fwp%2Fv2%2Fmedia&parent=2297"}],"wp:term":[{"taxonomy":"pwb-brand","embeddable":true,"href":"https:\/\/www.surtistereo.com\/index.php?rest_route=%2Fwp%2Fv2%2Fpwb-brand&post=2297"},{"taxonomy":"product_brand","embeddable":true,"href":"https:\/\/www.surtistereo.com\/index.php?rest_route=%2Fwp%2Fv2%2Fproduct_brand&post=2297"},{"taxonomy":"product_cat","embeddable":true,"href":"https:\/\/www.surtistereo.com\/index.php?rest_route=%2Fwp%2Fv2%2Fproduct_cat&post=2297"},{"taxonomy":"product_tag","embeddable":true,"href":"https:\/\/www.surtistereo.com\/index.php?rest_route=%2Fwp%2Fv2%2Fproduct_tag&post=2297"}],"curies":[{"name":"wp","href":"https:\/\/api.w.org\/{rel}","templated":true}]}}