{"id":2291,"date":"2023-12-20T19:35:26","date_gmt":"2023-12-20T19:35:26","guid":{"rendered":"https:\/\/surtistereo.store\/?post_type=product&#038;p=2291"},"modified":"2025-05-23T15:18:38","modified_gmt":"2025-05-23T20:18:38","slug":"conector-xlr-f-3p-rean","status":"publish","type":"product","link":"https:\/\/www.surtistereo.com\/?product=conector-xlr-f-3p-rean","title":{"rendered":"RC3F CONECTOR XLR F 3P REAN"},"content":{"rendered":"<p>RC3F<\/p>\n<table class=\"product-info-table js-table\">\n<tbody>\n<tr class=\"product-info-table-header\">\n<td>Producto<\/td>\n<td><\/td>\n<\/tr>\n<tr>\n<td>T\u00edtulo<\/td>\n<td>RC3F<\/td>\n<\/tr>\n<tr>\n<td>Tipo de conecci\u00f3n<\/td>\n<td>XLR<\/td>\n<\/tr>\n<tr>\n<td>G\u00e9nero<\/td>\n<td>femenino<\/td>\n<\/tr>\n<\/tbody>\n<\/table>\n<table class=\"product-info-table js-table\">\n<tbody>\n<tr class=\"product-info-table-header\">\n<td>El\u00e9ctrico<\/td>\n<td><\/td>\n<\/tr>\n<tr>\n<td>Resistencia de aislamiento<\/td>\n<td>&gt; 1,5 G\u03a9<\/td>\n<\/tr>\n<tr>\n<td>Resistencia de contacto<\/td>\n<td>\u2264 5 m\u03a9<\/td>\n<\/tr>\n<tr>\n<td>Corriente nominal<\/td>\n<td>10 A<\/td>\n<\/tr>\n<\/tbody>\n<\/table>\n<table class=\"product-info-table js-table\">\n<tbody>\n<tr class=\"product-info-table-header\">\n<td>Mec\u00e1nico<\/td>\n<td><\/td>\n<\/tr>\n<tr>\n<td>Toda la vida<\/td>\n<td>&gt;1000 ciclos de apareamiento<\/td>\n<\/tr>\n<tr>\n<td>Fuerza de inserci\u00f3n<\/td>\n<td>\u2264 30N<\/td>\n<\/tr>\n<tr>\n<td>Fuerza de retirada<\/td>\n<td>\u2264 20N<\/td>\n<\/tr>\n<tr>\n<td>Di\u00e1metro exterior del cable<\/td>\n<td>4-7mm<\/td>\n<\/tr>\n<tr>\n<td>Tama\u00f1o del cable<\/td>\n<td>1,5 mm\u00b2<\/td>\n<\/tr>\n<tr>\n<td>Tama\u00f1o del cable<\/td>\n<td>16 CAE<\/td>\n<\/tr>\n<\/tbody>\n<\/table>\n<table class=\"product-info-table js-table\">\n<tbody>\n<tr class=\"product-info-table-header\">\n<td>Material<\/td>\n<td><\/td>\n<\/tr>\n<tr>\n<td>Cuerpo de pl\u00e1stico<\/td>\n<td>PA6+30%GF UL94-HB<\/td>\n<\/tr>\n<tr>\n<td>Jacobo<\/td>\n<td>Bronce<\/td>\n<\/tr>\n<tr>\n<td>Contacto con tierra<\/td>\n<td>Acero<\/td>\n<\/tr>\n<tr>\n<td>Anillo de goma<\/td>\n<td>Goma<\/td>\n<\/tr>\n<tr>\n<td>Bot\u00f3n<\/td>\n<td>Zinc<\/td>\n<\/tr>\n<tr>\n<td>Alojamiento<\/td>\n<td>Zinc<\/td>\n<\/tr>\n<tr>\n<td>Arrojar<\/td>\n<td>POM<\/td>\n<\/tr>\n<tr>\n<td>Anillo de empuje<\/td>\n<td>POM<\/td>\n<\/tr>\n<tr>\n<td>Cojinete<\/td>\n<td>PA6+30%GF<\/td>\n<\/tr>\n<tr>\n<td>Bota<\/td>\n<td>CLORURO DE POLIVINILO<\/td>\n<\/tr>\n<tr>\n<td>Jacobo<\/td>\n<td>Chapado en plata<\/td>\n<\/tr>\n<tr>\n<td>Contacto con tierra<\/td>\n<td>Esta\u00f1o y Cer<\/td>\n<\/tr>\n<tr>\n<td>Bot\u00f3n<\/td>\n<td>Niquelado<\/td>\n<\/tr>\n<tr>\n<td>Alojamiento<\/td>\n<td>Niquelado<\/td>\n<\/tr>\n<\/tbody>\n<\/table>\n","protected":false},"excerpt":{"rendered":"<p>RC3F Producto T\u00edtulo RC3F Tipo de conecci\u00f3n XLR G\u00e9nero femenino El\u00e9ctrico Resistencia de aislamiento &gt; 1,5 G\u03a9 Resistencia de contacto \u2264 5 m\u03a9 Corriente nominal 10 A Mec\u00e1nico Toda la vida &gt;1000 ciclos de apareamiento Fuerza de inserci\u00f3n \u2264 30N Fuerza de retirada \u2264 20N Di\u00e1metro exterior del cable 4-7mm Tama\u00f1o del cable 1,5 mm\u00b2 [&hellip;]<\/p>\n","protected":false},"featured_media":5572,"comment_status":"open","ping_status":"closed","template":"","meta":{"site-sidebar-layout":"default","site-content-layout":"","ast-site-content-layout":"default","site-content-style":"default","site-sidebar-style":"default","ast-global-header-display":"","ast-banner-title-visibility":"","ast-main-header-display":"","ast-hfb-above-header-display":"","ast-hfb-below-header-display":"","ast-hfb-mobile-header-display":"","site-post-title":"","ast-breadcrumbs-content":"","ast-featured-img":"","footer-sml-layout":"","ast-disable-related-posts":"","theme-transparent-header-meta":"default","adv-header-id-meta":"","stick-header-meta":"","header-above-stick-meta":"","header-main-stick-meta":"","header-below-stick-meta":"","astra-migrate-meta-layouts":"set","ast-page-background-enabled":"default","ast-page-background-meta":{"desktop":{"background-color":"","background-image":"","background-repeat":"repeat","background-position":"center center","background-size":"auto","background-attachment":"scroll","background-type":"","background-media":"","overlay-type":"","overlay-color":"","overlay-opacity":"","overlay-gradient":""},"tablet":{"background-color":"","background-image":"","background-repeat":"repeat","background-position":"center center","background-size":"auto","background-attachment":"scroll","background-type":"","background-media":"","overlay-type":"","overlay-color":"","overlay-opacity":"","overlay-gradient":""},"mobile":{"background-color":"","background-image":"","background-repeat":"repeat","background-position":"center center","background-size":"auto","background-attachment":"scroll","background-type":"","background-media":"","overlay-type":"","overlay-color":"","overlay-opacity":"","overlay-gradient":""}},"ast-content-background-meta":{"desktop":{"background-color":"var(--ast-global-color-5)","background-image":"","background-repeat":"repeat","background-position":"center center","background-size":"auto","background-attachment":"scroll","background-type":"","background-media":"","overlay-type":"","overlay-color":"","overlay-opacity":"","overlay-gradient":""},"tablet":{"background-color":"var(--ast-global-color-5)","background-image":"","background-repeat":"repeat","background-position":"center center","background-size":"auto","background-attachment":"scroll","background-type":"","background-media":"","overlay-type":"","overlay-color":"","overlay-opacity":"","overlay-gradient":""},"mobile":{"background-color":"var(--ast-global-color-5)","background-image":"","background-repeat":"repeat","background-position":"center center","background-size":"auto","background-attachment":"scroll","background-type":"","background-media":"","overlay-type":"","overlay-color":"","overlay-opacity":"","overlay-gradient":""}},"jetpack_publicize_message":"","jetpack_publicize_feature_enabled":true,"jetpack_social_post_already_shared":false,"jetpack_social_options":{"image_generator_settings":{"template":"highway","default_image_id":0,"font":"","enabled":false},"version":2}},"pwb-brand":[],"product_brand":[],"product_cat":[125],"product_tag":[],"class_list":{"0":"post-2291","1":"product","2":"type-product","3":"status-publish","4":"has-post-thumbnail","6":"product_cat-conectores","7":"desktop-align-center","8":"tablet-align-left","9":"mobile-align-left","11":"first","12":"instock","13":"sold-individually","14":"taxable","15":"shipping-taxable","16":"purchasable","17":"product-type-simple"},"supplier_id":null,"supplier_sku":"","barcode":null,"atum_controlled":true,"out_stock_date":null,"out_stock_threshold":null,"inheritable":false,"inbound_stock":null,"stock_on_hold":0,"sold_today":0,"sales_last_days":0,"reserved_stock":null,"customer_returns":null,"warehouse_damage":null,"lost_in_post":null,"other_logs":null,"out_stock_days":0,"lost_sales":0,"has_location":false,"update_date":"2026-05-01T00:40:14","atum_locations":[],"atum_stock_status":"instock","restock_status":false,"low_stock_amount":"","sales_update_date":"2026-05-01T00:40:14","calc_backorders":null,"jetpack_publicize_connections":[],"jetpack_sharing_enabled":true,"brands":[],"_links":{"self":[{"href":"https:\/\/www.surtistereo.com\/index.php?rest_route=\/wp\/v2\/product\/2291","targetHints":{"allow":["GET"]}}],"collection":[{"href":"https:\/\/www.surtistereo.com\/index.php?rest_route=\/wp\/v2\/product"}],"about":[{"href":"https:\/\/www.surtistereo.com\/index.php?rest_route=\/wp\/v2\/types\/product"}],"replies":[{"embeddable":true,"href":"https:\/\/www.surtistereo.com\/index.php?rest_route=%2Fwp%2Fv2%2Fcomments&post=2291"}],"version-history":[{"count":0,"href":"https:\/\/www.surtistereo.com\/index.php?rest_route=\/wp\/v2\/product\/2291\/revisions"}],"wp:featuredmedia":[{"embeddable":true,"href":"https:\/\/www.surtistereo.com\/index.php?rest_route=\/wp\/v2\/media\/5572"}],"wp:attachment":[{"href":"https:\/\/www.surtistereo.com\/index.php?rest_route=%2Fwp%2Fv2%2Fmedia&parent=2291"}],"wp:term":[{"taxonomy":"pwb-brand","embeddable":true,"href":"https:\/\/www.surtistereo.com\/index.php?rest_route=%2Fwp%2Fv2%2Fpwb-brand&post=2291"},{"taxonomy":"product_brand","embeddable":true,"href":"https:\/\/www.surtistereo.com\/index.php?rest_route=%2Fwp%2Fv2%2Fproduct_brand&post=2291"},{"taxonomy":"product_cat","embeddable":true,"href":"https:\/\/www.surtistereo.com\/index.php?rest_route=%2Fwp%2Fv2%2Fproduct_cat&post=2291"},{"taxonomy":"product_tag","embeddable":true,"href":"https:\/\/www.surtistereo.com\/index.php?rest_route=%2Fwp%2Fv2%2Fproduct_tag&post=2291"}],"curies":[{"name":"wp","href":"https:\/\/api.w.org\/{rel}","templated":true}]}}