{"id":2213,"date":"2023-12-20T15:59:40","date_gmt":"2023-12-20T15:59:40","guid":{"rendered":"https:\/\/surtistereo.store\/?post_type=product&#038;p=2213"},"modified":"2026-02-24T15:38:36","modified_gmt":"2026-02-24T20:38:36","slug":"teclado-profesional-yamaha-psr-sx600","status":"publish","type":"product","link":"https:\/\/www.surtistereo.com\/?product=teclado-profesional-yamaha-psr-sx600","title":{"rendered":"PSR-SX600 Teclado profesional YAMAHA"},"content":{"rendered":"<p>PSR-SX600 es el modelo est\u00e1ndar en la series PSR-SX series, que ofrece una gama de contenido y funcionalidad que lo hace perfecto para tocar en casa o en un escenario. Con el control intuitivo y su calidad de sonido superior el PSR-SX600 ofrece el control expresivo que exigen los profesionales.<\/p>\n<ul>\n<li>Pantalla a color de 4.3 pulgadas<\/li>\n<li>850 voces, incluidas 73 voces de s\u00faper articulaci\u00f3n, 27 MegaVoice y 43 kits de bater\u00eda \/ SFX<\/li>\n<li>415 estilos, incluidos 372 profesionales, 32 sesiones, 10 DJ y 1 Free Play.<\/li>\n<li>Memoria integrada de 100 MB para datos de expansi\u00f3n<\/li>\n<li>Unison &amp; Accent para que los Styles sigan tu ejecuci\u00f3n<\/li>\n<li>Compatibilidad con la aplicaci\u00f3n Rec&#8217;n&#8217;Share y entrada de micr\u00f3fono<\/li>\n<li>Lista de reproducci\u00f3n y registro para una configuraci\u00f3n r\u00e1pida y f\u00e1cil<\/li>\n<li>Capacidad de expansi\u00f3n de voz y estilo con Yamaha Expansion Manager<\/li>\n<\/ul>\n","protected":false},"excerpt":{"rendered":"<p>PSR-SX600 es el modelo est\u00e1ndar en la series PSR-SX series, que ofrece una gama de contenido y funcionalidad que lo hace perfecto para tocar en casa o en un escenario. Con el control intuitivo y su calidad de sonido superior el PSR-SX600 ofrece el control expresivo que exigen los profesionales. Pantalla a color de 4.3 [&hellip;]<\/p>\n","protected":false},"featured_media":5528,"comment_status":"open","ping_status":"closed","template":"","meta":{"site-sidebar-layout":"default","site-content-layout":"","ast-site-content-layout":"default","site-content-style":"default","site-sidebar-style":"default","ast-global-header-display":"","ast-banner-title-visibility":"","ast-main-header-display":"","ast-hfb-above-header-display":"","ast-hfb-below-header-display":"","ast-hfb-mobile-header-display":"","site-post-title":"","ast-breadcrumbs-content":"","ast-featured-img":"","footer-sml-layout":"","ast-disable-related-posts":"","theme-transparent-header-meta":"default","adv-header-id-meta":"","stick-header-meta":"","header-above-stick-meta":"","header-main-stick-meta":"","header-below-stick-meta":"","astra-migrate-meta-layouts":"set","ast-page-background-enabled":"default","ast-page-background-meta":{"desktop":{"background-color":"","background-image":"","background-repeat":"repeat","background-position":"center center","background-size":"auto","background-attachment":"scroll","background-type":"","background-media":"","overlay-type":"","overlay-color":"","overlay-opacity":"","overlay-gradient":""},"tablet":{"background-color":"","background-image":"","background-repeat":"repeat","background-position":"center center","background-size":"auto","background-attachment":"scroll","background-type":"","background-media":"","overlay-type":"","overlay-color":"","overlay-opacity":"","overlay-gradient":""},"mobile":{"background-color":"","background-image":"","background-repeat":"repeat","background-position":"center center","background-size":"auto","background-attachment":"scroll","background-type":"","background-media":"","overlay-type":"","overlay-color":"","overlay-opacity":"","overlay-gradient":""}},"ast-content-background-meta":{"desktop":{"background-color":"var(--ast-global-color-5)","background-image":"","background-repeat":"repeat","background-position":"center center","background-size":"auto","background-attachment":"scroll","background-type":"","background-media":"","overlay-type":"","overlay-color":"","overlay-opacity":"","overlay-gradient":""},"tablet":{"background-color":"var(--ast-global-color-5)","background-image":"","background-repeat":"repeat","background-position":"center center","background-size":"auto","background-attachment":"scroll","background-type":"","background-media":"","overlay-type":"","overlay-color":"","overlay-opacity":"","overlay-gradient":""},"mobile":{"background-color":"var(--ast-global-color-5)","background-image":"","background-repeat":"repeat","background-position":"center center","background-size":"auto","background-attachment":"scroll","background-type":"","background-media":"","overlay-type":"","overlay-color":"","overlay-opacity":"","overlay-gradient":""}},"jetpack_publicize_message":"","jetpack_publicize_feature_enabled":true,"jetpack_social_post_already_shared":false,"jetpack_social_options":{"image_generator_settings":{"template":"highway","default_image_id":0,"font":"","enabled":false},"version":2}},"pwb-brand":[179],"product_brand":[],"product_cat":[119,120],"product_tag":[],"class_list":{"0":"post-2213","1":"product","2":"type-product","3":"status-publish","4":"has-post-thumbnail","6":"pwb-brand-yamaha","7":"product_cat-instrumentos-musicales","8":"product_cat-teclados","9":"desktop-align-center","10":"tablet-align-left","11":"mobile-align-left","13":"first","14":"outofstock","15":"sold-individually","16":"taxable","17":"shipping-taxable","18":"purchasable","19":"product-type-simple"},"supplier_id":null,"supplier_sku":"","barcode":null,"atum_controlled":true,"out_stock_date":null,"out_stock_threshold":null,"inheritable":false,"inbound_stock":null,"stock_on_hold":0,"sold_today":0,"sales_last_days":0,"reserved_stock":null,"customer_returns":null,"warehouse_damage":null,"lost_in_post":null,"other_logs":null,"out_stock_days":0,"lost_sales":0,"has_location":false,"update_date":"2026-05-01T00:40:14","atum_locations":[],"atum_stock_status":"outofstock","restock_status":false,"low_stock_amount":"","sales_update_date":"2026-05-01T00:40:14","calc_backorders":null,"jetpack_publicize_connections":[],"jetpack_sharing_enabled":true,"brands":[{"id":179,"name":"YAMAHA","slug":"yamaha"}],"_links":{"self":[{"href":"https:\/\/www.surtistereo.com\/index.php?rest_route=\/wp\/v2\/product\/2213","targetHints":{"allow":["GET"]}}],"collection":[{"href":"https:\/\/www.surtistereo.com\/index.php?rest_route=\/wp\/v2\/product"}],"about":[{"href":"https:\/\/www.surtistereo.com\/index.php?rest_route=\/wp\/v2\/types\/product"}],"replies":[{"embeddable":true,"href":"https:\/\/www.surtistereo.com\/index.php?rest_route=%2Fwp%2Fv2%2Fcomments&post=2213"}],"version-history":[{"count":1,"href":"https:\/\/www.surtistereo.com\/index.php?rest_route=\/wp\/v2\/product\/2213\/revisions"}],"predecessor-version":[{"id":6158,"href":"https:\/\/www.surtistereo.com\/index.php?rest_route=\/wp\/v2\/product\/2213\/revisions\/6158"}],"wp:featuredmedia":[{"embeddable":true,"href":"https:\/\/www.surtistereo.com\/index.php?rest_route=\/wp\/v2\/media\/5528"}],"wp:attachment":[{"href":"https:\/\/www.surtistereo.com\/index.php?rest_route=%2Fwp%2Fv2%2Fmedia&parent=2213"}],"wp:term":[{"taxonomy":"pwb-brand","embeddable":true,"href":"https:\/\/www.surtistereo.com\/index.php?rest_route=%2Fwp%2Fv2%2Fpwb-brand&post=2213"},{"taxonomy":"product_brand","embeddable":true,"href":"https:\/\/www.surtistereo.com\/index.php?rest_route=%2Fwp%2Fv2%2Fproduct_brand&post=2213"},{"taxonomy":"product_cat","embeddable":true,"href":"https:\/\/www.surtistereo.com\/index.php?rest_route=%2Fwp%2Fv2%2Fproduct_cat&post=2213"},{"taxonomy":"product_tag","embeddable":true,"href":"https:\/\/www.surtistereo.com\/index.php?rest_route=%2Fwp%2Fv2%2Fproduct_tag&post=2213"}],"curies":[{"name":"wp","href":"https:\/\/api.w.org\/{rel}","templated":true}]}}